{"id":1003,"date":"2015-09-08T15:00:43","date_gmt":"2015-09-08T13:00:43","guid":{"rendered":"http:\/\/relaunch.auftragsmalerei-kwast-berlin.de\/?page_id=1003"},"modified":"2015-09-08T15:00:43","modified_gmt":"2015-09-08T13:00:43","slug":"ausstellung-tatort-archaeologie","status":"publish","type":"page","link":"https:\/\/auftragsmalerei-kwast-berlin.de\/en\/museum-painting\/ausstellung-tatort-archaeologie\/","title":{"rendered":"Ausstellung &#8211; Tatort Arch\u00e4ologie"},"content":{"rendered":"<h3>Auftraggeber: Landesmuseum Koblenz | 6 R\u00e4ume | Acryl- und Disponfarben auf Putz, Stein und Spanplatte | unterschiedliche Gr\u00f6\u00dfen<\/h3>\n<p>Das war ein Superauftrag als Auftragsmaler. \u00c4hnlich wie f\u00fcr das Museum Trier ging es um Ausgrabungen in der Umgebung, es wurden 700qm Wand und Boden bemalt. Die Bemalung hat 2 Wochen gedauert und die R\u00e4ume wirklich ver\u00e4ndert.<\/p>\n<div class=\"content_block\" id=\"custom_post_widget-995\"><p><img loading=\"lazy\" decoding=\"async\" src=\"\/wp-content\/uploads\/auftragsmalerei_koblenz_5gr.jpg\" alt=\"Kwast - Malerei f\u00fcr Museen - Museum Koblenz\" width=\"751\" height=\"537\" class=\"alignnone size-full wp-image-1000\" \/><\/p>\n<p><img loading=\"lazy\" decoding=\"async\" src=\"\/wp-content\/uploads\/auftragsmalerei_koblenz_4gr.jpg\" alt=\"Kwast - Malerei f\u00fcr Museen - Museum Koblenz\" width=\"751\" height=\"537\" class=\"alignnone size-full wp-image-999\" \/><\/p>\n<p><img loading=\"lazy\" decoding=\"async\" src=\"\/wp-content\/uploads\/auftragsmalerei_koblenz_3gr.jpg\" alt=\"Kwast - Malerei f\u00fcr Museen - Museum Koblenz\" width=\"751\" height=\"537\" class=\"alignnone size-full wp-image-998\" \/><\/p>\n<p><img loading=\"lazy\" decoding=\"async\" src=\"\/wp-content\/uploads\/auftragsmalerei_koblenz_2gr.jpg\" alt=\"Kwast - Malerei f\u00fcr Museen - Museum Koblenz\" width=\"751\" height=\"537\" class=\"alignnone size-full wp-image-997\" \/><\/p>\n<p><img loading=\"lazy\" decoding=\"async\" src=\"\/wp-content\/uploads\/auftragsmalerei_koblenz_1gr.jpg\" alt=\"Kwast - Malerei f\u00fcr Museen - Museum Koblenz\" width=\"751\" height=\"537\" class=\"alignnone size-full wp-image-996\" \/><\/p>\n<\/div>\n","protected":false},"excerpt":{"rendered":"<p>Auftraggeber: Landesmuseum Koblenz | 6 R\u00e4ume | Acryl- und Disponfarben auf Putz, Stein und Spanplatte | unterschiedliche Gr\u00f6\u00dfen Das war ein Superauftrag als Auftragsmaler. \u00c4hnlich wie f\u00fcr das Museum Trier ging es um Ausgrabungen in der Umgebung, es wurden 700qm Wand und Boden bemalt. Die Bemalung hat 2 Wochen gedauert und die R\u00e4ume wirklich ver\u00e4ndert.<\/p>\n","protected":false},"author":2,"featured_media":0,"parent":121,"menu_order":11,"comment_status":"closed","ping_status":"closed","template":"detailseiten.php","meta":{"footnotes":""},"class_list":["post-1003","page","type-page","status-publish","hentry","brick"],"yoast_head":"<!-- This site is optimized with the Yoast SEO plugin v27.4 - https:\/\/yoast.com\/product\/yoast-seo-wordpress\/ -->\n<title>Ausstellung - Tatort Arch\u00e4ologie - Commissioned Painting Kwast Berlin<\/title>\n<meta name=\"robots\" content=\"index, follow, max-snippet:-1, max-image-preview:large, max-video-preview:-1\" \/>\n<link rel=\"canonical\" href=\"https:\/\/auftragsmalerei-kwast-berlin.de\/en\/museum-painting\/ausstellung-tatort-archaeologie\/\" \/>\n<meta property=\"og:locale\" content=\"en_US\" \/>\n<meta property=\"og:type\" content=\"article\" \/>\n<meta property=\"og:title\" content=\"Ausstellung - Tatort Arch\u00e4ologie - Commissioned Painting Kwast Berlin\" \/>\n<meta property=\"og:description\" content=\"Auftraggeber: Landesmuseum Koblenz | 6 R\u00e4ume | Acryl- und Disponfarben auf Putz, Stein und Spanplatte | unterschiedliche Gr\u00f6\u00dfen Das war ein Superauftrag als Auftragsmaler. \u00c4hnlich wie f\u00fcr das Museum Trier ging es um Ausgrabungen in der Umgebung, es wurden 700qm Wand und Boden bemalt. Die Bemalung hat 2 Wochen gedauert und die R\u00e4ume wirklich ver\u00e4ndert.\" \/>\n<meta property=\"og:url\" content=\"https:\/\/auftragsmalerei-kwast-berlin.de\/en\/museum-painting\/ausstellung-tatort-archaeologie\/\" \/>\n<meta property=\"og:site_name\" content=\"Commissioned Painting Kwast Berlin\" \/>\n<meta name=\"twitter:card\" content=\"summary_large_image\" \/>\n<script type=\"application\/ld+json\" class=\"yoast-schema-graph\">{\"@context\":\"https:\\\/\\\/schema.org\",\"@graph\":[{\"@type\":\"WebPage\",\"@id\":\"https:\\\/\\\/auftragsmalerei-kwast-berlin.de\\\/en\\\/museum-painting\\\/ausstellung-tatort-archaeologie\\\/\",\"url\":\"https:\\\/\\\/auftragsmalerei-kwast-berlin.de\\\/en\\\/museum-painting\\\/ausstellung-tatort-archaeologie\\\/\",\"name\":\"Ausstellung - Tatort Arch\u00e4ologie - Commissioned Painting Kwast Berlin\",\"isPartOf\":{\"@id\":\"https:\\\/\\\/auftragsmalerei-kwast-berlin.de\\\/en\\\/#website\"},\"datePublished\":\"2015-09-08T13:00:43+00:00\",\"breadcrumb\":{\"@id\":\"https:\\\/\\\/auftragsmalerei-kwast-berlin.de\\\/en\\\/museum-painting\\\/ausstellung-tatort-archaeologie\\\/#breadcrumb\"},\"inLanguage\":\"en-US\",\"potentialAction\":[{\"@type\":\"ReadAction\",\"target\":[\"https:\\\/\\\/auftragsmalerei-kwast-berlin.de\\\/en\\\/museum-painting\\\/ausstellung-tatort-archaeologie\\\/\"]}]},{\"@type\":\"BreadcrumbList\",\"@id\":\"https:\\\/\\\/auftragsmalerei-kwast-berlin.de\\\/en\\\/museum-painting\\\/ausstellung-tatort-archaeologie\\\/#breadcrumb\",\"itemListElement\":[{\"@type\":\"ListItem\",\"position\":1,\"name\":\"Home\",\"item\":\"https:\\\/\\\/auftragsmalerei-kwast-berlin.de\\\/en\\\/\"},{\"@type\":\"ListItem\",\"position\":2,\"name\":\"Museum painting\",\"item\":\"https:\\\/\\\/auftragsmalerei-kwast-berlin.de\\\/en\\\/museum-painting\\\/\"},{\"@type\":\"ListItem\",\"position\":3,\"name\":\"Ausstellung &#8211; Tatort Arch\u00e4ologie\"}]},{\"@type\":\"WebSite\",\"@id\":\"https:\\\/\\\/auftragsmalerei-kwast-berlin.de\\\/en\\\/#website\",\"url\":\"https:\\\/\\\/auftragsmalerei-kwast-berlin.de\\\/en\\\/\",\"name\":\"Commissioned Painting Kwast Berlin\",\"description\":\"Commissioned painting for theatre and film, fairs and museums, wall, facade and portrait\",\"potentialAction\":[{\"@type\":\"SearchAction\",\"target\":{\"@type\":\"EntryPoint\",\"urlTemplate\":\"https:\\\/\\\/auftragsmalerei-kwast-berlin.de\\\/en\\\/?s={search_term_string}\"},\"query-input\":{\"@type\":\"PropertyValueSpecification\",\"valueRequired\":true,\"valueName\":\"search_term_string\"}}],\"inLanguage\":\"en-US\"}]}<\/script>\n<!-- \/ Yoast SEO plugin. -->","yoast_head_json":{"title":"Ausstellung - Tatort Arch\u00e4ologie - Commissioned Painting Kwast Berlin","robots":{"index":"index","follow":"follow","max-snippet":"max-snippet:-1","max-image-preview":"max-image-preview:large","max-video-preview":"max-video-preview:-1"},"canonical":"https:\/\/auftragsmalerei-kwast-berlin.de\/en\/museum-painting\/ausstellung-tatort-archaeologie\/","og_locale":"en_US","og_type":"article","og_title":"Ausstellung - Tatort Arch\u00e4ologie - Commissioned Painting Kwast Berlin","og_description":"Auftraggeber: Landesmuseum Koblenz | 6 R\u00e4ume | Acryl- und Disponfarben auf Putz, Stein und Spanplatte | unterschiedliche Gr\u00f6\u00dfen Das war ein Superauftrag als Auftragsmaler. \u00c4hnlich wie f\u00fcr das Museum Trier ging es um Ausgrabungen in der Umgebung, es wurden 700qm Wand und Boden bemalt. Die Bemalung hat 2 Wochen gedauert und die R\u00e4ume wirklich ver\u00e4ndert.","og_url":"https:\/\/auftragsmalerei-kwast-berlin.de\/en\/museum-painting\/ausstellung-tatort-archaeologie\/","og_site_name":"Commissioned Painting Kwast Berlin","twitter_card":"summary_large_image","schema":{"@context":"https:\/\/schema.org","@graph":[{"@type":"WebPage","@id":"https:\/\/auftragsmalerei-kwast-berlin.de\/en\/museum-painting\/ausstellung-tatort-archaeologie\/","url":"https:\/\/auftragsmalerei-kwast-berlin.de\/en\/museum-painting\/ausstellung-tatort-archaeologie\/","name":"Ausstellung - Tatort Arch\u00e4ologie - Commissioned Painting Kwast Berlin","isPartOf":{"@id":"https:\/\/auftragsmalerei-kwast-berlin.de\/en\/#website"},"datePublished":"2015-09-08T13:00:43+00:00","breadcrumb":{"@id":"https:\/\/auftragsmalerei-kwast-berlin.de\/en\/museum-painting\/ausstellung-tatort-archaeologie\/#breadcrumb"},"inLanguage":"en-US","potentialAction":[{"@type":"ReadAction","target":["https:\/\/auftragsmalerei-kwast-berlin.de\/en\/museum-painting\/ausstellung-tatort-archaeologie\/"]}]},{"@type":"BreadcrumbList","@id":"https:\/\/auftragsmalerei-kwast-berlin.de\/en\/museum-painting\/ausstellung-tatort-archaeologie\/#breadcrumb","itemListElement":[{"@type":"ListItem","position":1,"name":"Home","item":"https:\/\/auftragsmalerei-kwast-berlin.de\/en\/"},{"@type":"ListItem","position":2,"name":"Museum painting","item":"https:\/\/auftragsmalerei-kwast-berlin.de\/en\/museum-painting\/"},{"@type":"ListItem","position":3,"name":"Ausstellung &#8211; Tatort Arch\u00e4ologie"}]},{"@type":"WebSite","@id":"https:\/\/auftragsmalerei-kwast-berlin.de\/en\/#website","url":"https:\/\/auftragsmalerei-kwast-berlin.de\/en\/","name":"Commissioned Painting Kwast Berlin","description":"Commissioned painting for theatre and film, fairs and museums, wall, facade and portrait","potentialAction":[{"@type":"SearchAction","target":{"@type":"EntryPoint","urlTemplate":"https:\/\/auftragsmalerei-kwast-berlin.de\/en\/?s={search_term_string}"},"query-input":{"@type":"PropertyValueSpecification","valueRequired":true,"valueName":"search_term_string"}}],"inLanguage":"en-US"}]}},"_links":{"self":[{"href":"https:\/\/auftragsmalerei-kwast-berlin.de\/en\/wp-json\/wp\/v2\/pages\/1003","targetHints":{"allow":["GET"]}}],"collection":[{"href":"https:\/\/auftragsmalerei-kwast-berlin.de\/en\/wp-json\/wp\/v2\/pages"}],"about":[{"href":"https:\/\/auftragsmalerei-kwast-berlin.de\/en\/wp-json\/wp\/v2\/types\/page"}],"author":[{"embeddable":true,"href":"https:\/\/auftragsmalerei-kwast-berlin.de\/en\/wp-json\/wp\/v2\/users\/2"}],"replies":[{"embeddable":true,"href":"https:\/\/auftragsmalerei-kwast-berlin.de\/en\/wp-json\/wp\/v2\/comments?post=1003"}],"version-history":[{"count":0,"href":"https:\/\/auftragsmalerei-kwast-berlin.de\/en\/wp-json\/wp\/v2\/pages\/1003\/revisions"}],"up":[{"embeddable":true,"href":"https:\/\/auftragsmalerei-kwast-berlin.de\/en\/wp-json\/wp\/v2\/pages\/121"}],"wp:attachment":[{"href":"https:\/\/auftragsmalerei-kwast-berlin.de\/en\/wp-json\/wp\/v2\/media?parent=1003"}],"curies":[{"name":"wp","href":"https:\/\/api.w.org\/{rel}","templated":true}]}}