{"id":1094,"date":"2015-09-15T19:11:20","date_gmt":"2015-09-15T17:11:20","guid":{"rendered":"http:\/\/relaunch.auftragsmalerei-kwast-berlin.de\/?page_id=1094"},"modified":"2015-09-15T19:11:20","modified_gmt":"2015-09-15T17:11:20","slug":"775-jahrfeier-in-berlin-gestaltung-schlossplatz","status":"publish","type":"page","link":"https:\/\/auftragsmalerei-kwast-berlin.de\/en\/malerei-im-oeffentlichen-raum-arbeitsbeispiele\/775-jahrfeier-in-berlin-gestaltung-schlossplatz\/","title":{"rendered":"775-Jahrfeier in Berlin &#8211; Gestaltung Schlossplatz"},"content":{"rendered":"<h3>Auftraggeber: Kulturprojekte GmbH Berlin | Dispon 404 auf Asphalt | 50,00 x 50,00 m<\/h3>\n<p>F\u00fcr die 775 Jahrfeier in Berlin sollte der Schlossplatz im Zentrum von Berlin zum Thema Vielfalt der Stadt gestaltet werden. Als Auftragsmaler k\u00fcmmerte ich mich um die Vorbereitung, Bemusterung, Organisation und Realisation. Mit Hilfe von Studenten wurde ein begehbarer Stadtplan auf 50m x 50m Asphalt und eine Schriftwand auf Beton gemalt. Verwendet wurden Disponfarben, die \u00fcber l\u00e4ngere Zeit Wetter und mechanischen Einfl\u00fcssen standhalten.<br \/>\nAuf dem Stadtplan hat man zum jeweiligen Standpunkt Informationen \u00fcber Berliner, die als Einwanderer der Stadt zur heutigen vielf\u00e4ltigen Ausstrahlung verholfen haben.<br \/>\n<div class=\"content_block\" id=\"custom_post_widget-1085\"><p><img loading=\"lazy\" decoding=\"async\" src=\"\/wp-content\/uploads\/auftrag_schlossplatz_6gr.jpg\" alt=\"Kwast - Malerei im \u00f6ffentlichen Raum - 775 Jahre Berlin\" width=\"773\" height=\"537\" class=\"alignnone size-full wp-image-1090\" \/><\/p>\n<p><img loading=\"lazy\" decoding=\"async\" src=\"\/wp-content\/uploads\/auftrag_schlossplatz_4gr.jpg\" alt=\"Kwast - Malerei im \u00f6ffentlichen Raum - 775 Jahre Berlin\" width=\"786\" height=\"537\" class=\"alignnone size-full wp-image-1089\" \/><\/p>\n<p><img loading=\"lazy\" decoding=\"async\" src=\"\/wp-content\/uploads\/auftrag_schlossplatz_3gr.jpg\" alt=\"Kwast - Malerei im \u00f6ffentlichen Raum - 775 Jahre Berlin\" width=\"786\" height=\"537\" class=\"alignnone size-full wp-image-1088\" \/><\/p>\n<p><img loading=\"lazy\" decoding=\"async\" src=\"\/wp-content\/uploads\/auftrag_schlossplatz_2gr.jpg\" alt=\"Kwast - Malerei im \u00f6ffentlichen Raum - 775 Jahre Berlin\" width=\"786\" height=\"537\" class=\"alignnone size-full wp-image-1087\" \/><\/p>\n<p><img loading=\"lazy\" decoding=\"async\" src=\"\/wp-content\/uploads\/auftrag_schlossplatz_1gr.jpg\" alt=\"Kwast - Malerei im \u00f6ffentlichen Raum - 775 Jahre Berlin\" width=\"786\" height=\"537\" class=\"alignnone size-full wp-image-1086\" \/><\/p>\n<\/div><\/p>\n","protected":false},"excerpt":{"rendered":"<p>Auftraggeber: Kulturprojekte GmbH Berlin | Dispon 404 auf Asphalt | 50,00 x 50,00 m F\u00fcr die 775 Jahrfeier in Berlin sollte der Schlossplatz im Zentrum von Berlin zum Thema Vielfalt der Stadt gestaltet werden. Als Auftragsmaler k\u00fcmmerte ich mich um die Vorbereitung, Bemusterung, Organisation und Realisation. Mit Hilfe von Studenten wurde ein begehbarer Stadtplan auf [&hellip;]<\/p>\n","protected":false},"author":2,"featured_media":0,"parent":131,"menu_order":1,"comment_status":"closed","ping_status":"closed","template":"detailseiten.php","meta":{"footnotes":""},"class_list":["post-1094","page","type-page","status-publish","hentry","brick"],"yoast_head":"<!-- This site is optimized with the Yoast SEO plugin v27.4 - https:\/\/yoast.com\/product\/yoast-seo-wordpress\/ -->\n<title>775-Jahrfeier in Berlin - Gestaltung Schlossplatz - Commissioned Painting Kwast Berlin<\/title>\n<meta name=\"robots\" content=\"index, follow, max-snippet:-1, max-image-preview:large, max-video-preview:-1\" \/>\n<link rel=\"canonical\" href=\"https:\/\/auftragsmalerei-kwast-berlin.de\/en\/malerei-im-oeffentlichen-raum-arbeitsbeispiele\/775-jahrfeier-in-berlin-gestaltung-schlossplatz\/\" \/>\n<meta property=\"og:locale\" content=\"en_US\" \/>\n<meta property=\"og:type\" content=\"article\" \/>\n<meta property=\"og:title\" content=\"775-Jahrfeier in Berlin - Gestaltung Schlossplatz - Commissioned Painting Kwast Berlin\" \/>\n<meta property=\"og:description\" content=\"Auftraggeber: Kulturprojekte GmbH Berlin | Dispon 404 auf Asphalt | 50,00 x 50,00 m F\u00fcr die 775 Jahrfeier in Berlin sollte der Schlossplatz im Zentrum von Berlin zum Thema Vielfalt der Stadt gestaltet werden. Als Auftragsmaler k\u00fcmmerte ich mich um die Vorbereitung, Bemusterung, Organisation und Realisation. Mit Hilfe von Studenten wurde ein begehbarer Stadtplan auf [&hellip;]\" \/>\n<meta property=\"og:url\" content=\"https:\/\/auftragsmalerei-kwast-berlin.de\/en\/malerei-im-oeffentlichen-raum-arbeitsbeispiele\/775-jahrfeier-in-berlin-gestaltung-schlossplatz\/\" \/>\n<meta property=\"og:site_name\" content=\"Commissioned Painting Kwast Berlin\" \/>\n<meta name=\"twitter:card\" content=\"summary_large_image\" \/>\n<meta name=\"twitter:label1\" content=\"Est. reading time\" \/>\n\t<meta name=\"twitter:data1\" content=\"1 minute\" \/>\n<script type=\"application\/ld+json\" class=\"yoast-schema-graph\">{\"@context\":\"https:\\\/\\\/schema.org\",\"@graph\":[{\"@type\":\"WebPage\",\"@id\":\"https:\\\/\\\/auftragsmalerei-kwast-berlin.de\\\/en\\\/malerei-im-oeffentlichen-raum-arbeitsbeispiele\\\/775-jahrfeier-in-berlin-gestaltung-schlossplatz\\\/\",\"url\":\"https:\\\/\\\/auftragsmalerei-kwast-berlin.de\\\/en\\\/malerei-im-oeffentlichen-raum-arbeitsbeispiele\\\/775-jahrfeier-in-berlin-gestaltung-schlossplatz\\\/\",\"name\":\"775-Jahrfeier in Berlin - Gestaltung Schlossplatz - Commissioned Painting Kwast Berlin\",\"isPartOf\":{\"@id\":\"https:\\\/\\\/auftragsmalerei-kwast-berlin.de\\\/en\\\/#website\"},\"datePublished\":\"2015-09-15T17:11:20+00:00\",\"breadcrumb\":{\"@id\":\"https:\\\/\\\/auftragsmalerei-kwast-berlin.de\\\/en\\\/malerei-im-oeffentlichen-raum-arbeitsbeispiele\\\/775-jahrfeier-in-berlin-gestaltung-schlossplatz\\\/#breadcrumb\"},\"inLanguage\":\"en-US\",\"potentialAction\":[{\"@type\":\"ReadAction\",\"target\":[\"https:\\\/\\\/auftragsmalerei-kwast-berlin.de\\\/en\\\/malerei-im-oeffentlichen-raum-arbeitsbeispiele\\\/775-jahrfeier-in-berlin-gestaltung-schlossplatz\\\/\"]}]},{\"@type\":\"BreadcrumbList\",\"@id\":\"https:\\\/\\\/auftragsmalerei-kwast-berlin.de\\\/en\\\/malerei-im-oeffentlichen-raum-arbeitsbeispiele\\\/775-jahrfeier-in-berlin-gestaltung-schlossplatz\\\/#breadcrumb\",\"itemListElement\":[{\"@type\":\"ListItem\",\"position\":1,\"name\":\"Home\",\"item\":\"https:\\\/\\\/auftragsmalerei-kwast-berlin.de\\\/en\\\/\"},{\"@type\":\"ListItem\",\"position\":2,\"name\":\"Malerei im \u00f6ffentlichen Raum\",\"item\":\"https:\\\/\\\/auftragsmalerei-kwast-berlin.de\\\/en\\\/malerei-im-oeffentlichen-raum-arbeitsbeispiele\\\/\"},{\"@type\":\"ListItem\",\"position\":3,\"name\":\"775-Jahrfeier in Berlin &#8211; Gestaltung Schlossplatz\"}]},{\"@type\":\"WebSite\",\"@id\":\"https:\\\/\\\/auftragsmalerei-kwast-berlin.de\\\/en\\\/#website\",\"url\":\"https:\\\/\\\/auftragsmalerei-kwast-berlin.de\\\/en\\\/\",\"name\":\"Commissioned Painting Kwast Berlin\",\"description\":\"Commissioned painting for theatre and film, fairs and museums, wall, facade and portrait\",\"potentialAction\":[{\"@type\":\"SearchAction\",\"target\":{\"@type\":\"EntryPoint\",\"urlTemplate\":\"https:\\\/\\\/auftragsmalerei-kwast-berlin.de\\\/en\\\/?s={search_term_string}\"},\"query-input\":{\"@type\":\"PropertyValueSpecification\",\"valueRequired\":true,\"valueName\":\"search_term_string\"}}],\"inLanguage\":\"en-US\"}]}<\/script>\n<!-- \/ Yoast SEO plugin. -->","yoast_head_json":{"title":"775-Jahrfeier in Berlin - Gestaltung Schlossplatz - Commissioned Painting Kwast Berlin","robots":{"index":"index","follow":"follow","max-snippet":"max-snippet:-1","max-image-preview":"max-image-preview:large","max-video-preview":"max-video-preview:-1"},"canonical":"https:\/\/auftragsmalerei-kwast-berlin.de\/en\/malerei-im-oeffentlichen-raum-arbeitsbeispiele\/775-jahrfeier-in-berlin-gestaltung-schlossplatz\/","og_locale":"en_US","og_type":"article","og_title":"775-Jahrfeier in Berlin - Gestaltung Schlossplatz - Commissioned Painting Kwast Berlin","og_description":"Auftraggeber: Kulturprojekte GmbH Berlin | Dispon 404 auf Asphalt | 50,00 x 50,00 m F\u00fcr die 775 Jahrfeier in Berlin sollte der Schlossplatz im Zentrum von Berlin zum Thema Vielfalt der Stadt gestaltet werden. Als Auftragsmaler k\u00fcmmerte ich mich um die Vorbereitung, Bemusterung, Organisation und Realisation. Mit Hilfe von Studenten wurde ein begehbarer Stadtplan auf [&hellip;]","og_url":"https:\/\/auftragsmalerei-kwast-berlin.de\/en\/malerei-im-oeffentlichen-raum-arbeitsbeispiele\/775-jahrfeier-in-berlin-gestaltung-schlossplatz\/","og_site_name":"Commissioned Painting Kwast Berlin","twitter_card":"summary_large_image","twitter_misc":{"Est. reading time":"1 minute"},"schema":{"@context":"https:\/\/schema.org","@graph":[{"@type":"WebPage","@id":"https:\/\/auftragsmalerei-kwast-berlin.de\/en\/malerei-im-oeffentlichen-raum-arbeitsbeispiele\/775-jahrfeier-in-berlin-gestaltung-schlossplatz\/","url":"https:\/\/auftragsmalerei-kwast-berlin.de\/en\/malerei-im-oeffentlichen-raum-arbeitsbeispiele\/775-jahrfeier-in-berlin-gestaltung-schlossplatz\/","name":"775-Jahrfeier in Berlin - Gestaltung Schlossplatz - Commissioned Painting Kwast Berlin","isPartOf":{"@id":"https:\/\/auftragsmalerei-kwast-berlin.de\/en\/#website"},"datePublished":"2015-09-15T17:11:20+00:00","breadcrumb":{"@id":"https:\/\/auftragsmalerei-kwast-berlin.de\/en\/malerei-im-oeffentlichen-raum-arbeitsbeispiele\/775-jahrfeier-in-berlin-gestaltung-schlossplatz\/#breadcrumb"},"inLanguage":"en-US","potentialAction":[{"@type":"ReadAction","target":["https:\/\/auftragsmalerei-kwast-berlin.de\/en\/malerei-im-oeffentlichen-raum-arbeitsbeispiele\/775-jahrfeier-in-berlin-gestaltung-schlossplatz\/"]}]},{"@type":"BreadcrumbList","@id":"https:\/\/auftragsmalerei-kwast-berlin.de\/en\/malerei-im-oeffentlichen-raum-arbeitsbeispiele\/775-jahrfeier-in-berlin-gestaltung-schlossplatz\/#breadcrumb","itemListElement":[{"@type":"ListItem","position":1,"name":"Home","item":"https:\/\/auftragsmalerei-kwast-berlin.de\/en\/"},{"@type":"ListItem","position":2,"name":"Malerei im \u00f6ffentlichen Raum","item":"https:\/\/auftragsmalerei-kwast-berlin.de\/en\/malerei-im-oeffentlichen-raum-arbeitsbeispiele\/"},{"@type":"ListItem","position":3,"name":"775-Jahrfeier in Berlin &#8211; Gestaltung Schlossplatz"}]},{"@type":"WebSite","@id":"https:\/\/auftragsmalerei-kwast-berlin.de\/en\/#website","url":"https:\/\/auftragsmalerei-kwast-berlin.de\/en\/","name":"Commissioned Painting Kwast Berlin","description":"Commissioned painting for theatre and film, fairs and museums, wall, facade and portrait","potentialAction":[{"@type":"SearchAction","target":{"@type":"EntryPoint","urlTemplate":"https:\/\/auftragsmalerei-kwast-berlin.de\/en\/?s={search_term_string}"},"query-input":{"@type":"PropertyValueSpecification","valueRequired":true,"valueName":"search_term_string"}}],"inLanguage":"en-US"}]}},"_links":{"self":[{"href":"https:\/\/auftragsmalerei-kwast-berlin.de\/en\/wp-json\/wp\/v2\/pages\/1094","targetHints":{"allow":["GET"]}}],"collection":[{"href":"https:\/\/auftragsmalerei-kwast-berlin.de\/en\/wp-json\/wp\/v2\/pages"}],"about":[{"href":"https:\/\/auftragsmalerei-kwast-berlin.de\/en\/wp-json\/wp\/v2\/types\/page"}],"author":[{"embeddable":true,"href":"https:\/\/auftragsmalerei-kwast-berlin.de\/en\/wp-json\/wp\/v2\/users\/2"}],"replies":[{"embeddable":true,"href":"https:\/\/auftragsmalerei-kwast-berlin.de\/en\/wp-json\/wp\/v2\/comments?post=1094"}],"version-history":[{"count":0,"href":"https:\/\/auftragsmalerei-kwast-berlin.de\/en\/wp-json\/wp\/v2\/pages\/1094\/revisions"}],"up":[{"embeddable":true,"href":"https:\/\/auftragsmalerei-kwast-berlin.de\/en\/wp-json\/wp\/v2\/pages\/131"}],"wp:attachment":[{"href":"https:\/\/auftragsmalerei-kwast-berlin.de\/en\/wp-json\/wp\/v2\/media?parent=1094"}],"curies":[{"name":"wp","href":"https:\/\/api.w.org\/{rel}","templated":true}]}}