{"id":1288,"date":"2015-09-23T15:03:59","date_gmt":"2015-09-23T13:03:59","guid":{"rendered":"http:\/\/relaunch.auftragsmalerei-kwast-berlin.de\/?page_id=1288"},"modified":"2015-09-23T15:03:59","modified_gmt":"2015-09-23T13:03:59","slug":"portraet-von-bruedern","status":"publish","type":"page","link":"https:\/\/auftragsmalerei-kwast-berlin.de\/en\/portraetmalerei-arbeitsbeispiele\/portraet-von-bruedern\/","title":{"rendered":"Portr\u00e4t von Br\u00fcdern"},"content":{"rendered":"<h3>Auftraggeber: privat | \u00d6l auf Spanplatte | 70 x 100 cm<\/h3>\n<p>Diese Portr\u00e4tmalerei von einem Br\u00fcderpaar wurde nach einem Foto gemalt.<br \/>\n<div class=\"content_block\" id=\"custom_post_widget-1282\"><p><img loading=\"lazy\" decoding=\"async\" class=\"alignnone size-full wp-image-1283\" src=\"\/wp-content\/uploads\/portrait_oskar-teo_1gr.jpg\" alt=\"Kwast - Portr\u00e4tmalerei - Doppelportr\u00e4t Br\u00fcder\" width=\"751\" height=\"537\" \/><\/p>\n<p><img loading=\"lazy\" decoding=\"async\" class=\"alignnone size-full wp-image-1284\" src=\"\/wp-content\/uploads\/portrait_oskar-teo_2gr.jpg\" alt=\"Kwast - Portr\u00e4tmalerei - Doppelportr\u00e4t Br\u00fcder\" width=\"521\" height=\"693\" \/><\/p>\n<p><img loading=\"lazy\" decoding=\"async\" class=\"alignnone size-full wp-image-1285\" src=\"\/wp-content\/uploads\/portrait_oskar-teo_3gr.jpg\" alt=\"Kwast - Portr\u00e4tmalerei - Doppelportr\u00e4t Br\u00fcder\" width=\"521\" height=\"693\" \/><\/p>\n<p><img loading=\"lazy\" decoding=\"async\" class=\"alignnone size-full wp-image-1286\" src=\"\/wp-content\/uploads\/portrait_oskar-teo_4gr.jpg\" alt=\"Kwast - Portr\u00e4tmalerei - Doppelportr\u00e4t Br\u00fcder\" width=\"751\" height=\"537\" \/><\/p>\n<\/div><\/p>\n","protected":false},"excerpt":{"rendered":"<p>Auftraggeber: privat | \u00d6l auf Spanplatte | 70 x 100 cm Diese Portr\u00e4tmalerei von einem Br\u00fcderpaar wurde nach einem Foto gemalt.<\/p>\n","protected":false},"author":2,"featured_media":0,"parent":149,"menu_order":0,"comment_status":"closed","ping_status":"closed","template":"detailseiten.php","meta":{"footnotes":""},"class_list":["post-1288","page","type-page","status-publish","hentry","brick"],"yoast_head":"<!-- This site is optimized with the Yoast SEO plugin v27.4 - https:\/\/yoast.com\/product\/yoast-seo-wordpress\/ -->\n<title>Portr\u00e4t von Br\u00fcdern - Commissioned Painting Kwast Berlin<\/title>\n<meta name=\"robots\" content=\"index, follow, max-snippet:-1, max-image-preview:large, max-video-preview:-1\" \/>\n<link rel=\"canonical\" href=\"https:\/\/auftragsmalerei-kwast-berlin.de\/en\/portraetmalerei-arbeitsbeispiele\/portraet-von-bruedern\/\" \/>\n<meta property=\"og:locale\" content=\"en_US\" \/>\n<meta property=\"og:type\" content=\"article\" \/>\n<meta property=\"og:title\" content=\"Portr\u00e4t von Br\u00fcdern - Commissioned Painting Kwast Berlin\" \/>\n<meta property=\"og:description\" content=\"Auftraggeber: privat | \u00d6l auf Spanplatte | 70 x 100 cm Diese Portr\u00e4tmalerei von einem Br\u00fcderpaar wurde nach einem Foto gemalt.\" \/>\n<meta property=\"og:url\" content=\"https:\/\/auftragsmalerei-kwast-berlin.de\/en\/portraetmalerei-arbeitsbeispiele\/portraet-von-bruedern\/\" \/>\n<meta property=\"og:site_name\" content=\"Commissioned Painting Kwast Berlin\" \/>\n<meta name=\"twitter:card\" content=\"summary_large_image\" \/>\n<script type=\"application\/ld+json\" class=\"yoast-schema-graph\">{\"@context\":\"https:\\\/\\\/schema.org\",\"@graph\":[{\"@type\":\"WebPage\",\"@id\":\"https:\\\/\\\/auftragsmalerei-kwast-berlin.de\\\/en\\\/portraetmalerei-arbeitsbeispiele\\\/portraet-von-bruedern\\\/\",\"url\":\"https:\\\/\\\/auftragsmalerei-kwast-berlin.de\\\/en\\\/portraetmalerei-arbeitsbeispiele\\\/portraet-von-bruedern\\\/\",\"name\":\"Portr\u00e4t von Br\u00fcdern - Commissioned Painting Kwast Berlin\",\"isPartOf\":{\"@id\":\"https:\\\/\\\/auftragsmalerei-kwast-berlin.de\\\/en\\\/#website\"},\"datePublished\":\"2015-09-23T13:03:59+00:00\",\"breadcrumb\":{\"@id\":\"https:\\\/\\\/auftragsmalerei-kwast-berlin.de\\\/en\\\/portraetmalerei-arbeitsbeispiele\\\/portraet-von-bruedern\\\/#breadcrumb\"},\"inLanguage\":\"en-US\",\"potentialAction\":[{\"@type\":\"ReadAction\",\"target\":[\"https:\\\/\\\/auftragsmalerei-kwast-berlin.de\\\/en\\\/portraetmalerei-arbeitsbeispiele\\\/portraet-von-bruedern\\\/\"]}]},{\"@type\":\"BreadcrumbList\",\"@id\":\"https:\\\/\\\/auftragsmalerei-kwast-berlin.de\\\/en\\\/portraetmalerei-arbeitsbeispiele\\\/portraet-von-bruedern\\\/#breadcrumb\",\"itemListElement\":[{\"@type\":\"ListItem\",\"position\":1,\"name\":\"Home\",\"item\":\"https:\\\/\\\/auftragsmalerei-kwast-berlin.de\\\/en\\\/\"},{\"@type\":\"ListItem\",\"position\":2,\"name\":\"Portrait painting\",\"item\":\"https:\\\/\\\/auftragsmalerei-kwast-berlin.de\\\/en\\\/portraetmalerei-arbeitsbeispiele\\\/\"},{\"@type\":\"ListItem\",\"position\":3,\"name\":\"Portr\u00e4t von Br\u00fcdern\"}]},{\"@type\":\"WebSite\",\"@id\":\"https:\\\/\\\/auftragsmalerei-kwast-berlin.de\\\/en\\\/#website\",\"url\":\"https:\\\/\\\/auftragsmalerei-kwast-berlin.de\\\/en\\\/\",\"name\":\"Commissioned Painting Kwast Berlin\",\"description\":\"Commissioned painting for theatre and film, fairs and museums, wall, facade and portrait\",\"potentialAction\":[{\"@type\":\"SearchAction\",\"target\":{\"@type\":\"EntryPoint\",\"urlTemplate\":\"https:\\\/\\\/auftragsmalerei-kwast-berlin.de\\\/en\\\/?s={search_term_string}\"},\"query-input\":{\"@type\":\"PropertyValueSpecification\",\"valueRequired\":true,\"valueName\":\"search_term_string\"}}],\"inLanguage\":\"en-US\"}]}<\/script>\n<!-- \/ Yoast SEO plugin. -->","yoast_head_json":{"title":"Portr\u00e4t von Br\u00fcdern - Commissioned Painting Kwast Berlin","robots":{"index":"index","follow":"follow","max-snippet":"max-snippet:-1","max-image-preview":"max-image-preview:large","max-video-preview":"max-video-preview:-1"},"canonical":"https:\/\/auftragsmalerei-kwast-berlin.de\/en\/portraetmalerei-arbeitsbeispiele\/portraet-von-bruedern\/","og_locale":"en_US","og_type":"article","og_title":"Portr\u00e4t von Br\u00fcdern - Commissioned Painting Kwast Berlin","og_description":"Auftraggeber: privat | \u00d6l auf Spanplatte | 70 x 100 cm Diese Portr\u00e4tmalerei von einem Br\u00fcderpaar wurde nach einem Foto gemalt.","og_url":"https:\/\/auftragsmalerei-kwast-berlin.de\/en\/portraetmalerei-arbeitsbeispiele\/portraet-von-bruedern\/","og_site_name":"Commissioned Painting Kwast Berlin","twitter_card":"summary_large_image","schema":{"@context":"https:\/\/schema.org","@graph":[{"@type":"WebPage","@id":"https:\/\/auftragsmalerei-kwast-berlin.de\/en\/portraetmalerei-arbeitsbeispiele\/portraet-von-bruedern\/","url":"https:\/\/auftragsmalerei-kwast-berlin.de\/en\/portraetmalerei-arbeitsbeispiele\/portraet-von-bruedern\/","name":"Portr\u00e4t von Br\u00fcdern - Commissioned Painting Kwast Berlin","isPartOf":{"@id":"https:\/\/auftragsmalerei-kwast-berlin.de\/en\/#website"},"datePublished":"2015-09-23T13:03:59+00:00","breadcrumb":{"@id":"https:\/\/auftragsmalerei-kwast-berlin.de\/en\/portraetmalerei-arbeitsbeispiele\/portraet-von-bruedern\/#breadcrumb"},"inLanguage":"en-US","potentialAction":[{"@type":"ReadAction","target":["https:\/\/auftragsmalerei-kwast-berlin.de\/en\/portraetmalerei-arbeitsbeispiele\/portraet-von-bruedern\/"]}]},{"@type":"BreadcrumbList","@id":"https:\/\/auftragsmalerei-kwast-berlin.de\/en\/portraetmalerei-arbeitsbeispiele\/portraet-von-bruedern\/#breadcrumb","itemListElement":[{"@type":"ListItem","position":1,"name":"Home","item":"https:\/\/auftragsmalerei-kwast-berlin.de\/en\/"},{"@type":"ListItem","position":2,"name":"Portrait painting","item":"https:\/\/auftragsmalerei-kwast-berlin.de\/en\/portraetmalerei-arbeitsbeispiele\/"},{"@type":"ListItem","position":3,"name":"Portr\u00e4t von Br\u00fcdern"}]},{"@type":"WebSite","@id":"https:\/\/auftragsmalerei-kwast-berlin.de\/en\/#website","url":"https:\/\/auftragsmalerei-kwast-berlin.de\/en\/","name":"Commissioned Painting Kwast Berlin","description":"Commissioned painting for theatre and film, fairs and museums, wall, facade and portrait","potentialAction":[{"@type":"SearchAction","target":{"@type":"EntryPoint","urlTemplate":"https:\/\/auftragsmalerei-kwast-berlin.de\/en\/?s={search_term_string}"},"query-input":{"@type":"PropertyValueSpecification","valueRequired":true,"valueName":"search_term_string"}}],"inLanguage":"en-US"}]}},"_links":{"self":[{"href":"https:\/\/auftragsmalerei-kwast-berlin.de\/en\/wp-json\/wp\/v2\/pages\/1288","targetHints":{"allow":["GET"]}}],"collection":[{"href":"https:\/\/auftragsmalerei-kwast-berlin.de\/en\/wp-json\/wp\/v2\/pages"}],"about":[{"href":"https:\/\/auftragsmalerei-kwast-berlin.de\/en\/wp-json\/wp\/v2\/types\/page"}],"author":[{"embeddable":true,"href":"https:\/\/auftragsmalerei-kwast-berlin.de\/en\/wp-json\/wp\/v2\/users\/2"}],"replies":[{"embeddable":true,"href":"https:\/\/auftragsmalerei-kwast-berlin.de\/en\/wp-json\/wp\/v2\/comments?post=1288"}],"version-history":[{"count":0,"href":"https:\/\/auftragsmalerei-kwast-berlin.de\/en\/wp-json\/wp\/v2\/pages\/1288\/revisions"}],"up":[{"embeddable":true,"href":"https:\/\/auftragsmalerei-kwast-berlin.de\/en\/wp-json\/wp\/v2\/pages\/149"}],"wp:attachment":[{"href":"https:\/\/auftragsmalerei-kwast-berlin.de\/en\/wp-json\/wp\/v2\/media?parent=1288"}],"curies":[{"name":"wp","href":"https:\/\/api.w.org\/{rel}","templated":true}]}}