{"id":1330,"date":"2015-09-24T12:24:51","date_gmt":"2015-09-24T10:24:51","guid":{"rendered":"http:\/\/relaunch.auftragsmalerei-kwast-berlin.de\/?page_id=1330"},"modified":"2015-09-24T12:24:51","modified_gmt":"2015-09-24T10:24:51","slug":"internationale-gruene-woche-berlin-2009","status":"publish","type":"page","link":"https:\/\/auftragsmalerei-kwast-berlin.de\/en\/livemalerei-arbeitsbeispiele\/internationale-gruene-woche-berlin-2009\/","title":{"rendered":"Internationale Gr\u00fcne Woche Berlin 2009"},"content":{"rendered":"<h3>Auftraggeber: Gr\u00fcne Woche, ICC Berlin | Acrylfarben auf Spanplatten | 3,20&#215;18,00m<\/h3>\n<p>Das Thema in der Blumenhalle der Ausstellung Gr\u00fcne Woche im ICC Berlin stand unter dem Thema -Gem\u00e4lde-. Vor vergr\u00f6\u00dferten Kopien bekannter Maler waren G\u00e4rten angelegt, die den Motiven dieser Gem\u00e4lde nachempfunden waren. Vor meiner Wand gab es den Showteil als Umkehr, vor mir ein Feld von Tulpen und das Bild entsteht im Nachhinein. Mit der Malerei erbl\u00fchte auch das Tulpenfeld, eine sch\u00f6ne Idee.<br \/>\nAls Auftragsmaler war das eine neue Erfahrung, 10 Tage lang vor mehreren Tausend Menschen zu malen. Live Malerei als neues Gesch\u00e4ftsfeld.<br \/>\nDen Film dar\u00fcber k\u00f6nnen Sie sich auf <a href=\"https:\/\/www.youtube.com\/watch?v=3zokHrDJZUI\" target=\"_blank\" rel=\"noopener noreferrer\"><span style=\"color: #0066cc\">\u00bbYouTube\u00ab<\/span><\/a> ansehen.<br \/>\n<div class=\"content_block\" id=\"custom_post_widget-1324\"><p><img loading=\"lazy\" decoding=\"async\" class=\"alignnone size-full wp-image-1325\" src=\"\/wp-content\/uploads\/livemalerei_1.2gr.jpg\" alt=\"Kwast - Livemalerei - Gr\u00fcne Woche 2009\" width=\"640\" height=\"425\" \/><\/p>\n<p><img loading=\"lazy\" decoding=\"async\" class=\"alignnone size-full wp-image-1326\" src=\"\/wp-content\/uploads\/livemalerei_1.3gr.jpg\" alt=\"Kwast - Livemalerei - Gr\u00fcne Woche 2009\" width=\"640\" height=\"425\" \/><\/p>\n<p><img loading=\"lazy\" decoding=\"async\" class=\"alignnone size-full wp-image-1327\" src=\"\/wp-content\/uploads\/livemalerei_1.4gr.jpg\" alt=\"Kwast - Livemalerei - Gr\u00fcne Woche 2009\" width=\"640\" height=\"425\" \/><\/p>\n<p><img loading=\"lazy\" decoding=\"async\" class=\"alignnone size-full wp-image-1328\" src=\"\/wp-content\/uploads\/livemalerei_1gr.jpg\" alt=\"Kwast - Livemalerei - Gr\u00fcne Woche 2009\" width=\"640\" height=\"425\" \/><\/p>\n<\/div><\/p>\n","protected":false},"excerpt":{"rendered":"<p>Auftraggeber: Gr\u00fcne Woche, ICC Berlin | Acrylfarben auf Spanplatten | 3,20&#215;18,00m Das Thema in der Blumenhalle der Ausstellung Gr\u00fcne Woche im ICC Berlin stand unter dem Thema -Gem\u00e4lde-. Vor vergr\u00f6\u00dferten Kopien bekannter Maler waren G\u00e4rten angelegt, die den Motiven dieser Gem\u00e4lde nachempfunden waren. Vor meiner Wand gab es den Showteil als Umkehr, vor mir ein [&hellip;]<\/p>\n","protected":false},"author":2,"featured_media":0,"parent":235,"menu_order":0,"comment_status":"closed","ping_status":"closed","template":"detailseiten.php","meta":{"footnotes":""},"class_list":["post-1330","page","type-page","status-publish","hentry","brick"],"yoast_head":"<!-- This site is optimized with the Yoast SEO plugin v27.6 - https:\/\/yoast.com\/product\/yoast-seo-wordpress\/ -->\n<title>Internationale Gr\u00fcne Woche Berlin 2009, Auftragsmalerei<\/title>\n<meta name=\"description\" content=\"Internationale Gr\u00fcne Woche Berlin 2009,Livemalerei,Tulpenbild,Malerei vor Publikum,malen fuer Blumenmessehalle,gemalte Blumen,Beispiele Texte,Fotos,Film\" \/>\n<meta name=\"robots\" content=\"index, follow, max-snippet:-1, max-image-preview:large, max-video-preview:-1\" \/>\n<link rel=\"canonical\" href=\"https:\/\/auftragsmalerei-kwast-berlin.de\/en\/livemalerei-arbeitsbeispiele\/internationale-gruene-woche-berlin-2009\/\" \/>\n<meta property=\"og:locale\" content=\"en_US\" \/>\n<meta property=\"og:type\" content=\"article\" \/>\n<meta property=\"og:title\" content=\"Internationale Gr\u00fcne Woche Berlin 2009, Auftragsmalerei\" \/>\n<meta property=\"og:description\" content=\"Internationale Gr\u00fcne Woche Berlin 2009,Livemalerei,Tulpenbild,Malerei vor Publikum,malen fuer Blumenmessehalle,gemalte Blumen,Beispiele Texte,Fotos,Film\" \/>\n<meta property=\"og:url\" content=\"https:\/\/auftragsmalerei-kwast-berlin.de\/en\/livemalerei-arbeitsbeispiele\/internationale-gruene-woche-berlin-2009\/\" \/>\n<meta property=\"og:site_name\" content=\"Commissioned Painting Kwast Berlin\" \/>\n<meta name=\"twitter:card\" content=\"summary_large_image\" \/>\n<meta name=\"twitter:label1\" content=\"Est. reading time\" \/>\n\t<meta name=\"twitter:data1\" content=\"1 minute\" \/>\n<script type=\"application\/ld+json\" class=\"yoast-schema-graph\">{\"@context\":\"https:\\\/\\\/schema.org\",\"@graph\":[{\"@type\":\"WebPage\",\"@id\":\"https:\\\/\\\/auftragsmalerei-kwast-berlin.de\\\/en\\\/livemalerei-arbeitsbeispiele\\\/internationale-gruene-woche-berlin-2009\\\/\",\"url\":\"https:\\\/\\\/auftragsmalerei-kwast-berlin.de\\\/en\\\/livemalerei-arbeitsbeispiele\\\/internationale-gruene-woche-berlin-2009\\\/\",\"name\":\"Internationale Gr\u00fcne Woche Berlin 2009, Auftragsmalerei\",\"isPartOf\":{\"@id\":\"https:\\\/\\\/auftragsmalerei-kwast-berlin.de\\\/en\\\/#website\"},\"datePublished\":\"2015-09-24T10:24:51+00:00\",\"description\":\"Internationale Gr\u00fcne Woche Berlin 2009,Livemalerei,Tulpenbild,Malerei vor Publikum,malen fuer Blumenmessehalle,gemalte Blumen,Beispiele Texte,Fotos,Film\",\"breadcrumb\":{\"@id\":\"https:\\\/\\\/auftragsmalerei-kwast-berlin.de\\\/en\\\/livemalerei-arbeitsbeispiele\\\/internationale-gruene-woche-berlin-2009\\\/#breadcrumb\"},\"inLanguage\":\"en-US\",\"potentialAction\":[{\"@type\":\"ReadAction\",\"target\":[\"https:\\\/\\\/auftragsmalerei-kwast-berlin.de\\\/en\\\/livemalerei-arbeitsbeispiele\\\/internationale-gruene-woche-berlin-2009\\\/\"]}]},{\"@type\":\"BreadcrumbList\",\"@id\":\"https:\\\/\\\/auftragsmalerei-kwast-berlin.de\\\/en\\\/livemalerei-arbeitsbeispiele\\\/internationale-gruene-woche-berlin-2009\\\/#breadcrumb\",\"itemListElement\":[{\"@type\":\"ListItem\",\"position\":1,\"name\":\"Home\",\"item\":\"https:\\\/\\\/auftragsmalerei-kwast-berlin.de\\\/en\\\/\"},{\"@type\":\"ListItem\",\"position\":2,\"name\":\"Live painting\",\"item\":\"https:\\\/\\\/auftragsmalerei-kwast-berlin.de\\\/en\\\/livemalerei-arbeitsbeispiele\\\/\"},{\"@type\":\"ListItem\",\"position\":3,\"name\":\"Internationale Gr\u00fcne Woche Berlin 2009\"}]},{\"@type\":\"WebSite\",\"@id\":\"https:\\\/\\\/auftragsmalerei-kwast-berlin.de\\\/en\\\/#website\",\"url\":\"https:\\\/\\\/auftragsmalerei-kwast-berlin.de\\\/en\\\/\",\"name\":\"Commissioned Painting Kwast Berlin\",\"description\":\"Commissioned painting for theatre and film, fairs and museums, wall, facade and portrait\",\"potentialAction\":[{\"@type\":\"SearchAction\",\"target\":{\"@type\":\"EntryPoint\",\"urlTemplate\":\"https:\\\/\\\/auftragsmalerei-kwast-berlin.de\\\/en\\\/?s={search_term_string}\"},\"query-input\":{\"@type\":\"PropertyValueSpecification\",\"valueRequired\":true,\"valueName\":\"search_term_string\"}}],\"inLanguage\":\"en-US\"}]}<\/script>\n<!-- \/ Yoast SEO plugin. -->","yoast_head_json":{"title":"Internationale Gr\u00fcne Woche Berlin 2009, Auftragsmalerei","description":"Internationale Gr\u00fcne Woche Berlin 2009,Livemalerei,Tulpenbild,Malerei vor Publikum,malen fuer Blumenmessehalle,gemalte Blumen,Beispiele Texte,Fotos,Film","robots":{"index":"index","follow":"follow","max-snippet":"max-snippet:-1","max-image-preview":"max-image-preview:large","max-video-preview":"max-video-preview:-1"},"canonical":"https:\/\/auftragsmalerei-kwast-berlin.de\/en\/livemalerei-arbeitsbeispiele\/internationale-gruene-woche-berlin-2009\/","og_locale":"en_US","og_type":"article","og_title":"Internationale Gr\u00fcne Woche Berlin 2009, Auftragsmalerei","og_description":"Internationale Gr\u00fcne Woche Berlin 2009,Livemalerei,Tulpenbild,Malerei vor Publikum,malen fuer Blumenmessehalle,gemalte Blumen,Beispiele Texte,Fotos,Film","og_url":"https:\/\/auftragsmalerei-kwast-berlin.de\/en\/livemalerei-arbeitsbeispiele\/internationale-gruene-woche-berlin-2009\/","og_site_name":"Commissioned Painting Kwast Berlin","twitter_card":"summary_large_image","twitter_misc":{"Est. reading time":"1 minute"},"schema":{"@context":"https:\/\/schema.org","@graph":[{"@type":"WebPage","@id":"https:\/\/auftragsmalerei-kwast-berlin.de\/en\/livemalerei-arbeitsbeispiele\/internationale-gruene-woche-berlin-2009\/","url":"https:\/\/auftragsmalerei-kwast-berlin.de\/en\/livemalerei-arbeitsbeispiele\/internationale-gruene-woche-berlin-2009\/","name":"Internationale Gr\u00fcne Woche Berlin 2009, Auftragsmalerei","isPartOf":{"@id":"https:\/\/auftragsmalerei-kwast-berlin.de\/en\/#website"},"datePublished":"2015-09-24T10:24:51+00:00","description":"Internationale Gr\u00fcne Woche Berlin 2009,Livemalerei,Tulpenbild,Malerei vor Publikum,malen fuer Blumenmessehalle,gemalte Blumen,Beispiele Texte,Fotos,Film","breadcrumb":{"@id":"https:\/\/auftragsmalerei-kwast-berlin.de\/en\/livemalerei-arbeitsbeispiele\/internationale-gruene-woche-berlin-2009\/#breadcrumb"},"inLanguage":"en-US","potentialAction":[{"@type":"ReadAction","target":["https:\/\/auftragsmalerei-kwast-berlin.de\/en\/livemalerei-arbeitsbeispiele\/internationale-gruene-woche-berlin-2009\/"]}]},{"@type":"BreadcrumbList","@id":"https:\/\/auftragsmalerei-kwast-berlin.de\/en\/livemalerei-arbeitsbeispiele\/internationale-gruene-woche-berlin-2009\/#breadcrumb","itemListElement":[{"@type":"ListItem","position":1,"name":"Home","item":"https:\/\/auftragsmalerei-kwast-berlin.de\/en\/"},{"@type":"ListItem","position":2,"name":"Live painting","item":"https:\/\/auftragsmalerei-kwast-berlin.de\/en\/livemalerei-arbeitsbeispiele\/"},{"@type":"ListItem","position":3,"name":"Internationale Gr\u00fcne Woche Berlin 2009"}]},{"@type":"WebSite","@id":"https:\/\/auftragsmalerei-kwast-berlin.de\/en\/#website","url":"https:\/\/auftragsmalerei-kwast-berlin.de\/en\/","name":"Commissioned Painting Kwast Berlin","description":"Commissioned painting for theatre and film, fairs and museums, wall, facade and portrait","potentialAction":[{"@type":"SearchAction","target":{"@type":"EntryPoint","urlTemplate":"https:\/\/auftragsmalerei-kwast-berlin.de\/en\/?s={search_term_string}"},"query-input":{"@type":"PropertyValueSpecification","valueRequired":true,"valueName":"search_term_string"}}],"inLanguage":"en-US"}]}},"_links":{"self":[{"href":"https:\/\/auftragsmalerei-kwast-berlin.de\/en\/wp-json\/wp\/v2\/pages\/1330","targetHints":{"allow":["GET"]}}],"collection":[{"href":"https:\/\/auftragsmalerei-kwast-berlin.de\/en\/wp-json\/wp\/v2\/pages"}],"about":[{"href":"https:\/\/auftragsmalerei-kwast-berlin.de\/en\/wp-json\/wp\/v2\/types\/page"}],"author":[{"embeddable":true,"href":"https:\/\/auftragsmalerei-kwast-berlin.de\/en\/wp-json\/wp\/v2\/users\/2"}],"replies":[{"embeddable":true,"href":"https:\/\/auftragsmalerei-kwast-berlin.de\/en\/wp-json\/wp\/v2\/comments?post=1330"}],"version-history":[{"count":0,"href":"https:\/\/auftragsmalerei-kwast-berlin.de\/en\/wp-json\/wp\/v2\/pages\/1330\/revisions"}],"up":[{"embeddable":true,"href":"https:\/\/auftragsmalerei-kwast-berlin.de\/en\/wp-json\/wp\/v2\/pages\/235"}],"wp:attachment":[{"href":"https:\/\/auftragsmalerei-kwast-berlin.de\/en\/wp-json\/wp\/v2\/media?parent=1330"}],"curies":[{"name":"wp","href":"https:\/\/api.w.org\/{rel}","templated":true}]}}