{"id":1346,"date":"2015-09-24T12:45:27","date_gmt":"2015-09-24T10:45:27","guid":{"rendered":"http:\/\/relaunch.auftragsmalerei-kwast-berlin.de\/?page_id=1346"},"modified":"2015-09-24T12:45:27","modified_gmt":"2015-09-24T10:45:27","slug":"messestand-von-hexal-ag","status":"publish","type":"page","link":"https:\/\/auftragsmalerei-kwast-berlin.de\/en\/livemalerei-arbeitsbeispiele\/messestand-von-hexal-ag\/","title":{"rendered":"Messestand von Hexal AG"},"content":{"rendered":"<h3>Auftraggeber: Hexal AG | Material ? | je 50 x 50cm<\/h3>\n<p>Die Idee dieser Auftragsmalerei war die Kunden mit Souvenirs zu beschenken. In meinem Atelier malte ich mehrere 0,50m x 0,50m Bilder vor, die das Werbemotiv einer Medikamentenfirma abbildeten. W\u00e4hrend der 3-t\u00e4gigen Messe waren die einzelnen Bilder an einem Tr\u00e4ger aufgeh\u00e4ngt und wurden vom Publikum gern als Kundengeschenk angenommen. Die nun fehlenden Motive malte ich live nach, ein Job, der Spa\u00df machte.<br \/>\n<div class=\"content_block\" id=\"custom_post_widget-1340\"><p><img loading=\"lazy\" decoding=\"async\" class=\"alignnone size-full wp-image-1344\" src=\"\/wp-content\/uploads\/livemalerei_2.4gr.jpg\" alt=\"Kwast - Livemalerei - Hexal AG\" width=\"430\" height=\"599\" \/><\/p>\n<p><img loading=\"lazy\" decoding=\"async\" class=\"alignnone size-full wp-image-1343\" src=\"\/wp-content\/uploads\/livemalerei_2.3gr.jpg\" alt=\"Kwast - Livemalerei - Hexal AG\" width=\"640\" height=\"480\" \/><\/p>\n<p><img loading=\"lazy\" decoding=\"async\" class=\"alignnone size-full wp-image-1342\" src=\"\/wp-content\/uploads\/livemalerei_2.2gr.jpg\" alt=\"Kwast - Livemalerei - Hexal AG\" width=\"640\" height=\"480\" \/><\/p>\n<p><img loading=\"lazy\" decoding=\"async\" class=\"alignnone size-full wp-image-1341\" src=\"\/wp-content\/uploads\/livemalerei_2.1gr.jpg\" alt=\"Kwast - Livemalerei - Hexal AG\" width=\"640\" height=\"480\" \/><\/p>\n<\/div><\/p>\n","protected":false},"excerpt":{"rendered":"<p>Auftraggeber: Hexal AG | Material ? | je 50 x 50cm Die Idee dieser Auftragsmalerei war die Kunden mit Souvenirs zu beschenken. In meinem Atelier malte ich mehrere 0,50m x 0,50m Bilder vor, die das Werbemotiv einer Medikamentenfirma abbildeten. W\u00e4hrend der 3-t\u00e4gigen Messe waren die einzelnen Bilder an einem Tr\u00e4ger aufgeh\u00e4ngt und wurden vom Publikum [&hellip;]<\/p>\n","protected":false},"author":2,"featured_media":0,"parent":235,"menu_order":1,"comment_status":"closed","ping_status":"closed","template":"detailseiten.php","meta":{"footnotes":""},"class_list":["post-1346","page","type-page","status-publish","hentry","brick"],"yoast_head":"<!-- This site is optimized with the Yoast SEO plugin v27.4 - https:\/\/yoast.com\/product\/yoast-seo-wordpress\/ -->\n<title>Messestand von Hexal AG - Commissioned Painting Kwast Berlin<\/title>\n<meta name=\"robots\" content=\"index, follow, max-snippet:-1, max-image-preview:large, max-video-preview:-1\" \/>\n<link rel=\"canonical\" href=\"https:\/\/auftragsmalerei-kwast-berlin.de\/en\/livemalerei-arbeitsbeispiele\/messestand-von-hexal-ag\/\" \/>\n<meta property=\"og:locale\" content=\"en_US\" \/>\n<meta property=\"og:type\" content=\"article\" \/>\n<meta property=\"og:title\" content=\"Messestand von Hexal AG - Commissioned Painting Kwast Berlin\" \/>\n<meta property=\"og:description\" content=\"Auftraggeber: Hexal AG | Material ? | je 50 x 50cm Die Idee dieser Auftragsmalerei war die Kunden mit Souvenirs zu beschenken. In meinem Atelier malte ich mehrere 0,50m x 0,50m Bilder vor, die das Werbemotiv einer Medikamentenfirma abbildeten. W\u00e4hrend der 3-t\u00e4gigen Messe waren die einzelnen Bilder an einem Tr\u00e4ger aufgeh\u00e4ngt und wurden vom Publikum [&hellip;]\" \/>\n<meta property=\"og:url\" content=\"https:\/\/auftragsmalerei-kwast-berlin.de\/en\/livemalerei-arbeitsbeispiele\/messestand-von-hexal-ag\/\" \/>\n<meta property=\"og:site_name\" content=\"Commissioned Painting Kwast Berlin\" \/>\n<meta name=\"twitter:card\" content=\"summary_large_image\" \/>\n<script type=\"application\/ld+json\" class=\"yoast-schema-graph\">{\"@context\":\"https:\\\/\\\/schema.org\",\"@graph\":[{\"@type\":\"WebPage\",\"@id\":\"https:\\\/\\\/auftragsmalerei-kwast-berlin.de\\\/en\\\/livemalerei-arbeitsbeispiele\\\/messestand-von-hexal-ag\\\/\",\"url\":\"https:\\\/\\\/auftragsmalerei-kwast-berlin.de\\\/en\\\/livemalerei-arbeitsbeispiele\\\/messestand-von-hexal-ag\\\/\",\"name\":\"Messestand von Hexal AG - Commissioned Painting Kwast Berlin\",\"isPartOf\":{\"@id\":\"https:\\\/\\\/auftragsmalerei-kwast-berlin.de\\\/en\\\/#website\"},\"datePublished\":\"2015-09-24T10:45:27+00:00\",\"breadcrumb\":{\"@id\":\"https:\\\/\\\/auftragsmalerei-kwast-berlin.de\\\/en\\\/livemalerei-arbeitsbeispiele\\\/messestand-von-hexal-ag\\\/#breadcrumb\"},\"inLanguage\":\"en-US\",\"potentialAction\":[{\"@type\":\"ReadAction\",\"target\":[\"https:\\\/\\\/auftragsmalerei-kwast-berlin.de\\\/en\\\/livemalerei-arbeitsbeispiele\\\/messestand-von-hexal-ag\\\/\"]}]},{\"@type\":\"BreadcrumbList\",\"@id\":\"https:\\\/\\\/auftragsmalerei-kwast-berlin.de\\\/en\\\/livemalerei-arbeitsbeispiele\\\/messestand-von-hexal-ag\\\/#breadcrumb\",\"itemListElement\":[{\"@type\":\"ListItem\",\"position\":1,\"name\":\"Home\",\"item\":\"https:\\\/\\\/auftragsmalerei-kwast-berlin.de\\\/en\\\/\"},{\"@type\":\"ListItem\",\"position\":2,\"name\":\"Live painting\",\"item\":\"https:\\\/\\\/auftragsmalerei-kwast-berlin.de\\\/en\\\/livemalerei-arbeitsbeispiele\\\/\"},{\"@type\":\"ListItem\",\"position\":3,\"name\":\"Messestand von Hexal AG\"}]},{\"@type\":\"WebSite\",\"@id\":\"https:\\\/\\\/auftragsmalerei-kwast-berlin.de\\\/en\\\/#website\",\"url\":\"https:\\\/\\\/auftragsmalerei-kwast-berlin.de\\\/en\\\/\",\"name\":\"Commissioned Painting Kwast Berlin\",\"description\":\"Commissioned painting for theatre and film, fairs and museums, wall, facade and portrait\",\"potentialAction\":[{\"@type\":\"SearchAction\",\"target\":{\"@type\":\"EntryPoint\",\"urlTemplate\":\"https:\\\/\\\/auftragsmalerei-kwast-berlin.de\\\/en\\\/?s={search_term_string}\"},\"query-input\":{\"@type\":\"PropertyValueSpecification\",\"valueRequired\":true,\"valueName\":\"search_term_string\"}}],\"inLanguage\":\"en-US\"}]}<\/script>\n<!-- \/ Yoast SEO plugin. -->","yoast_head_json":{"title":"Messestand von Hexal AG - Commissioned Painting Kwast Berlin","robots":{"index":"index","follow":"follow","max-snippet":"max-snippet:-1","max-image-preview":"max-image-preview:large","max-video-preview":"max-video-preview:-1"},"canonical":"https:\/\/auftragsmalerei-kwast-berlin.de\/en\/livemalerei-arbeitsbeispiele\/messestand-von-hexal-ag\/","og_locale":"en_US","og_type":"article","og_title":"Messestand von Hexal AG - Commissioned Painting Kwast Berlin","og_description":"Auftraggeber: Hexal AG | Material ? | je 50 x 50cm Die Idee dieser Auftragsmalerei war die Kunden mit Souvenirs zu beschenken. In meinem Atelier malte ich mehrere 0,50m x 0,50m Bilder vor, die das Werbemotiv einer Medikamentenfirma abbildeten. W\u00e4hrend der 3-t\u00e4gigen Messe waren die einzelnen Bilder an einem Tr\u00e4ger aufgeh\u00e4ngt und wurden vom Publikum [&hellip;]","og_url":"https:\/\/auftragsmalerei-kwast-berlin.de\/en\/livemalerei-arbeitsbeispiele\/messestand-von-hexal-ag\/","og_site_name":"Commissioned Painting Kwast Berlin","twitter_card":"summary_large_image","schema":{"@context":"https:\/\/schema.org","@graph":[{"@type":"WebPage","@id":"https:\/\/auftragsmalerei-kwast-berlin.de\/en\/livemalerei-arbeitsbeispiele\/messestand-von-hexal-ag\/","url":"https:\/\/auftragsmalerei-kwast-berlin.de\/en\/livemalerei-arbeitsbeispiele\/messestand-von-hexal-ag\/","name":"Messestand von Hexal AG - Commissioned Painting Kwast Berlin","isPartOf":{"@id":"https:\/\/auftragsmalerei-kwast-berlin.de\/en\/#website"},"datePublished":"2015-09-24T10:45:27+00:00","breadcrumb":{"@id":"https:\/\/auftragsmalerei-kwast-berlin.de\/en\/livemalerei-arbeitsbeispiele\/messestand-von-hexal-ag\/#breadcrumb"},"inLanguage":"en-US","potentialAction":[{"@type":"ReadAction","target":["https:\/\/auftragsmalerei-kwast-berlin.de\/en\/livemalerei-arbeitsbeispiele\/messestand-von-hexal-ag\/"]}]},{"@type":"BreadcrumbList","@id":"https:\/\/auftragsmalerei-kwast-berlin.de\/en\/livemalerei-arbeitsbeispiele\/messestand-von-hexal-ag\/#breadcrumb","itemListElement":[{"@type":"ListItem","position":1,"name":"Home","item":"https:\/\/auftragsmalerei-kwast-berlin.de\/en\/"},{"@type":"ListItem","position":2,"name":"Live painting","item":"https:\/\/auftragsmalerei-kwast-berlin.de\/en\/livemalerei-arbeitsbeispiele\/"},{"@type":"ListItem","position":3,"name":"Messestand von Hexal AG"}]},{"@type":"WebSite","@id":"https:\/\/auftragsmalerei-kwast-berlin.de\/en\/#website","url":"https:\/\/auftragsmalerei-kwast-berlin.de\/en\/","name":"Commissioned Painting Kwast Berlin","description":"Commissioned painting for theatre and film, fairs and museums, wall, facade and portrait","potentialAction":[{"@type":"SearchAction","target":{"@type":"EntryPoint","urlTemplate":"https:\/\/auftragsmalerei-kwast-berlin.de\/en\/?s={search_term_string}"},"query-input":{"@type":"PropertyValueSpecification","valueRequired":true,"valueName":"search_term_string"}}],"inLanguage":"en-US"}]}},"_links":{"self":[{"href":"https:\/\/auftragsmalerei-kwast-berlin.de\/en\/wp-json\/wp\/v2\/pages\/1346","targetHints":{"allow":["GET"]}}],"collection":[{"href":"https:\/\/auftragsmalerei-kwast-berlin.de\/en\/wp-json\/wp\/v2\/pages"}],"about":[{"href":"https:\/\/auftragsmalerei-kwast-berlin.de\/en\/wp-json\/wp\/v2\/types\/page"}],"author":[{"embeddable":true,"href":"https:\/\/auftragsmalerei-kwast-berlin.de\/en\/wp-json\/wp\/v2\/users\/2"}],"replies":[{"embeddable":true,"href":"https:\/\/auftragsmalerei-kwast-berlin.de\/en\/wp-json\/wp\/v2\/comments?post=1346"}],"version-history":[{"count":0,"href":"https:\/\/auftragsmalerei-kwast-berlin.de\/en\/wp-json\/wp\/v2\/pages\/1346\/revisions"}],"up":[{"embeddable":true,"href":"https:\/\/auftragsmalerei-kwast-berlin.de\/en\/wp-json\/wp\/v2\/pages\/235"}],"wp:attachment":[{"href":"https:\/\/auftragsmalerei-kwast-berlin.de\/en\/wp-json\/wp\/v2\/media?parent=1346"}],"curies":[{"name":"wp","href":"https:\/\/api.w.org\/{rel}","templated":true}]}}