{"id":1379,"date":"2015-09-24T13:20:45","date_gmt":"2015-09-24T11:20:45","guid":{"rendered":"http:\/\/relaunch.auftragsmalerei-kwast-berlin.de\/?page_id=1379"},"modified":"2015-09-24T13:20:45","modified_gmt":"2015-09-24T11:20:45","slug":"expressionistisches-portraet","status":"publish","type":"page","link":"https:\/\/auftragsmalerei-kwast-berlin.de\/en\/portraetmalerei-arbeitsbeispiele\/expressionistisches-portraet\/","title":{"rendered":"Expressionistisches Portr\u00e4t"},"content":{"rendered":"<p>Auftraggeber: privat | \u00d6l auf Leinwand | 85 x 57cm<br \/>\nDieses expressionistische Portr\u00e4t eines jungen Mannes malte ich Mitte der 90iger Jahre f\u00fcr eine Freund.<br \/>\n<div class=\"content_block\" id=\"custom_post_widget-1376\"><p><img loading=\"lazy\" decoding=\"async\" class=\"alignnone size-full wp-image-1377\" src=\"\/wp-content\/uploads\/portrait_mario_1gr.jpg\" alt=\"Kwast - Portr\u00e4tmalerei - Portr\u00e4t\" width=\"521\" height=\"693\" \/><\/p>\n<\/div><\/p>\n","protected":false},"excerpt":{"rendered":"<p>Auftraggeber: privat | \u00d6l auf Leinwand | 85 x 57cm Dieses expressionistische Portr\u00e4t eines jungen Mannes malte ich Mitte der 90iger Jahre f\u00fcr eine Freund.<\/p>\n","protected":false},"author":2,"featured_media":0,"parent":149,"menu_order":12,"comment_status":"closed","ping_status":"closed","template":"detailseiten.php","meta":{"footnotes":""},"class_list":["post-1379","page","type-page","status-publish","hentry","brick"],"yoast_head":"<!-- This site is optimized with the Yoast SEO plugin v27.4 - https:\/\/yoast.com\/product\/yoast-seo-wordpress\/ -->\n<title>Expressionistisches Portr\u00e4t - Commissioned Painting Kwast Berlin<\/title>\n<meta name=\"robots\" content=\"index, follow, max-snippet:-1, max-image-preview:large, max-video-preview:-1\" \/>\n<link rel=\"canonical\" href=\"https:\/\/auftragsmalerei-kwast-berlin.de\/en\/portraetmalerei-arbeitsbeispiele\/expressionistisches-portraet\/\" \/>\n<meta property=\"og:locale\" content=\"en_US\" \/>\n<meta property=\"og:type\" content=\"article\" \/>\n<meta property=\"og:title\" content=\"Expressionistisches Portr\u00e4t - Commissioned Painting Kwast Berlin\" \/>\n<meta property=\"og:description\" content=\"Auftraggeber: privat | \u00d6l auf Leinwand | 85 x 57cm Dieses expressionistische Portr\u00e4t eines jungen Mannes malte ich Mitte der 90iger Jahre f\u00fcr eine Freund.\" \/>\n<meta property=\"og:url\" content=\"https:\/\/auftragsmalerei-kwast-berlin.de\/en\/portraetmalerei-arbeitsbeispiele\/expressionistisches-portraet\/\" \/>\n<meta property=\"og:site_name\" content=\"Commissioned Painting Kwast Berlin\" \/>\n<meta name=\"twitter:card\" content=\"summary_large_image\" \/>\n<script type=\"application\/ld+json\" class=\"yoast-schema-graph\">{\"@context\":\"https:\\\/\\\/schema.org\",\"@graph\":[{\"@type\":\"WebPage\",\"@id\":\"https:\\\/\\\/auftragsmalerei-kwast-berlin.de\\\/en\\\/portraetmalerei-arbeitsbeispiele\\\/expressionistisches-portraet\\\/\",\"url\":\"https:\\\/\\\/auftragsmalerei-kwast-berlin.de\\\/en\\\/portraetmalerei-arbeitsbeispiele\\\/expressionistisches-portraet\\\/\",\"name\":\"Expressionistisches Portr\u00e4t - Commissioned Painting Kwast Berlin\",\"isPartOf\":{\"@id\":\"https:\\\/\\\/auftragsmalerei-kwast-berlin.de\\\/en\\\/#website\"},\"datePublished\":\"2015-09-24T11:20:45+00:00\",\"breadcrumb\":{\"@id\":\"https:\\\/\\\/auftragsmalerei-kwast-berlin.de\\\/en\\\/portraetmalerei-arbeitsbeispiele\\\/expressionistisches-portraet\\\/#breadcrumb\"},\"inLanguage\":\"en-US\",\"potentialAction\":[{\"@type\":\"ReadAction\",\"target\":[\"https:\\\/\\\/auftragsmalerei-kwast-berlin.de\\\/en\\\/portraetmalerei-arbeitsbeispiele\\\/expressionistisches-portraet\\\/\"]}]},{\"@type\":\"BreadcrumbList\",\"@id\":\"https:\\\/\\\/auftragsmalerei-kwast-berlin.de\\\/en\\\/portraetmalerei-arbeitsbeispiele\\\/expressionistisches-portraet\\\/#breadcrumb\",\"itemListElement\":[{\"@type\":\"ListItem\",\"position\":1,\"name\":\"Home\",\"item\":\"https:\\\/\\\/auftragsmalerei-kwast-berlin.de\\\/en\\\/\"},{\"@type\":\"ListItem\",\"position\":2,\"name\":\"Portrait painting\",\"item\":\"https:\\\/\\\/auftragsmalerei-kwast-berlin.de\\\/en\\\/portraetmalerei-arbeitsbeispiele\\\/\"},{\"@type\":\"ListItem\",\"position\":3,\"name\":\"Expressionistisches Portr\u00e4t\"}]},{\"@type\":\"WebSite\",\"@id\":\"https:\\\/\\\/auftragsmalerei-kwast-berlin.de\\\/en\\\/#website\",\"url\":\"https:\\\/\\\/auftragsmalerei-kwast-berlin.de\\\/en\\\/\",\"name\":\"Commissioned Painting Kwast Berlin\",\"description\":\"Commissioned painting for theatre and film, fairs and museums, wall, facade and portrait\",\"potentialAction\":[{\"@type\":\"SearchAction\",\"target\":{\"@type\":\"EntryPoint\",\"urlTemplate\":\"https:\\\/\\\/auftragsmalerei-kwast-berlin.de\\\/en\\\/?s={search_term_string}\"},\"query-input\":{\"@type\":\"PropertyValueSpecification\",\"valueRequired\":true,\"valueName\":\"search_term_string\"}}],\"inLanguage\":\"en-US\"}]}<\/script>\n<!-- \/ Yoast SEO plugin. -->","yoast_head_json":{"title":"Expressionistisches Portr\u00e4t - Commissioned Painting Kwast Berlin","robots":{"index":"index","follow":"follow","max-snippet":"max-snippet:-1","max-image-preview":"max-image-preview:large","max-video-preview":"max-video-preview:-1"},"canonical":"https:\/\/auftragsmalerei-kwast-berlin.de\/en\/portraetmalerei-arbeitsbeispiele\/expressionistisches-portraet\/","og_locale":"en_US","og_type":"article","og_title":"Expressionistisches Portr\u00e4t - Commissioned Painting Kwast Berlin","og_description":"Auftraggeber: privat | \u00d6l auf Leinwand | 85 x 57cm Dieses expressionistische Portr\u00e4t eines jungen Mannes malte ich Mitte der 90iger Jahre f\u00fcr eine Freund.","og_url":"https:\/\/auftragsmalerei-kwast-berlin.de\/en\/portraetmalerei-arbeitsbeispiele\/expressionistisches-portraet\/","og_site_name":"Commissioned Painting Kwast Berlin","twitter_card":"summary_large_image","schema":{"@context":"https:\/\/schema.org","@graph":[{"@type":"WebPage","@id":"https:\/\/auftragsmalerei-kwast-berlin.de\/en\/portraetmalerei-arbeitsbeispiele\/expressionistisches-portraet\/","url":"https:\/\/auftragsmalerei-kwast-berlin.de\/en\/portraetmalerei-arbeitsbeispiele\/expressionistisches-portraet\/","name":"Expressionistisches Portr\u00e4t - Commissioned Painting Kwast Berlin","isPartOf":{"@id":"https:\/\/auftragsmalerei-kwast-berlin.de\/en\/#website"},"datePublished":"2015-09-24T11:20:45+00:00","breadcrumb":{"@id":"https:\/\/auftragsmalerei-kwast-berlin.de\/en\/portraetmalerei-arbeitsbeispiele\/expressionistisches-portraet\/#breadcrumb"},"inLanguage":"en-US","potentialAction":[{"@type":"ReadAction","target":["https:\/\/auftragsmalerei-kwast-berlin.de\/en\/portraetmalerei-arbeitsbeispiele\/expressionistisches-portraet\/"]}]},{"@type":"BreadcrumbList","@id":"https:\/\/auftragsmalerei-kwast-berlin.de\/en\/portraetmalerei-arbeitsbeispiele\/expressionistisches-portraet\/#breadcrumb","itemListElement":[{"@type":"ListItem","position":1,"name":"Home","item":"https:\/\/auftragsmalerei-kwast-berlin.de\/en\/"},{"@type":"ListItem","position":2,"name":"Portrait painting","item":"https:\/\/auftragsmalerei-kwast-berlin.de\/en\/portraetmalerei-arbeitsbeispiele\/"},{"@type":"ListItem","position":3,"name":"Expressionistisches Portr\u00e4t"}]},{"@type":"WebSite","@id":"https:\/\/auftragsmalerei-kwast-berlin.de\/en\/#website","url":"https:\/\/auftragsmalerei-kwast-berlin.de\/en\/","name":"Commissioned Painting Kwast Berlin","description":"Commissioned painting for theatre and film, fairs and museums, wall, facade and portrait","potentialAction":[{"@type":"SearchAction","target":{"@type":"EntryPoint","urlTemplate":"https:\/\/auftragsmalerei-kwast-berlin.de\/en\/?s={search_term_string}"},"query-input":{"@type":"PropertyValueSpecification","valueRequired":true,"valueName":"search_term_string"}}],"inLanguage":"en-US"}]}},"_links":{"self":[{"href":"https:\/\/auftragsmalerei-kwast-berlin.de\/en\/wp-json\/wp\/v2\/pages\/1379","targetHints":{"allow":["GET"]}}],"collection":[{"href":"https:\/\/auftragsmalerei-kwast-berlin.de\/en\/wp-json\/wp\/v2\/pages"}],"about":[{"href":"https:\/\/auftragsmalerei-kwast-berlin.de\/en\/wp-json\/wp\/v2\/types\/page"}],"author":[{"embeddable":true,"href":"https:\/\/auftragsmalerei-kwast-berlin.de\/en\/wp-json\/wp\/v2\/users\/2"}],"replies":[{"embeddable":true,"href":"https:\/\/auftragsmalerei-kwast-berlin.de\/en\/wp-json\/wp\/v2\/comments?post=1379"}],"version-history":[{"count":0,"href":"https:\/\/auftragsmalerei-kwast-berlin.de\/en\/wp-json\/wp\/v2\/pages\/1379\/revisions"}],"up":[{"embeddable":true,"href":"https:\/\/auftragsmalerei-kwast-berlin.de\/en\/wp-json\/wp\/v2\/pages\/149"}],"wp:attachment":[{"href":"https:\/\/auftragsmalerei-kwast-berlin.de\/en\/wp-json\/wp\/v2\/media?parent=1379"}],"curies":[{"name":"wp","href":"https:\/\/api.w.org\/{rel}","templated":true}]}}