{"id":1409,"date":"2015-09-24T13:45:17","date_gmt":"2015-09-24T11:45:17","guid":{"rendered":"http:\/\/relaunch.auftragsmalerei-kwast-berlin.de\/?page_id=1409"},"modified":"2015-09-24T13:45:17","modified_gmt":"2015-09-24T11:45:17","slug":"portraet-eines-geschaeftsmannes","status":"publish","type":"page","link":"https:\/\/auftragsmalerei-kwast-berlin.de\/en\/portraetmalerei-arbeitsbeispiele\/portraet-eines-geschaeftsmannes\/","title":{"rendered":"Portr\u00e4t eines Gesch\u00e4ftsmannes"},"content":{"rendered":"<h3>Auftraggeber: privat | Acryl auf Leinwand | 1,20 x 0,80 m<\/h3>\n<p>Das Portr\u00e4t eines Gesch\u00e4ftsmanns wurde nach einem Foto gemalt.<br \/>\n<div class=\"content_block\" id=\"custom_post_widget-1404\"><p><img loading=\"lazy\" decoding=\"async\" class=\"alignnone size-full wp-image-1406\" src=\"\/wp-content\/uploads\/portrait_geschaeftsmann_2gr.jpg\" alt=\"Kwast - Portr\u00e4tmalerei - Portr\u00e4t Gesch\u00e4ftsmann\" width=\"521\" height=\"693\" \/><\/p>\n<p><img loading=\"lazy\" decoding=\"async\" class=\"alignnone size-full wp-image-1405\" src=\"\/wp-content\/uploads\/portrait_geschaeftsmann_1gr.jpg\" alt=\"Kwast - Portr\u00e4tmalerei - Portr\u00e4t Gesch\u00e4ftsmann\" width=\"521\" height=\"693\" \/><\/p>\n<p><img loading=\"lazy\" decoding=\"async\" class=\"alignnone size-full wp-image-1407\" src=\"\/wp-content\/uploads\/portrait_geschaeftsmann_3gr.jpg\" alt=\"Kwast - Portr\u00e4tmalerei - Portr\u00e4t Gesch\u00e4ftsmann\" width=\"786\" height=\"537\" \/><\/p>\n<\/div><\/p>\n","protected":false},"excerpt":{"rendered":"<p>Auftraggeber: privat | Acryl auf Leinwand | 1,20 x 0,80 m Das Portr\u00e4t eines Gesch\u00e4ftsmanns wurde nach einem Foto gemalt.<\/p>\n","protected":false},"author":2,"featured_media":0,"parent":149,"menu_order":19,"comment_status":"closed","ping_status":"closed","template":"detailseiten.php","meta":{"footnotes":""},"class_list":["post-1409","page","type-page","status-publish","hentry","brick"],"yoast_head":"<!-- This site is optimized with the Yoast SEO plugin v27.5 - https:\/\/yoast.com\/product\/yoast-seo-wordpress\/ -->\n<title>Portr\u00e4t eines Gesch\u00e4ftsmannes - Commissioned Painting Kwast Berlin<\/title>\n<meta name=\"robots\" content=\"index, follow, max-snippet:-1, max-image-preview:large, max-video-preview:-1\" \/>\n<link rel=\"canonical\" href=\"https:\/\/auftragsmalerei-kwast-berlin.de\/en\/portraetmalerei-arbeitsbeispiele\/portraet-eines-geschaeftsmannes\/\" \/>\n<meta property=\"og:locale\" content=\"en_US\" \/>\n<meta property=\"og:type\" content=\"article\" \/>\n<meta property=\"og:title\" content=\"Portr\u00e4t eines Gesch\u00e4ftsmannes - Commissioned Painting Kwast Berlin\" \/>\n<meta property=\"og:description\" content=\"Auftraggeber: privat | Acryl auf Leinwand | 1,20 x 0,80 m Das Portr\u00e4t eines Gesch\u00e4ftsmanns wurde nach einem Foto gemalt.\" \/>\n<meta property=\"og:url\" content=\"https:\/\/auftragsmalerei-kwast-berlin.de\/en\/portraetmalerei-arbeitsbeispiele\/portraet-eines-geschaeftsmannes\/\" \/>\n<meta property=\"og:site_name\" content=\"Commissioned Painting Kwast Berlin\" \/>\n<meta name=\"twitter:card\" content=\"summary_large_image\" \/>\n<script type=\"application\/ld+json\" class=\"yoast-schema-graph\">{\"@context\":\"https:\\\/\\\/schema.org\",\"@graph\":[{\"@type\":\"WebPage\",\"@id\":\"https:\\\/\\\/auftragsmalerei-kwast-berlin.de\\\/en\\\/portraetmalerei-arbeitsbeispiele\\\/portraet-eines-geschaeftsmannes\\\/\",\"url\":\"https:\\\/\\\/auftragsmalerei-kwast-berlin.de\\\/en\\\/portraetmalerei-arbeitsbeispiele\\\/portraet-eines-geschaeftsmannes\\\/\",\"name\":\"Portr\u00e4t eines Gesch\u00e4ftsmannes - Commissioned Painting Kwast Berlin\",\"isPartOf\":{\"@id\":\"https:\\\/\\\/auftragsmalerei-kwast-berlin.de\\\/en\\\/#website\"},\"datePublished\":\"2015-09-24T11:45:17+00:00\",\"breadcrumb\":{\"@id\":\"https:\\\/\\\/auftragsmalerei-kwast-berlin.de\\\/en\\\/portraetmalerei-arbeitsbeispiele\\\/portraet-eines-geschaeftsmannes\\\/#breadcrumb\"},\"inLanguage\":\"en-US\",\"potentialAction\":[{\"@type\":\"ReadAction\",\"target\":[\"https:\\\/\\\/auftragsmalerei-kwast-berlin.de\\\/en\\\/portraetmalerei-arbeitsbeispiele\\\/portraet-eines-geschaeftsmannes\\\/\"]}]},{\"@type\":\"BreadcrumbList\",\"@id\":\"https:\\\/\\\/auftragsmalerei-kwast-berlin.de\\\/en\\\/portraetmalerei-arbeitsbeispiele\\\/portraet-eines-geschaeftsmannes\\\/#breadcrumb\",\"itemListElement\":[{\"@type\":\"ListItem\",\"position\":1,\"name\":\"Home\",\"item\":\"https:\\\/\\\/auftragsmalerei-kwast-berlin.de\\\/en\\\/\"},{\"@type\":\"ListItem\",\"position\":2,\"name\":\"Portrait painting\",\"item\":\"https:\\\/\\\/auftragsmalerei-kwast-berlin.de\\\/en\\\/portraetmalerei-arbeitsbeispiele\\\/\"},{\"@type\":\"ListItem\",\"position\":3,\"name\":\"Portr\u00e4t eines Gesch\u00e4ftsmannes\"}]},{\"@type\":\"WebSite\",\"@id\":\"https:\\\/\\\/auftragsmalerei-kwast-berlin.de\\\/en\\\/#website\",\"url\":\"https:\\\/\\\/auftragsmalerei-kwast-berlin.de\\\/en\\\/\",\"name\":\"Commissioned Painting Kwast Berlin\",\"description\":\"Commissioned painting for theatre and film, fairs and museums, wall, facade and portrait\",\"potentialAction\":[{\"@type\":\"SearchAction\",\"target\":{\"@type\":\"EntryPoint\",\"urlTemplate\":\"https:\\\/\\\/auftragsmalerei-kwast-berlin.de\\\/en\\\/?s={search_term_string}\"},\"query-input\":{\"@type\":\"PropertyValueSpecification\",\"valueRequired\":true,\"valueName\":\"search_term_string\"}}],\"inLanguage\":\"en-US\"}]}<\/script>\n<!-- \/ Yoast SEO plugin. -->","yoast_head_json":{"title":"Portr\u00e4t eines Gesch\u00e4ftsmannes - Commissioned Painting Kwast Berlin","robots":{"index":"index","follow":"follow","max-snippet":"max-snippet:-1","max-image-preview":"max-image-preview:large","max-video-preview":"max-video-preview:-1"},"canonical":"https:\/\/auftragsmalerei-kwast-berlin.de\/en\/portraetmalerei-arbeitsbeispiele\/portraet-eines-geschaeftsmannes\/","og_locale":"en_US","og_type":"article","og_title":"Portr\u00e4t eines Gesch\u00e4ftsmannes - Commissioned Painting Kwast Berlin","og_description":"Auftraggeber: privat | Acryl auf Leinwand | 1,20 x 0,80 m Das Portr\u00e4t eines Gesch\u00e4ftsmanns wurde nach einem Foto gemalt.","og_url":"https:\/\/auftragsmalerei-kwast-berlin.de\/en\/portraetmalerei-arbeitsbeispiele\/portraet-eines-geschaeftsmannes\/","og_site_name":"Commissioned Painting Kwast Berlin","twitter_card":"summary_large_image","schema":{"@context":"https:\/\/schema.org","@graph":[{"@type":"WebPage","@id":"https:\/\/auftragsmalerei-kwast-berlin.de\/en\/portraetmalerei-arbeitsbeispiele\/portraet-eines-geschaeftsmannes\/","url":"https:\/\/auftragsmalerei-kwast-berlin.de\/en\/portraetmalerei-arbeitsbeispiele\/portraet-eines-geschaeftsmannes\/","name":"Portr\u00e4t eines Gesch\u00e4ftsmannes - Commissioned Painting Kwast Berlin","isPartOf":{"@id":"https:\/\/auftragsmalerei-kwast-berlin.de\/en\/#website"},"datePublished":"2015-09-24T11:45:17+00:00","breadcrumb":{"@id":"https:\/\/auftragsmalerei-kwast-berlin.de\/en\/portraetmalerei-arbeitsbeispiele\/portraet-eines-geschaeftsmannes\/#breadcrumb"},"inLanguage":"en-US","potentialAction":[{"@type":"ReadAction","target":["https:\/\/auftragsmalerei-kwast-berlin.de\/en\/portraetmalerei-arbeitsbeispiele\/portraet-eines-geschaeftsmannes\/"]}]},{"@type":"BreadcrumbList","@id":"https:\/\/auftragsmalerei-kwast-berlin.de\/en\/portraetmalerei-arbeitsbeispiele\/portraet-eines-geschaeftsmannes\/#breadcrumb","itemListElement":[{"@type":"ListItem","position":1,"name":"Home","item":"https:\/\/auftragsmalerei-kwast-berlin.de\/en\/"},{"@type":"ListItem","position":2,"name":"Portrait painting","item":"https:\/\/auftragsmalerei-kwast-berlin.de\/en\/portraetmalerei-arbeitsbeispiele\/"},{"@type":"ListItem","position":3,"name":"Portr\u00e4t eines Gesch\u00e4ftsmannes"}]},{"@type":"WebSite","@id":"https:\/\/auftragsmalerei-kwast-berlin.de\/en\/#website","url":"https:\/\/auftragsmalerei-kwast-berlin.de\/en\/","name":"Commissioned Painting Kwast Berlin","description":"Commissioned painting for theatre and film, fairs and museums, wall, facade and portrait","potentialAction":[{"@type":"SearchAction","target":{"@type":"EntryPoint","urlTemplate":"https:\/\/auftragsmalerei-kwast-berlin.de\/en\/?s={search_term_string}"},"query-input":{"@type":"PropertyValueSpecification","valueRequired":true,"valueName":"search_term_string"}}],"inLanguage":"en-US"}]}},"_links":{"self":[{"href":"https:\/\/auftragsmalerei-kwast-berlin.de\/en\/wp-json\/wp\/v2\/pages\/1409","targetHints":{"allow":["GET"]}}],"collection":[{"href":"https:\/\/auftragsmalerei-kwast-berlin.de\/en\/wp-json\/wp\/v2\/pages"}],"about":[{"href":"https:\/\/auftragsmalerei-kwast-berlin.de\/en\/wp-json\/wp\/v2\/types\/page"}],"author":[{"embeddable":true,"href":"https:\/\/auftragsmalerei-kwast-berlin.de\/en\/wp-json\/wp\/v2\/users\/2"}],"replies":[{"embeddable":true,"href":"https:\/\/auftragsmalerei-kwast-berlin.de\/en\/wp-json\/wp\/v2\/comments?post=1409"}],"version-history":[{"count":0,"href":"https:\/\/auftragsmalerei-kwast-berlin.de\/en\/wp-json\/wp\/v2\/pages\/1409\/revisions"}],"up":[{"embeddable":true,"href":"https:\/\/auftragsmalerei-kwast-berlin.de\/en\/wp-json\/wp\/v2\/pages\/149"}],"wp:attachment":[{"href":"https:\/\/auftragsmalerei-kwast-berlin.de\/en\/wp-json\/wp\/v2\/media?parent=1409"}],"curies":[{"name":"wp","href":"https:\/\/api.w.org\/{rel}","templated":true}]}}