{"id":1451,"date":"2015-09-24T14:35:51","date_gmt":"2015-09-24T12:35:51","guid":{"rendered":"http:\/\/relaunch.auftragsmalerei-kwast-berlin.de\/?page_id=1451"},"modified":"2015-09-24T14:35:51","modified_gmt":"2015-09-24T12:35:51","slug":"portraet-junge-frau","status":"publish","type":"page","link":"https:\/\/auftragsmalerei-kwast-berlin.de\/en\/portraetmalerei-arbeitsbeispiele\/portraet-junge-frau\/","title":{"rendered":"Portr\u00e4t junge Frau"},"content":{"rendered":"<h3>Auftraggeber: privat | Acryl auf Leinwand | 120 x 75cm<\/h3>\n<p>Diese junge Frau kam mehrere Male in mein Atelier. Ich malte also dieses Portr\u00e4t nach Modell. In mehreren Schichten wurde die Farbe aufgetragen. Dadurch entstand der Eindruck, dass es sich um ein \u00d6lgem\u00e4lde handelt.<br \/>\n<div class=\"content_block\" id=\"custom_post_widget-1445\"><p><img loading=\"lazy\" decoding=\"async\" class=\"alignnone size-full wp-image-1446\" src=\"\/wp-content\/uploads\/portrait_1.1gr.jpg\" alt=\"Kwast - Portr\u00e4tmalerei - Portr\u00e4t junge Frau\" width=\"480\" height=\"644\" \/><\/p>\n<p><img loading=\"lazy\" decoding=\"async\" class=\"alignnone size-full wp-image-1449\" src=\"\/wp-content\/uploads\/portrait_1.4gr.jpg\" alt=\"Kwast - Portr\u00e4tmalerei - Portr\u00e4t junge Frau\" width=\"480\" height=\"644\" \/><\/p>\n<p><img loading=\"lazy\" decoding=\"async\" class=\"alignnone size-full wp-image-1448\" src=\"\/wp-content\/uploads\/portrait_1.3gr.jpg\" alt=\"Kwast - Portr\u00e4tmalerei - Portr\u00e4t junge Frau\" width=\"480\" height=\"644\" \/><\/p>\n<p><img loading=\"lazy\" decoding=\"async\" class=\"alignnone size-full wp-image-1447\" src=\"\/wp-content\/uploads\/portrait_1.2gr.jpg\" alt=\"Kwast - Portr\u00e4tmalerei - Portr\u00e4t junge Frau\" width=\"480\" height=\"644\" \/><\/p>\n<\/div><\/p>\n","protected":false},"excerpt":{"rendered":"<p>Auftraggeber: privat | Acryl auf Leinwand | 120 x 75cm Diese junge Frau kam mehrere Male in mein Atelier. Ich malte also dieses Portr\u00e4t nach Modell. In mehreren Schichten wurde die Farbe aufgetragen. Dadurch entstand der Eindruck, dass es sich um ein \u00d6lgem\u00e4lde handelt.<\/p>\n","protected":false},"author":2,"featured_media":0,"parent":149,"menu_order":24,"comment_status":"closed","ping_status":"closed","template":"detailseiten.php","meta":{"footnotes":""},"class_list":["post-1451","page","type-page","status-publish","hentry","brick"],"yoast_head":"<!-- This site is optimized with the Yoast SEO plugin v27.4 - https:\/\/yoast.com\/product\/yoast-seo-wordpress\/ -->\n<title>Portr\u00e4t junge Frau - Commissioned Painting Kwast Berlin<\/title>\n<meta name=\"robots\" content=\"index, follow, max-snippet:-1, max-image-preview:large, max-video-preview:-1\" \/>\n<link rel=\"canonical\" href=\"https:\/\/auftragsmalerei-kwast-berlin.de\/en\/portraetmalerei-arbeitsbeispiele\/portraet-junge-frau\/\" \/>\n<meta property=\"og:locale\" content=\"en_US\" \/>\n<meta property=\"og:type\" content=\"article\" \/>\n<meta property=\"og:title\" content=\"Portr\u00e4t junge Frau - Commissioned Painting Kwast Berlin\" \/>\n<meta property=\"og:description\" content=\"Auftraggeber: privat | Acryl auf Leinwand | 120 x 75cm Diese junge Frau kam mehrere Male in mein Atelier. Ich malte also dieses Portr\u00e4t nach Modell. In mehreren Schichten wurde die Farbe aufgetragen. Dadurch entstand der Eindruck, dass es sich um ein \u00d6lgem\u00e4lde handelt.\" \/>\n<meta property=\"og:url\" content=\"https:\/\/auftragsmalerei-kwast-berlin.de\/en\/portraetmalerei-arbeitsbeispiele\/portraet-junge-frau\/\" \/>\n<meta property=\"og:site_name\" content=\"Commissioned Painting Kwast Berlin\" \/>\n<meta name=\"twitter:card\" content=\"summary_large_image\" \/>\n<script type=\"application\/ld+json\" class=\"yoast-schema-graph\">{\"@context\":\"https:\\\/\\\/schema.org\",\"@graph\":[{\"@type\":\"WebPage\",\"@id\":\"https:\\\/\\\/auftragsmalerei-kwast-berlin.de\\\/en\\\/portraetmalerei-arbeitsbeispiele\\\/portraet-junge-frau\\\/\",\"url\":\"https:\\\/\\\/auftragsmalerei-kwast-berlin.de\\\/en\\\/portraetmalerei-arbeitsbeispiele\\\/portraet-junge-frau\\\/\",\"name\":\"Portr\u00e4t junge Frau - Commissioned Painting Kwast Berlin\",\"isPartOf\":{\"@id\":\"https:\\\/\\\/auftragsmalerei-kwast-berlin.de\\\/en\\\/#website\"},\"datePublished\":\"2015-09-24T12:35:51+00:00\",\"breadcrumb\":{\"@id\":\"https:\\\/\\\/auftragsmalerei-kwast-berlin.de\\\/en\\\/portraetmalerei-arbeitsbeispiele\\\/portraet-junge-frau\\\/#breadcrumb\"},\"inLanguage\":\"en-US\",\"potentialAction\":[{\"@type\":\"ReadAction\",\"target\":[\"https:\\\/\\\/auftragsmalerei-kwast-berlin.de\\\/en\\\/portraetmalerei-arbeitsbeispiele\\\/portraet-junge-frau\\\/\"]}]},{\"@type\":\"BreadcrumbList\",\"@id\":\"https:\\\/\\\/auftragsmalerei-kwast-berlin.de\\\/en\\\/portraetmalerei-arbeitsbeispiele\\\/portraet-junge-frau\\\/#breadcrumb\",\"itemListElement\":[{\"@type\":\"ListItem\",\"position\":1,\"name\":\"Home\",\"item\":\"https:\\\/\\\/auftragsmalerei-kwast-berlin.de\\\/en\\\/\"},{\"@type\":\"ListItem\",\"position\":2,\"name\":\"Portrait painting\",\"item\":\"https:\\\/\\\/auftragsmalerei-kwast-berlin.de\\\/en\\\/portraetmalerei-arbeitsbeispiele\\\/\"},{\"@type\":\"ListItem\",\"position\":3,\"name\":\"Portr\u00e4t junge Frau\"}]},{\"@type\":\"WebSite\",\"@id\":\"https:\\\/\\\/auftragsmalerei-kwast-berlin.de\\\/en\\\/#website\",\"url\":\"https:\\\/\\\/auftragsmalerei-kwast-berlin.de\\\/en\\\/\",\"name\":\"Commissioned Painting Kwast Berlin\",\"description\":\"Commissioned painting for theatre and film, fairs and museums, wall, facade and portrait\",\"potentialAction\":[{\"@type\":\"SearchAction\",\"target\":{\"@type\":\"EntryPoint\",\"urlTemplate\":\"https:\\\/\\\/auftragsmalerei-kwast-berlin.de\\\/en\\\/?s={search_term_string}\"},\"query-input\":{\"@type\":\"PropertyValueSpecification\",\"valueRequired\":true,\"valueName\":\"search_term_string\"}}],\"inLanguage\":\"en-US\"}]}<\/script>\n<!-- \/ Yoast SEO plugin. -->","yoast_head_json":{"title":"Portr\u00e4t junge Frau - Commissioned Painting Kwast Berlin","robots":{"index":"index","follow":"follow","max-snippet":"max-snippet:-1","max-image-preview":"max-image-preview:large","max-video-preview":"max-video-preview:-1"},"canonical":"https:\/\/auftragsmalerei-kwast-berlin.de\/en\/portraetmalerei-arbeitsbeispiele\/portraet-junge-frau\/","og_locale":"en_US","og_type":"article","og_title":"Portr\u00e4t junge Frau - Commissioned Painting Kwast Berlin","og_description":"Auftraggeber: privat | Acryl auf Leinwand | 120 x 75cm Diese junge Frau kam mehrere Male in mein Atelier. Ich malte also dieses Portr\u00e4t nach Modell. In mehreren Schichten wurde die Farbe aufgetragen. Dadurch entstand der Eindruck, dass es sich um ein \u00d6lgem\u00e4lde handelt.","og_url":"https:\/\/auftragsmalerei-kwast-berlin.de\/en\/portraetmalerei-arbeitsbeispiele\/portraet-junge-frau\/","og_site_name":"Commissioned Painting Kwast Berlin","twitter_card":"summary_large_image","schema":{"@context":"https:\/\/schema.org","@graph":[{"@type":"WebPage","@id":"https:\/\/auftragsmalerei-kwast-berlin.de\/en\/portraetmalerei-arbeitsbeispiele\/portraet-junge-frau\/","url":"https:\/\/auftragsmalerei-kwast-berlin.de\/en\/portraetmalerei-arbeitsbeispiele\/portraet-junge-frau\/","name":"Portr\u00e4t junge Frau - Commissioned Painting Kwast Berlin","isPartOf":{"@id":"https:\/\/auftragsmalerei-kwast-berlin.de\/en\/#website"},"datePublished":"2015-09-24T12:35:51+00:00","breadcrumb":{"@id":"https:\/\/auftragsmalerei-kwast-berlin.de\/en\/portraetmalerei-arbeitsbeispiele\/portraet-junge-frau\/#breadcrumb"},"inLanguage":"en-US","potentialAction":[{"@type":"ReadAction","target":["https:\/\/auftragsmalerei-kwast-berlin.de\/en\/portraetmalerei-arbeitsbeispiele\/portraet-junge-frau\/"]}]},{"@type":"BreadcrumbList","@id":"https:\/\/auftragsmalerei-kwast-berlin.de\/en\/portraetmalerei-arbeitsbeispiele\/portraet-junge-frau\/#breadcrumb","itemListElement":[{"@type":"ListItem","position":1,"name":"Home","item":"https:\/\/auftragsmalerei-kwast-berlin.de\/en\/"},{"@type":"ListItem","position":2,"name":"Portrait painting","item":"https:\/\/auftragsmalerei-kwast-berlin.de\/en\/portraetmalerei-arbeitsbeispiele\/"},{"@type":"ListItem","position":3,"name":"Portr\u00e4t junge Frau"}]},{"@type":"WebSite","@id":"https:\/\/auftragsmalerei-kwast-berlin.de\/en\/#website","url":"https:\/\/auftragsmalerei-kwast-berlin.de\/en\/","name":"Commissioned Painting Kwast Berlin","description":"Commissioned painting for theatre and film, fairs and museums, wall, facade and portrait","potentialAction":[{"@type":"SearchAction","target":{"@type":"EntryPoint","urlTemplate":"https:\/\/auftragsmalerei-kwast-berlin.de\/en\/?s={search_term_string}"},"query-input":{"@type":"PropertyValueSpecification","valueRequired":true,"valueName":"search_term_string"}}],"inLanguage":"en-US"}]}},"_links":{"self":[{"href":"https:\/\/auftragsmalerei-kwast-berlin.de\/en\/wp-json\/wp\/v2\/pages\/1451","targetHints":{"allow":["GET"]}}],"collection":[{"href":"https:\/\/auftragsmalerei-kwast-berlin.de\/en\/wp-json\/wp\/v2\/pages"}],"about":[{"href":"https:\/\/auftragsmalerei-kwast-berlin.de\/en\/wp-json\/wp\/v2\/types\/page"}],"author":[{"embeddable":true,"href":"https:\/\/auftragsmalerei-kwast-berlin.de\/en\/wp-json\/wp\/v2\/users\/2"}],"replies":[{"embeddable":true,"href":"https:\/\/auftragsmalerei-kwast-berlin.de\/en\/wp-json\/wp\/v2\/comments?post=1451"}],"version-history":[{"count":0,"href":"https:\/\/auftragsmalerei-kwast-berlin.de\/en\/wp-json\/wp\/v2\/pages\/1451\/revisions"}],"up":[{"embeddable":true,"href":"https:\/\/auftragsmalerei-kwast-berlin.de\/en\/wp-json\/wp\/v2\/pages\/149"}],"wp:attachment":[{"href":"https:\/\/auftragsmalerei-kwast-berlin.de\/en\/wp-json\/wp\/v2\/media?parent=1451"}],"curies":[{"name":"wp","href":"https:\/\/api.w.org\/{rel}","templated":true}]}}