{"id":1520,"date":"2015-09-24T19:25:50","date_gmt":"2015-09-24T17:25:50","guid":{"rendered":"http:\/\/relaunch.auftragsmalerei-kwast-berlin.de\/?page_id=1520"},"modified":"2015-09-24T19:25:50","modified_gmt":"2015-09-24T17:25:50","slug":"wandbeschriftung-nike","status":"publish","type":"page","link":"https:\/\/auftragsmalerei-kwast-berlin.de\/en\/wandmalerei-arbeitsbeispiele\/wandbeschriftung-nike\/","title":{"rendered":"Wandbeschriftung NIKE"},"content":{"rendered":"<h3>Auftraggeber: Nike | Siebdruckfarbe auf Beton<\/h3>\n<p>In der neuen Mall of Berlin wurde f\u00fcr den Store von Nike diese hochwertige Beschriftung angefertigt. Die Zahlen sind 1,60 m hoch und die edle Oberfl\u00e4che hebt sich gut von den W\u00e4nden ab.<br \/>\n<div class=\"content_block\" id=\"custom_post_widget-1515\"><p><img loading=\"lazy\" decoding=\"async\" src=\"\/wp-content\/uploads\/wandmalerei_nike_2gr.jpg\" alt=\"Kwast - Wandmalerei - Wandbeschriftung NIKE\" width=\"751\" height=\"537\" class=\"alignnone size-full wp-image-1517\" \/><\/p>\n<p><img loading=\"lazy\" decoding=\"async\" src=\"\/wp-content\/uploads\/wandmalerei_nike_3gr.jpg\" alt=\"Kwast - Wandmalerei - Wandbeschriftung NIKE\" width=\"751\" height=\"537\" class=\"alignnone size-full wp-image-1518\" \/><\/p>\n<p><img loading=\"lazy\" decoding=\"async\" src=\"\/wp-content\/uploads\/wandmalerei_nike_1gr.jpg\" alt=\"Kwast - Wandmalerei - Wandbeschriftung NIKE\" width=\"751\" height=\"537\" class=\"alignnone size-full wp-image-1516\" \/><\/p>\n<\/div><\/p>\n","protected":false},"excerpt":{"rendered":"<p>Auftraggeber: Nike | Siebdruckfarbe auf Beton In der neuen Mall of Berlin wurde f\u00fcr den Store von Nike diese hochwertige Beschriftung angefertigt. Die Zahlen sind 1,60 m hoch und die edle Oberfl\u00e4che hebt sich gut von den W\u00e4nden ab.<\/p>\n","protected":false},"author":2,"featured_media":0,"parent":140,"menu_order":21,"comment_status":"closed","ping_status":"closed","template":"detailseiten.php","meta":{"footnotes":""},"class_list":["post-1520","page","type-page","status-publish","hentry","brick"],"yoast_head":"<!-- This site is optimized with the Yoast SEO plugin v27.4 - https:\/\/yoast.com\/product\/yoast-seo-wordpress\/ -->\n<title>Wandbeschriftung NIKE - Commissioned Painting Kwast Berlin<\/title>\n<meta name=\"robots\" content=\"index, follow, max-snippet:-1, max-image-preview:large, max-video-preview:-1\" \/>\n<link rel=\"canonical\" href=\"https:\/\/auftragsmalerei-kwast-berlin.de\/en\/wandmalerei-arbeitsbeispiele\/wandbeschriftung-nike\/\" \/>\n<meta property=\"og:locale\" content=\"en_US\" \/>\n<meta property=\"og:type\" content=\"article\" \/>\n<meta property=\"og:title\" content=\"Wandbeschriftung NIKE - Commissioned Painting Kwast Berlin\" \/>\n<meta property=\"og:description\" content=\"Auftraggeber: Nike | Siebdruckfarbe auf Beton In der neuen Mall of Berlin wurde f\u00fcr den Store von Nike diese hochwertige Beschriftung angefertigt. Die Zahlen sind 1,60 m hoch und die edle Oberfl\u00e4che hebt sich gut von den W\u00e4nden ab.\" \/>\n<meta property=\"og:url\" content=\"https:\/\/auftragsmalerei-kwast-berlin.de\/en\/wandmalerei-arbeitsbeispiele\/wandbeschriftung-nike\/\" \/>\n<meta property=\"og:site_name\" content=\"Commissioned Painting Kwast Berlin\" \/>\n<meta name=\"twitter:card\" content=\"summary_large_image\" \/>\n<script type=\"application\/ld+json\" class=\"yoast-schema-graph\">{\"@context\":\"https:\\\/\\\/schema.org\",\"@graph\":[{\"@type\":\"WebPage\",\"@id\":\"https:\\\/\\\/auftragsmalerei-kwast-berlin.de\\\/en\\\/wandmalerei-arbeitsbeispiele\\\/wandbeschriftung-nike\\\/\",\"url\":\"https:\\\/\\\/auftragsmalerei-kwast-berlin.de\\\/en\\\/wandmalerei-arbeitsbeispiele\\\/wandbeschriftung-nike\\\/\",\"name\":\"Wandbeschriftung NIKE - Commissioned Painting Kwast Berlin\",\"isPartOf\":{\"@id\":\"https:\\\/\\\/auftragsmalerei-kwast-berlin.de\\\/en\\\/#website\"},\"datePublished\":\"2015-09-24T17:25:50+00:00\",\"breadcrumb\":{\"@id\":\"https:\\\/\\\/auftragsmalerei-kwast-berlin.de\\\/en\\\/wandmalerei-arbeitsbeispiele\\\/wandbeschriftung-nike\\\/#breadcrumb\"},\"inLanguage\":\"en-US\",\"potentialAction\":[{\"@type\":\"ReadAction\",\"target\":[\"https:\\\/\\\/auftragsmalerei-kwast-berlin.de\\\/en\\\/wandmalerei-arbeitsbeispiele\\\/wandbeschriftung-nike\\\/\"]}]},{\"@type\":\"BreadcrumbList\",\"@id\":\"https:\\\/\\\/auftragsmalerei-kwast-berlin.de\\\/en\\\/wandmalerei-arbeitsbeispiele\\\/wandbeschriftung-nike\\\/#breadcrumb\",\"itemListElement\":[{\"@type\":\"ListItem\",\"position\":1,\"name\":\"Home\",\"item\":\"https:\\\/\\\/auftragsmalerei-kwast-berlin.de\\\/en\\\/\"},{\"@type\":\"ListItem\",\"position\":2,\"name\":\"Wall and Mural painting\",\"item\":\"https:\\\/\\\/auftragsmalerei-kwast-berlin.de\\\/en\\\/wandmalerei-arbeitsbeispiele\\\/\"},{\"@type\":\"ListItem\",\"position\":3,\"name\":\"Wandbeschriftung NIKE\"}]},{\"@type\":\"WebSite\",\"@id\":\"https:\\\/\\\/auftragsmalerei-kwast-berlin.de\\\/en\\\/#website\",\"url\":\"https:\\\/\\\/auftragsmalerei-kwast-berlin.de\\\/en\\\/\",\"name\":\"Commissioned Painting Kwast Berlin\",\"description\":\"Commissioned painting for theatre and film, fairs and museums, wall, facade and portrait\",\"potentialAction\":[{\"@type\":\"SearchAction\",\"target\":{\"@type\":\"EntryPoint\",\"urlTemplate\":\"https:\\\/\\\/auftragsmalerei-kwast-berlin.de\\\/en\\\/?s={search_term_string}\"},\"query-input\":{\"@type\":\"PropertyValueSpecification\",\"valueRequired\":true,\"valueName\":\"search_term_string\"}}],\"inLanguage\":\"en-US\"}]}<\/script>\n<!-- \/ Yoast SEO plugin. -->","yoast_head_json":{"title":"Wandbeschriftung NIKE - Commissioned Painting Kwast Berlin","robots":{"index":"index","follow":"follow","max-snippet":"max-snippet:-1","max-image-preview":"max-image-preview:large","max-video-preview":"max-video-preview:-1"},"canonical":"https:\/\/auftragsmalerei-kwast-berlin.de\/en\/wandmalerei-arbeitsbeispiele\/wandbeschriftung-nike\/","og_locale":"en_US","og_type":"article","og_title":"Wandbeschriftung NIKE - Commissioned Painting Kwast Berlin","og_description":"Auftraggeber: Nike | Siebdruckfarbe auf Beton In der neuen Mall of Berlin wurde f\u00fcr den Store von Nike diese hochwertige Beschriftung angefertigt. Die Zahlen sind 1,60 m hoch und die edle Oberfl\u00e4che hebt sich gut von den W\u00e4nden ab.","og_url":"https:\/\/auftragsmalerei-kwast-berlin.de\/en\/wandmalerei-arbeitsbeispiele\/wandbeschriftung-nike\/","og_site_name":"Commissioned Painting Kwast Berlin","twitter_card":"summary_large_image","schema":{"@context":"https:\/\/schema.org","@graph":[{"@type":"WebPage","@id":"https:\/\/auftragsmalerei-kwast-berlin.de\/en\/wandmalerei-arbeitsbeispiele\/wandbeschriftung-nike\/","url":"https:\/\/auftragsmalerei-kwast-berlin.de\/en\/wandmalerei-arbeitsbeispiele\/wandbeschriftung-nike\/","name":"Wandbeschriftung NIKE - Commissioned Painting Kwast Berlin","isPartOf":{"@id":"https:\/\/auftragsmalerei-kwast-berlin.de\/en\/#website"},"datePublished":"2015-09-24T17:25:50+00:00","breadcrumb":{"@id":"https:\/\/auftragsmalerei-kwast-berlin.de\/en\/wandmalerei-arbeitsbeispiele\/wandbeschriftung-nike\/#breadcrumb"},"inLanguage":"en-US","potentialAction":[{"@type":"ReadAction","target":["https:\/\/auftragsmalerei-kwast-berlin.de\/en\/wandmalerei-arbeitsbeispiele\/wandbeschriftung-nike\/"]}]},{"@type":"BreadcrumbList","@id":"https:\/\/auftragsmalerei-kwast-berlin.de\/en\/wandmalerei-arbeitsbeispiele\/wandbeschriftung-nike\/#breadcrumb","itemListElement":[{"@type":"ListItem","position":1,"name":"Home","item":"https:\/\/auftragsmalerei-kwast-berlin.de\/en\/"},{"@type":"ListItem","position":2,"name":"Wall and Mural painting","item":"https:\/\/auftragsmalerei-kwast-berlin.de\/en\/wandmalerei-arbeitsbeispiele\/"},{"@type":"ListItem","position":3,"name":"Wandbeschriftung NIKE"}]},{"@type":"WebSite","@id":"https:\/\/auftragsmalerei-kwast-berlin.de\/en\/#website","url":"https:\/\/auftragsmalerei-kwast-berlin.de\/en\/","name":"Commissioned Painting Kwast Berlin","description":"Commissioned painting for theatre and film, fairs and museums, wall, facade and portrait","potentialAction":[{"@type":"SearchAction","target":{"@type":"EntryPoint","urlTemplate":"https:\/\/auftragsmalerei-kwast-berlin.de\/en\/?s={search_term_string}"},"query-input":{"@type":"PropertyValueSpecification","valueRequired":true,"valueName":"search_term_string"}}],"inLanguage":"en-US"}]}},"_links":{"self":[{"href":"https:\/\/auftragsmalerei-kwast-berlin.de\/en\/wp-json\/wp\/v2\/pages\/1520","targetHints":{"allow":["GET"]}}],"collection":[{"href":"https:\/\/auftragsmalerei-kwast-berlin.de\/en\/wp-json\/wp\/v2\/pages"}],"about":[{"href":"https:\/\/auftragsmalerei-kwast-berlin.de\/en\/wp-json\/wp\/v2\/types\/page"}],"author":[{"embeddable":true,"href":"https:\/\/auftragsmalerei-kwast-berlin.de\/en\/wp-json\/wp\/v2\/users\/2"}],"replies":[{"embeddable":true,"href":"https:\/\/auftragsmalerei-kwast-berlin.de\/en\/wp-json\/wp\/v2\/comments?post=1520"}],"version-history":[{"count":0,"href":"https:\/\/auftragsmalerei-kwast-berlin.de\/en\/wp-json\/wp\/v2\/pages\/1520\/revisions"}],"up":[{"embeddable":true,"href":"https:\/\/auftragsmalerei-kwast-berlin.de\/en\/wp-json\/wp\/v2\/pages\/140"}],"wp:attachment":[{"href":"https:\/\/auftragsmalerei-kwast-berlin.de\/en\/wp-json\/wp\/v2\/media?parent=1520"}],"curies":[{"name":"wp","href":"https:\/\/api.w.org\/{rel}","templated":true}]}}