{"id":1598,"date":"2015-09-24T22:05:58","date_gmt":"2015-09-24T20:05:58","guid":{"rendered":"http:\/\/relaunch.auftragsmalerei-kwast-berlin.de\/?page_id=1598"},"modified":"2015-09-24T22:05:58","modified_gmt":"2015-09-24T20:05:58","slug":"wandmalerei-in-kuchenladen","status":"publish","type":"page","link":"https:\/\/auftragsmalerei-kwast-berlin.de\/en\/wandmalerei-arbeitsbeispiele\/wandmalerei-in-kuchenladen\/","title":{"rendered":"Wandmalerei in Kuchenladen"},"content":{"rendered":"<h3>Auftraggeber: Der Kuchenladen, Berlin | Acryl auf Putz | ca. 360 qm<\/h3>\n<p>Hier wurde Wandmalerei als Dekorationsmalerei zur Ausgestaltung eines Cafes genutzt. Der Entwurf daf\u00fcr wurde gleich f\u00fcr das Copyright genutzt und ist speziell auf das Produkt Kuchen und Torten zugeschnitten. Die \u00dcbereinstimmung von handgemachtem Produkt und handgemachter Gestaltung war den Auftraggebern dabei sehr wichtig.<br \/>\nWandmalerei als Beitrag zur Identifikation bleibt wohl ein Nischenrenner.<br \/>\n<div class=\"content_block\" id=\"custom_post_widget-1593\"><p><img loading=\"lazy\" decoding=\"async\" src=\"\/wp-content\/uploads\/wandmalerei_kuchenladen_3gr.jpg\" alt=\"Kwast - Wandmalerei - Kuchenladen\" width=\"693\" height=\"470\" class=\"alignnone size-full wp-image-1596\" \/><\/p>\n<p><img loading=\"lazy\" decoding=\"async\" src=\"\/wp-content\/uploads\/wandmalerei_kuchenladen_1gr.jpg\" alt=\"Kwast - Wandmalerei - Kuchenladen\" width=\"693\" height=\"470\" class=\"alignnone size-full wp-image-1594\" \/><\/p>\n<p><img loading=\"lazy\" decoding=\"async\" src=\"\/wp-content\/uploads\/wandmalerei_kuchenladen_2gr.jpg\" alt=\"Kwast - Wandmalerei - Kuchenladen\" width=\"693\" height=\"470\" class=\"alignnone size-full wp-image-1595\" \/><\/p>\n<\/div><\/p>\n","protected":false},"excerpt":{"rendered":"<p>Auftraggeber: Der Kuchenladen, Berlin | Acryl auf Putz | ca. 360 qm Hier wurde Wandmalerei als Dekorationsmalerei zur Ausgestaltung eines Cafes genutzt. Der Entwurf daf\u00fcr wurde gleich f\u00fcr das Copyright genutzt und ist speziell auf das Produkt Kuchen und Torten zugeschnitten. Die \u00dcbereinstimmung von handgemachtem Produkt und handgemachter Gestaltung war den Auftraggebern dabei sehr wichtig. [&hellip;]<\/p>\n","protected":false},"author":2,"featured_media":0,"parent":140,"menu_order":6,"comment_status":"closed","ping_status":"closed","template":"detailseiten.php","meta":{"footnotes":""},"class_list":["post-1598","page","type-page","status-publish","hentry","brick"],"yoast_head":"<!-- This site is optimized with the Yoast SEO plugin v27.4 - https:\/\/yoast.com\/product\/yoast-seo-wordpress\/ -->\n<title>Wandmalerei in Kuchenladen - Commissioned Painting Kwast Berlin<\/title>\n<meta name=\"robots\" content=\"index, follow, max-snippet:-1, max-image-preview:large, max-video-preview:-1\" \/>\n<link rel=\"canonical\" href=\"https:\/\/auftragsmalerei-kwast-berlin.de\/en\/wandmalerei-arbeitsbeispiele\/wandmalerei-in-kuchenladen\/\" \/>\n<meta property=\"og:locale\" content=\"en_US\" \/>\n<meta property=\"og:type\" content=\"article\" \/>\n<meta property=\"og:title\" content=\"Wandmalerei in Kuchenladen - Commissioned Painting Kwast Berlin\" \/>\n<meta property=\"og:description\" content=\"Auftraggeber: Der Kuchenladen, Berlin | Acryl auf Putz | ca. 360 qm Hier wurde Wandmalerei als Dekorationsmalerei zur Ausgestaltung eines Cafes genutzt. Der Entwurf daf\u00fcr wurde gleich f\u00fcr das Copyright genutzt und ist speziell auf das Produkt Kuchen und Torten zugeschnitten. Die \u00dcbereinstimmung von handgemachtem Produkt und handgemachter Gestaltung war den Auftraggebern dabei sehr wichtig. [&hellip;]\" \/>\n<meta property=\"og:url\" content=\"https:\/\/auftragsmalerei-kwast-berlin.de\/en\/wandmalerei-arbeitsbeispiele\/wandmalerei-in-kuchenladen\/\" \/>\n<meta property=\"og:site_name\" content=\"Commissioned Painting Kwast Berlin\" \/>\n<meta name=\"twitter:card\" content=\"summary_large_image\" \/>\n<script type=\"application\/ld+json\" class=\"yoast-schema-graph\">{\"@context\":\"https:\\\/\\\/schema.org\",\"@graph\":[{\"@type\":\"WebPage\",\"@id\":\"https:\\\/\\\/auftragsmalerei-kwast-berlin.de\\\/en\\\/wandmalerei-arbeitsbeispiele\\\/wandmalerei-in-kuchenladen\\\/\",\"url\":\"https:\\\/\\\/auftragsmalerei-kwast-berlin.de\\\/en\\\/wandmalerei-arbeitsbeispiele\\\/wandmalerei-in-kuchenladen\\\/\",\"name\":\"Wandmalerei in Kuchenladen - Commissioned Painting Kwast Berlin\",\"isPartOf\":{\"@id\":\"https:\\\/\\\/auftragsmalerei-kwast-berlin.de\\\/en\\\/#website\"},\"datePublished\":\"2015-09-24T20:05:58+00:00\",\"breadcrumb\":{\"@id\":\"https:\\\/\\\/auftragsmalerei-kwast-berlin.de\\\/en\\\/wandmalerei-arbeitsbeispiele\\\/wandmalerei-in-kuchenladen\\\/#breadcrumb\"},\"inLanguage\":\"en-US\",\"potentialAction\":[{\"@type\":\"ReadAction\",\"target\":[\"https:\\\/\\\/auftragsmalerei-kwast-berlin.de\\\/en\\\/wandmalerei-arbeitsbeispiele\\\/wandmalerei-in-kuchenladen\\\/\"]}]},{\"@type\":\"BreadcrumbList\",\"@id\":\"https:\\\/\\\/auftragsmalerei-kwast-berlin.de\\\/en\\\/wandmalerei-arbeitsbeispiele\\\/wandmalerei-in-kuchenladen\\\/#breadcrumb\",\"itemListElement\":[{\"@type\":\"ListItem\",\"position\":1,\"name\":\"Home\",\"item\":\"https:\\\/\\\/auftragsmalerei-kwast-berlin.de\\\/en\\\/\"},{\"@type\":\"ListItem\",\"position\":2,\"name\":\"Wall and Mural painting\",\"item\":\"https:\\\/\\\/auftragsmalerei-kwast-berlin.de\\\/en\\\/wandmalerei-arbeitsbeispiele\\\/\"},{\"@type\":\"ListItem\",\"position\":3,\"name\":\"Wandmalerei in Kuchenladen\"}]},{\"@type\":\"WebSite\",\"@id\":\"https:\\\/\\\/auftragsmalerei-kwast-berlin.de\\\/en\\\/#website\",\"url\":\"https:\\\/\\\/auftragsmalerei-kwast-berlin.de\\\/en\\\/\",\"name\":\"Commissioned Painting Kwast Berlin\",\"description\":\"Commissioned painting for theatre and film, fairs and museums, wall, facade and portrait\",\"potentialAction\":[{\"@type\":\"SearchAction\",\"target\":{\"@type\":\"EntryPoint\",\"urlTemplate\":\"https:\\\/\\\/auftragsmalerei-kwast-berlin.de\\\/en\\\/?s={search_term_string}\"},\"query-input\":{\"@type\":\"PropertyValueSpecification\",\"valueRequired\":true,\"valueName\":\"search_term_string\"}}],\"inLanguage\":\"en-US\"}]}<\/script>\n<!-- \/ Yoast SEO plugin. -->","yoast_head_json":{"title":"Wandmalerei in Kuchenladen - Commissioned Painting Kwast Berlin","robots":{"index":"index","follow":"follow","max-snippet":"max-snippet:-1","max-image-preview":"max-image-preview:large","max-video-preview":"max-video-preview:-1"},"canonical":"https:\/\/auftragsmalerei-kwast-berlin.de\/en\/wandmalerei-arbeitsbeispiele\/wandmalerei-in-kuchenladen\/","og_locale":"en_US","og_type":"article","og_title":"Wandmalerei in Kuchenladen - Commissioned Painting Kwast Berlin","og_description":"Auftraggeber: Der Kuchenladen, Berlin | Acryl auf Putz | ca. 360 qm Hier wurde Wandmalerei als Dekorationsmalerei zur Ausgestaltung eines Cafes genutzt. Der Entwurf daf\u00fcr wurde gleich f\u00fcr das Copyright genutzt und ist speziell auf das Produkt Kuchen und Torten zugeschnitten. Die \u00dcbereinstimmung von handgemachtem Produkt und handgemachter Gestaltung war den Auftraggebern dabei sehr wichtig. [&hellip;]","og_url":"https:\/\/auftragsmalerei-kwast-berlin.de\/en\/wandmalerei-arbeitsbeispiele\/wandmalerei-in-kuchenladen\/","og_site_name":"Commissioned Painting Kwast Berlin","twitter_card":"summary_large_image","schema":{"@context":"https:\/\/schema.org","@graph":[{"@type":"WebPage","@id":"https:\/\/auftragsmalerei-kwast-berlin.de\/en\/wandmalerei-arbeitsbeispiele\/wandmalerei-in-kuchenladen\/","url":"https:\/\/auftragsmalerei-kwast-berlin.de\/en\/wandmalerei-arbeitsbeispiele\/wandmalerei-in-kuchenladen\/","name":"Wandmalerei in Kuchenladen - Commissioned Painting Kwast Berlin","isPartOf":{"@id":"https:\/\/auftragsmalerei-kwast-berlin.de\/en\/#website"},"datePublished":"2015-09-24T20:05:58+00:00","breadcrumb":{"@id":"https:\/\/auftragsmalerei-kwast-berlin.de\/en\/wandmalerei-arbeitsbeispiele\/wandmalerei-in-kuchenladen\/#breadcrumb"},"inLanguage":"en-US","potentialAction":[{"@type":"ReadAction","target":["https:\/\/auftragsmalerei-kwast-berlin.de\/en\/wandmalerei-arbeitsbeispiele\/wandmalerei-in-kuchenladen\/"]}]},{"@type":"BreadcrumbList","@id":"https:\/\/auftragsmalerei-kwast-berlin.de\/en\/wandmalerei-arbeitsbeispiele\/wandmalerei-in-kuchenladen\/#breadcrumb","itemListElement":[{"@type":"ListItem","position":1,"name":"Home","item":"https:\/\/auftragsmalerei-kwast-berlin.de\/en\/"},{"@type":"ListItem","position":2,"name":"Wall and Mural painting","item":"https:\/\/auftragsmalerei-kwast-berlin.de\/en\/wandmalerei-arbeitsbeispiele\/"},{"@type":"ListItem","position":3,"name":"Wandmalerei in Kuchenladen"}]},{"@type":"WebSite","@id":"https:\/\/auftragsmalerei-kwast-berlin.de\/en\/#website","url":"https:\/\/auftragsmalerei-kwast-berlin.de\/en\/","name":"Commissioned Painting Kwast Berlin","description":"Commissioned painting for theatre and film, fairs and museums, wall, facade and portrait","potentialAction":[{"@type":"SearchAction","target":{"@type":"EntryPoint","urlTemplate":"https:\/\/auftragsmalerei-kwast-berlin.de\/en\/?s={search_term_string}"},"query-input":{"@type":"PropertyValueSpecification","valueRequired":true,"valueName":"search_term_string"}}],"inLanguage":"en-US"}]}},"_links":{"self":[{"href":"https:\/\/auftragsmalerei-kwast-berlin.de\/en\/wp-json\/wp\/v2\/pages\/1598","targetHints":{"allow":["GET"]}}],"collection":[{"href":"https:\/\/auftragsmalerei-kwast-berlin.de\/en\/wp-json\/wp\/v2\/pages"}],"about":[{"href":"https:\/\/auftragsmalerei-kwast-berlin.de\/en\/wp-json\/wp\/v2\/types\/page"}],"author":[{"embeddable":true,"href":"https:\/\/auftragsmalerei-kwast-berlin.de\/en\/wp-json\/wp\/v2\/users\/2"}],"replies":[{"embeddable":true,"href":"https:\/\/auftragsmalerei-kwast-berlin.de\/en\/wp-json\/wp\/v2\/comments?post=1598"}],"version-history":[{"count":0,"href":"https:\/\/auftragsmalerei-kwast-berlin.de\/en\/wp-json\/wp\/v2\/pages\/1598\/revisions"}],"up":[{"embeddable":true,"href":"https:\/\/auftragsmalerei-kwast-berlin.de\/en\/wp-json\/wp\/v2\/pages\/140"}],"wp:attachment":[{"href":"https:\/\/auftragsmalerei-kwast-berlin.de\/en\/wp-json\/wp\/v2\/media?parent=1598"}],"curies":[{"name":"wp","href":"https:\/\/api.w.org\/{rel}","templated":true}]}}