{"id":1608,"date":"2015-09-24T22:16:15","date_gmt":"2015-09-24T20:16:15","guid":{"rendered":"http:\/\/relaunch.auftragsmalerei-kwast-berlin.de\/?page_id=1608"},"modified":"2015-09-24T22:16:15","modified_gmt":"2015-09-24T20:16:15","slug":"wandmalerei-mit-schablone","status":"publish","type":"page","link":"https:\/\/auftragsmalerei-kwast-berlin.de\/en\/wandmalerei-arbeitsbeispiele\/wandmalerei-mit-schablone\/","title":{"rendered":"Wandmalerei mit Schablone"},"content":{"rendered":"<h3>Auftraggeber: privat | Acrylfarbe<\/h3>\n<p>Hier werden f\u00fcr Wandmalereien Schablonen genutzt, die extra nach Wunsch angefertigt werden. Hier sind zwei fig\u00fcrliche Beispiele zu sehen, aber eigentlich ist in dieser Richtung alles m\u00f6glich, jedes Motiv, jede Gr\u00f6\u00dfe.\u00a0 Diese Art Wandmalerei ist besonders f\u00fcr die Platzierung von Ornamenten geeignet.<br \/>\n<div class=\"content_block\" id=\"custom_post_widget-1603\"><p><img loading=\"lazy\" decoding=\"async\" src=\"\/wp-content\/uploads\/wandmalerei_schablone_2gr.jpg\" alt=\"Kwast - Wandmalerei - Malerei mit Schablone\" width=\"693\" height=\"604\" class=\"alignnone size-full wp-image-1605\" \/><\/p>\n<p><img loading=\"lazy\" decoding=\"async\" src=\"\/wp-content\/uploads\/wandmalerei_schablone_3gr.jpg\" alt=\"Kwast - Wandmalerei - Malerei mit Schablone\" width=\"693\" height=\"480\" class=\"alignnone size-full wp-image-1606\" \/><\/p>\n<p><img loading=\"lazy\" decoding=\"async\" src=\"\/wp-content\/uploads\/wandmalerei_schablone_1gr.jpg\" alt=\"Kwast - Wandmalerei - Malerei mit Schablone\" width=\"693\" height=\"508\" class=\"alignnone size-full wp-image-1604\" \/><\/p>\n<\/div><\/p>\n","protected":false},"excerpt":{"rendered":"<p>Auftraggeber: privat | Acrylfarbe Hier werden f\u00fcr Wandmalereien Schablonen genutzt, die extra nach Wunsch angefertigt werden. Hier sind zwei fig\u00fcrliche Beispiele zu sehen, aber eigentlich ist in dieser Richtung alles m\u00f6glich, jedes Motiv, jede Gr\u00f6\u00dfe.\u00a0 Diese Art Wandmalerei ist besonders f\u00fcr die Platzierung von Ornamenten geeignet.<\/p>\n","protected":false},"author":2,"featured_media":0,"parent":140,"menu_order":7,"comment_status":"closed","ping_status":"closed","template":"detailseiten.php","meta":{"footnotes":""},"class_list":["post-1608","page","type-page","status-publish","hentry","brick"],"yoast_head":"<!-- This site is optimized with the Yoast SEO plugin v27.4 - https:\/\/yoast.com\/product\/yoast-seo-wordpress\/ -->\n<title>Wandmalerei mit Schablone - Commissioned Painting Kwast Berlin<\/title>\n<meta name=\"robots\" content=\"index, follow, max-snippet:-1, max-image-preview:large, max-video-preview:-1\" \/>\n<link rel=\"canonical\" href=\"https:\/\/auftragsmalerei-kwast-berlin.de\/en\/wandmalerei-arbeitsbeispiele\/wandmalerei-mit-schablone\/\" \/>\n<meta property=\"og:locale\" content=\"en_US\" \/>\n<meta property=\"og:type\" content=\"article\" \/>\n<meta property=\"og:title\" content=\"Wandmalerei mit Schablone - Commissioned Painting Kwast Berlin\" \/>\n<meta property=\"og:description\" content=\"Auftraggeber: privat | Acrylfarbe Hier werden f\u00fcr Wandmalereien Schablonen genutzt, die extra nach Wunsch angefertigt werden. Hier sind zwei fig\u00fcrliche Beispiele zu sehen, aber eigentlich ist in dieser Richtung alles m\u00f6glich, jedes Motiv, jede Gr\u00f6\u00dfe.\u00a0 Diese Art Wandmalerei ist besonders f\u00fcr die Platzierung von Ornamenten geeignet.\" \/>\n<meta property=\"og:url\" content=\"https:\/\/auftragsmalerei-kwast-berlin.de\/en\/wandmalerei-arbeitsbeispiele\/wandmalerei-mit-schablone\/\" \/>\n<meta property=\"og:site_name\" content=\"Commissioned Painting Kwast Berlin\" \/>\n<meta name=\"twitter:card\" content=\"summary_large_image\" \/>\n<script type=\"application\/ld+json\" class=\"yoast-schema-graph\">{\"@context\":\"https:\\\/\\\/schema.org\",\"@graph\":[{\"@type\":\"WebPage\",\"@id\":\"https:\\\/\\\/auftragsmalerei-kwast-berlin.de\\\/en\\\/wandmalerei-arbeitsbeispiele\\\/wandmalerei-mit-schablone\\\/\",\"url\":\"https:\\\/\\\/auftragsmalerei-kwast-berlin.de\\\/en\\\/wandmalerei-arbeitsbeispiele\\\/wandmalerei-mit-schablone\\\/\",\"name\":\"Wandmalerei mit Schablone - Commissioned Painting Kwast Berlin\",\"isPartOf\":{\"@id\":\"https:\\\/\\\/auftragsmalerei-kwast-berlin.de\\\/en\\\/#website\"},\"datePublished\":\"2015-09-24T20:16:15+00:00\",\"breadcrumb\":{\"@id\":\"https:\\\/\\\/auftragsmalerei-kwast-berlin.de\\\/en\\\/wandmalerei-arbeitsbeispiele\\\/wandmalerei-mit-schablone\\\/#breadcrumb\"},\"inLanguage\":\"en-US\",\"potentialAction\":[{\"@type\":\"ReadAction\",\"target\":[\"https:\\\/\\\/auftragsmalerei-kwast-berlin.de\\\/en\\\/wandmalerei-arbeitsbeispiele\\\/wandmalerei-mit-schablone\\\/\"]}]},{\"@type\":\"BreadcrumbList\",\"@id\":\"https:\\\/\\\/auftragsmalerei-kwast-berlin.de\\\/en\\\/wandmalerei-arbeitsbeispiele\\\/wandmalerei-mit-schablone\\\/#breadcrumb\",\"itemListElement\":[{\"@type\":\"ListItem\",\"position\":1,\"name\":\"Home\",\"item\":\"https:\\\/\\\/auftragsmalerei-kwast-berlin.de\\\/en\\\/\"},{\"@type\":\"ListItem\",\"position\":2,\"name\":\"Wall and Mural painting\",\"item\":\"https:\\\/\\\/auftragsmalerei-kwast-berlin.de\\\/en\\\/wandmalerei-arbeitsbeispiele\\\/\"},{\"@type\":\"ListItem\",\"position\":3,\"name\":\"Wandmalerei mit Schablone\"}]},{\"@type\":\"WebSite\",\"@id\":\"https:\\\/\\\/auftragsmalerei-kwast-berlin.de\\\/en\\\/#website\",\"url\":\"https:\\\/\\\/auftragsmalerei-kwast-berlin.de\\\/en\\\/\",\"name\":\"Commissioned Painting Kwast Berlin\",\"description\":\"Commissioned painting for theatre and film, fairs and museums, wall, facade and portrait\",\"potentialAction\":[{\"@type\":\"SearchAction\",\"target\":{\"@type\":\"EntryPoint\",\"urlTemplate\":\"https:\\\/\\\/auftragsmalerei-kwast-berlin.de\\\/en\\\/?s={search_term_string}\"},\"query-input\":{\"@type\":\"PropertyValueSpecification\",\"valueRequired\":true,\"valueName\":\"search_term_string\"}}],\"inLanguage\":\"en-US\"}]}<\/script>\n<!-- \/ Yoast SEO plugin. -->","yoast_head_json":{"title":"Wandmalerei mit Schablone - Commissioned Painting Kwast Berlin","robots":{"index":"index","follow":"follow","max-snippet":"max-snippet:-1","max-image-preview":"max-image-preview:large","max-video-preview":"max-video-preview:-1"},"canonical":"https:\/\/auftragsmalerei-kwast-berlin.de\/en\/wandmalerei-arbeitsbeispiele\/wandmalerei-mit-schablone\/","og_locale":"en_US","og_type":"article","og_title":"Wandmalerei mit Schablone - Commissioned Painting Kwast Berlin","og_description":"Auftraggeber: privat | Acrylfarbe Hier werden f\u00fcr Wandmalereien Schablonen genutzt, die extra nach Wunsch angefertigt werden. Hier sind zwei fig\u00fcrliche Beispiele zu sehen, aber eigentlich ist in dieser Richtung alles m\u00f6glich, jedes Motiv, jede Gr\u00f6\u00dfe.\u00a0 Diese Art Wandmalerei ist besonders f\u00fcr die Platzierung von Ornamenten geeignet.","og_url":"https:\/\/auftragsmalerei-kwast-berlin.de\/en\/wandmalerei-arbeitsbeispiele\/wandmalerei-mit-schablone\/","og_site_name":"Commissioned Painting Kwast Berlin","twitter_card":"summary_large_image","schema":{"@context":"https:\/\/schema.org","@graph":[{"@type":"WebPage","@id":"https:\/\/auftragsmalerei-kwast-berlin.de\/en\/wandmalerei-arbeitsbeispiele\/wandmalerei-mit-schablone\/","url":"https:\/\/auftragsmalerei-kwast-berlin.de\/en\/wandmalerei-arbeitsbeispiele\/wandmalerei-mit-schablone\/","name":"Wandmalerei mit Schablone - Commissioned Painting Kwast Berlin","isPartOf":{"@id":"https:\/\/auftragsmalerei-kwast-berlin.de\/en\/#website"},"datePublished":"2015-09-24T20:16:15+00:00","breadcrumb":{"@id":"https:\/\/auftragsmalerei-kwast-berlin.de\/en\/wandmalerei-arbeitsbeispiele\/wandmalerei-mit-schablone\/#breadcrumb"},"inLanguage":"en-US","potentialAction":[{"@type":"ReadAction","target":["https:\/\/auftragsmalerei-kwast-berlin.de\/en\/wandmalerei-arbeitsbeispiele\/wandmalerei-mit-schablone\/"]}]},{"@type":"BreadcrumbList","@id":"https:\/\/auftragsmalerei-kwast-berlin.de\/en\/wandmalerei-arbeitsbeispiele\/wandmalerei-mit-schablone\/#breadcrumb","itemListElement":[{"@type":"ListItem","position":1,"name":"Home","item":"https:\/\/auftragsmalerei-kwast-berlin.de\/en\/"},{"@type":"ListItem","position":2,"name":"Wall and Mural painting","item":"https:\/\/auftragsmalerei-kwast-berlin.de\/en\/wandmalerei-arbeitsbeispiele\/"},{"@type":"ListItem","position":3,"name":"Wandmalerei mit Schablone"}]},{"@type":"WebSite","@id":"https:\/\/auftragsmalerei-kwast-berlin.de\/en\/#website","url":"https:\/\/auftragsmalerei-kwast-berlin.de\/en\/","name":"Commissioned Painting Kwast Berlin","description":"Commissioned painting for theatre and film, fairs and museums, wall, facade and portrait","potentialAction":[{"@type":"SearchAction","target":{"@type":"EntryPoint","urlTemplate":"https:\/\/auftragsmalerei-kwast-berlin.de\/en\/?s={search_term_string}"},"query-input":{"@type":"PropertyValueSpecification","valueRequired":true,"valueName":"search_term_string"}}],"inLanguage":"en-US"}]}},"_links":{"self":[{"href":"https:\/\/auftragsmalerei-kwast-berlin.de\/en\/wp-json\/wp\/v2\/pages\/1608","targetHints":{"allow":["GET"]}}],"collection":[{"href":"https:\/\/auftragsmalerei-kwast-berlin.de\/en\/wp-json\/wp\/v2\/pages"}],"about":[{"href":"https:\/\/auftragsmalerei-kwast-berlin.de\/en\/wp-json\/wp\/v2\/types\/page"}],"author":[{"embeddable":true,"href":"https:\/\/auftragsmalerei-kwast-berlin.de\/en\/wp-json\/wp\/v2\/users\/2"}],"replies":[{"embeddable":true,"href":"https:\/\/auftragsmalerei-kwast-berlin.de\/en\/wp-json\/wp\/v2\/comments?post=1608"}],"version-history":[{"count":0,"href":"https:\/\/auftragsmalerei-kwast-berlin.de\/en\/wp-json\/wp\/v2\/pages\/1608\/revisions"}],"up":[{"embeddable":true,"href":"https:\/\/auftragsmalerei-kwast-berlin.de\/en\/wp-json\/wp\/v2\/pages\/140"}],"wp:attachment":[{"href":"https:\/\/auftragsmalerei-kwast-berlin.de\/en\/wp-json\/wp\/v2\/media?parent=1608"}],"curies":[{"name":"wp","href":"https:\/\/api.w.org\/{rel}","templated":true}]}}