{"id":1684,"date":"2015-09-25T18:04:25","date_gmt":"2015-09-25T16:04:25","guid":{"rendered":"http:\/\/relaunch.auftragsmalerei-kwast-berlin.de\/?page_id=1684"},"modified":"2015-09-25T18:04:25","modified_gmt":"2015-09-25T16:04:25","slug":"imitationen-von-stein","status":"publish","type":"page","link":"https:\/\/auftragsmalerei-kwast-berlin.de\/en\/imitationsmalerei-arbeitsbeispiele\/imitationen-von-stein\/","title":{"rendered":"Imitationen von Stein"},"content":{"rendered":"<h3>Verschiedene Auftraggeber | Acryl, Fassadenfarbe, Stoffmalfarbe | verschiedene Gr\u00f6\u00dfen<\/h3>\n<p>Neben Marmor l\u00e4sst sich nat\u00fcrlich auch jeder andere Stein imitieren. Auftraggeber sind oft Film und Theater, aber auch Museen oder Restauranteinrichter. Die Maltechniken haben sich mit der Zeit verfeinert, hier geht fast alles. Dieses Arbeitsfeld des Auftragsmalers ist eines der wenigen, das auch heute kein Computer ersetzen kann.<br \/>\n<div class=\"content_block\" id=\"custom_post_widget-1676\"><p><img loading=\"lazy\" decoding=\"async\" src=\"\/wp-content\/uploads\/imitationen_stein_3gr.jpg\" alt=\"Kwast - Imitationen - Steins\u00e4ulen\" width=\"693\" height=\"460\" class=\"alignnone size-full wp-image-1679\" \/><\/p>\n<p><img loading=\"lazy\" decoding=\"async\" src=\"\/wp-content\/uploads\/imitationen_stein_4gr.jpg\" alt=\"Kwast - Imitationen - Steins\u00e4ulen\" width=\"480\" height=\"590\" class=\"alignnone size-full wp-image-1680\" \/><\/p>\n<p><img loading=\"lazy\" decoding=\"async\" src=\"\/wp-content\/uploads\/imitationen_stein_5gr.jpg\" alt=\"Kwast - Imitationen - Mauerwerk\" width=\"480\" height=\"590\" class=\"alignnone size-full wp-image-1681\" \/><\/p>\n<p><img loading=\"lazy\" decoding=\"async\" src=\"\/wp-content\/uploads\/imitationen_stein_6gr.jpg\" alt=\"Kwast - Imitationen - Sandstein\" width=\"677\" height=\"460\" class=\"alignnone size-full wp-image-1682\" \/><\/p>\n<p><img loading=\"lazy\" decoding=\"async\" src=\"\/wp-content\/uploads\/imitationen_stein_1gr.jpg\" alt=\"Kwast - Imitationen - Beton\" width=\"693\" height=\"490\" class=\"alignnone size-full wp-image-1677\" \/><\/p>\n<p><img loading=\"lazy\" decoding=\"async\" src=\"\/wp-content\/uploads\/imitationen_stein_2gr.jpg\" alt=\"Kwast - Imitationen - Beton\" width=\"693\" height=\"460\" class=\"alignnone size-full wp-image-1678\" \/><\/p>\n<\/div><\/p>\n","protected":false},"excerpt":{"rendered":"<p>Verschiedene Auftraggeber | Acryl, Fassadenfarbe, Stoffmalfarbe | verschiedene Gr\u00f6\u00dfen Neben Marmor l\u00e4sst sich nat\u00fcrlich auch jeder andere Stein imitieren. Auftraggeber sind oft Film und Theater, aber auch Museen oder Restauranteinrichter. Die Maltechniken haben sich mit der Zeit verfeinert, hier geht fast alles. Dieses Arbeitsfeld des Auftragsmalers ist eines der wenigen, das auch heute kein Computer [&hellip;]<\/p>\n","protected":false},"author":2,"featured_media":0,"parent":146,"menu_order":7,"comment_status":"closed","ping_status":"closed","template":"detailseiten.php","meta":{"footnotes":""},"class_list":["post-1684","page","type-page","status-publish","hentry","brick"],"yoast_head":"<!-- This site is optimized with the Yoast SEO plugin v27.4 - https:\/\/yoast.com\/product\/yoast-seo-wordpress\/ -->\n<title>Imitationen von Stein - Commissioned Painting Kwast Berlin<\/title>\n<meta name=\"robots\" content=\"index, follow, max-snippet:-1, max-image-preview:large, max-video-preview:-1\" \/>\n<link rel=\"canonical\" href=\"https:\/\/auftragsmalerei-kwast-berlin.de\/en\/imitationsmalerei-arbeitsbeispiele\/imitationen-von-stein\/\" \/>\n<meta property=\"og:locale\" content=\"en_US\" \/>\n<meta property=\"og:type\" content=\"article\" \/>\n<meta property=\"og:title\" content=\"Imitationen von Stein - Commissioned Painting Kwast Berlin\" \/>\n<meta property=\"og:description\" content=\"Verschiedene Auftraggeber | Acryl, Fassadenfarbe, Stoffmalfarbe | verschiedene Gr\u00f6\u00dfen Neben Marmor l\u00e4sst sich nat\u00fcrlich auch jeder andere Stein imitieren. Auftraggeber sind oft Film und Theater, aber auch Museen oder Restauranteinrichter. Die Maltechniken haben sich mit der Zeit verfeinert, hier geht fast alles. Dieses Arbeitsfeld des Auftragsmalers ist eines der wenigen, das auch heute kein Computer [&hellip;]\" \/>\n<meta property=\"og:url\" content=\"https:\/\/auftragsmalerei-kwast-berlin.de\/en\/imitationsmalerei-arbeitsbeispiele\/imitationen-von-stein\/\" \/>\n<meta property=\"og:site_name\" content=\"Commissioned Painting Kwast Berlin\" \/>\n<meta name=\"twitter:card\" content=\"summary_large_image\" \/>\n<script type=\"application\/ld+json\" class=\"yoast-schema-graph\">{\"@context\":\"https:\\\/\\\/schema.org\",\"@graph\":[{\"@type\":\"WebPage\",\"@id\":\"https:\\\/\\\/auftragsmalerei-kwast-berlin.de\\\/en\\\/imitationsmalerei-arbeitsbeispiele\\\/imitationen-von-stein\\\/\",\"url\":\"https:\\\/\\\/auftragsmalerei-kwast-berlin.de\\\/en\\\/imitationsmalerei-arbeitsbeispiele\\\/imitationen-von-stein\\\/\",\"name\":\"Imitationen von Stein - Commissioned Painting Kwast Berlin\",\"isPartOf\":{\"@id\":\"https:\\\/\\\/auftragsmalerei-kwast-berlin.de\\\/en\\\/#website\"},\"datePublished\":\"2015-09-25T16:04:25+00:00\",\"breadcrumb\":{\"@id\":\"https:\\\/\\\/auftragsmalerei-kwast-berlin.de\\\/en\\\/imitationsmalerei-arbeitsbeispiele\\\/imitationen-von-stein\\\/#breadcrumb\"},\"inLanguage\":\"en-US\",\"potentialAction\":[{\"@type\":\"ReadAction\",\"target\":[\"https:\\\/\\\/auftragsmalerei-kwast-berlin.de\\\/en\\\/imitationsmalerei-arbeitsbeispiele\\\/imitationen-von-stein\\\/\"]}]},{\"@type\":\"BreadcrumbList\",\"@id\":\"https:\\\/\\\/auftragsmalerei-kwast-berlin.de\\\/en\\\/imitationsmalerei-arbeitsbeispiele\\\/imitationen-von-stein\\\/#breadcrumb\",\"itemListElement\":[{\"@type\":\"ListItem\",\"position\":1,\"name\":\"Home\",\"item\":\"https:\\\/\\\/auftragsmalerei-kwast-berlin.de\\\/en\\\/\"},{\"@type\":\"ListItem\",\"position\":2,\"name\":\"Imitation painting\",\"item\":\"https:\\\/\\\/auftragsmalerei-kwast-berlin.de\\\/en\\\/imitationsmalerei-arbeitsbeispiele\\\/\"},{\"@type\":\"ListItem\",\"position\":3,\"name\":\"Imitationen von Stein\"}]},{\"@type\":\"WebSite\",\"@id\":\"https:\\\/\\\/auftragsmalerei-kwast-berlin.de\\\/en\\\/#website\",\"url\":\"https:\\\/\\\/auftragsmalerei-kwast-berlin.de\\\/en\\\/\",\"name\":\"Commissioned Painting Kwast Berlin\",\"description\":\"Commissioned painting for theatre and film, fairs and museums, wall, facade and portrait\",\"potentialAction\":[{\"@type\":\"SearchAction\",\"target\":{\"@type\":\"EntryPoint\",\"urlTemplate\":\"https:\\\/\\\/auftragsmalerei-kwast-berlin.de\\\/en\\\/?s={search_term_string}\"},\"query-input\":{\"@type\":\"PropertyValueSpecification\",\"valueRequired\":true,\"valueName\":\"search_term_string\"}}],\"inLanguage\":\"en-US\"}]}<\/script>\n<!-- \/ Yoast SEO plugin. -->","yoast_head_json":{"title":"Imitationen von Stein - Commissioned Painting Kwast Berlin","robots":{"index":"index","follow":"follow","max-snippet":"max-snippet:-1","max-image-preview":"max-image-preview:large","max-video-preview":"max-video-preview:-1"},"canonical":"https:\/\/auftragsmalerei-kwast-berlin.de\/en\/imitationsmalerei-arbeitsbeispiele\/imitationen-von-stein\/","og_locale":"en_US","og_type":"article","og_title":"Imitationen von Stein - Commissioned Painting Kwast Berlin","og_description":"Verschiedene Auftraggeber | Acryl, Fassadenfarbe, Stoffmalfarbe | verschiedene Gr\u00f6\u00dfen Neben Marmor l\u00e4sst sich nat\u00fcrlich auch jeder andere Stein imitieren. Auftraggeber sind oft Film und Theater, aber auch Museen oder Restauranteinrichter. Die Maltechniken haben sich mit der Zeit verfeinert, hier geht fast alles. Dieses Arbeitsfeld des Auftragsmalers ist eines der wenigen, das auch heute kein Computer [&hellip;]","og_url":"https:\/\/auftragsmalerei-kwast-berlin.de\/en\/imitationsmalerei-arbeitsbeispiele\/imitationen-von-stein\/","og_site_name":"Commissioned Painting Kwast Berlin","twitter_card":"summary_large_image","schema":{"@context":"https:\/\/schema.org","@graph":[{"@type":"WebPage","@id":"https:\/\/auftragsmalerei-kwast-berlin.de\/en\/imitationsmalerei-arbeitsbeispiele\/imitationen-von-stein\/","url":"https:\/\/auftragsmalerei-kwast-berlin.de\/en\/imitationsmalerei-arbeitsbeispiele\/imitationen-von-stein\/","name":"Imitationen von Stein - Commissioned Painting Kwast Berlin","isPartOf":{"@id":"https:\/\/auftragsmalerei-kwast-berlin.de\/en\/#website"},"datePublished":"2015-09-25T16:04:25+00:00","breadcrumb":{"@id":"https:\/\/auftragsmalerei-kwast-berlin.de\/en\/imitationsmalerei-arbeitsbeispiele\/imitationen-von-stein\/#breadcrumb"},"inLanguage":"en-US","potentialAction":[{"@type":"ReadAction","target":["https:\/\/auftragsmalerei-kwast-berlin.de\/en\/imitationsmalerei-arbeitsbeispiele\/imitationen-von-stein\/"]}]},{"@type":"BreadcrumbList","@id":"https:\/\/auftragsmalerei-kwast-berlin.de\/en\/imitationsmalerei-arbeitsbeispiele\/imitationen-von-stein\/#breadcrumb","itemListElement":[{"@type":"ListItem","position":1,"name":"Home","item":"https:\/\/auftragsmalerei-kwast-berlin.de\/en\/"},{"@type":"ListItem","position":2,"name":"Imitation painting","item":"https:\/\/auftragsmalerei-kwast-berlin.de\/en\/imitationsmalerei-arbeitsbeispiele\/"},{"@type":"ListItem","position":3,"name":"Imitationen von Stein"}]},{"@type":"WebSite","@id":"https:\/\/auftragsmalerei-kwast-berlin.de\/en\/#website","url":"https:\/\/auftragsmalerei-kwast-berlin.de\/en\/","name":"Commissioned Painting Kwast Berlin","description":"Commissioned painting for theatre and film, fairs and museums, wall, facade and portrait","potentialAction":[{"@type":"SearchAction","target":{"@type":"EntryPoint","urlTemplate":"https:\/\/auftragsmalerei-kwast-berlin.de\/en\/?s={search_term_string}"},"query-input":{"@type":"PropertyValueSpecification","valueRequired":true,"valueName":"search_term_string"}}],"inLanguage":"en-US"}]}},"_links":{"self":[{"href":"https:\/\/auftragsmalerei-kwast-berlin.de\/en\/wp-json\/wp\/v2\/pages\/1684","targetHints":{"allow":["GET"]}}],"collection":[{"href":"https:\/\/auftragsmalerei-kwast-berlin.de\/en\/wp-json\/wp\/v2\/pages"}],"about":[{"href":"https:\/\/auftragsmalerei-kwast-berlin.de\/en\/wp-json\/wp\/v2\/types\/page"}],"author":[{"embeddable":true,"href":"https:\/\/auftragsmalerei-kwast-berlin.de\/en\/wp-json\/wp\/v2\/users\/2"}],"replies":[{"embeddable":true,"href":"https:\/\/auftragsmalerei-kwast-berlin.de\/en\/wp-json\/wp\/v2\/comments?post=1684"}],"version-history":[{"count":0,"href":"https:\/\/auftragsmalerei-kwast-berlin.de\/en\/wp-json\/wp\/v2\/pages\/1684\/revisions"}],"up":[{"embeddable":true,"href":"https:\/\/auftragsmalerei-kwast-berlin.de\/en\/wp-json\/wp\/v2\/pages\/146"}],"wp:attachment":[{"href":"https:\/\/auftragsmalerei-kwast-berlin.de\/en\/wp-json\/wp\/v2\/media?parent=1684"}],"curies":[{"name":"wp","href":"https:\/\/api.w.org\/{rel}","templated":true}]}}