{"id":1714,"date":"2015-09-25T18:26:17","date_gmt":"2015-09-25T16:26:17","guid":{"rendered":"http:\/\/relaunch.auftragsmalerei-kwast-berlin.de\/?page_id=1714"},"modified":"2015-09-25T18:26:17","modified_gmt":"2015-09-25T16:26:17","slug":"imitation-gruenspan","status":"publish","type":"page","link":"https:\/\/auftragsmalerei-kwast-berlin.de\/en\/imitationsmalerei-arbeitsbeispiele\/imitation-gruenspan\/","title":{"rendered":"Imitation Gr\u00fcnspan"},"content":{"rendered":"<h3>Auftraggeber: Freizeitpark | Material? | Gr\u00f6\u00dfe?<\/h3>\n<p>Das war mal eine Auftragsmalerei ganz anderer Art. Eine Firma wandte sich mit der Bitte an mich, schon fertig gestellte riesige Eingangst\u00fcrme f\u00fcr einen Freizeitpark in diese besondere Materialit\u00e4t zu verwandeln. Gebaut waren diese T\u00fcrme aus verzinktem Blech, da sie jeder Witterung standhalten sollten. Nur mit Malerei war es da nicht getan, ich musste experimentieren. Aber auch diese Arbeit stellte den Auftraggeber zufrieden.<br \/>\n<div class=\"content_block\" id=\"custom_post_widget-1709\"><p><img loading=\"lazy\" decoding=\"async\" class=\"alignnone size-full wp-image-1712\" src=\"\/wp-content\/uploads\/imitationen_gruenspan_3gr.jpg\" alt=\"Kwast - Imitationen - Gr\u00fcnspan\" width=\"693\" height=\"460\" \/><br \/>\n<img loading=\"lazy\" decoding=\"async\" class=\"alignnone size-full wp-image-1711\" src=\"\/wp-content\/uploads\/imitationen_gruenspan_2gr.jpg\" alt=\"Kwast - Imitationen - Gr\u00fcnspan\" width=\"693\" height=\"460\" \/><br \/>\n<img loading=\"lazy\" decoding=\"async\" class=\"alignnone size-full wp-image-1710\" src=\"\/wp-content\/uploads\/imitationen_gruenspan_1gr.jpg\" alt=\"Kwast - Imitationen - Gr\u00fcnspan\" width=\"693\" height=\"460\" \/><\/p>\n<\/div><\/p>\n","protected":false},"excerpt":{"rendered":"<p>Auftraggeber: Freizeitpark | Material? | Gr\u00f6\u00dfe? Das war mal eine Auftragsmalerei ganz anderer Art. Eine Firma wandte sich mit der Bitte an mich, schon fertig gestellte riesige Eingangst\u00fcrme f\u00fcr einen Freizeitpark in diese besondere Materialit\u00e4t zu verwandeln. Gebaut waren diese T\u00fcrme aus verzinktem Blech, da sie jeder Witterung standhalten sollten. Nur mit Malerei war es [&hellip;]<\/p>\n","protected":false},"author":2,"featured_media":0,"parent":146,"menu_order":10,"comment_status":"closed","ping_status":"closed","template":"detailseiten.php","meta":{"footnotes":""},"class_list":["post-1714","page","type-page","status-publish","hentry","brick"],"yoast_head":"<!-- This site is optimized with the Yoast SEO plugin v27.4 - https:\/\/yoast.com\/product\/yoast-seo-wordpress\/ -->\n<title>Imitation Gr\u00fcnspan - Commissioned Painting Kwast Berlin<\/title>\n<meta name=\"robots\" content=\"index, follow, max-snippet:-1, max-image-preview:large, max-video-preview:-1\" \/>\n<link rel=\"canonical\" href=\"https:\/\/auftragsmalerei-kwast-berlin.de\/en\/imitationsmalerei-arbeitsbeispiele\/imitation-gruenspan\/\" \/>\n<meta property=\"og:locale\" content=\"en_US\" \/>\n<meta property=\"og:type\" content=\"article\" \/>\n<meta property=\"og:title\" content=\"Imitation Gr\u00fcnspan - Commissioned Painting Kwast Berlin\" \/>\n<meta property=\"og:description\" content=\"Auftraggeber: Freizeitpark | Material? | Gr\u00f6\u00dfe? Das war mal eine Auftragsmalerei ganz anderer Art. Eine Firma wandte sich mit der Bitte an mich, schon fertig gestellte riesige Eingangst\u00fcrme f\u00fcr einen Freizeitpark in diese besondere Materialit\u00e4t zu verwandeln. Gebaut waren diese T\u00fcrme aus verzinktem Blech, da sie jeder Witterung standhalten sollten. Nur mit Malerei war es [&hellip;]\" \/>\n<meta property=\"og:url\" content=\"https:\/\/auftragsmalerei-kwast-berlin.de\/en\/imitationsmalerei-arbeitsbeispiele\/imitation-gruenspan\/\" \/>\n<meta property=\"og:site_name\" content=\"Commissioned Painting Kwast Berlin\" \/>\n<meta name=\"twitter:card\" content=\"summary_large_image\" \/>\n<script type=\"application\/ld+json\" class=\"yoast-schema-graph\">{\"@context\":\"https:\\\/\\\/schema.org\",\"@graph\":[{\"@type\":\"WebPage\",\"@id\":\"https:\\\/\\\/auftragsmalerei-kwast-berlin.de\\\/en\\\/imitationsmalerei-arbeitsbeispiele\\\/imitation-gruenspan\\\/\",\"url\":\"https:\\\/\\\/auftragsmalerei-kwast-berlin.de\\\/en\\\/imitationsmalerei-arbeitsbeispiele\\\/imitation-gruenspan\\\/\",\"name\":\"Imitation Gr\u00fcnspan - Commissioned Painting Kwast Berlin\",\"isPartOf\":{\"@id\":\"https:\\\/\\\/auftragsmalerei-kwast-berlin.de\\\/en\\\/#website\"},\"datePublished\":\"2015-09-25T16:26:17+00:00\",\"breadcrumb\":{\"@id\":\"https:\\\/\\\/auftragsmalerei-kwast-berlin.de\\\/en\\\/imitationsmalerei-arbeitsbeispiele\\\/imitation-gruenspan\\\/#breadcrumb\"},\"inLanguage\":\"en-US\",\"potentialAction\":[{\"@type\":\"ReadAction\",\"target\":[\"https:\\\/\\\/auftragsmalerei-kwast-berlin.de\\\/en\\\/imitationsmalerei-arbeitsbeispiele\\\/imitation-gruenspan\\\/\"]}]},{\"@type\":\"BreadcrumbList\",\"@id\":\"https:\\\/\\\/auftragsmalerei-kwast-berlin.de\\\/en\\\/imitationsmalerei-arbeitsbeispiele\\\/imitation-gruenspan\\\/#breadcrumb\",\"itemListElement\":[{\"@type\":\"ListItem\",\"position\":1,\"name\":\"Home\",\"item\":\"https:\\\/\\\/auftragsmalerei-kwast-berlin.de\\\/en\\\/\"},{\"@type\":\"ListItem\",\"position\":2,\"name\":\"Imitation painting\",\"item\":\"https:\\\/\\\/auftragsmalerei-kwast-berlin.de\\\/en\\\/imitationsmalerei-arbeitsbeispiele\\\/\"},{\"@type\":\"ListItem\",\"position\":3,\"name\":\"Imitation Gr\u00fcnspan\"}]},{\"@type\":\"WebSite\",\"@id\":\"https:\\\/\\\/auftragsmalerei-kwast-berlin.de\\\/en\\\/#website\",\"url\":\"https:\\\/\\\/auftragsmalerei-kwast-berlin.de\\\/en\\\/\",\"name\":\"Commissioned Painting Kwast Berlin\",\"description\":\"Commissioned painting for theatre and film, fairs and museums, wall, facade and portrait\",\"potentialAction\":[{\"@type\":\"SearchAction\",\"target\":{\"@type\":\"EntryPoint\",\"urlTemplate\":\"https:\\\/\\\/auftragsmalerei-kwast-berlin.de\\\/en\\\/?s={search_term_string}\"},\"query-input\":{\"@type\":\"PropertyValueSpecification\",\"valueRequired\":true,\"valueName\":\"search_term_string\"}}],\"inLanguage\":\"en-US\"}]}<\/script>\n<!-- \/ Yoast SEO plugin. -->","yoast_head_json":{"title":"Imitation Gr\u00fcnspan - Commissioned Painting Kwast Berlin","robots":{"index":"index","follow":"follow","max-snippet":"max-snippet:-1","max-image-preview":"max-image-preview:large","max-video-preview":"max-video-preview:-1"},"canonical":"https:\/\/auftragsmalerei-kwast-berlin.de\/en\/imitationsmalerei-arbeitsbeispiele\/imitation-gruenspan\/","og_locale":"en_US","og_type":"article","og_title":"Imitation Gr\u00fcnspan - Commissioned Painting Kwast Berlin","og_description":"Auftraggeber: Freizeitpark | Material? | Gr\u00f6\u00dfe? Das war mal eine Auftragsmalerei ganz anderer Art. Eine Firma wandte sich mit der Bitte an mich, schon fertig gestellte riesige Eingangst\u00fcrme f\u00fcr einen Freizeitpark in diese besondere Materialit\u00e4t zu verwandeln. Gebaut waren diese T\u00fcrme aus verzinktem Blech, da sie jeder Witterung standhalten sollten. Nur mit Malerei war es [&hellip;]","og_url":"https:\/\/auftragsmalerei-kwast-berlin.de\/en\/imitationsmalerei-arbeitsbeispiele\/imitation-gruenspan\/","og_site_name":"Commissioned Painting Kwast Berlin","twitter_card":"summary_large_image","schema":{"@context":"https:\/\/schema.org","@graph":[{"@type":"WebPage","@id":"https:\/\/auftragsmalerei-kwast-berlin.de\/en\/imitationsmalerei-arbeitsbeispiele\/imitation-gruenspan\/","url":"https:\/\/auftragsmalerei-kwast-berlin.de\/en\/imitationsmalerei-arbeitsbeispiele\/imitation-gruenspan\/","name":"Imitation Gr\u00fcnspan - Commissioned Painting Kwast Berlin","isPartOf":{"@id":"https:\/\/auftragsmalerei-kwast-berlin.de\/en\/#website"},"datePublished":"2015-09-25T16:26:17+00:00","breadcrumb":{"@id":"https:\/\/auftragsmalerei-kwast-berlin.de\/en\/imitationsmalerei-arbeitsbeispiele\/imitation-gruenspan\/#breadcrumb"},"inLanguage":"en-US","potentialAction":[{"@type":"ReadAction","target":["https:\/\/auftragsmalerei-kwast-berlin.de\/en\/imitationsmalerei-arbeitsbeispiele\/imitation-gruenspan\/"]}]},{"@type":"BreadcrumbList","@id":"https:\/\/auftragsmalerei-kwast-berlin.de\/en\/imitationsmalerei-arbeitsbeispiele\/imitation-gruenspan\/#breadcrumb","itemListElement":[{"@type":"ListItem","position":1,"name":"Home","item":"https:\/\/auftragsmalerei-kwast-berlin.de\/en\/"},{"@type":"ListItem","position":2,"name":"Imitation painting","item":"https:\/\/auftragsmalerei-kwast-berlin.de\/en\/imitationsmalerei-arbeitsbeispiele\/"},{"@type":"ListItem","position":3,"name":"Imitation Gr\u00fcnspan"}]},{"@type":"WebSite","@id":"https:\/\/auftragsmalerei-kwast-berlin.de\/en\/#website","url":"https:\/\/auftragsmalerei-kwast-berlin.de\/en\/","name":"Commissioned Painting Kwast Berlin","description":"Commissioned painting for theatre and film, fairs and museums, wall, facade and portrait","potentialAction":[{"@type":"SearchAction","target":{"@type":"EntryPoint","urlTemplate":"https:\/\/auftragsmalerei-kwast-berlin.de\/en\/?s={search_term_string}"},"query-input":{"@type":"PropertyValueSpecification","valueRequired":true,"valueName":"search_term_string"}}],"inLanguage":"en-US"}]}},"_links":{"self":[{"href":"https:\/\/auftragsmalerei-kwast-berlin.de\/en\/wp-json\/wp\/v2\/pages\/1714","targetHints":{"allow":["GET"]}}],"collection":[{"href":"https:\/\/auftragsmalerei-kwast-berlin.de\/en\/wp-json\/wp\/v2\/pages"}],"about":[{"href":"https:\/\/auftragsmalerei-kwast-berlin.de\/en\/wp-json\/wp\/v2\/types\/page"}],"author":[{"embeddable":true,"href":"https:\/\/auftragsmalerei-kwast-berlin.de\/en\/wp-json\/wp\/v2\/users\/2"}],"replies":[{"embeddable":true,"href":"https:\/\/auftragsmalerei-kwast-berlin.de\/en\/wp-json\/wp\/v2\/comments?post=1714"}],"version-history":[{"count":0,"href":"https:\/\/auftragsmalerei-kwast-berlin.de\/en\/wp-json\/wp\/v2\/pages\/1714\/revisions"}],"up":[{"embeddable":true,"href":"https:\/\/auftragsmalerei-kwast-berlin.de\/en\/wp-json\/wp\/v2\/pages\/146"}],"wp:attachment":[{"href":"https:\/\/auftragsmalerei-kwast-berlin.de\/en\/wp-json\/wp\/v2\/media?parent=1714"}],"curies":[{"name":"wp","href":"https:\/\/api.w.org\/{rel}","templated":true}]}}