{"id":1726,"date":"2015-09-25T18:45:04","date_gmt":"2015-09-25T16:45:04","guid":{"rendered":"http:\/\/relaunch.auftragsmalerei-kwast-berlin.de\/?page_id=1726"},"modified":"2015-09-25T18:45:04","modified_gmt":"2015-09-25T16:45:04","slug":"imitation-bronze","status":"publish","type":"page","link":"https:\/\/auftragsmalerei-kwast-berlin.de\/en\/imitationsmalerei-arbeitsbeispiele\/imitation-bronze\/","title":{"rendered":"Imitation Bronze"},"content":{"rendered":"<h3>Auftraggeber: Theater, Eventveranstalter | Material? | verschiedene Gr\u00f6\u00dfen<\/h3>\n<p>F\u00fcr diese Materialimitationen sind meist Theater oder Events die Auftraggeber, da sich Bronzen zwar gut mit Farbe in der Optik imitieren lassen, aber f\u00fcr den Gebrauch nat\u00fcrlich Klang und Gewicht genauso wichtig sind. Imitationen sind eben keine Kopien.<br \/>\n<div class=\"content_block\" id=\"custom_post_widget-1719\"><p><img loading=\"lazy\" decoding=\"async\" src=\"\/wp-content\/uploads\/imitationen_bronze_2gr.jpg\" alt=\"Kwast - Imitationen - Bronze\" width=\"693\" height=\"440\" class=\"alignnone size-full wp-image-1721\" \/><\/p>\n<p><img loading=\"lazy\" decoding=\"async\" src=\"\/wp-content\/uploads\/imitationen_bronze_1gr.jpg\" alt=\"Kwast - Imitationen - Bronze\" width=\"480\" height=\"610\" class=\"alignnone size-full wp-image-1720\" \/><\/p>\n<p><img loading=\"lazy\" decoding=\"async\" src=\"\/wp-content\/uploads\/imitationen_bronze_5gr.jpg\" alt=\"Kwast - Imitationen - Bronze\" width=\"693\" height=\"460\" class=\"alignnone size-full wp-image-1724\" \/><\/p>\n<p><img loading=\"lazy\" decoding=\"async\" src=\"\/wp-content\/uploads\/imitationen_bronze_4gr.jpg\" alt=\"Kwast - Imitationen - Bronze\" width=\"693\" height=\"440\" class=\"alignnone size-full wp-image-1723\" \/><\/p>\n<p><img loading=\"lazy\" decoding=\"async\" src=\"\/wp-content\/uploads\/imitationen_bronze_3gr.jpg\" alt=\"Kwast - Imitationen - Bronze\" width=\"693\" height=\"531\" class=\"alignnone size-full wp-image-1722\" \/><\/p>\n<\/div><\/p>\n","protected":false},"excerpt":{"rendered":"<p>Auftraggeber: Theater, Eventveranstalter | Material? | verschiedene Gr\u00f6\u00dfen F\u00fcr diese Materialimitationen sind meist Theater oder Events die Auftraggeber, da sich Bronzen zwar gut mit Farbe in der Optik imitieren lassen, aber f\u00fcr den Gebrauch nat\u00fcrlich Klang und Gewicht genauso wichtig sind. Imitationen sind eben keine Kopien.<\/p>\n","protected":false},"author":2,"featured_media":0,"parent":146,"menu_order":11,"comment_status":"closed","ping_status":"closed","template":"detailseiten.php","meta":{"footnotes":""},"class_list":["post-1726","page","type-page","status-publish","hentry","brick"],"yoast_head":"<!-- This site is optimized with the Yoast SEO plugin v27.4 - https:\/\/yoast.com\/product\/yoast-seo-wordpress\/ -->\n<title>Imitation Bronze - Commissioned Painting Kwast Berlin<\/title>\n<meta name=\"robots\" content=\"index, follow, max-snippet:-1, max-image-preview:large, max-video-preview:-1\" \/>\n<link rel=\"canonical\" href=\"https:\/\/auftragsmalerei-kwast-berlin.de\/en\/imitationsmalerei-arbeitsbeispiele\/imitation-bronze\/\" \/>\n<meta property=\"og:locale\" content=\"en_US\" \/>\n<meta property=\"og:type\" content=\"article\" \/>\n<meta property=\"og:title\" content=\"Imitation Bronze - Commissioned Painting Kwast Berlin\" \/>\n<meta property=\"og:description\" content=\"Auftraggeber: Theater, Eventveranstalter | Material? | verschiedene Gr\u00f6\u00dfen F\u00fcr diese Materialimitationen sind meist Theater oder Events die Auftraggeber, da sich Bronzen zwar gut mit Farbe in der Optik imitieren lassen, aber f\u00fcr den Gebrauch nat\u00fcrlich Klang und Gewicht genauso wichtig sind. Imitationen sind eben keine Kopien.\" \/>\n<meta property=\"og:url\" content=\"https:\/\/auftragsmalerei-kwast-berlin.de\/en\/imitationsmalerei-arbeitsbeispiele\/imitation-bronze\/\" \/>\n<meta property=\"og:site_name\" content=\"Commissioned Painting Kwast Berlin\" \/>\n<meta name=\"twitter:card\" content=\"summary_large_image\" \/>\n<script type=\"application\/ld+json\" class=\"yoast-schema-graph\">{\"@context\":\"https:\\\/\\\/schema.org\",\"@graph\":[{\"@type\":\"WebPage\",\"@id\":\"https:\\\/\\\/auftragsmalerei-kwast-berlin.de\\\/en\\\/imitationsmalerei-arbeitsbeispiele\\\/imitation-bronze\\\/\",\"url\":\"https:\\\/\\\/auftragsmalerei-kwast-berlin.de\\\/en\\\/imitationsmalerei-arbeitsbeispiele\\\/imitation-bronze\\\/\",\"name\":\"Imitation Bronze - Commissioned Painting Kwast Berlin\",\"isPartOf\":{\"@id\":\"https:\\\/\\\/auftragsmalerei-kwast-berlin.de\\\/en\\\/#website\"},\"datePublished\":\"2015-09-25T16:45:04+00:00\",\"breadcrumb\":{\"@id\":\"https:\\\/\\\/auftragsmalerei-kwast-berlin.de\\\/en\\\/imitationsmalerei-arbeitsbeispiele\\\/imitation-bronze\\\/#breadcrumb\"},\"inLanguage\":\"en-US\",\"potentialAction\":[{\"@type\":\"ReadAction\",\"target\":[\"https:\\\/\\\/auftragsmalerei-kwast-berlin.de\\\/en\\\/imitationsmalerei-arbeitsbeispiele\\\/imitation-bronze\\\/\"]}]},{\"@type\":\"BreadcrumbList\",\"@id\":\"https:\\\/\\\/auftragsmalerei-kwast-berlin.de\\\/en\\\/imitationsmalerei-arbeitsbeispiele\\\/imitation-bronze\\\/#breadcrumb\",\"itemListElement\":[{\"@type\":\"ListItem\",\"position\":1,\"name\":\"Home\",\"item\":\"https:\\\/\\\/auftragsmalerei-kwast-berlin.de\\\/en\\\/\"},{\"@type\":\"ListItem\",\"position\":2,\"name\":\"Imitation painting\",\"item\":\"https:\\\/\\\/auftragsmalerei-kwast-berlin.de\\\/en\\\/imitationsmalerei-arbeitsbeispiele\\\/\"},{\"@type\":\"ListItem\",\"position\":3,\"name\":\"Imitation Bronze\"}]},{\"@type\":\"WebSite\",\"@id\":\"https:\\\/\\\/auftragsmalerei-kwast-berlin.de\\\/en\\\/#website\",\"url\":\"https:\\\/\\\/auftragsmalerei-kwast-berlin.de\\\/en\\\/\",\"name\":\"Commissioned Painting Kwast Berlin\",\"description\":\"Commissioned painting for theatre and film, fairs and museums, wall, facade and portrait\",\"potentialAction\":[{\"@type\":\"SearchAction\",\"target\":{\"@type\":\"EntryPoint\",\"urlTemplate\":\"https:\\\/\\\/auftragsmalerei-kwast-berlin.de\\\/en\\\/?s={search_term_string}\"},\"query-input\":{\"@type\":\"PropertyValueSpecification\",\"valueRequired\":true,\"valueName\":\"search_term_string\"}}],\"inLanguage\":\"en-US\"}]}<\/script>\n<!-- \/ Yoast SEO plugin. -->","yoast_head_json":{"title":"Imitation Bronze - Commissioned Painting Kwast Berlin","robots":{"index":"index","follow":"follow","max-snippet":"max-snippet:-1","max-image-preview":"max-image-preview:large","max-video-preview":"max-video-preview:-1"},"canonical":"https:\/\/auftragsmalerei-kwast-berlin.de\/en\/imitationsmalerei-arbeitsbeispiele\/imitation-bronze\/","og_locale":"en_US","og_type":"article","og_title":"Imitation Bronze - Commissioned Painting Kwast Berlin","og_description":"Auftraggeber: Theater, Eventveranstalter | Material? | verschiedene Gr\u00f6\u00dfen F\u00fcr diese Materialimitationen sind meist Theater oder Events die Auftraggeber, da sich Bronzen zwar gut mit Farbe in der Optik imitieren lassen, aber f\u00fcr den Gebrauch nat\u00fcrlich Klang und Gewicht genauso wichtig sind. Imitationen sind eben keine Kopien.","og_url":"https:\/\/auftragsmalerei-kwast-berlin.de\/en\/imitationsmalerei-arbeitsbeispiele\/imitation-bronze\/","og_site_name":"Commissioned Painting Kwast Berlin","twitter_card":"summary_large_image","schema":{"@context":"https:\/\/schema.org","@graph":[{"@type":"WebPage","@id":"https:\/\/auftragsmalerei-kwast-berlin.de\/en\/imitationsmalerei-arbeitsbeispiele\/imitation-bronze\/","url":"https:\/\/auftragsmalerei-kwast-berlin.de\/en\/imitationsmalerei-arbeitsbeispiele\/imitation-bronze\/","name":"Imitation Bronze - Commissioned Painting Kwast Berlin","isPartOf":{"@id":"https:\/\/auftragsmalerei-kwast-berlin.de\/en\/#website"},"datePublished":"2015-09-25T16:45:04+00:00","breadcrumb":{"@id":"https:\/\/auftragsmalerei-kwast-berlin.de\/en\/imitationsmalerei-arbeitsbeispiele\/imitation-bronze\/#breadcrumb"},"inLanguage":"en-US","potentialAction":[{"@type":"ReadAction","target":["https:\/\/auftragsmalerei-kwast-berlin.de\/en\/imitationsmalerei-arbeitsbeispiele\/imitation-bronze\/"]}]},{"@type":"BreadcrumbList","@id":"https:\/\/auftragsmalerei-kwast-berlin.de\/en\/imitationsmalerei-arbeitsbeispiele\/imitation-bronze\/#breadcrumb","itemListElement":[{"@type":"ListItem","position":1,"name":"Home","item":"https:\/\/auftragsmalerei-kwast-berlin.de\/en\/"},{"@type":"ListItem","position":2,"name":"Imitation painting","item":"https:\/\/auftragsmalerei-kwast-berlin.de\/en\/imitationsmalerei-arbeitsbeispiele\/"},{"@type":"ListItem","position":3,"name":"Imitation Bronze"}]},{"@type":"WebSite","@id":"https:\/\/auftragsmalerei-kwast-berlin.de\/en\/#website","url":"https:\/\/auftragsmalerei-kwast-berlin.de\/en\/","name":"Commissioned Painting Kwast Berlin","description":"Commissioned painting for theatre and film, fairs and museums, wall, facade and portrait","potentialAction":[{"@type":"SearchAction","target":{"@type":"EntryPoint","urlTemplate":"https:\/\/auftragsmalerei-kwast-berlin.de\/en\/?s={search_term_string}"},"query-input":{"@type":"PropertyValueSpecification","valueRequired":true,"valueName":"search_term_string"}}],"inLanguage":"en-US"}]}},"_links":{"self":[{"href":"https:\/\/auftragsmalerei-kwast-berlin.de\/en\/wp-json\/wp\/v2\/pages\/1726","targetHints":{"allow":["GET"]}}],"collection":[{"href":"https:\/\/auftragsmalerei-kwast-berlin.de\/en\/wp-json\/wp\/v2\/pages"}],"about":[{"href":"https:\/\/auftragsmalerei-kwast-berlin.de\/en\/wp-json\/wp\/v2\/types\/page"}],"author":[{"embeddable":true,"href":"https:\/\/auftragsmalerei-kwast-berlin.de\/en\/wp-json\/wp\/v2\/users\/2"}],"replies":[{"embeddable":true,"href":"https:\/\/auftragsmalerei-kwast-berlin.de\/en\/wp-json\/wp\/v2\/comments?post=1726"}],"version-history":[{"count":0,"href":"https:\/\/auftragsmalerei-kwast-berlin.de\/en\/wp-json\/wp\/v2\/pages\/1726\/revisions"}],"up":[{"embeddable":true,"href":"https:\/\/auftragsmalerei-kwast-berlin.de\/en\/wp-json\/wp\/v2\/pages\/146"}],"wp:attachment":[{"href":"https:\/\/auftragsmalerei-kwast-berlin.de\/en\/wp-json\/wp\/v2\/media?parent=1726"}],"curies":[{"name":"wp","href":"https:\/\/api.w.org\/{rel}","templated":true}]}}