{"id":1734,"date":"2015-09-25T18:57:22","date_gmt":"2015-09-25T16:57:22","guid":{"rendered":"http:\/\/relaunch.auftragsmalerei-kwast-berlin.de\/?page_id=1734"},"modified":"2015-09-25T18:57:22","modified_gmt":"2015-09-25T16:57:22","slug":"imitation-blei","status":"publish","type":"page","link":"https:\/\/auftragsmalerei-kwast-berlin.de\/en\/imitationsmalerei-arbeitsbeispiele\/imitation-blei\/","title":{"rendered":"Imitation Blei"},"content":{"rendered":"<h3>Auftraggeber: Theaterhaus Jena | Material? | Gr\u00f6\u00dfe?<\/h3>\n<p>F\u00fcr das Theaterhaus Jena wurde nach einer L\u00f6sung gesucht, eine komplette Dekoration aus Blei auf die B\u00fchne zu bringen. Das w\u00e4re f\u00fcr jeden Auftragsmaler eine Herausforderung, aber das Ergebnis konnte sich sehen lassen. Die Optik stimmte und alle Dekorationsteile konnten bequem geh\u00e4ndelt werden.<br \/>\n<div class=\"content_block\" id=\"custom_post_widget-1731\"><p><img loading=\"lazy\" decoding=\"async\" src=\"\/wp-content\/uploads\/imitationen_blei_1gr.jpg\" alt=\"Kwast - Imitationen - Blei\" width=\"693\" height=\"440\" class=\"alignnone size-full wp-image-1732\" \/><\/p>\n<\/div><\/p>\n","protected":false},"excerpt":{"rendered":"<p>Auftraggeber: Theaterhaus Jena | Material? | Gr\u00f6\u00dfe? F\u00fcr das Theaterhaus Jena wurde nach einer L\u00f6sung gesucht, eine komplette Dekoration aus Blei auf die B\u00fchne zu bringen. Das w\u00e4re f\u00fcr jeden Auftragsmaler eine Herausforderung, aber das Ergebnis konnte sich sehen lassen. Die Optik stimmte und alle Dekorationsteile konnten bequem geh\u00e4ndelt werden.<\/p>\n","protected":false},"author":2,"featured_media":0,"parent":146,"menu_order":12,"comment_status":"closed","ping_status":"closed","template":"detailseiten.php","meta":{"footnotes":""},"class_list":["post-1734","page","type-page","status-publish","hentry","brick"],"yoast_head":"<!-- This site is optimized with the Yoast SEO plugin v27.4 - https:\/\/yoast.com\/product\/yoast-seo-wordpress\/ -->\n<title>Imitation Blei - Commissioned Painting Kwast Berlin<\/title>\n<meta name=\"robots\" content=\"index, follow, max-snippet:-1, max-image-preview:large, max-video-preview:-1\" \/>\n<link rel=\"canonical\" href=\"https:\/\/auftragsmalerei-kwast-berlin.de\/en\/imitationsmalerei-arbeitsbeispiele\/imitation-blei\/\" \/>\n<meta property=\"og:locale\" content=\"en_US\" \/>\n<meta property=\"og:type\" content=\"article\" \/>\n<meta property=\"og:title\" content=\"Imitation Blei - Commissioned Painting Kwast Berlin\" \/>\n<meta property=\"og:description\" content=\"Auftraggeber: Theaterhaus Jena | Material? | Gr\u00f6\u00dfe? F\u00fcr das Theaterhaus Jena wurde nach einer L\u00f6sung gesucht, eine komplette Dekoration aus Blei auf die B\u00fchne zu bringen. Das w\u00e4re f\u00fcr jeden Auftragsmaler eine Herausforderung, aber das Ergebnis konnte sich sehen lassen. Die Optik stimmte und alle Dekorationsteile konnten bequem geh\u00e4ndelt werden.\" \/>\n<meta property=\"og:url\" content=\"https:\/\/auftragsmalerei-kwast-berlin.de\/en\/imitationsmalerei-arbeitsbeispiele\/imitation-blei\/\" \/>\n<meta property=\"og:site_name\" content=\"Commissioned Painting Kwast Berlin\" \/>\n<meta name=\"twitter:card\" content=\"summary_large_image\" \/>\n<script type=\"application\/ld+json\" class=\"yoast-schema-graph\">{\"@context\":\"https:\\\/\\\/schema.org\",\"@graph\":[{\"@type\":\"WebPage\",\"@id\":\"https:\\\/\\\/auftragsmalerei-kwast-berlin.de\\\/en\\\/imitationsmalerei-arbeitsbeispiele\\\/imitation-blei\\\/\",\"url\":\"https:\\\/\\\/auftragsmalerei-kwast-berlin.de\\\/en\\\/imitationsmalerei-arbeitsbeispiele\\\/imitation-blei\\\/\",\"name\":\"Imitation Blei - Commissioned Painting Kwast Berlin\",\"isPartOf\":{\"@id\":\"https:\\\/\\\/auftragsmalerei-kwast-berlin.de\\\/en\\\/#website\"},\"datePublished\":\"2015-09-25T16:57:22+00:00\",\"breadcrumb\":{\"@id\":\"https:\\\/\\\/auftragsmalerei-kwast-berlin.de\\\/en\\\/imitationsmalerei-arbeitsbeispiele\\\/imitation-blei\\\/#breadcrumb\"},\"inLanguage\":\"en-US\",\"potentialAction\":[{\"@type\":\"ReadAction\",\"target\":[\"https:\\\/\\\/auftragsmalerei-kwast-berlin.de\\\/en\\\/imitationsmalerei-arbeitsbeispiele\\\/imitation-blei\\\/\"]}]},{\"@type\":\"BreadcrumbList\",\"@id\":\"https:\\\/\\\/auftragsmalerei-kwast-berlin.de\\\/en\\\/imitationsmalerei-arbeitsbeispiele\\\/imitation-blei\\\/#breadcrumb\",\"itemListElement\":[{\"@type\":\"ListItem\",\"position\":1,\"name\":\"Home\",\"item\":\"https:\\\/\\\/auftragsmalerei-kwast-berlin.de\\\/en\\\/\"},{\"@type\":\"ListItem\",\"position\":2,\"name\":\"Imitation painting\",\"item\":\"https:\\\/\\\/auftragsmalerei-kwast-berlin.de\\\/en\\\/imitationsmalerei-arbeitsbeispiele\\\/\"},{\"@type\":\"ListItem\",\"position\":3,\"name\":\"Imitation Blei\"}]},{\"@type\":\"WebSite\",\"@id\":\"https:\\\/\\\/auftragsmalerei-kwast-berlin.de\\\/en\\\/#website\",\"url\":\"https:\\\/\\\/auftragsmalerei-kwast-berlin.de\\\/en\\\/\",\"name\":\"Commissioned Painting Kwast Berlin\",\"description\":\"Commissioned painting for theatre and film, fairs and museums, wall, facade and portrait\",\"potentialAction\":[{\"@type\":\"SearchAction\",\"target\":{\"@type\":\"EntryPoint\",\"urlTemplate\":\"https:\\\/\\\/auftragsmalerei-kwast-berlin.de\\\/en\\\/?s={search_term_string}\"},\"query-input\":{\"@type\":\"PropertyValueSpecification\",\"valueRequired\":true,\"valueName\":\"search_term_string\"}}],\"inLanguage\":\"en-US\"}]}<\/script>\n<!-- \/ Yoast SEO plugin. -->","yoast_head_json":{"title":"Imitation Blei - Commissioned Painting Kwast Berlin","robots":{"index":"index","follow":"follow","max-snippet":"max-snippet:-1","max-image-preview":"max-image-preview:large","max-video-preview":"max-video-preview:-1"},"canonical":"https:\/\/auftragsmalerei-kwast-berlin.de\/en\/imitationsmalerei-arbeitsbeispiele\/imitation-blei\/","og_locale":"en_US","og_type":"article","og_title":"Imitation Blei - Commissioned Painting Kwast Berlin","og_description":"Auftraggeber: Theaterhaus Jena | Material? | Gr\u00f6\u00dfe? F\u00fcr das Theaterhaus Jena wurde nach einer L\u00f6sung gesucht, eine komplette Dekoration aus Blei auf die B\u00fchne zu bringen. Das w\u00e4re f\u00fcr jeden Auftragsmaler eine Herausforderung, aber das Ergebnis konnte sich sehen lassen. Die Optik stimmte und alle Dekorationsteile konnten bequem geh\u00e4ndelt werden.","og_url":"https:\/\/auftragsmalerei-kwast-berlin.de\/en\/imitationsmalerei-arbeitsbeispiele\/imitation-blei\/","og_site_name":"Commissioned Painting Kwast Berlin","twitter_card":"summary_large_image","schema":{"@context":"https:\/\/schema.org","@graph":[{"@type":"WebPage","@id":"https:\/\/auftragsmalerei-kwast-berlin.de\/en\/imitationsmalerei-arbeitsbeispiele\/imitation-blei\/","url":"https:\/\/auftragsmalerei-kwast-berlin.de\/en\/imitationsmalerei-arbeitsbeispiele\/imitation-blei\/","name":"Imitation Blei - Commissioned Painting Kwast Berlin","isPartOf":{"@id":"https:\/\/auftragsmalerei-kwast-berlin.de\/en\/#website"},"datePublished":"2015-09-25T16:57:22+00:00","breadcrumb":{"@id":"https:\/\/auftragsmalerei-kwast-berlin.de\/en\/imitationsmalerei-arbeitsbeispiele\/imitation-blei\/#breadcrumb"},"inLanguage":"en-US","potentialAction":[{"@type":"ReadAction","target":["https:\/\/auftragsmalerei-kwast-berlin.de\/en\/imitationsmalerei-arbeitsbeispiele\/imitation-blei\/"]}]},{"@type":"BreadcrumbList","@id":"https:\/\/auftragsmalerei-kwast-berlin.de\/en\/imitationsmalerei-arbeitsbeispiele\/imitation-blei\/#breadcrumb","itemListElement":[{"@type":"ListItem","position":1,"name":"Home","item":"https:\/\/auftragsmalerei-kwast-berlin.de\/en\/"},{"@type":"ListItem","position":2,"name":"Imitation painting","item":"https:\/\/auftragsmalerei-kwast-berlin.de\/en\/imitationsmalerei-arbeitsbeispiele\/"},{"@type":"ListItem","position":3,"name":"Imitation Blei"}]},{"@type":"WebSite","@id":"https:\/\/auftragsmalerei-kwast-berlin.de\/en\/#website","url":"https:\/\/auftragsmalerei-kwast-berlin.de\/en\/","name":"Commissioned Painting Kwast Berlin","description":"Commissioned painting for theatre and film, fairs and museums, wall, facade and portrait","potentialAction":[{"@type":"SearchAction","target":{"@type":"EntryPoint","urlTemplate":"https:\/\/auftragsmalerei-kwast-berlin.de\/en\/?s={search_term_string}"},"query-input":{"@type":"PropertyValueSpecification","valueRequired":true,"valueName":"search_term_string"}}],"inLanguage":"en-US"}]}},"_links":{"self":[{"href":"https:\/\/auftragsmalerei-kwast-berlin.de\/en\/wp-json\/wp\/v2\/pages\/1734","targetHints":{"allow":["GET"]}}],"collection":[{"href":"https:\/\/auftragsmalerei-kwast-berlin.de\/en\/wp-json\/wp\/v2\/pages"}],"about":[{"href":"https:\/\/auftragsmalerei-kwast-berlin.de\/en\/wp-json\/wp\/v2\/types\/page"}],"author":[{"embeddable":true,"href":"https:\/\/auftragsmalerei-kwast-berlin.de\/en\/wp-json\/wp\/v2\/users\/2"}],"replies":[{"embeddable":true,"href":"https:\/\/auftragsmalerei-kwast-berlin.de\/en\/wp-json\/wp\/v2\/comments?post=1734"}],"version-history":[{"count":0,"href":"https:\/\/auftragsmalerei-kwast-berlin.de\/en\/wp-json\/wp\/v2\/pages\/1734\/revisions"}],"up":[{"embeddable":true,"href":"https:\/\/auftragsmalerei-kwast-berlin.de\/en\/wp-json\/wp\/v2\/pages\/146"}],"wp:attachment":[{"href":"https:\/\/auftragsmalerei-kwast-berlin.de\/en\/wp-json\/wp\/v2\/media?parent=1734"}],"curies":[{"name":"wp","href":"https:\/\/api.w.org\/{rel}","templated":true}]}}