{"id":1744,"date":"2015-09-25T19:03:41","date_gmt":"2015-09-25T17:03:41","guid":{"rendered":"http:\/\/relaunch.auftragsmalerei-kwast-berlin.de\/?page_id=1744"},"modified":"2015-09-25T19:03:41","modified_gmt":"2015-09-25T17:03:41","slug":"imitation-betonplatten","status":"publish","type":"page","link":"https:\/\/auftragsmalerei-kwast-berlin.de\/en\/imitationsmalerei-arbeitsbeispiele\/imitation-betonplatten\/","title":{"rendered":"Imitation Betonplatten"},"content":{"rendered":"<h3>Auftraggeber: Theaterbau Winter | Rollputz auf Tischlerplatte, Farbe + Sand, Versiegelung | verschiedene Gr\u00f6\u00dfen<\/h3>\n<p>F\u00fcr eine Freiluftausstellung in Hamburg sollten gro\u00dfe Objekte auf einen mit Betonplatten belegten Platz eingelassen werden. Da niemand in k\u00fcrzester Zeit neue Platten an die Ausstellungsobjekte anpassen konnte, landete der Auftrag bei mir. Rollputz auf Tischlerplatte, Farbe + Sand, Versiegelung. Dazu kam ein matter Glanz, weil mit Regen gerechnet werden musste.<br \/>\n<div class=\"content_block\" id=\"custom_post_widget-1739\"><p><img loading=\"lazy\" decoding=\"async\" src=\"\/wp-content\/uploads\/imitationen_beton_3gr.jpg\" alt=\"Kwast - Imitationen - Betonplatten\" width=\"693\" height=\"440\" class=\"alignnone size-full wp-image-1742\" \/><\/p>\n<p><img loading=\"lazy\" decoding=\"async\" src=\"\/wp-content\/uploads\/imitationen_beton_2gr.jpg\" alt=\"Kwast - Imitationen - Betonplatten\" width=\"693\" height=\"460\" class=\"alignnone size-full wp-image-1741\" \/><\/p>\n<p><img loading=\"lazy\" decoding=\"async\" src=\"\/wp-content\/uploads\/imitationen_beton_1gr.jpg\" alt=\"Kwast - Imitationen - Betonplatten\" width=\"693\" height=\"440\" class=\"alignnone size-full wp-image-1740\" \/><\/p>\n<\/div><\/p>\n","protected":false},"excerpt":{"rendered":"<p>Auftraggeber: Theaterbau Winter | Rollputz auf Tischlerplatte, Farbe + Sand, Versiegelung | verschiedene Gr\u00f6\u00dfen F\u00fcr eine Freiluftausstellung in Hamburg sollten gro\u00dfe Objekte auf einen mit Betonplatten belegten Platz eingelassen werden. Da niemand in k\u00fcrzester Zeit neue Platten an die Ausstellungsobjekte anpassen konnte, landete der Auftrag bei mir. Rollputz auf Tischlerplatte, Farbe + Sand, Versiegelung. Dazu [&hellip;]<\/p>\n","protected":false},"author":2,"featured_media":0,"parent":146,"menu_order":13,"comment_status":"closed","ping_status":"closed","template":"detailseiten.php","meta":{"footnotes":""},"class_list":["post-1744","page","type-page","status-publish","hentry","brick"],"yoast_head":"<!-- This site is optimized with the Yoast SEO plugin v27.5 - https:\/\/yoast.com\/product\/yoast-seo-wordpress\/ -->\n<title>Imitation Betonplatten - Commissioned Painting Kwast Berlin<\/title>\n<meta name=\"robots\" content=\"index, follow, max-snippet:-1, max-image-preview:large, max-video-preview:-1\" \/>\n<link rel=\"canonical\" href=\"https:\/\/auftragsmalerei-kwast-berlin.de\/en\/imitationsmalerei-arbeitsbeispiele\/imitation-betonplatten\/\" \/>\n<meta property=\"og:locale\" content=\"en_US\" \/>\n<meta property=\"og:type\" content=\"article\" \/>\n<meta property=\"og:title\" content=\"Imitation Betonplatten - Commissioned Painting Kwast Berlin\" \/>\n<meta property=\"og:description\" content=\"Auftraggeber: Theaterbau Winter | Rollputz auf Tischlerplatte, Farbe + Sand, Versiegelung | verschiedene Gr\u00f6\u00dfen F\u00fcr eine Freiluftausstellung in Hamburg sollten gro\u00dfe Objekte auf einen mit Betonplatten belegten Platz eingelassen werden. Da niemand in k\u00fcrzester Zeit neue Platten an die Ausstellungsobjekte anpassen konnte, landete der Auftrag bei mir. Rollputz auf Tischlerplatte, Farbe + Sand, Versiegelung. Dazu [&hellip;]\" \/>\n<meta property=\"og:url\" content=\"https:\/\/auftragsmalerei-kwast-berlin.de\/en\/imitationsmalerei-arbeitsbeispiele\/imitation-betonplatten\/\" \/>\n<meta property=\"og:site_name\" content=\"Commissioned Painting Kwast Berlin\" \/>\n<meta name=\"twitter:card\" content=\"summary_large_image\" \/>\n<script type=\"application\/ld+json\" class=\"yoast-schema-graph\">{\"@context\":\"https:\\\/\\\/schema.org\",\"@graph\":[{\"@type\":\"WebPage\",\"@id\":\"https:\\\/\\\/auftragsmalerei-kwast-berlin.de\\\/en\\\/imitationsmalerei-arbeitsbeispiele\\\/imitation-betonplatten\\\/\",\"url\":\"https:\\\/\\\/auftragsmalerei-kwast-berlin.de\\\/en\\\/imitationsmalerei-arbeitsbeispiele\\\/imitation-betonplatten\\\/\",\"name\":\"Imitation Betonplatten - Commissioned Painting Kwast Berlin\",\"isPartOf\":{\"@id\":\"https:\\\/\\\/auftragsmalerei-kwast-berlin.de\\\/en\\\/#website\"},\"datePublished\":\"2015-09-25T17:03:41+00:00\",\"breadcrumb\":{\"@id\":\"https:\\\/\\\/auftragsmalerei-kwast-berlin.de\\\/en\\\/imitationsmalerei-arbeitsbeispiele\\\/imitation-betonplatten\\\/#breadcrumb\"},\"inLanguage\":\"en-US\",\"potentialAction\":[{\"@type\":\"ReadAction\",\"target\":[\"https:\\\/\\\/auftragsmalerei-kwast-berlin.de\\\/en\\\/imitationsmalerei-arbeitsbeispiele\\\/imitation-betonplatten\\\/\"]}]},{\"@type\":\"BreadcrumbList\",\"@id\":\"https:\\\/\\\/auftragsmalerei-kwast-berlin.de\\\/en\\\/imitationsmalerei-arbeitsbeispiele\\\/imitation-betonplatten\\\/#breadcrumb\",\"itemListElement\":[{\"@type\":\"ListItem\",\"position\":1,\"name\":\"Home\",\"item\":\"https:\\\/\\\/auftragsmalerei-kwast-berlin.de\\\/en\\\/\"},{\"@type\":\"ListItem\",\"position\":2,\"name\":\"Imitation painting\",\"item\":\"https:\\\/\\\/auftragsmalerei-kwast-berlin.de\\\/en\\\/imitationsmalerei-arbeitsbeispiele\\\/\"},{\"@type\":\"ListItem\",\"position\":3,\"name\":\"Imitation Betonplatten\"}]},{\"@type\":\"WebSite\",\"@id\":\"https:\\\/\\\/auftragsmalerei-kwast-berlin.de\\\/en\\\/#website\",\"url\":\"https:\\\/\\\/auftragsmalerei-kwast-berlin.de\\\/en\\\/\",\"name\":\"Commissioned Painting Kwast Berlin\",\"description\":\"Commissioned painting for theatre and film, fairs and museums, wall, facade and portrait\",\"potentialAction\":[{\"@type\":\"SearchAction\",\"target\":{\"@type\":\"EntryPoint\",\"urlTemplate\":\"https:\\\/\\\/auftragsmalerei-kwast-berlin.de\\\/en\\\/?s={search_term_string}\"},\"query-input\":{\"@type\":\"PropertyValueSpecification\",\"valueRequired\":true,\"valueName\":\"search_term_string\"}}],\"inLanguage\":\"en-US\"}]}<\/script>\n<!-- \/ Yoast SEO plugin. -->","yoast_head_json":{"title":"Imitation Betonplatten - Commissioned Painting Kwast Berlin","robots":{"index":"index","follow":"follow","max-snippet":"max-snippet:-1","max-image-preview":"max-image-preview:large","max-video-preview":"max-video-preview:-1"},"canonical":"https:\/\/auftragsmalerei-kwast-berlin.de\/en\/imitationsmalerei-arbeitsbeispiele\/imitation-betonplatten\/","og_locale":"en_US","og_type":"article","og_title":"Imitation Betonplatten - Commissioned Painting Kwast Berlin","og_description":"Auftraggeber: Theaterbau Winter | Rollputz auf Tischlerplatte, Farbe + Sand, Versiegelung | verschiedene Gr\u00f6\u00dfen F\u00fcr eine Freiluftausstellung in Hamburg sollten gro\u00dfe Objekte auf einen mit Betonplatten belegten Platz eingelassen werden. Da niemand in k\u00fcrzester Zeit neue Platten an die Ausstellungsobjekte anpassen konnte, landete der Auftrag bei mir. Rollputz auf Tischlerplatte, Farbe + Sand, Versiegelung. Dazu [&hellip;]","og_url":"https:\/\/auftragsmalerei-kwast-berlin.de\/en\/imitationsmalerei-arbeitsbeispiele\/imitation-betonplatten\/","og_site_name":"Commissioned Painting Kwast Berlin","twitter_card":"summary_large_image","schema":{"@context":"https:\/\/schema.org","@graph":[{"@type":"WebPage","@id":"https:\/\/auftragsmalerei-kwast-berlin.de\/en\/imitationsmalerei-arbeitsbeispiele\/imitation-betonplatten\/","url":"https:\/\/auftragsmalerei-kwast-berlin.de\/en\/imitationsmalerei-arbeitsbeispiele\/imitation-betonplatten\/","name":"Imitation Betonplatten - Commissioned Painting Kwast Berlin","isPartOf":{"@id":"https:\/\/auftragsmalerei-kwast-berlin.de\/en\/#website"},"datePublished":"2015-09-25T17:03:41+00:00","breadcrumb":{"@id":"https:\/\/auftragsmalerei-kwast-berlin.de\/en\/imitationsmalerei-arbeitsbeispiele\/imitation-betonplatten\/#breadcrumb"},"inLanguage":"en-US","potentialAction":[{"@type":"ReadAction","target":["https:\/\/auftragsmalerei-kwast-berlin.de\/en\/imitationsmalerei-arbeitsbeispiele\/imitation-betonplatten\/"]}]},{"@type":"BreadcrumbList","@id":"https:\/\/auftragsmalerei-kwast-berlin.de\/en\/imitationsmalerei-arbeitsbeispiele\/imitation-betonplatten\/#breadcrumb","itemListElement":[{"@type":"ListItem","position":1,"name":"Home","item":"https:\/\/auftragsmalerei-kwast-berlin.de\/en\/"},{"@type":"ListItem","position":2,"name":"Imitation painting","item":"https:\/\/auftragsmalerei-kwast-berlin.de\/en\/imitationsmalerei-arbeitsbeispiele\/"},{"@type":"ListItem","position":3,"name":"Imitation Betonplatten"}]},{"@type":"WebSite","@id":"https:\/\/auftragsmalerei-kwast-berlin.de\/en\/#website","url":"https:\/\/auftragsmalerei-kwast-berlin.de\/en\/","name":"Commissioned Painting Kwast Berlin","description":"Commissioned painting for theatre and film, fairs and museums, wall, facade and portrait","potentialAction":[{"@type":"SearchAction","target":{"@type":"EntryPoint","urlTemplate":"https:\/\/auftragsmalerei-kwast-berlin.de\/en\/?s={search_term_string}"},"query-input":{"@type":"PropertyValueSpecification","valueRequired":true,"valueName":"search_term_string"}}],"inLanguage":"en-US"}]}},"_links":{"self":[{"href":"https:\/\/auftragsmalerei-kwast-berlin.de\/en\/wp-json\/wp\/v2\/pages\/1744","targetHints":{"allow":["GET"]}}],"collection":[{"href":"https:\/\/auftragsmalerei-kwast-berlin.de\/en\/wp-json\/wp\/v2\/pages"}],"about":[{"href":"https:\/\/auftragsmalerei-kwast-berlin.de\/en\/wp-json\/wp\/v2\/types\/page"}],"author":[{"embeddable":true,"href":"https:\/\/auftragsmalerei-kwast-berlin.de\/en\/wp-json\/wp\/v2\/users\/2"}],"replies":[{"embeddable":true,"href":"https:\/\/auftragsmalerei-kwast-berlin.de\/en\/wp-json\/wp\/v2\/comments?post=1744"}],"version-history":[{"count":0,"href":"https:\/\/auftragsmalerei-kwast-berlin.de\/en\/wp-json\/wp\/v2\/pages\/1744\/revisions"}],"up":[{"embeddable":true,"href":"https:\/\/auftragsmalerei-kwast-berlin.de\/en\/wp-json\/wp\/v2\/pages\/146"}],"wp:attachment":[{"href":"https:\/\/auftragsmalerei-kwast-berlin.de\/en\/wp-json\/wp\/v2\/media?parent=1744"}],"curies":[{"name":"wp","href":"https:\/\/api.w.org\/{rel}","templated":true}]}}