{"id":1782,"date":"2015-09-25T19:35:56","date_gmt":"2015-09-25T17:35:56","guid":{"rendered":"http:\/\/relaunch.auftragsmalerei-kwast-berlin.de\/?page_id=1782"},"modified":"2020-05-23T17:08:07","modified_gmt":"2020-05-23T15:08:07","slug":"tafelmalerei-albrecht-duerer","status":"publish","type":"page","link":"https:\/\/auftragsmalerei-kwast-berlin.de\/en\/copies\/tafelmalerei-albrecht-duerer\/","title":{"rendered":"Tafelmalerei \u2013 Albrecht D\u00fcrer"},"content":{"rendered":"<p>Auftraggeber: Theater Senftenberg | \u00d6l auf Leinwand | 86 x 115cm<br \/>\nKopie einer Tafelmalerei von Albrecht D\u00fcrer \u2013 Bildnis einer Venezianerin<br \/>\n<div class=\"content_block\" id=\"custom_post_widget-1779\"><p><img loading=\"lazy\" decoding=\"async\" src=\"\/wp-content\/uploads\/kopien_4gr.jpg\" alt=\"Kwast - Kopien - Tafelmalerei D\u00fcrrer\" width=\"464\" height=\"620\" class=\"alignnone size-full wp-image-1780\" \/><\/p>\n<\/div><\/p>\n","protected":false},"excerpt":{"rendered":"<p>Auftraggeber: Theater Senftenberg | \u00d6l auf Leinwand | 86 x 115cm Kopie einer Tafelmalerei von Albrecht D\u00fcrer \u2013 Bildnis einer Venezianerin<\/p>\n","protected":false},"author":2,"featured_media":0,"parent":143,"menu_order":4,"comment_status":"closed","ping_status":"closed","template":"detailseiten.php","meta":{"footnotes":""},"class_list":["post-1782","page","type-page","status-publish","hentry","brick"],"yoast_head":"<!-- This site is optimized with the Yoast SEO plugin v27.4 - https:\/\/yoast.com\/product\/yoast-seo-wordpress\/ -->\n<title>Tafelmalerei \u2013 Albrecht D\u00fcrer - Commissioned Painting Kwast Berlin<\/title>\n<meta name=\"robots\" content=\"index, follow, max-snippet:-1, max-image-preview:large, max-video-preview:-1\" \/>\n<link rel=\"canonical\" href=\"https:\/\/auftragsmalerei-kwast-berlin.de\/en\/copies\/tafelmalerei-albrecht-duerer\/\" \/>\n<meta property=\"og:locale\" content=\"en_US\" \/>\n<meta property=\"og:type\" content=\"article\" \/>\n<meta property=\"og:title\" content=\"Tafelmalerei \u2013 Albrecht D\u00fcrer - Commissioned Painting Kwast Berlin\" \/>\n<meta property=\"og:description\" content=\"Auftraggeber: Theater Senftenberg | \u00d6l auf Leinwand | 86 x 115cm Kopie einer Tafelmalerei von Albrecht D\u00fcrer \u2013 Bildnis einer Venezianerin\" \/>\n<meta property=\"og:url\" content=\"https:\/\/auftragsmalerei-kwast-berlin.de\/en\/copies\/tafelmalerei-albrecht-duerer\/\" \/>\n<meta property=\"og:site_name\" content=\"Commissioned Painting Kwast Berlin\" \/>\n<meta property=\"article:modified_time\" content=\"2020-05-23T15:08:07+00:00\" \/>\n<meta name=\"twitter:card\" content=\"summary_large_image\" \/>\n<script type=\"application\/ld+json\" class=\"yoast-schema-graph\">{\"@context\":\"https:\\\/\\\/schema.org\",\"@graph\":[{\"@type\":\"WebPage\",\"@id\":\"https:\\\/\\\/auftragsmalerei-kwast-berlin.de\\\/en\\\/copies\\\/tafelmalerei-albrecht-duerer\\\/\",\"url\":\"https:\\\/\\\/auftragsmalerei-kwast-berlin.de\\\/en\\\/copies\\\/tafelmalerei-albrecht-duerer\\\/\",\"name\":\"Tafelmalerei \u2013 Albrecht D\u00fcrer - Commissioned Painting Kwast Berlin\",\"isPartOf\":{\"@id\":\"https:\\\/\\\/auftragsmalerei-kwast-berlin.de\\\/en\\\/#website\"},\"datePublished\":\"2015-09-25T17:35:56+00:00\",\"dateModified\":\"2020-05-23T15:08:07+00:00\",\"breadcrumb\":{\"@id\":\"https:\\\/\\\/auftragsmalerei-kwast-berlin.de\\\/en\\\/copies\\\/tafelmalerei-albrecht-duerer\\\/#breadcrumb\"},\"inLanguage\":\"en-US\",\"potentialAction\":[{\"@type\":\"ReadAction\",\"target\":[\"https:\\\/\\\/auftragsmalerei-kwast-berlin.de\\\/en\\\/copies\\\/tafelmalerei-albrecht-duerer\\\/\"]}]},{\"@type\":\"BreadcrumbList\",\"@id\":\"https:\\\/\\\/auftragsmalerei-kwast-berlin.de\\\/en\\\/copies\\\/tafelmalerei-albrecht-duerer\\\/#breadcrumb\",\"itemListElement\":[{\"@type\":\"ListItem\",\"position\":1,\"name\":\"Home\",\"item\":\"https:\\\/\\\/auftragsmalerei-kwast-berlin.de\\\/en\\\/\"},{\"@type\":\"ListItem\",\"position\":2,\"name\":\"Copies\",\"item\":\"https:\\\/\\\/auftragsmalerei-kwast-berlin.de\\\/en\\\/copies\\\/\"},{\"@type\":\"ListItem\",\"position\":3,\"name\":\"Tafelmalerei \u2013 Albrecht D\u00fcrer\"}]},{\"@type\":\"WebSite\",\"@id\":\"https:\\\/\\\/auftragsmalerei-kwast-berlin.de\\\/en\\\/#website\",\"url\":\"https:\\\/\\\/auftragsmalerei-kwast-berlin.de\\\/en\\\/\",\"name\":\"Commissioned Painting Kwast Berlin\",\"description\":\"Commissioned painting for theatre and film, fairs and museums, wall, facade and portrait\",\"potentialAction\":[{\"@type\":\"SearchAction\",\"target\":{\"@type\":\"EntryPoint\",\"urlTemplate\":\"https:\\\/\\\/auftragsmalerei-kwast-berlin.de\\\/en\\\/?s={search_term_string}\"},\"query-input\":{\"@type\":\"PropertyValueSpecification\",\"valueRequired\":true,\"valueName\":\"search_term_string\"}}],\"inLanguage\":\"en-US\"}]}<\/script>\n<!-- \/ Yoast SEO plugin. -->","yoast_head_json":{"title":"Tafelmalerei \u2013 Albrecht D\u00fcrer - Commissioned Painting Kwast Berlin","robots":{"index":"index","follow":"follow","max-snippet":"max-snippet:-1","max-image-preview":"max-image-preview:large","max-video-preview":"max-video-preview:-1"},"canonical":"https:\/\/auftragsmalerei-kwast-berlin.de\/en\/copies\/tafelmalerei-albrecht-duerer\/","og_locale":"en_US","og_type":"article","og_title":"Tafelmalerei \u2013 Albrecht D\u00fcrer - Commissioned Painting Kwast Berlin","og_description":"Auftraggeber: Theater Senftenberg | \u00d6l auf Leinwand | 86 x 115cm Kopie einer Tafelmalerei von Albrecht D\u00fcrer \u2013 Bildnis einer Venezianerin","og_url":"https:\/\/auftragsmalerei-kwast-berlin.de\/en\/copies\/tafelmalerei-albrecht-duerer\/","og_site_name":"Commissioned Painting Kwast Berlin","article_modified_time":"2020-05-23T15:08:07+00:00","twitter_card":"summary_large_image","schema":{"@context":"https:\/\/schema.org","@graph":[{"@type":"WebPage","@id":"https:\/\/auftragsmalerei-kwast-berlin.de\/en\/copies\/tafelmalerei-albrecht-duerer\/","url":"https:\/\/auftragsmalerei-kwast-berlin.de\/en\/copies\/tafelmalerei-albrecht-duerer\/","name":"Tafelmalerei \u2013 Albrecht D\u00fcrer - Commissioned Painting Kwast Berlin","isPartOf":{"@id":"https:\/\/auftragsmalerei-kwast-berlin.de\/en\/#website"},"datePublished":"2015-09-25T17:35:56+00:00","dateModified":"2020-05-23T15:08:07+00:00","breadcrumb":{"@id":"https:\/\/auftragsmalerei-kwast-berlin.de\/en\/copies\/tafelmalerei-albrecht-duerer\/#breadcrumb"},"inLanguage":"en-US","potentialAction":[{"@type":"ReadAction","target":["https:\/\/auftragsmalerei-kwast-berlin.de\/en\/copies\/tafelmalerei-albrecht-duerer\/"]}]},{"@type":"BreadcrumbList","@id":"https:\/\/auftragsmalerei-kwast-berlin.de\/en\/copies\/tafelmalerei-albrecht-duerer\/#breadcrumb","itemListElement":[{"@type":"ListItem","position":1,"name":"Home","item":"https:\/\/auftragsmalerei-kwast-berlin.de\/en\/"},{"@type":"ListItem","position":2,"name":"Copies","item":"https:\/\/auftragsmalerei-kwast-berlin.de\/en\/copies\/"},{"@type":"ListItem","position":3,"name":"Tafelmalerei \u2013 Albrecht D\u00fcrer"}]},{"@type":"WebSite","@id":"https:\/\/auftragsmalerei-kwast-berlin.de\/en\/#website","url":"https:\/\/auftragsmalerei-kwast-berlin.de\/en\/","name":"Commissioned Painting Kwast Berlin","description":"Commissioned painting for theatre and film, fairs and museums, wall, facade and portrait","potentialAction":[{"@type":"SearchAction","target":{"@type":"EntryPoint","urlTemplate":"https:\/\/auftragsmalerei-kwast-berlin.de\/en\/?s={search_term_string}"},"query-input":{"@type":"PropertyValueSpecification","valueRequired":true,"valueName":"search_term_string"}}],"inLanguage":"en-US"}]}},"_links":{"self":[{"href":"https:\/\/auftragsmalerei-kwast-berlin.de\/en\/wp-json\/wp\/v2\/pages\/1782","targetHints":{"allow":["GET"]}}],"collection":[{"href":"https:\/\/auftragsmalerei-kwast-berlin.de\/en\/wp-json\/wp\/v2\/pages"}],"about":[{"href":"https:\/\/auftragsmalerei-kwast-berlin.de\/en\/wp-json\/wp\/v2\/types\/page"}],"author":[{"embeddable":true,"href":"https:\/\/auftragsmalerei-kwast-berlin.de\/en\/wp-json\/wp\/v2\/users\/2"}],"replies":[{"embeddable":true,"href":"https:\/\/auftragsmalerei-kwast-berlin.de\/en\/wp-json\/wp\/v2\/comments?post=1782"}],"version-history":[{"count":1,"href":"https:\/\/auftragsmalerei-kwast-berlin.de\/en\/wp-json\/wp\/v2\/pages\/1782\/revisions"}],"predecessor-version":[{"id":3495,"href":"https:\/\/auftragsmalerei-kwast-berlin.de\/en\/wp-json\/wp\/v2\/pages\/1782\/revisions\/3495"}],"up":[{"embeddable":true,"href":"https:\/\/auftragsmalerei-kwast-berlin.de\/en\/wp-json\/wp\/v2\/pages\/143"}],"wp:attachment":[{"href":"https:\/\/auftragsmalerei-kwast-berlin.de\/en\/wp-json\/wp\/v2\/media?parent=1782"}],"curies":[{"name":"wp","href":"https:\/\/api.w.org\/{rel}","templated":true}]}}