{"id":1816,"date":"2015-09-25T20:06:35","date_gmt":"2015-09-25T18:06:35","guid":{"rendered":"http:\/\/relaunch.auftragsmalerei-kwast-berlin.de\/?page_id=1816"},"modified":"2015-09-25T20:06:35","modified_gmt":"2015-09-25T18:06:35","slug":"russische-ikone","status":"publish","type":"page","link":"https:\/\/auftragsmalerei-kwast-berlin.de\/en\/copies\/russische-ikone\/","title":{"rendered":"Russische Ikone"},"content":{"rendered":"<h3>Studienarbeit | Wasserfarbe, Blattgold auf Holz | 48 x 105cm<\/h3>\n<p>Die Kopie einer Ikone geh\u00f6rt zur Ausbildung zum Theatermaler dazu. An der Hochschule f\u00fcr Bildende K\u00fcnste Dresden kann man in der Fachrichtung Theatermalerei diese handwerklichen F\u00e4higkeiten erlernen.<br \/>\n<div class=\"content_block\" id=\"custom_post_widget-1813\"><p><img loading=\"lazy\" decoding=\"async\" src=\"\/wp-content\/uploads\/ikonen_1gr.jpg\" alt=\"Kwast - Kopien - Russische Ikone\" width=\"430\" height=\"638\" class=\"alignnone size-full wp-image-1814\" \/><\/p>\n<\/div><\/p>\n","protected":false},"excerpt":{"rendered":"<p>Studienarbeit | Wasserfarbe, Blattgold auf Holz | 48 x 105cm Die Kopie einer Ikone geh\u00f6rt zur Ausbildung zum Theatermaler dazu. An der Hochschule f\u00fcr Bildende K\u00fcnste Dresden kann man in der Fachrichtung Theatermalerei diese handwerklichen F\u00e4higkeiten erlernen.<\/p>\n","protected":false},"author":2,"featured_media":0,"parent":143,"menu_order":2,"comment_status":"closed","ping_status":"closed","template":"detailseiten.php","meta":{"footnotes":""},"class_list":["post-1816","page","type-page","status-publish","hentry","brick"],"yoast_head":"<!-- This site is optimized with the Yoast SEO plugin v27.4 - https:\/\/yoast.com\/product\/yoast-seo-wordpress\/ -->\n<title>Russische Ikone - Commissioned Painting Kwast Berlin<\/title>\n<meta name=\"robots\" content=\"index, follow, max-snippet:-1, max-image-preview:large, max-video-preview:-1\" \/>\n<link rel=\"canonical\" href=\"https:\/\/auftragsmalerei-kwast-berlin.de\/en\/copies\/russische-ikone\/\" \/>\n<meta property=\"og:locale\" content=\"en_US\" \/>\n<meta property=\"og:type\" content=\"article\" \/>\n<meta property=\"og:title\" content=\"Russische Ikone - Commissioned Painting Kwast Berlin\" \/>\n<meta property=\"og:description\" content=\"Studienarbeit | Wasserfarbe, Blattgold auf Holz | 48 x 105cm Die Kopie einer Ikone geh\u00f6rt zur Ausbildung zum Theatermaler dazu. An der Hochschule f\u00fcr Bildende K\u00fcnste Dresden kann man in der Fachrichtung Theatermalerei diese handwerklichen F\u00e4higkeiten erlernen.\" \/>\n<meta property=\"og:url\" content=\"https:\/\/auftragsmalerei-kwast-berlin.de\/en\/copies\/russische-ikone\/\" \/>\n<meta property=\"og:site_name\" content=\"Commissioned Painting Kwast Berlin\" \/>\n<meta name=\"twitter:card\" content=\"summary_large_image\" \/>\n<script type=\"application\/ld+json\" class=\"yoast-schema-graph\">{\"@context\":\"https:\\\/\\\/schema.org\",\"@graph\":[{\"@type\":\"WebPage\",\"@id\":\"https:\\\/\\\/auftragsmalerei-kwast-berlin.de\\\/en\\\/copies\\\/russische-ikone\\\/\",\"url\":\"https:\\\/\\\/auftragsmalerei-kwast-berlin.de\\\/en\\\/copies\\\/russische-ikone\\\/\",\"name\":\"Russische Ikone - Commissioned Painting Kwast Berlin\",\"isPartOf\":{\"@id\":\"https:\\\/\\\/auftragsmalerei-kwast-berlin.de\\\/en\\\/#website\"},\"datePublished\":\"2015-09-25T18:06:35+00:00\",\"breadcrumb\":{\"@id\":\"https:\\\/\\\/auftragsmalerei-kwast-berlin.de\\\/en\\\/copies\\\/russische-ikone\\\/#breadcrumb\"},\"inLanguage\":\"en-US\",\"potentialAction\":[{\"@type\":\"ReadAction\",\"target\":[\"https:\\\/\\\/auftragsmalerei-kwast-berlin.de\\\/en\\\/copies\\\/russische-ikone\\\/\"]}]},{\"@type\":\"BreadcrumbList\",\"@id\":\"https:\\\/\\\/auftragsmalerei-kwast-berlin.de\\\/en\\\/copies\\\/russische-ikone\\\/#breadcrumb\",\"itemListElement\":[{\"@type\":\"ListItem\",\"position\":1,\"name\":\"Home\",\"item\":\"https:\\\/\\\/auftragsmalerei-kwast-berlin.de\\\/en\\\/\"},{\"@type\":\"ListItem\",\"position\":2,\"name\":\"Copies\",\"item\":\"https:\\\/\\\/auftragsmalerei-kwast-berlin.de\\\/en\\\/copies\\\/\"},{\"@type\":\"ListItem\",\"position\":3,\"name\":\"Russische Ikone\"}]},{\"@type\":\"WebSite\",\"@id\":\"https:\\\/\\\/auftragsmalerei-kwast-berlin.de\\\/en\\\/#website\",\"url\":\"https:\\\/\\\/auftragsmalerei-kwast-berlin.de\\\/en\\\/\",\"name\":\"Commissioned Painting Kwast Berlin\",\"description\":\"Commissioned painting for theatre and film, fairs and museums, wall, facade and portrait\",\"potentialAction\":[{\"@type\":\"SearchAction\",\"target\":{\"@type\":\"EntryPoint\",\"urlTemplate\":\"https:\\\/\\\/auftragsmalerei-kwast-berlin.de\\\/en\\\/?s={search_term_string}\"},\"query-input\":{\"@type\":\"PropertyValueSpecification\",\"valueRequired\":true,\"valueName\":\"search_term_string\"}}],\"inLanguage\":\"en-US\"}]}<\/script>\n<!-- \/ Yoast SEO plugin. -->","yoast_head_json":{"title":"Russische Ikone - Commissioned Painting Kwast Berlin","robots":{"index":"index","follow":"follow","max-snippet":"max-snippet:-1","max-image-preview":"max-image-preview:large","max-video-preview":"max-video-preview:-1"},"canonical":"https:\/\/auftragsmalerei-kwast-berlin.de\/en\/copies\/russische-ikone\/","og_locale":"en_US","og_type":"article","og_title":"Russische Ikone - Commissioned Painting Kwast Berlin","og_description":"Studienarbeit | Wasserfarbe, Blattgold auf Holz | 48 x 105cm Die Kopie einer Ikone geh\u00f6rt zur Ausbildung zum Theatermaler dazu. An der Hochschule f\u00fcr Bildende K\u00fcnste Dresden kann man in der Fachrichtung Theatermalerei diese handwerklichen F\u00e4higkeiten erlernen.","og_url":"https:\/\/auftragsmalerei-kwast-berlin.de\/en\/copies\/russische-ikone\/","og_site_name":"Commissioned Painting Kwast Berlin","twitter_card":"summary_large_image","schema":{"@context":"https:\/\/schema.org","@graph":[{"@type":"WebPage","@id":"https:\/\/auftragsmalerei-kwast-berlin.de\/en\/copies\/russische-ikone\/","url":"https:\/\/auftragsmalerei-kwast-berlin.de\/en\/copies\/russische-ikone\/","name":"Russische Ikone - Commissioned Painting Kwast Berlin","isPartOf":{"@id":"https:\/\/auftragsmalerei-kwast-berlin.de\/en\/#website"},"datePublished":"2015-09-25T18:06:35+00:00","breadcrumb":{"@id":"https:\/\/auftragsmalerei-kwast-berlin.de\/en\/copies\/russische-ikone\/#breadcrumb"},"inLanguage":"en-US","potentialAction":[{"@type":"ReadAction","target":["https:\/\/auftragsmalerei-kwast-berlin.de\/en\/copies\/russische-ikone\/"]}]},{"@type":"BreadcrumbList","@id":"https:\/\/auftragsmalerei-kwast-berlin.de\/en\/copies\/russische-ikone\/#breadcrumb","itemListElement":[{"@type":"ListItem","position":1,"name":"Home","item":"https:\/\/auftragsmalerei-kwast-berlin.de\/en\/"},{"@type":"ListItem","position":2,"name":"Copies","item":"https:\/\/auftragsmalerei-kwast-berlin.de\/en\/copies\/"},{"@type":"ListItem","position":3,"name":"Russische Ikone"}]},{"@type":"WebSite","@id":"https:\/\/auftragsmalerei-kwast-berlin.de\/en\/#website","url":"https:\/\/auftragsmalerei-kwast-berlin.de\/en\/","name":"Commissioned Painting Kwast Berlin","description":"Commissioned painting for theatre and film, fairs and museums, wall, facade and portrait","potentialAction":[{"@type":"SearchAction","target":{"@type":"EntryPoint","urlTemplate":"https:\/\/auftragsmalerei-kwast-berlin.de\/en\/?s={search_term_string}"},"query-input":{"@type":"PropertyValueSpecification","valueRequired":true,"valueName":"search_term_string"}}],"inLanguage":"en-US"}]}},"_links":{"self":[{"href":"https:\/\/auftragsmalerei-kwast-berlin.de\/en\/wp-json\/wp\/v2\/pages\/1816","targetHints":{"allow":["GET"]}}],"collection":[{"href":"https:\/\/auftragsmalerei-kwast-berlin.de\/en\/wp-json\/wp\/v2\/pages"}],"about":[{"href":"https:\/\/auftragsmalerei-kwast-berlin.de\/en\/wp-json\/wp\/v2\/types\/page"}],"author":[{"embeddable":true,"href":"https:\/\/auftragsmalerei-kwast-berlin.de\/en\/wp-json\/wp\/v2\/users\/2"}],"replies":[{"embeddable":true,"href":"https:\/\/auftragsmalerei-kwast-berlin.de\/en\/wp-json\/wp\/v2\/comments?post=1816"}],"version-history":[{"count":1,"href":"https:\/\/auftragsmalerei-kwast-berlin.de\/en\/wp-json\/wp\/v2\/pages\/1816\/revisions"}],"predecessor-version":[{"id":3894,"href":"https:\/\/auftragsmalerei-kwast-berlin.de\/en\/wp-json\/wp\/v2\/pages\/1816\/revisions\/3894"}],"up":[{"embeddable":true,"href":"https:\/\/auftragsmalerei-kwast-berlin.de\/en\/wp-json\/wp\/v2\/pages\/143"}],"wp:attachment":[{"href":"https:\/\/auftragsmalerei-kwast-berlin.de\/en\/wp-json\/wp\/v2\/media?parent=1816"}],"curies":[{"name":"wp","href":"https:\/\/api.w.org\/{rel}","templated":true}]}}