{"id":1829,"date":"2015-09-25T20:15:06","date_gmt":"2015-09-25T18:15:06","guid":{"rendered":"http:\/\/relaunch.auftragsmalerei-kwast-berlin.de\/?page_id=1829"},"modified":"2015-09-25T20:15:06","modified_gmt":"2015-09-25T18:15:06","slug":"messe-madrid","status":"publish","type":"page","link":"https:\/\/auftragsmalerei-kwast-berlin.de\/en\/malerei-fuer-messen-arbeitsbeispiele\/messe-madrid\/","title":{"rendered":"Messe Madrid"},"content":{"rendered":"<h3>Auftraggeber: Theaterbau Winter | Dispersionsfarbe auf Spanplatten | verschiedene Gr\u00f6\u00dfen<\/h3>\n<p>F\u00fcr diese Messe sollte das Ambiente einer spanischen Tapas Bar nachempfunden werden, also imitierte ich zuerst Fliesenw\u00e4nde. Diese \u00abFliesen\u00bb wurden dann mit Motiven bemalt, die leicht abgewandelt in Madrid auch als Original existieren. Gemalt wurde diese Dekoration bei der Firma Theaterbau Winter in Oranienburg, die in der Bauausf\u00fchrung stand. Messe- und Ausstellungsbau sind f\u00fcr mich als Auftragsmaler ein gro\u00dfes Arbeitsfeld, solange Dekorationen noch mit Emotion und nicht nur mit Information verbunden sind.<br \/>\n<div class=\"content_block\" id=\"custom_post_widget-1821\"><p><img loading=\"lazy\" decoding=\"async\" src=\"\/wp-content\/uploads\/auftrag_messeMadrid_4gr.jpg\" alt=\"Kwast - Malerei f\u00fcr Messen - Messe Madrid\" width=\"640\" height=\"480\" class=\"alignnone size-full wp-image-1825\" \/><\/p>\n<p><img loading=\"lazy\" decoding=\"async\" src=\"\/wp-content\/uploads\/auftrag_messeMadrid_3gr.jpg\" alt=\"Kwast - Malerei f\u00fcr Messen - Messe Madrid\" width=\"430\" height=\"599\" class=\"alignnone size-full wp-image-1824\" \/><\/p>\n<p><img loading=\"lazy\" decoding=\"async\" src=\"\/wp-content\/uploads\/auftrag_messeMadrid_2gr.jpg\" alt=\"Kwast - Malerei f\u00fcr Messen - Messe Madrid\" width=\"640\" height=\"480\" class=\"alignnone size-full wp-image-1823\" \/><\/p>\n<p><img loading=\"lazy\" decoding=\"async\" src=\"\/wp-content\/uploads\/auftrag_messeMadrid_1gr.jpg\" alt=\"Kwast - Malerei f\u00fcr Messen - Messe Madrid\" width=\"640\" height=\"480\" class=\"alignnone size-full wp-image-1822\" \/><\/p>\n<p><img loading=\"lazy\" decoding=\"async\" src=\"\/wp-content\/uploads\/auftrag_messeMadrid_6gr.jpg\" alt=\"Kwast - Malerei f\u00fcr Messen - Messe Madrid\" width=\"430\" height=\"599\" class=\"alignnone size-full wp-image-1827\" \/><\/p>\n<p><img loading=\"lazy\" decoding=\"async\" src=\"\/wp-content\/uploads\/auftrag_messeMadrid_5gr.jpg\" alt=\"Kwast - Malerei f\u00fcr Messen - Messe Madrid\" width=\"640\" height=\"480\" class=\"alignnone size-full wp-image-1826\" \/><\/p>\n<\/div><\/p>\n","protected":false},"excerpt":{"rendered":"<p>Auftraggeber: Theaterbau Winter | Dispersionsfarbe auf Spanplatten | verschiedene Gr\u00f6\u00dfen F\u00fcr diese Messe sollte das Ambiente einer spanischen Tapas Bar nachempfunden werden, also imitierte ich zuerst Fliesenw\u00e4nde. Diese \u00abFliesen\u00bb wurden dann mit Motiven bemalt, die leicht abgewandelt in Madrid auch als Original existieren. Gemalt wurde diese Dekoration bei der Firma Theaterbau Winter in Oranienburg, die [&hellip;]<\/p>\n","protected":false},"author":2,"featured_media":0,"parent":966,"menu_order":0,"comment_status":"closed","ping_status":"closed","template":"detailseiten.php","meta":{"footnotes":""},"class_list":["post-1829","page","type-page","status-publish","hentry","brick"],"yoast_head":"<!-- This site is optimized with the Yoast SEO plugin v27.5 - https:\/\/yoast.com\/product\/yoast-seo-wordpress\/ -->\n<title>Messe Madrid - Commissioned Painting Kwast Berlin<\/title>\n<meta name=\"robots\" content=\"index, follow, max-snippet:-1, max-image-preview:large, max-video-preview:-1\" \/>\n<link rel=\"canonical\" href=\"https:\/\/auftragsmalerei-kwast-berlin.de\/en\/malerei-fuer-messen-arbeitsbeispiele\/messe-madrid\/\" \/>\n<meta property=\"og:locale\" content=\"en_US\" \/>\n<meta property=\"og:type\" content=\"article\" \/>\n<meta property=\"og:title\" content=\"Messe Madrid - Commissioned Painting Kwast Berlin\" \/>\n<meta property=\"og:description\" content=\"Auftraggeber: Theaterbau Winter | Dispersionsfarbe auf Spanplatten | verschiedene Gr\u00f6\u00dfen F\u00fcr diese Messe sollte das Ambiente einer spanischen Tapas Bar nachempfunden werden, also imitierte ich zuerst Fliesenw\u00e4nde. Diese \u00abFliesen\u00bb wurden dann mit Motiven bemalt, die leicht abgewandelt in Madrid auch als Original existieren. Gemalt wurde diese Dekoration bei der Firma Theaterbau Winter in Oranienburg, die [&hellip;]\" \/>\n<meta property=\"og:url\" content=\"https:\/\/auftragsmalerei-kwast-berlin.de\/en\/malerei-fuer-messen-arbeitsbeispiele\/messe-madrid\/\" \/>\n<meta property=\"og:site_name\" content=\"Commissioned Painting Kwast Berlin\" \/>\n<meta name=\"twitter:card\" content=\"summary_large_image\" \/>\n<script type=\"application\/ld+json\" class=\"yoast-schema-graph\">{\"@context\":\"https:\\\/\\\/schema.org\",\"@graph\":[{\"@type\":\"WebPage\",\"@id\":\"https:\\\/\\\/auftragsmalerei-kwast-berlin.de\\\/en\\\/malerei-fuer-messen-arbeitsbeispiele\\\/messe-madrid\\\/\",\"url\":\"https:\\\/\\\/auftragsmalerei-kwast-berlin.de\\\/en\\\/malerei-fuer-messen-arbeitsbeispiele\\\/messe-madrid\\\/\",\"name\":\"Messe Madrid - Commissioned Painting Kwast Berlin\",\"isPartOf\":{\"@id\":\"https:\\\/\\\/auftragsmalerei-kwast-berlin.de\\\/en\\\/#website\"},\"datePublished\":\"2015-09-25T18:15:06+00:00\",\"breadcrumb\":{\"@id\":\"https:\\\/\\\/auftragsmalerei-kwast-berlin.de\\\/en\\\/malerei-fuer-messen-arbeitsbeispiele\\\/messe-madrid\\\/#breadcrumb\"},\"inLanguage\":\"en-US\",\"potentialAction\":[{\"@type\":\"ReadAction\",\"target\":[\"https:\\\/\\\/auftragsmalerei-kwast-berlin.de\\\/en\\\/malerei-fuer-messen-arbeitsbeispiele\\\/messe-madrid\\\/\"]}]},{\"@type\":\"BreadcrumbList\",\"@id\":\"https:\\\/\\\/auftragsmalerei-kwast-berlin.de\\\/en\\\/malerei-fuer-messen-arbeitsbeispiele\\\/messe-madrid\\\/#breadcrumb\",\"itemListElement\":[{\"@type\":\"ListItem\",\"position\":1,\"name\":\"Home\",\"item\":\"https:\\\/\\\/auftragsmalerei-kwast-berlin.de\\\/en\\\/\"},{\"@type\":\"ListItem\",\"position\":2,\"name\":\"Exhibition painting\",\"item\":\"https:\\\/\\\/auftragsmalerei-kwast-berlin.de\\\/en\\\/malerei-fuer-messen-arbeitsbeispiele\\\/\"},{\"@type\":\"ListItem\",\"position\":3,\"name\":\"Messe Madrid\"}]},{\"@type\":\"WebSite\",\"@id\":\"https:\\\/\\\/auftragsmalerei-kwast-berlin.de\\\/en\\\/#website\",\"url\":\"https:\\\/\\\/auftragsmalerei-kwast-berlin.de\\\/en\\\/\",\"name\":\"Commissioned Painting Kwast Berlin\",\"description\":\"Commissioned painting for theatre and film, fairs and museums, wall, facade and portrait\",\"potentialAction\":[{\"@type\":\"SearchAction\",\"target\":{\"@type\":\"EntryPoint\",\"urlTemplate\":\"https:\\\/\\\/auftragsmalerei-kwast-berlin.de\\\/en\\\/?s={search_term_string}\"},\"query-input\":{\"@type\":\"PropertyValueSpecification\",\"valueRequired\":true,\"valueName\":\"search_term_string\"}}],\"inLanguage\":\"en-US\"}]}<\/script>\n<!-- \/ Yoast SEO plugin. -->","yoast_head_json":{"title":"Messe Madrid - Commissioned Painting Kwast Berlin","robots":{"index":"index","follow":"follow","max-snippet":"max-snippet:-1","max-image-preview":"max-image-preview:large","max-video-preview":"max-video-preview:-1"},"canonical":"https:\/\/auftragsmalerei-kwast-berlin.de\/en\/malerei-fuer-messen-arbeitsbeispiele\/messe-madrid\/","og_locale":"en_US","og_type":"article","og_title":"Messe Madrid - Commissioned Painting Kwast Berlin","og_description":"Auftraggeber: Theaterbau Winter | Dispersionsfarbe auf Spanplatten | verschiedene Gr\u00f6\u00dfen F\u00fcr diese Messe sollte das Ambiente einer spanischen Tapas Bar nachempfunden werden, also imitierte ich zuerst Fliesenw\u00e4nde. Diese \u00abFliesen\u00bb wurden dann mit Motiven bemalt, die leicht abgewandelt in Madrid auch als Original existieren. Gemalt wurde diese Dekoration bei der Firma Theaterbau Winter in Oranienburg, die [&hellip;]","og_url":"https:\/\/auftragsmalerei-kwast-berlin.de\/en\/malerei-fuer-messen-arbeitsbeispiele\/messe-madrid\/","og_site_name":"Commissioned Painting Kwast Berlin","twitter_card":"summary_large_image","schema":{"@context":"https:\/\/schema.org","@graph":[{"@type":"WebPage","@id":"https:\/\/auftragsmalerei-kwast-berlin.de\/en\/malerei-fuer-messen-arbeitsbeispiele\/messe-madrid\/","url":"https:\/\/auftragsmalerei-kwast-berlin.de\/en\/malerei-fuer-messen-arbeitsbeispiele\/messe-madrid\/","name":"Messe Madrid - Commissioned Painting Kwast Berlin","isPartOf":{"@id":"https:\/\/auftragsmalerei-kwast-berlin.de\/en\/#website"},"datePublished":"2015-09-25T18:15:06+00:00","breadcrumb":{"@id":"https:\/\/auftragsmalerei-kwast-berlin.de\/en\/malerei-fuer-messen-arbeitsbeispiele\/messe-madrid\/#breadcrumb"},"inLanguage":"en-US","potentialAction":[{"@type":"ReadAction","target":["https:\/\/auftragsmalerei-kwast-berlin.de\/en\/malerei-fuer-messen-arbeitsbeispiele\/messe-madrid\/"]}]},{"@type":"BreadcrumbList","@id":"https:\/\/auftragsmalerei-kwast-berlin.de\/en\/malerei-fuer-messen-arbeitsbeispiele\/messe-madrid\/#breadcrumb","itemListElement":[{"@type":"ListItem","position":1,"name":"Home","item":"https:\/\/auftragsmalerei-kwast-berlin.de\/en\/"},{"@type":"ListItem","position":2,"name":"Exhibition painting","item":"https:\/\/auftragsmalerei-kwast-berlin.de\/en\/malerei-fuer-messen-arbeitsbeispiele\/"},{"@type":"ListItem","position":3,"name":"Messe Madrid"}]},{"@type":"WebSite","@id":"https:\/\/auftragsmalerei-kwast-berlin.de\/en\/#website","url":"https:\/\/auftragsmalerei-kwast-berlin.de\/en\/","name":"Commissioned Painting Kwast Berlin","description":"Commissioned painting for theatre and film, fairs and museums, wall, facade and portrait","potentialAction":[{"@type":"SearchAction","target":{"@type":"EntryPoint","urlTemplate":"https:\/\/auftragsmalerei-kwast-berlin.de\/en\/?s={search_term_string}"},"query-input":{"@type":"PropertyValueSpecification","valueRequired":true,"valueName":"search_term_string"}}],"inLanguage":"en-US"}]}},"_links":{"self":[{"href":"https:\/\/auftragsmalerei-kwast-berlin.de\/en\/wp-json\/wp\/v2\/pages\/1829","targetHints":{"allow":["GET"]}}],"collection":[{"href":"https:\/\/auftragsmalerei-kwast-berlin.de\/en\/wp-json\/wp\/v2\/pages"}],"about":[{"href":"https:\/\/auftragsmalerei-kwast-berlin.de\/en\/wp-json\/wp\/v2\/types\/page"}],"author":[{"embeddable":true,"href":"https:\/\/auftragsmalerei-kwast-berlin.de\/en\/wp-json\/wp\/v2\/users\/2"}],"replies":[{"embeddable":true,"href":"https:\/\/auftragsmalerei-kwast-berlin.de\/en\/wp-json\/wp\/v2\/comments?post=1829"}],"version-history":[{"count":0,"href":"https:\/\/auftragsmalerei-kwast-berlin.de\/en\/wp-json\/wp\/v2\/pages\/1829\/revisions"}],"up":[{"embeddable":true,"href":"https:\/\/auftragsmalerei-kwast-berlin.de\/en\/wp-json\/wp\/v2\/pages\/966"}],"wp:attachment":[{"href":"https:\/\/auftragsmalerei-kwast-berlin.de\/en\/wp-json\/wp\/v2\/media?parent=1829"}],"curies":[{"name":"wp","href":"https:\/\/api.w.org\/{rel}","templated":true}]}}