{"id":1850,"date":"2015-09-25T20:29:57","date_gmt":"2015-09-25T18:29:57","guid":{"rendered":"http:\/\/relaunch.auftragsmalerei-kwast-berlin.de\/?page_id=1850"},"modified":"2015-09-25T20:29:57","modified_gmt":"2015-09-25T18:29:57","slug":"werbeschilder","status":"publish","type":"page","link":"https:\/\/auftragsmalerei-kwast-berlin.de\/en\/auftragsmalerei-arbeitsbeispiele\/werbeschilder\/","title":{"rendered":"Auftragsmalerei Werbeschilder"},"content":{"rendered":"<h3>verschiedene Auftraggeber | Acrylfarbe, Lack auf Holz | verschiedene Gr\u00f6\u00dfen<\/h3>\n<p>Es ist noch gar nicht so lange her, da waren handgemalte Werbeschilder eine beliebte und g\u00e4ngige Form der Au\u00dfenwerbung und der Schildermaler ein eigener Beruf. Diese Schilder sind auf Holz gemalt, teilweise auf Wunsch k\u00fcnstlich patiniert und mit einem Schlusslack versehen. Diese spezielle Art der Auftragsmalerei wurde fast vollst\u00e4ndig von der Digitaltechnik verdr\u00e4ngt, bleibt aber ein Nischenprodukt.<br \/>\n<div class=\"content_block\" id=\"custom_post_widget-1843\"><p><img loading=\"lazy\" decoding=\"async\" class=\"alignnone size-full wp-image-1847\" src=\"\/wp-content\/uploads\/auftrag_schilder_4gr.jpg\" alt=\"Kwast - Auftragsmalerei - Werbeschilder\" width=\"640\" height=\"480\" \/><br \/>\n<img loading=\"lazy\" decoding=\"async\" class=\"alignnone size-full wp-image-1848\" src=\"\/wp-content\/uploads\/auftrag_schilder_5gr.jpg\" alt=\"Kwast - Auftragsmalerei - Werbeschilder\" width=\"640\" height=\"480\" \/><br \/>\n<img loading=\"lazy\" decoding=\"async\" class=\"alignnone size-full wp-image-1846\" src=\"\/wp-content\/uploads\/auftrag_schilder_3gr.jpg\" alt=\"Kwast - Auftragsmalerei - Werbeschilder\" width=\"640\" height=\"480\" \/><br \/>\n<img loading=\"lazy\" decoding=\"async\" class=\"alignnone size-full wp-image-1845\" src=\"\/wp-content\/uploads\/auftrag_schilder_2gr.jpg\" alt=\"Kwast - Auftragsmalerei - Werbeschilder\" width=\"640\" height=\"480\" \/><br \/>\n<img loading=\"lazy\" decoding=\"async\" class=\"alignnone size-full wp-image-1844\" src=\"\/wp-content\/uploads\/auftrag_schilder_1gr.jpg\" alt=\"Kwast - Auftragsmalerei - Werbeschilder\" width=\"640\" height=\"480\" \/><\/p>\n<\/div><\/p>\n","protected":false},"excerpt":{"rendered":"<p>verschiedene Auftraggeber | Acrylfarbe, Lack auf Holz | verschiedene Gr\u00f6\u00dfen Es ist noch gar nicht so lange her, da waren handgemalte Werbeschilder eine beliebte und g\u00e4ngige Form der Au\u00dfenwerbung und der Schildermaler ein eigener Beruf. Diese Schilder sind auf Holz gemalt, teilweise auf Wunsch k\u00fcnstlich patiniert und mit einem Schlusslack versehen. Diese spezielle Art der [&hellip;]<\/p>\n","protected":false},"author":2,"featured_media":0,"parent":77,"menu_order":9,"comment_status":"closed","ping_status":"closed","template":"detailseiten.php","meta":{"footnotes":""},"class_list":["post-1850","page","type-page","status-publish","hentry","brick"],"yoast_head":"<!-- This site is optimized with the Yoast SEO plugin v27.4 - https:\/\/yoast.com\/product\/yoast-seo-wordpress\/ -->\n<title>Auftragsmalerei Werbeschilder, Auftragsmalerei-Kwast-Berlin<\/title>\n<meta name=\"description\" content=\"Auftragsmalerei f\u00fcr Au\u00dfenwerbung, handgemalte Werbeschilder, Malerei und Beschriftung in verschiedenen Techniken,\" \/>\n<meta name=\"robots\" content=\"index, follow, max-snippet:-1, max-image-preview:large, max-video-preview:-1\" \/>\n<link rel=\"canonical\" href=\"https:\/\/auftragsmalerei-kwast-berlin.de\/en\/auftragsmalerei-arbeitsbeispiele\/werbeschilder\/\" \/>\n<meta property=\"og:locale\" content=\"en_US\" \/>\n<meta property=\"og:type\" content=\"article\" \/>\n<meta property=\"og:title\" content=\"Auftragsmalerei Werbeschilder, Auftragsmalerei-Kwast-Berlin\" \/>\n<meta property=\"og:description\" content=\"Auftragsmalerei f\u00fcr Au\u00dfenwerbung, handgemalte Werbeschilder, Malerei und Beschriftung in verschiedenen Techniken,\" \/>\n<meta property=\"og:url\" content=\"https:\/\/auftragsmalerei-kwast-berlin.de\/en\/auftragsmalerei-arbeitsbeispiele\/werbeschilder\/\" \/>\n<meta property=\"og:site_name\" content=\"Commissioned Painting Kwast Berlin\" \/>\n<meta name=\"twitter:card\" content=\"summary_large_image\" \/>\n<script type=\"application\/ld+json\" class=\"yoast-schema-graph\">{\"@context\":\"https:\\\/\\\/schema.org\",\"@graph\":[{\"@type\":\"WebPage\",\"@id\":\"https:\\\/\\\/auftragsmalerei-kwast-berlin.de\\\/en\\\/auftragsmalerei-arbeitsbeispiele\\\/werbeschilder\\\/\",\"url\":\"https:\\\/\\\/auftragsmalerei-kwast-berlin.de\\\/en\\\/auftragsmalerei-arbeitsbeispiele\\\/werbeschilder\\\/\",\"name\":\"Auftragsmalerei Werbeschilder, Auftragsmalerei-Kwast-Berlin\",\"isPartOf\":{\"@id\":\"https:\\\/\\\/auftragsmalerei-kwast-berlin.de\\\/en\\\/#website\"},\"datePublished\":\"2015-09-25T18:29:57+00:00\",\"description\":\"Auftragsmalerei f\u00fcr Au\u00dfenwerbung, handgemalte Werbeschilder, Malerei und Beschriftung in verschiedenen Techniken,\",\"breadcrumb\":{\"@id\":\"https:\\\/\\\/auftragsmalerei-kwast-berlin.de\\\/en\\\/auftragsmalerei-arbeitsbeispiele\\\/werbeschilder\\\/#breadcrumb\"},\"inLanguage\":\"en-US\",\"potentialAction\":[{\"@type\":\"ReadAction\",\"target\":[\"https:\\\/\\\/auftragsmalerei-kwast-berlin.de\\\/en\\\/auftragsmalerei-arbeitsbeispiele\\\/werbeschilder\\\/\"]}]},{\"@type\":\"BreadcrumbList\",\"@id\":\"https:\\\/\\\/auftragsmalerei-kwast-berlin.de\\\/en\\\/auftragsmalerei-arbeitsbeispiele\\\/werbeschilder\\\/#breadcrumb\",\"itemListElement\":[{\"@type\":\"ListItem\",\"position\":1,\"name\":\"Home\",\"item\":\"https:\\\/\\\/auftragsmalerei-kwast-berlin.de\\\/en\\\/\"},{\"@type\":\"ListItem\",\"position\":2,\"name\":\"Order painting\",\"item\":\"https:\\\/\\\/auftragsmalerei-kwast-berlin.de\\\/en\\\/auftragsmalerei-arbeitsbeispiele\\\/\"},{\"@type\":\"ListItem\",\"position\":3,\"name\":\"Auftragsmalerei Werbeschilder\"}]},{\"@type\":\"WebSite\",\"@id\":\"https:\\\/\\\/auftragsmalerei-kwast-berlin.de\\\/en\\\/#website\",\"url\":\"https:\\\/\\\/auftragsmalerei-kwast-berlin.de\\\/en\\\/\",\"name\":\"Commissioned Painting Kwast Berlin\",\"description\":\"Commissioned painting for theatre and film, fairs and museums, wall, facade and portrait\",\"potentialAction\":[{\"@type\":\"SearchAction\",\"target\":{\"@type\":\"EntryPoint\",\"urlTemplate\":\"https:\\\/\\\/auftragsmalerei-kwast-berlin.de\\\/en\\\/?s={search_term_string}\"},\"query-input\":{\"@type\":\"PropertyValueSpecification\",\"valueRequired\":true,\"valueName\":\"search_term_string\"}}],\"inLanguage\":\"en-US\"}]}<\/script>\n<!-- \/ Yoast SEO plugin. -->","yoast_head_json":{"title":"Auftragsmalerei Werbeschilder, Auftragsmalerei-Kwast-Berlin","description":"Auftragsmalerei f\u00fcr Au\u00dfenwerbung, handgemalte Werbeschilder, Malerei und Beschriftung in verschiedenen Techniken,","robots":{"index":"index","follow":"follow","max-snippet":"max-snippet:-1","max-image-preview":"max-image-preview:large","max-video-preview":"max-video-preview:-1"},"canonical":"https:\/\/auftragsmalerei-kwast-berlin.de\/en\/auftragsmalerei-arbeitsbeispiele\/werbeschilder\/","og_locale":"en_US","og_type":"article","og_title":"Auftragsmalerei Werbeschilder, Auftragsmalerei-Kwast-Berlin","og_description":"Auftragsmalerei f\u00fcr Au\u00dfenwerbung, handgemalte Werbeschilder, Malerei und Beschriftung in verschiedenen Techniken,","og_url":"https:\/\/auftragsmalerei-kwast-berlin.de\/en\/auftragsmalerei-arbeitsbeispiele\/werbeschilder\/","og_site_name":"Commissioned Painting Kwast Berlin","twitter_card":"summary_large_image","schema":{"@context":"https:\/\/schema.org","@graph":[{"@type":"WebPage","@id":"https:\/\/auftragsmalerei-kwast-berlin.de\/en\/auftragsmalerei-arbeitsbeispiele\/werbeschilder\/","url":"https:\/\/auftragsmalerei-kwast-berlin.de\/en\/auftragsmalerei-arbeitsbeispiele\/werbeschilder\/","name":"Auftragsmalerei Werbeschilder, Auftragsmalerei-Kwast-Berlin","isPartOf":{"@id":"https:\/\/auftragsmalerei-kwast-berlin.de\/en\/#website"},"datePublished":"2015-09-25T18:29:57+00:00","description":"Auftragsmalerei f\u00fcr Au\u00dfenwerbung, handgemalte Werbeschilder, Malerei und Beschriftung in verschiedenen Techniken,","breadcrumb":{"@id":"https:\/\/auftragsmalerei-kwast-berlin.de\/en\/auftragsmalerei-arbeitsbeispiele\/werbeschilder\/#breadcrumb"},"inLanguage":"en-US","potentialAction":[{"@type":"ReadAction","target":["https:\/\/auftragsmalerei-kwast-berlin.de\/en\/auftragsmalerei-arbeitsbeispiele\/werbeschilder\/"]}]},{"@type":"BreadcrumbList","@id":"https:\/\/auftragsmalerei-kwast-berlin.de\/en\/auftragsmalerei-arbeitsbeispiele\/werbeschilder\/#breadcrumb","itemListElement":[{"@type":"ListItem","position":1,"name":"Home","item":"https:\/\/auftragsmalerei-kwast-berlin.de\/en\/"},{"@type":"ListItem","position":2,"name":"Order painting","item":"https:\/\/auftragsmalerei-kwast-berlin.de\/en\/auftragsmalerei-arbeitsbeispiele\/"},{"@type":"ListItem","position":3,"name":"Auftragsmalerei Werbeschilder"}]},{"@type":"WebSite","@id":"https:\/\/auftragsmalerei-kwast-berlin.de\/en\/#website","url":"https:\/\/auftragsmalerei-kwast-berlin.de\/en\/","name":"Commissioned Painting Kwast Berlin","description":"Commissioned painting for theatre and film, fairs and museums, wall, facade and portrait","potentialAction":[{"@type":"SearchAction","target":{"@type":"EntryPoint","urlTemplate":"https:\/\/auftragsmalerei-kwast-berlin.de\/en\/?s={search_term_string}"},"query-input":{"@type":"PropertyValueSpecification","valueRequired":true,"valueName":"search_term_string"}}],"inLanguage":"en-US"}]}},"_links":{"self":[{"href":"https:\/\/auftragsmalerei-kwast-berlin.de\/en\/wp-json\/wp\/v2\/pages\/1850","targetHints":{"allow":["GET"]}}],"collection":[{"href":"https:\/\/auftragsmalerei-kwast-berlin.de\/en\/wp-json\/wp\/v2\/pages"}],"about":[{"href":"https:\/\/auftragsmalerei-kwast-berlin.de\/en\/wp-json\/wp\/v2\/types\/page"}],"author":[{"embeddable":true,"href":"https:\/\/auftragsmalerei-kwast-berlin.de\/en\/wp-json\/wp\/v2\/users\/2"}],"replies":[{"embeddable":true,"href":"https:\/\/auftragsmalerei-kwast-berlin.de\/en\/wp-json\/wp\/v2\/comments?post=1850"}],"version-history":[{"count":0,"href":"https:\/\/auftragsmalerei-kwast-berlin.de\/en\/wp-json\/wp\/v2\/pages\/1850\/revisions"}],"up":[{"embeddable":true,"href":"https:\/\/auftragsmalerei-kwast-berlin.de\/en\/wp-json\/wp\/v2\/pages\/77"}],"wp:attachment":[{"href":"https:\/\/auftragsmalerei-kwast-berlin.de\/en\/wp-json\/wp\/v2\/media?parent=1850"}],"curies":[{"name":"wp","href":"https:\/\/api.w.org\/{rel}","templated":true}]}}