{"id":1870,"date":"2015-09-25T20:44:15","date_gmt":"2015-09-25T18:44:15","guid":{"rendered":"http:\/\/relaunch.auftragsmalerei-kwast-berlin.de\/?page_id=1870"},"modified":"2015-09-25T20:44:15","modified_gmt":"2015-09-25T18:44:15","slug":"comic","status":"publish","type":"page","link":"https:\/\/auftragsmalerei-kwast-berlin.de\/en\/auftragsmalerei-arbeitsbeispiele\/comic\/","title":{"rendered":"Comic"},"content":{"rendered":"<h3>Auftraggeber: Theater an der Parkaue, Kammerspiele Hamburg | Acrylfarben auf Leinwand oder bezogenes Sperrholz | verschiedene Gr\u00f6\u00dfen<\/h3>\n<p>Auch kleine Theater haben Arbeit f\u00fcr Auftragsmaler, da sie keine eigenen Werkst\u00e4tten haben. Diese Bilder sind mit Acrylfarben auf Leinwand, bzw. bezogenes Sperrholz gemalt. Comicmotive sind auch bei privaten Auftraggebern sehr beliebt.<br \/>\n<div class=\"content_block\" id=\"custom_post_widget-1863\"><p><img loading=\"lazy\" decoding=\"async\" src=\"\/wp-content\/uploads\/auftrag_comic_1gr.jpg\" alt=\"Kwast - Auftragsmalerei - Comic\" width=\"430\" height=\"599\" class=\"alignnone size-full wp-image-1864\" \/><\/p>\n<p><img loading=\"lazy\" decoding=\"async\" src=\"\/wp-content\/uploads\/auftrag_comic_5gr.jpg\" alt=\"Kwast - Auftragsmalerei - Comic\" width=\"640\" height=\"426\" class=\"alignnone size-full wp-image-1868\" \/><\/p>\n<p><img loading=\"lazy\" decoding=\"async\" src=\"\/wp-content\/uploads\/auftrag_comic_4gr.jpg\" alt=\"Kwast - Auftragsmalerei - Comic\" width=\"640\" height=\"426\" class=\"alignnone size-full wp-image-1867\" \/><\/p>\n<p><img loading=\"lazy\" decoding=\"async\" src=\"\/wp-content\/uploads\/auftrag_comic_3gr.jpg\" alt=\"Kwast - Auftragsmalerei - Comic\" width=\"430\" height=\"599\" class=\"alignnone size-full wp-image-1866\" \/><\/p>\n<p><img loading=\"lazy\" decoding=\"async\" src=\"\/wp-content\/uploads\/auftrag_comic_2gr.jpg\" alt=\"Kwast - Auftragsmalerei - Comic\" width=\"430\" height=\"599\" class=\"alignnone size-full wp-image-1865\" \/><\/p>\n<\/div><\/p>\n","protected":false},"excerpt":{"rendered":"<p>Auftraggeber: Theater an der Parkaue, Kammerspiele Hamburg | Acrylfarben auf Leinwand oder bezogenes Sperrholz | verschiedene Gr\u00f6\u00dfen Auch kleine Theater haben Arbeit f\u00fcr Auftragsmaler, da sie keine eigenen Werkst\u00e4tten haben. Diese Bilder sind mit Acrylfarben auf Leinwand, bzw. bezogenes Sperrholz gemalt. Comicmotive sind auch bei privaten Auftraggebern sehr beliebt.<\/p>\n","protected":false},"author":2,"featured_media":0,"parent":77,"menu_order":13,"comment_status":"closed","ping_status":"closed","template":"detailseiten.php","meta":{"footnotes":""},"class_list":["post-1870","page","type-page","status-publish","hentry","brick"],"yoast_head":"<!-- This site is optimized with the Yoast SEO plugin v27.4 - https:\/\/yoast.com\/product\/yoast-seo-wordpress\/ -->\n<title>Comic, Auftragsmalerei Kwast Berlin, Auftragsmalerei<\/title>\n<meta name=\"description\" content=\"Comicmotive in verschiedenen Gr\u00f6\u00dfen f\u00fcr Theater und privat. Auftragsmalerei auf Nessel und Sperrholz, gemalt und gespritzt.\" \/>\n<meta name=\"robots\" content=\"index, follow, max-snippet:-1, max-image-preview:large, max-video-preview:-1\" \/>\n<link rel=\"canonical\" href=\"https:\/\/auftragsmalerei-kwast-berlin.de\/en\/auftragsmalerei-arbeitsbeispiele\/comic\/\" \/>\n<meta property=\"og:locale\" content=\"en_US\" \/>\n<meta property=\"og:type\" content=\"article\" \/>\n<meta property=\"og:title\" content=\"Comic, Auftragsmalerei Kwast Berlin, Auftragsmalerei\" \/>\n<meta property=\"og:description\" content=\"Comicmotive in verschiedenen Gr\u00f6\u00dfen f\u00fcr Theater und privat. Auftragsmalerei auf Nessel und Sperrholz, gemalt und gespritzt.\" \/>\n<meta property=\"og:url\" content=\"https:\/\/auftragsmalerei-kwast-berlin.de\/en\/auftragsmalerei-arbeitsbeispiele\/comic\/\" \/>\n<meta property=\"og:site_name\" content=\"Commissioned Painting Kwast Berlin\" \/>\n<meta name=\"twitter:card\" content=\"summary_large_image\" \/>\n<script type=\"application\/ld+json\" class=\"yoast-schema-graph\">{\"@context\":\"https:\\\/\\\/schema.org\",\"@graph\":[{\"@type\":\"WebPage\",\"@id\":\"https:\\\/\\\/auftragsmalerei-kwast-berlin.de\\\/en\\\/auftragsmalerei-arbeitsbeispiele\\\/comic\\\/\",\"url\":\"https:\\\/\\\/auftragsmalerei-kwast-berlin.de\\\/en\\\/auftragsmalerei-arbeitsbeispiele\\\/comic\\\/\",\"name\":\"Comic, Auftragsmalerei Kwast Berlin, Auftragsmalerei\",\"isPartOf\":{\"@id\":\"https:\\\/\\\/auftragsmalerei-kwast-berlin.de\\\/en\\\/#website\"},\"datePublished\":\"2015-09-25T18:44:15+00:00\",\"description\":\"Comicmotive in verschiedenen Gr\u00f6\u00dfen f\u00fcr Theater und privat. Auftragsmalerei auf Nessel und Sperrholz, gemalt und gespritzt.\",\"breadcrumb\":{\"@id\":\"https:\\\/\\\/auftragsmalerei-kwast-berlin.de\\\/en\\\/auftragsmalerei-arbeitsbeispiele\\\/comic\\\/#breadcrumb\"},\"inLanguage\":\"en-US\",\"potentialAction\":[{\"@type\":\"ReadAction\",\"target\":[\"https:\\\/\\\/auftragsmalerei-kwast-berlin.de\\\/en\\\/auftragsmalerei-arbeitsbeispiele\\\/comic\\\/\"]}]},{\"@type\":\"BreadcrumbList\",\"@id\":\"https:\\\/\\\/auftragsmalerei-kwast-berlin.de\\\/en\\\/auftragsmalerei-arbeitsbeispiele\\\/comic\\\/#breadcrumb\",\"itemListElement\":[{\"@type\":\"ListItem\",\"position\":1,\"name\":\"Home\",\"item\":\"https:\\\/\\\/auftragsmalerei-kwast-berlin.de\\\/en\\\/\"},{\"@type\":\"ListItem\",\"position\":2,\"name\":\"Order painting\",\"item\":\"https:\\\/\\\/auftragsmalerei-kwast-berlin.de\\\/en\\\/auftragsmalerei-arbeitsbeispiele\\\/\"},{\"@type\":\"ListItem\",\"position\":3,\"name\":\"Comic\"}]},{\"@type\":\"WebSite\",\"@id\":\"https:\\\/\\\/auftragsmalerei-kwast-berlin.de\\\/en\\\/#website\",\"url\":\"https:\\\/\\\/auftragsmalerei-kwast-berlin.de\\\/en\\\/\",\"name\":\"Commissioned Painting Kwast Berlin\",\"description\":\"Commissioned painting for theatre and film, fairs and museums, wall, facade and portrait\",\"potentialAction\":[{\"@type\":\"SearchAction\",\"target\":{\"@type\":\"EntryPoint\",\"urlTemplate\":\"https:\\\/\\\/auftragsmalerei-kwast-berlin.de\\\/en\\\/?s={search_term_string}\"},\"query-input\":{\"@type\":\"PropertyValueSpecification\",\"valueRequired\":true,\"valueName\":\"search_term_string\"}}],\"inLanguage\":\"en-US\"}]}<\/script>\n<!-- \/ Yoast SEO plugin. -->","yoast_head_json":{"title":"Comic, Auftragsmalerei Kwast Berlin, Auftragsmalerei","description":"Comicmotive in verschiedenen Gr\u00f6\u00dfen f\u00fcr Theater und privat. Auftragsmalerei auf Nessel und Sperrholz, gemalt und gespritzt.","robots":{"index":"index","follow":"follow","max-snippet":"max-snippet:-1","max-image-preview":"max-image-preview:large","max-video-preview":"max-video-preview:-1"},"canonical":"https:\/\/auftragsmalerei-kwast-berlin.de\/en\/auftragsmalerei-arbeitsbeispiele\/comic\/","og_locale":"en_US","og_type":"article","og_title":"Comic, Auftragsmalerei Kwast Berlin, Auftragsmalerei","og_description":"Comicmotive in verschiedenen Gr\u00f6\u00dfen f\u00fcr Theater und privat. Auftragsmalerei auf Nessel und Sperrholz, gemalt und gespritzt.","og_url":"https:\/\/auftragsmalerei-kwast-berlin.de\/en\/auftragsmalerei-arbeitsbeispiele\/comic\/","og_site_name":"Commissioned Painting Kwast Berlin","twitter_card":"summary_large_image","schema":{"@context":"https:\/\/schema.org","@graph":[{"@type":"WebPage","@id":"https:\/\/auftragsmalerei-kwast-berlin.de\/en\/auftragsmalerei-arbeitsbeispiele\/comic\/","url":"https:\/\/auftragsmalerei-kwast-berlin.de\/en\/auftragsmalerei-arbeitsbeispiele\/comic\/","name":"Comic, Auftragsmalerei Kwast Berlin, Auftragsmalerei","isPartOf":{"@id":"https:\/\/auftragsmalerei-kwast-berlin.de\/en\/#website"},"datePublished":"2015-09-25T18:44:15+00:00","description":"Comicmotive in verschiedenen Gr\u00f6\u00dfen f\u00fcr Theater und privat. Auftragsmalerei auf Nessel und Sperrholz, gemalt und gespritzt.","breadcrumb":{"@id":"https:\/\/auftragsmalerei-kwast-berlin.de\/en\/auftragsmalerei-arbeitsbeispiele\/comic\/#breadcrumb"},"inLanguage":"en-US","potentialAction":[{"@type":"ReadAction","target":["https:\/\/auftragsmalerei-kwast-berlin.de\/en\/auftragsmalerei-arbeitsbeispiele\/comic\/"]}]},{"@type":"BreadcrumbList","@id":"https:\/\/auftragsmalerei-kwast-berlin.de\/en\/auftragsmalerei-arbeitsbeispiele\/comic\/#breadcrumb","itemListElement":[{"@type":"ListItem","position":1,"name":"Home","item":"https:\/\/auftragsmalerei-kwast-berlin.de\/en\/"},{"@type":"ListItem","position":2,"name":"Order painting","item":"https:\/\/auftragsmalerei-kwast-berlin.de\/en\/auftragsmalerei-arbeitsbeispiele\/"},{"@type":"ListItem","position":3,"name":"Comic"}]},{"@type":"WebSite","@id":"https:\/\/auftragsmalerei-kwast-berlin.de\/en\/#website","url":"https:\/\/auftragsmalerei-kwast-berlin.de\/en\/","name":"Commissioned Painting Kwast Berlin","description":"Commissioned painting for theatre and film, fairs and museums, wall, facade and portrait","potentialAction":[{"@type":"SearchAction","target":{"@type":"EntryPoint","urlTemplate":"https:\/\/auftragsmalerei-kwast-berlin.de\/en\/?s={search_term_string}"},"query-input":{"@type":"PropertyValueSpecification","valueRequired":true,"valueName":"search_term_string"}}],"inLanguage":"en-US"}]}},"_links":{"self":[{"href":"https:\/\/auftragsmalerei-kwast-berlin.de\/en\/wp-json\/wp\/v2\/pages\/1870","targetHints":{"allow":["GET"]}}],"collection":[{"href":"https:\/\/auftragsmalerei-kwast-berlin.de\/en\/wp-json\/wp\/v2\/pages"}],"about":[{"href":"https:\/\/auftragsmalerei-kwast-berlin.de\/en\/wp-json\/wp\/v2\/types\/page"}],"author":[{"embeddable":true,"href":"https:\/\/auftragsmalerei-kwast-berlin.de\/en\/wp-json\/wp\/v2\/users\/2"}],"replies":[{"embeddable":true,"href":"https:\/\/auftragsmalerei-kwast-berlin.de\/en\/wp-json\/wp\/v2\/comments?post=1870"}],"version-history":[{"count":0,"href":"https:\/\/auftragsmalerei-kwast-berlin.de\/en\/wp-json\/wp\/v2\/pages\/1870\/revisions"}],"up":[{"embeddable":true,"href":"https:\/\/auftragsmalerei-kwast-berlin.de\/en\/wp-json\/wp\/v2\/pages\/77"}],"wp:attachment":[{"href":"https:\/\/auftragsmalerei-kwast-berlin.de\/en\/wp-json\/wp\/v2\/media?parent=1870"}],"curies":[{"name":"wp","href":"https:\/\/api.w.org\/{rel}","templated":true}]}}