{"id":1881,"date":"2015-09-25T20:52:08","date_gmt":"2015-09-25T18:52:08","guid":{"rendered":"http:\/\/relaunch.auftragsmalerei-kwast-berlin.de\/?page_id=1881"},"modified":"2015-09-25T20:52:08","modified_gmt":"2015-09-25T18:52:08","slug":"illusionsmalerei","status":"publish","type":"page","link":"https:\/\/auftragsmalerei-kwast-berlin.de\/en\/auftragsmalerei-arbeitsbeispiele\/illusionsmalerei\/","title":{"rendered":"Illusionsmalerei"},"content":{"rendered":"<h3>Auftraggeber: Krause &amp; Richter GbR | Acryl auf Sperrholz | verschiedene Gr\u00f6\u00dfen<\/h3>\n<p>Ein gro\u00dfer Autovermieter wirbt sehr plastisch mit Installationen, hier auf einem Flughafen. Da f\u00fcr dieses Motiv kein reales Wasser verwendet werden konnte, malte ich eine Illusion davon auf die Bodenplatte. Das ganze Projekt wurde von der Firma Elz &amp; Krause realisiert.<br \/>\n<div class=\"content_block\" id=\"custom_post_widget-1875\"><p><img loading=\"lazy\" decoding=\"async\" src=\"\/wp-content\/uploads\/auftrag_objekt_4gr.jpg\" alt=\"Kwast - Auftragsmalerei - Illusionsmalerei\" width=\"640\" height=\"425\" class=\"alignnone size-full wp-image-1879\" \/><\/p>\n<p><img loading=\"lazy\" decoding=\"async\" src=\"\/wp-content\/uploads\/auftrag_objekt_3gr.jpg\" alt=\"Kwast - Auftragsmalerei - Illusionsmalerei\" width=\"640\" height=\"425\" class=\"alignnone size-full wp-image-1878\" \/><\/p>\n<p><img loading=\"lazy\" decoding=\"async\" src=\"\/wp-content\/uploads\/auftrag_objekt_2gr.jpg\" alt=\"Kwast - Auftragsmalerei - Illusionsmalerei\" width=\"640\" height=\"480\" class=\"alignnone size-full wp-image-1877\" \/><\/p>\n<p><img loading=\"lazy\" decoding=\"async\" src=\"\/wp-content\/uploads\/auftrag_objekt_1gr.jpg\" alt=\"Kwast - Auftragsmalerei - Illusionsmalerei\" width=\"640\" height=\"480\" class=\"alignnone size-full wp-image-1876\" \/><\/p>\n<\/div><\/p>\n","protected":false},"excerpt":{"rendered":"<p>Auftraggeber: Krause &amp; Richter GbR | Acryl auf Sperrholz | verschiedene Gr\u00f6\u00dfen Ein gro\u00dfer Autovermieter wirbt sehr plastisch mit Installationen, hier auf einem Flughafen. Da f\u00fcr dieses Motiv kein reales Wasser verwendet werden konnte, malte ich eine Illusion davon auf die Bodenplatte. Das ganze Projekt wurde von der Firma Elz &amp; Krause realisiert.<\/p>\n","protected":false},"author":2,"featured_media":0,"parent":77,"menu_order":15,"comment_status":"closed","ping_status":"closed","template":"detailseiten.php","meta":{"footnotes":""},"class_list":["post-1881","page","type-page","status-publish","hentry","brick"],"yoast_head":"<!-- This site is optimized with the Yoast SEO plugin v27.4 - https:\/\/yoast.com\/product\/yoast-seo-wordpress\/ -->\n<title>Illusionsmalerei, Auftragsmalerei-Kwast-Berlin<\/title>\n<meta name=\"description\" content=\"Illusionsmalerei f\u00fcr eine plastische Installation, gemaltes Wasser mit plastischen Krokodilen und Palme, Imitation und fotorealistische Malerei\" \/>\n<meta name=\"robots\" content=\"index, follow, max-snippet:-1, max-image-preview:large, max-video-preview:-1\" \/>\n<link rel=\"canonical\" href=\"https:\/\/auftragsmalerei-kwast-berlin.de\/en\/auftragsmalerei-arbeitsbeispiele\/illusionsmalerei\/\" \/>\n<meta property=\"og:locale\" content=\"en_US\" \/>\n<meta property=\"og:type\" content=\"article\" \/>\n<meta property=\"og:title\" content=\"Illusionsmalerei, Auftragsmalerei-Kwast-Berlin\" \/>\n<meta property=\"og:description\" content=\"Illusionsmalerei f\u00fcr eine plastische Installation, gemaltes Wasser mit plastischen Krokodilen und Palme, Imitation und fotorealistische Malerei\" \/>\n<meta property=\"og:url\" content=\"https:\/\/auftragsmalerei-kwast-berlin.de\/en\/auftragsmalerei-arbeitsbeispiele\/illusionsmalerei\/\" \/>\n<meta property=\"og:site_name\" content=\"Commissioned Painting Kwast Berlin\" \/>\n<meta name=\"twitter:card\" content=\"summary_large_image\" \/>\n<script type=\"application\/ld+json\" class=\"yoast-schema-graph\">{\"@context\":\"https:\\\/\\\/schema.org\",\"@graph\":[{\"@type\":\"WebPage\",\"@id\":\"https:\\\/\\\/auftragsmalerei-kwast-berlin.de\\\/en\\\/auftragsmalerei-arbeitsbeispiele\\\/illusionsmalerei\\\/\",\"url\":\"https:\\\/\\\/auftragsmalerei-kwast-berlin.de\\\/en\\\/auftragsmalerei-arbeitsbeispiele\\\/illusionsmalerei\\\/\",\"name\":\"Illusionsmalerei, Auftragsmalerei-Kwast-Berlin\",\"isPartOf\":{\"@id\":\"https:\\\/\\\/auftragsmalerei-kwast-berlin.de\\\/en\\\/#website\"},\"datePublished\":\"2015-09-25T18:52:08+00:00\",\"description\":\"Illusionsmalerei f\u00fcr eine plastische Installation, gemaltes Wasser mit plastischen Krokodilen und Palme, Imitation und fotorealistische Malerei\",\"breadcrumb\":{\"@id\":\"https:\\\/\\\/auftragsmalerei-kwast-berlin.de\\\/en\\\/auftragsmalerei-arbeitsbeispiele\\\/illusionsmalerei\\\/#breadcrumb\"},\"inLanguage\":\"en-US\",\"potentialAction\":[{\"@type\":\"ReadAction\",\"target\":[\"https:\\\/\\\/auftragsmalerei-kwast-berlin.de\\\/en\\\/auftragsmalerei-arbeitsbeispiele\\\/illusionsmalerei\\\/\"]}]},{\"@type\":\"BreadcrumbList\",\"@id\":\"https:\\\/\\\/auftragsmalerei-kwast-berlin.de\\\/en\\\/auftragsmalerei-arbeitsbeispiele\\\/illusionsmalerei\\\/#breadcrumb\",\"itemListElement\":[{\"@type\":\"ListItem\",\"position\":1,\"name\":\"Home\",\"item\":\"https:\\\/\\\/auftragsmalerei-kwast-berlin.de\\\/en\\\/\"},{\"@type\":\"ListItem\",\"position\":2,\"name\":\"Order painting\",\"item\":\"https:\\\/\\\/auftragsmalerei-kwast-berlin.de\\\/en\\\/auftragsmalerei-arbeitsbeispiele\\\/\"},{\"@type\":\"ListItem\",\"position\":3,\"name\":\"Illusionsmalerei\"}]},{\"@type\":\"WebSite\",\"@id\":\"https:\\\/\\\/auftragsmalerei-kwast-berlin.de\\\/en\\\/#website\",\"url\":\"https:\\\/\\\/auftragsmalerei-kwast-berlin.de\\\/en\\\/\",\"name\":\"Commissioned Painting Kwast Berlin\",\"description\":\"Commissioned painting for theatre and film, fairs and museums, wall, facade and portrait\",\"potentialAction\":[{\"@type\":\"SearchAction\",\"target\":{\"@type\":\"EntryPoint\",\"urlTemplate\":\"https:\\\/\\\/auftragsmalerei-kwast-berlin.de\\\/en\\\/?s={search_term_string}\"},\"query-input\":{\"@type\":\"PropertyValueSpecification\",\"valueRequired\":true,\"valueName\":\"search_term_string\"}}],\"inLanguage\":\"en-US\"}]}<\/script>\n<!-- \/ Yoast SEO plugin. -->","yoast_head_json":{"title":"Illusionsmalerei, Auftragsmalerei-Kwast-Berlin","description":"Illusionsmalerei f\u00fcr eine plastische Installation, gemaltes Wasser mit plastischen Krokodilen und Palme, Imitation und fotorealistische Malerei","robots":{"index":"index","follow":"follow","max-snippet":"max-snippet:-1","max-image-preview":"max-image-preview:large","max-video-preview":"max-video-preview:-1"},"canonical":"https:\/\/auftragsmalerei-kwast-berlin.de\/en\/auftragsmalerei-arbeitsbeispiele\/illusionsmalerei\/","og_locale":"en_US","og_type":"article","og_title":"Illusionsmalerei, Auftragsmalerei-Kwast-Berlin","og_description":"Illusionsmalerei f\u00fcr eine plastische Installation, gemaltes Wasser mit plastischen Krokodilen und Palme, Imitation und fotorealistische Malerei","og_url":"https:\/\/auftragsmalerei-kwast-berlin.de\/en\/auftragsmalerei-arbeitsbeispiele\/illusionsmalerei\/","og_site_name":"Commissioned Painting Kwast Berlin","twitter_card":"summary_large_image","schema":{"@context":"https:\/\/schema.org","@graph":[{"@type":"WebPage","@id":"https:\/\/auftragsmalerei-kwast-berlin.de\/en\/auftragsmalerei-arbeitsbeispiele\/illusionsmalerei\/","url":"https:\/\/auftragsmalerei-kwast-berlin.de\/en\/auftragsmalerei-arbeitsbeispiele\/illusionsmalerei\/","name":"Illusionsmalerei, Auftragsmalerei-Kwast-Berlin","isPartOf":{"@id":"https:\/\/auftragsmalerei-kwast-berlin.de\/en\/#website"},"datePublished":"2015-09-25T18:52:08+00:00","description":"Illusionsmalerei f\u00fcr eine plastische Installation, gemaltes Wasser mit plastischen Krokodilen und Palme, Imitation und fotorealistische Malerei","breadcrumb":{"@id":"https:\/\/auftragsmalerei-kwast-berlin.de\/en\/auftragsmalerei-arbeitsbeispiele\/illusionsmalerei\/#breadcrumb"},"inLanguage":"en-US","potentialAction":[{"@type":"ReadAction","target":["https:\/\/auftragsmalerei-kwast-berlin.de\/en\/auftragsmalerei-arbeitsbeispiele\/illusionsmalerei\/"]}]},{"@type":"BreadcrumbList","@id":"https:\/\/auftragsmalerei-kwast-berlin.de\/en\/auftragsmalerei-arbeitsbeispiele\/illusionsmalerei\/#breadcrumb","itemListElement":[{"@type":"ListItem","position":1,"name":"Home","item":"https:\/\/auftragsmalerei-kwast-berlin.de\/en\/"},{"@type":"ListItem","position":2,"name":"Order painting","item":"https:\/\/auftragsmalerei-kwast-berlin.de\/en\/auftragsmalerei-arbeitsbeispiele\/"},{"@type":"ListItem","position":3,"name":"Illusionsmalerei"}]},{"@type":"WebSite","@id":"https:\/\/auftragsmalerei-kwast-berlin.de\/en\/#website","url":"https:\/\/auftragsmalerei-kwast-berlin.de\/en\/","name":"Commissioned Painting Kwast Berlin","description":"Commissioned painting for theatre and film, fairs and museums, wall, facade and portrait","potentialAction":[{"@type":"SearchAction","target":{"@type":"EntryPoint","urlTemplate":"https:\/\/auftragsmalerei-kwast-berlin.de\/en\/?s={search_term_string}"},"query-input":{"@type":"PropertyValueSpecification","valueRequired":true,"valueName":"search_term_string"}}],"inLanguage":"en-US"}]}},"_links":{"self":[{"href":"https:\/\/auftragsmalerei-kwast-berlin.de\/en\/wp-json\/wp\/v2\/pages\/1881","targetHints":{"allow":["GET"]}}],"collection":[{"href":"https:\/\/auftragsmalerei-kwast-berlin.de\/en\/wp-json\/wp\/v2\/pages"}],"about":[{"href":"https:\/\/auftragsmalerei-kwast-berlin.de\/en\/wp-json\/wp\/v2\/types\/page"}],"author":[{"embeddable":true,"href":"https:\/\/auftragsmalerei-kwast-berlin.de\/en\/wp-json\/wp\/v2\/users\/2"}],"replies":[{"embeddable":true,"href":"https:\/\/auftragsmalerei-kwast-berlin.de\/en\/wp-json\/wp\/v2\/comments?post=1881"}],"version-history":[{"count":0,"href":"https:\/\/auftragsmalerei-kwast-berlin.de\/en\/wp-json\/wp\/v2\/pages\/1881\/revisions"}],"up":[{"embeddable":true,"href":"https:\/\/auftragsmalerei-kwast-berlin.de\/en\/wp-json\/wp\/v2\/pages\/77"}],"wp:attachment":[{"href":"https:\/\/auftragsmalerei-kwast-berlin.de\/en\/wp-json\/wp\/v2\/media?parent=1881"}],"curies":[{"name":"wp","href":"https:\/\/api.w.org\/{rel}","templated":true}]}}