{"id":1971,"date":"2015-09-30T12:06:31","date_gmt":"2015-09-30T10:06:31","guid":{"rendered":"http:\/\/relaunch.auftragsmalerei-kwast-berlin.de\/?page_id=1971"},"modified":"2015-09-30T12:06:31","modified_gmt":"2015-09-30T10:06:31","slug":"deutsche-oper-berlin-ausschnitt-isenheimer-altar","status":"publish","type":"page","link":"https:\/\/auftragsmalerei-kwast-berlin.de\/en\/theater-und-filmmalerei-arbeitsbeispiele\/deutsche-oper-berlin-ausschnitt-isenheimer-altar\/","title":{"rendered":"Deutsche Oper Berlin &#8211; Ausschnitt Isenheimer Altar"},"content":{"rendered":"<h3>Auftraggeber: Deutsche Oper Berlin | Theatermalfarben | 3,00 x 7,00m<\/h3>\n<p>Leider ist diese Produktion schon so lange her, dass ich den Namen nicht mehr wei\u00df. Aber diese Theatermalerei hatte eine Besonderheit. Wurde die Untermalung noch mit Leimfarben ausgef\u00fchrt, sollten auf Wunsch des B\u00fchnenbildners f\u00fcr die Deckschichten und Lasuren \u00d6lfarben verwendet werden, um dem Original so nahe wie m\u00f6glich zu kommen. Das Terpentin hatte man immer in der Nase und die zu bemalende Fl\u00e4che war schlecht begehbar. Heute gibt es andere Wege in der Theatermalerei, solche Ergebnisse zu erzielen.<br \/>\n<div class=\"content_block\" id=\"custom_post_widget-1967\"><p><img loading=\"lazy\" decoding=\"async\" src=\"\/wp-content\/uploads\/theater_deutscheOper_2gr.jpg\" alt=\"Kwast - Theatermalerei - Deutsche Oper Berlin - Isenheimer Altar\" width=\"656\" height=\"420\" class=\"alignnone size-full wp-image-1969\" \/><\/p>\n<p><img loading=\"lazy\" decoding=\"async\" src=\"\/wp-content\/uploads\/theater_deutscheOper_1gr.jpg\" alt=\"Kwast - Theatermalerei - Deutsche Oper Berlin - Isenheimer Altar\" width=\"480\" height=\"579\" class=\"alignnone size-full wp-image-1968\" \/><\/p>\n<\/div><\/p>\n","protected":false},"excerpt":{"rendered":"<p>Auftraggeber: Deutsche Oper Berlin | Theatermalfarben | 3,00 x 7,00m Leider ist diese Produktion schon so lange her, dass ich den Namen nicht mehr wei\u00df. Aber diese Theatermalerei hatte eine Besonderheit. Wurde die Untermalung noch mit Leimfarben ausgef\u00fchrt, sollten auf Wunsch des B\u00fchnenbildners f\u00fcr die Deckschichten und Lasuren \u00d6lfarben verwendet werden, um dem Original so [&hellip;]<\/p>\n","protected":false},"author":2,"featured_media":0,"parent":134,"menu_order":28,"comment_status":"closed","ping_status":"closed","template":"detailseiten.php","meta":{"footnotes":""},"class_list":["post-1971","page","type-page","status-publish","hentry","brick"],"yoast_head":"<!-- This site is optimized with the Yoast SEO plugin v27.4 - https:\/\/yoast.com\/product\/yoast-seo-wordpress\/ -->\n<title>Deutsche Oper Berlin - Ausschnitt Isenheimer Altar - Commissioned Painting Kwast Berlin<\/title>\n<meta name=\"robots\" content=\"index, follow, max-snippet:-1, max-image-preview:large, max-video-preview:-1\" \/>\n<link rel=\"canonical\" href=\"https:\/\/auftragsmalerei-kwast-berlin.de\/en\/theater-und-filmmalerei-arbeitsbeispiele\/deutsche-oper-berlin-ausschnitt-isenheimer-altar\/\" \/>\n<meta property=\"og:locale\" content=\"en_US\" \/>\n<meta property=\"og:type\" content=\"article\" \/>\n<meta property=\"og:title\" content=\"Deutsche Oper Berlin - Ausschnitt Isenheimer Altar - Commissioned Painting Kwast Berlin\" \/>\n<meta property=\"og:description\" content=\"Auftraggeber: Deutsche Oper Berlin | Theatermalfarben | 3,00 x 7,00m Leider ist diese Produktion schon so lange her, dass ich den Namen nicht mehr wei\u00df. Aber diese Theatermalerei hatte eine Besonderheit. Wurde die Untermalung noch mit Leimfarben ausgef\u00fchrt, sollten auf Wunsch des B\u00fchnenbildners f\u00fcr die Deckschichten und Lasuren \u00d6lfarben verwendet werden, um dem Original so [&hellip;]\" \/>\n<meta property=\"og:url\" content=\"https:\/\/auftragsmalerei-kwast-berlin.de\/en\/theater-und-filmmalerei-arbeitsbeispiele\/deutsche-oper-berlin-ausschnitt-isenheimer-altar\/\" \/>\n<meta property=\"og:site_name\" content=\"Commissioned Painting Kwast Berlin\" \/>\n<meta name=\"twitter:card\" content=\"summary_large_image\" \/>\n<script type=\"application\/ld+json\" class=\"yoast-schema-graph\">{\"@context\":\"https:\\\/\\\/schema.org\",\"@graph\":[{\"@type\":\"WebPage\",\"@id\":\"https:\\\/\\\/auftragsmalerei-kwast-berlin.de\\\/en\\\/theater-und-filmmalerei-arbeitsbeispiele\\\/deutsche-oper-berlin-ausschnitt-isenheimer-altar\\\/\",\"url\":\"https:\\\/\\\/auftragsmalerei-kwast-berlin.de\\\/en\\\/theater-und-filmmalerei-arbeitsbeispiele\\\/deutsche-oper-berlin-ausschnitt-isenheimer-altar\\\/\",\"name\":\"Deutsche Oper Berlin - Ausschnitt Isenheimer Altar - Commissioned Painting Kwast Berlin\",\"isPartOf\":{\"@id\":\"https:\\\/\\\/auftragsmalerei-kwast-berlin.de\\\/en\\\/#website\"},\"datePublished\":\"2015-09-30T10:06:31+00:00\",\"breadcrumb\":{\"@id\":\"https:\\\/\\\/auftragsmalerei-kwast-berlin.de\\\/en\\\/theater-und-filmmalerei-arbeitsbeispiele\\\/deutsche-oper-berlin-ausschnitt-isenheimer-altar\\\/#breadcrumb\"},\"inLanguage\":\"en-US\",\"potentialAction\":[{\"@type\":\"ReadAction\",\"target\":[\"https:\\\/\\\/auftragsmalerei-kwast-berlin.de\\\/en\\\/theater-und-filmmalerei-arbeitsbeispiele\\\/deutsche-oper-berlin-ausschnitt-isenheimer-altar\\\/\"]}]},{\"@type\":\"BreadcrumbList\",\"@id\":\"https:\\\/\\\/auftragsmalerei-kwast-berlin.de\\\/en\\\/theater-und-filmmalerei-arbeitsbeispiele\\\/deutsche-oper-berlin-ausschnitt-isenheimer-altar\\\/#breadcrumb\",\"itemListElement\":[{\"@type\":\"ListItem\",\"position\":1,\"name\":\"Home\",\"item\":\"https:\\\/\\\/auftragsmalerei-kwast-berlin.de\\\/en\\\/\"},{\"@type\":\"ListItem\",\"position\":2,\"name\":\"Scenic painting and film painting\",\"item\":\"https:\\\/\\\/auftragsmalerei-kwast-berlin.de\\\/en\\\/theater-und-filmmalerei-arbeitsbeispiele\\\/\"},{\"@type\":\"ListItem\",\"position\":3,\"name\":\"Deutsche Oper Berlin &#8211; Ausschnitt Isenheimer Altar\"}]},{\"@type\":\"WebSite\",\"@id\":\"https:\\\/\\\/auftragsmalerei-kwast-berlin.de\\\/en\\\/#website\",\"url\":\"https:\\\/\\\/auftragsmalerei-kwast-berlin.de\\\/en\\\/\",\"name\":\"Commissioned Painting Kwast Berlin\",\"description\":\"Commissioned painting for theatre and film, fairs and museums, wall, facade and portrait\",\"potentialAction\":[{\"@type\":\"SearchAction\",\"target\":{\"@type\":\"EntryPoint\",\"urlTemplate\":\"https:\\\/\\\/auftragsmalerei-kwast-berlin.de\\\/en\\\/?s={search_term_string}\"},\"query-input\":{\"@type\":\"PropertyValueSpecification\",\"valueRequired\":true,\"valueName\":\"search_term_string\"}}],\"inLanguage\":\"en-US\"}]}<\/script>\n<!-- \/ Yoast SEO plugin. -->","yoast_head_json":{"title":"Deutsche Oper Berlin - Ausschnitt Isenheimer Altar - Commissioned Painting Kwast Berlin","robots":{"index":"index","follow":"follow","max-snippet":"max-snippet:-1","max-image-preview":"max-image-preview:large","max-video-preview":"max-video-preview:-1"},"canonical":"https:\/\/auftragsmalerei-kwast-berlin.de\/en\/theater-und-filmmalerei-arbeitsbeispiele\/deutsche-oper-berlin-ausschnitt-isenheimer-altar\/","og_locale":"en_US","og_type":"article","og_title":"Deutsche Oper Berlin - Ausschnitt Isenheimer Altar - Commissioned Painting Kwast Berlin","og_description":"Auftraggeber: Deutsche Oper Berlin | Theatermalfarben | 3,00 x 7,00m Leider ist diese Produktion schon so lange her, dass ich den Namen nicht mehr wei\u00df. Aber diese Theatermalerei hatte eine Besonderheit. Wurde die Untermalung noch mit Leimfarben ausgef\u00fchrt, sollten auf Wunsch des B\u00fchnenbildners f\u00fcr die Deckschichten und Lasuren \u00d6lfarben verwendet werden, um dem Original so [&hellip;]","og_url":"https:\/\/auftragsmalerei-kwast-berlin.de\/en\/theater-und-filmmalerei-arbeitsbeispiele\/deutsche-oper-berlin-ausschnitt-isenheimer-altar\/","og_site_name":"Commissioned Painting Kwast Berlin","twitter_card":"summary_large_image","schema":{"@context":"https:\/\/schema.org","@graph":[{"@type":"WebPage","@id":"https:\/\/auftragsmalerei-kwast-berlin.de\/en\/theater-und-filmmalerei-arbeitsbeispiele\/deutsche-oper-berlin-ausschnitt-isenheimer-altar\/","url":"https:\/\/auftragsmalerei-kwast-berlin.de\/en\/theater-und-filmmalerei-arbeitsbeispiele\/deutsche-oper-berlin-ausschnitt-isenheimer-altar\/","name":"Deutsche Oper Berlin - Ausschnitt Isenheimer Altar - Commissioned Painting Kwast Berlin","isPartOf":{"@id":"https:\/\/auftragsmalerei-kwast-berlin.de\/en\/#website"},"datePublished":"2015-09-30T10:06:31+00:00","breadcrumb":{"@id":"https:\/\/auftragsmalerei-kwast-berlin.de\/en\/theater-und-filmmalerei-arbeitsbeispiele\/deutsche-oper-berlin-ausschnitt-isenheimer-altar\/#breadcrumb"},"inLanguage":"en-US","potentialAction":[{"@type":"ReadAction","target":["https:\/\/auftragsmalerei-kwast-berlin.de\/en\/theater-und-filmmalerei-arbeitsbeispiele\/deutsche-oper-berlin-ausschnitt-isenheimer-altar\/"]}]},{"@type":"BreadcrumbList","@id":"https:\/\/auftragsmalerei-kwast-berlin.de\/en\/theater-und-filmmalerei-arbeitsbeispiele\/deutsche-oper-berlin-ausschnitt-isenheimer-altar\/#breadcrumb","itemListElement":[{"@type":"ListItem","position":1,"name":"Home","item":"https:\/\/auftragsmalerei-kwast-berlin.de\/en\/"},{"@type":"ListItem","position":2,"name":"Scenic painting and film painting","item":"https:\/\/auftragsmalerei-kwast-berlin.de\/en\/theater-und-filmmalerei-arbeitsbeispiele\/"},{"@type":"ListItem","position":3,"name":"Deutsche Oper Berlin &#8211; Ausschnitt Isenheimer Altar"}]},{"@type":"WebSite","@id":"https:\/\/auftragsmalerei-kwast-berlin.de\/en\/#website","url":"https:\/\/auftragsmalerei-kwast-berlin.de\/en\/","name":"Commissioned Painting Kwast Berlin","description":"Commissioned painting for theatre and film, fairs and museums, wall, facade and portrait","potentialAction":[{"@type":"SearchAction","target":{"@type":"EntryPoint","urlTemplate":"https:\/\/auftragsmalerei-kwast-berlin.de\/en\/?s={search_term_string}"},"query-input":{"@type":"PropertyValueSpecification","valueRequired":true,"valueName":"search_term_string"}}],"inLanguage":"en-US"}]}},"_links":{"self":[{"href":"https:\/\/auftragsmalerei-kwast-berlin.de\/en\/wp-json\/wp\/v2\/pages\/1971","targetHints":{"allow":["GET"]}}],"collection":[{"href":"https:\/\/auftragsmalerei-kwast-berlin.de\/en\/wp-json\/wp\/v2\/pages"}],"about":[{"href":"https:\/\/auftragsmalerei-kwast-berlin.de\/en\/wp-json\/wp\/v2\/types\/page"}],"author":[{"embeddable":true,"href":"https:\/\/auftragsmalerei-kwast-berlin.de\/en\/wp-json\/wp\/v2\/users\/2"}],"replies":[{"embeddable":true,"href":"https:\/\/auftragsmalerei-kwast-berlin.de\/en\/wp-json\/wp\/v2\/comments?post=1971"}],"version-history":[{"count":0,"href":"https:\/\/auftragsmalerei-kwast-berlin.de\/en\/wp-json\/wp\/v2\/pages\/1971\/revisions"}],"up":[{"embeddable":true,"href":"https:\/\/auftragsmalerei-kwast-berlin.de\/en\/wp-json\/wp\/v2\/pages\/134"}],"wp:attachment":[{"href":"https:\/\/auftragsmalerei-kwast-berlin.de\/en\/wp-json\/wp\/v2\/media?parent=1971"}],"curies":[{"name":"wp","href":"https:\/\/api.w.org\/{rel}","templated":true}]}}