{"id":1980,"date":"2015-09-30T12:15:06","date_gmt":"2015-09-30T10:15:06","guid":{"rendered":"http:\/\/relaunch.auftragsmalerei-kwast-berlin.de\/?page_id=1980"},"modified":"2015-09-30T12:15:06","modified_gmt":"2015-09-30T10:15:06","slug":"maxim-gorki-theater-berlin-theatermalerei-landschaftsprospekt","status":"publish","type":"page","link":"https:\/\/auftragsmalerei-kwast-berlin.de\/en\/theater-und-filmmalerei-arbeitsbeispiele\/maxim-gorki-theater-berlin-theatermalerei-landschaftsprospekt\/","title":{"rendered":"Maxim Gorki Theater Berlin &#8211; Theatermalerei Landschaftsprospekt"},"content":{"rendered":"<h3>Auftraggeber: Theaterwerkst\u00e4tten Maxim Gorki Theater Berlin | Theatermalfarben auf Nessel | 12 x 14 m<\/h3>\n<p>F\u00fcr die Theaterwerkst\u00e4tten des Maxim Gorki Theaters war ich langj\u00e4hrig als Malsaalvorstand t\u00e4tig. Diesen Landschaftsprospekt malte ich im Schillertheater f\u00fcr die Produktion \u00bbDer gute Mensch von Sezuan\u00ab, umgesetzte Theatermalerei als Kombination von Spritztechnik f\u00fcr den Himmel und Primamalerei f\u00fcr die Landschaft.<br \/>\n<div class=\"content_block\" id=\"custom_post_widget-1976\"><p><img loading=\"lazy\" decoding=\"async\" src=\"\/wp-content\/uploads\/theater_gorkiTheater_1gr.jpg\" alt=\"Kwast - Theatermalerei - Maxim Gorki Theater Berlin \" width=\"656\" height=\"443\" class=\"alignnone size-full wp-image-1977\" \/><br \/>\n<img loading=\"lazy\" decoding=\"async\" src=\"\/wp-content\/uploads\/theater_gorkiTheater_2gr.jpg\" alt=\"Kwast - Theatermalerei - Maxim Gorki Theater Berlin \" width=\"480\" height=\"696\" class=\"alignnone size-full wp-image-1978\" \/><\/p>\n<\/div><\/p>\n","protected":false},"excerpt":{"rendered":"<p>Auftraggeber: Theaterwerkst\u00e4tten Maxim Gorki Theater Berlin | Theatermalfarben auf Nessel | 12 x 14 m F\u00fcr die Theaterwerkst\u00e4tten des Maxim Gorki Theaters war ich langj\u00e4hrig als Malsaalvorstand t\u00e4tig. Diesen Landschaftsprospekt malte ich im Schillertheater f\u00fcr die Produktion \u00bbDer gute Mensch von Sezuan\u00ab, umgesetzte Theatermalerei als Kombination von Spritztechnik f\u00fcr den Himmel und Primamalerei f\u00fcr die [&hellip;]<\/p>\n","protected":false},"author":2,"featured_media":0,"parent":134,"menu_order":30,"comment_status":"closed","ping_status":"closed","template":"detailseiten.php","meta":{"footnotes":""},"class_list":["post-1980","page","type-page","status-publish","hentry","brick"],"yoast_head":"<!-- This site is optimized with the Yoast SEO plugin v27.4 - https:\/\/yoast.com\/product\/yoast-seo-wordpress\/ -->\n<title>Maxim Gorki Theater Berlin - Theatermalerei Landschaftsprospekt - Commissioned Painting Kwast Berlin<\/title>\n<meta name=\"robots\" content=\"index, follow, max-snippet:-1, max-image-preview:large, max-video-preview:-1\" \/>\n<link rel=\"canonical\" href=\"https:\/\/auftragsmalerei-kwast-berlin.de\/en\/theater-und-filmmalerei-arbeitsbeispiele\/maxim-gorki-theater-berlin-theatermalerei-landschaftsprospekt\/\" \/>\n<meta property=\"og:locale\" content=\"en_US\" \/>\n<meta property=\"og:type\" content=\"article\" \/>\n<meta property=\"og:title\" content=\"Maxim Gorki Theater Berlin - Theatermalerei Landschaftsprospekt - Commissioned Painting Kwast Berlin\" \/>\n<meta property=\"og:description\" content=\"Auftraggeber: Theaterwerkst\u00e4tten Maxim Gorki Theater Berlin | Theatermalfarben auf Nessel | 12 x 14 m F\u00fcr die Theaterwerkst\u00e4tten des Maxim Gorki Theaters war ich langj\u00e4hrig als Malsaalvorstand t\u00e4tig. Diesen Landschaftsprospekt malte ich im Schillertheater f\u00fcr die Produktion \u00bbDer gute Mensch von Sezuan\u00ab, umgesetzte Theatermalerei als Kombination von Spritztechnik f\u00fcr den Himmel und Primamalerei f\u00fcr die [&hellip;]\" \/>\n<meta property=\"og:url\" content=\"https:\/\/auftragsmalerei-kwast-berlin.de\/en\/theater-und-filmmalerei-arbeitsbeispiele\/maxim-gorki-theater-berlin-theatermalerei-landschaftsprospekt\/\" \/>\n<meta property=\"og:site_name\" content=\"Commissioned Painting Kwast Berlin\" \/>\n<meta name=\"twitter:card\" content=\"summary_large_image\" \/>\n<script type=\"application\/ld+json\" class=\"yoast-schema-graph\">{\"@context\":\"https:\\\/\\\/schema.org\",\"@graph\":[{\"@type\":\"WebPage\",\"@id\":\"https:\\\/\\\/auftragsmalerei-kwast-berlin.de\\\/en\\\/theater-und-filmmalerei-arbeitsbeispiele\\\/maxim-gorki-theater-berlin-theatermalerei-landschaftsprospekt\\\/\",\"url\":\"https:\\\/\\\/auftragsmalerei-kwast-berlin.de\\\/en\\\/theater-und-filmmalerei-arbeitsbeispiele\\\/maxim-gorki-theater-berlin-theatermalerei-landschaftsprospekt\\\/\",\"name\":\"Maxim Gorki Theater Berlin - Theatermalerei Landschaftsprospekt - Commissioned Painting Kwast Berlin\",\"isPartOf\":{\"@id\":\"https:\\\/\\\/auftragsmalerei-kwast-berlin.de\\\/en\\\/#website\"},\"datePublished\":\"2015-09-30T10:15:06+00:00\",\"breadcrumb\":{\"@id\":\"https:\\\/\\\/auftragsmalerei-kwast-berlin.de\\\/en\\\/theater-und-filmmalerei-arbeitsbeispiele\\\/maxim-gorki-theater-berlin-theatermalerei-landschaftsprospekt\\\/#breadcrumb\"},\"inLanguage\":\"en-US\",\"potentialAction\":[{\"@type\":\"ReadAction\",\"target\":[\"https:\\\/\\\/auftragsmalerei-kwast-berlin.de\\\/en\\\/theater-und-filmmalerei-arbeitsbeispiele\\\/maxim-gorki-theater-berlin-theatermalerei-landschaftsprospekt\\\/\"]}]},{\"@type\":\"BreadcrumbList\",\"@id\":\"https:\\\/\\\/auftragsmalerei-kwast-berlin.de\\\/en\\\/theater-und-filmmalerei-arbeitsbeispiele\\\/maxim-gorki-theater-berlin-theatermalerei-landschaftsprospekt\\\/#breadcrumb\",\"itemListElement\":[{\"@type\":\"ListItem\",\"position\":1,\"name\":\"Home\",\"item\":\"https:\\\/\\\/auftragsmalerei-kwast-berlin.de\\\/en\\\/\"},{\"@type\":\"ListItem\",\"position\":2,\"name\":\"Scenic painting and film painting\",\"item\":\"https:\\\/\\\/auftragsmalerei-kwast-berlin.de\\\/en\\\/theater-und-filmmalerei-arbeitsbeispiele\\\/\"},{\"@type\":\"ListItem\",\"position\":3,\"name\":\"Maxim Gorki Theater Berlin &#8211; Theatermalerei Landschaftsprospekt\"}]},{\"@type\":\"WebSite\",\"@id\":\"https:\\\/\\\/auftragsmalerei-kwast-berlin.de\\\/en\\\/#website\",\"url\":\"https:\\\/\\\/auftragsmalerei-kwast-berlin.de\\\/en\\\/\",\"name\":\"Commissioned Painting Kwast Berlin\",\"description\":\"Commissioned painting for theatre and film, fairs and museums, wall, facade and portrait\",\"potentialAction\":[{\"@type\":\"SearchAction\",\"target\":{\"@type\":\"EntryPoint\",\"urlTemplate\":\"https:\\\/\\\/auftragsmalerei-kwast-berlin.de\\\/en\\\/?s={search_term_string}\"},\"query-input\":{\"@type\":\"PropertyValueSpecification\",\"valueRequired\":true,\"valueName\":\"search_term_string\"}}],\"inLanguage\":\"en-US\"}]}<\/script>\n<!-- \/ Yoast SEO plugin. -->","yoast_head_json":{"title":"Maxim Gorki Theater Berlin - Theatermalerei Landschaftsprospekt - Commissioned Painting Kwast Berlin","robots":{"index":"index","follow":"follow","max-snippet":"max-snippet:-1","max-image-preview":"max-image-preview:large","max-video-preview":"max-video-preview:-1"},"canonical":"https:\/\/auftragsmalerei-kwast-berlin.de\/en\/theater-und-filmmalerei-arbeitsbeispiele\/maxim-gorki-theater-berlin-theatermalerei-landschaftsprospekt\/","og_locale":"en_US","og_type":"article","og_title":"Maxim Gorki Theater Berlin - Theatermalerei Landschaftsprospekt - Commissioned Painting Kwast Berlin","og_description":"Auftraggeber: Theaterwerkst\u00e4tten Maxim Gorki Theater Berlin | Theatermalfarben auf Nessel | 12 x 14 m F\u00fcr die Theaterwerkst\u00e4tten des Maxim Gorki Theaters war ich langj\u00e4hrig als Malsaalvorstand t\u00e4tig. Diesen Landschaftsprospekt malte ich im Schillertheater f\u00fcr die Produktion \u00bbDer gute Mensch von Sezuan\u00ab, umgesetzte Theatermalerei als Kombination von Spritztechnik f\u00fcr den Himmel und Primamalerei f\u00fcr die [&hellip;]","og_url":"https:\/\/auftragsmalerei-kwast-berlin.de\/en\/theater-und-filmmalerei-arbeitsbeispiele\/maxim-gorki-theater-berlin-theatermalerei-landschaftsprospekt\/","og_site_name":"Commissioned Painting Kwast Berlin","twitter_card":"summary_large_image","schema":{"@context":"https:\/\/schema.org","@graph":[{"@type":"WebPage","@id":"https:\/\/auftragsmalerei-kwast-berlin.de\/en\/theater-und-filmmalerei-arbeitsbeispiele\/maxim-gorki-theater-berlin-theatermalerei-landschaftsprospekt\/","url":"https:\/\/auftragsmalerei-kwast-berlin.de\/en\/theater-und-filmmalerei-arbeitsbeispiele\/maxim-gorki-theater-berlin-theatermalerei-landschaftsprospekt\/","name":"Maxim Gorki Theater Berlin - Theatermalerei Landschaftsprospekt - Commissioned Painting Kwast Berlin","isPartOf":{"@id":"https:\/\/auftragsmalerei-kwast-berlin.de\/en\/#website"},"datePublished":"2015-09-30T10:15:06+00:00","breadcrumb":{"@id":"https:\/\/auftragsmalerei-kwast-berlin.de\/en\/theater-und-filmmalerei-arbeitsbeispiele\/maxim-gorki-theater-berlin-theatermalerei-landschaftsprospekt\/#breadcrumb"},"inLanguage":"en-US","potentialAction":[{"@type":"ReadAction","target":["https:\/\/auftragsmalerei-kwast-berlin.de\/en\/theater-und-filmmalerei-arbeitsbeispiele\/maxim-gorki-theater-berlin-theatermalerei-landschaftsprospekt\/"]}]},{"@type":"BreadcrumbList","@id":"https:\/\/auftragsmalerei-kwast-berlin.de\/en\/theater-und-filmmalerei-arbeitsbeispiele\/maxim-gorki-theater-berlin-theatermalerei-landschaftsprospekt\/#breadcrumb","itemListElement":[{"@type":"ListItem","position":1,"name":"Home","item":"https:\/\/auftragsmalerei-kwast-berlin.de\/en\/"},{"@type":"ListItem","position":2,"name":"Scenic painting and film painting","item":"https:\/\/auftragsmalerei-kwast-berlin.de\/en\/theater-und-filmmalerei-arbeitsbeispiele\/"},{"@type":"ListItem","position":3,"name":"Maxim Gorki Theater Berlin &#8211; Theatermalerei Landschaftsprospekt"}]},{"@type":"WebSite","@id":"https:\/\/auftragsmalerei-kwast-berlin.de\/en\/#website","url":"https:\/\/auftragsmalerei-kwast-berlin.de\/en\/","name":"Commissioned Painting Kwast Berlin","description":"Commissioned painting for theatre and film, fairs and museums, wall, facade and portrait","potentialAction":[{"@type":"SearchAction","target":{"@type":"EntryPoint","urlTemplate":"https:\/\/auftragsmalerei-kwast-berlin.de\/en\/?s={search_term_string}"},"query-input":{"@type":"PropertyValueSpecification","valueRequired":true,"valueName":"search_term_string"}}],"inLanguage":"en-US"}]}},"_links":{"self":[{"href":"https:\/\/auftragsmalerei-kwast-berlin.de\/en\/wp-json\/wp\/v2\/pages\/1980","targetHints":{"allow":["GET"]}}],"collection":[{"href":"https:\/\/auftragsmalerei-kwast-berlin.de\/en\/wp-json\/wp\/v2\/pages"}],"about":[{"href":"https:\/\/auftragsmalerei-kwast-berlin.de\/en\/wp-json\/wp\/v2\/types\/page"}],"author":[{"embeddable":true,"href":"https:\/\/auftragsmalerei-kwast-berlin.de\/en\/wp-json\/wp\/v2\/users\/2"}],"replies":[{"embeddable":true,"href":"https:\/\/auftragsmalerei-kwast-berlin.de\/en\/wp-json\/wp\/v2\/comments?post=1980"}],"version-history":[{"count":0,"href":"https:\/\/auftragsmalerei-kwast-berlin.de\/en\/wp-json\/wp\/v2\/pages\/1980\/revisions"}],"up":[{"embeddable":true,"href":"https:\/\/auftragsmalerei-kwast-berlin.de\/en\/wp-json\/wp\/v2\/pages\/134"}],"wp:attachment":[{"href":"https:\/\/auftragsmalerei-kwast-berlin.de\/en\/wp-json\/wp\/v2\/media?parent=1980"}],"curies":[{"name":"wp","href":"https:\/\/api.w.org\/{rel}","templated":true}]}}