{"id":1992,"date":"2015-09-30T12:30:01","date_gmt":"2015-09-30T10:30:01","guid":{"rendered":"http:\/\/relaunch.auftragsmalerei-kwast-berlin.de\/?page_id=1992"},"modified":"2015-09-30T12:30:01","modified_gmt":"2015-09-30T10:30:01","slug":"kammerspiele-hamburg-entfhrung-aus-dem-serail","status":"publish","type":"page","link":"https:\/\/auftragsmalerei-kwast-berlin.de\/en\/theater-und-filmmalerei-arbeitsbeispiele\/kammerspiele-hamburg-entfhrung-aus-dem-serail\/","title":{"rendered":"Kammerspiele Hamburg &#8211; \u00bbEntf\u00fchrung aus dem Serail\u00ab"},"content":{"rendered":"<h3>Auftraggeber: Kammerspiele Hamburg | Theatermalfarbe, Nessel, Sperrholz | 10 x 14 m<\/h3>\n<p>Das ist wohl eine meiner sch\u00f6nsten Prospektmalereien. F\u00fcr die Produktion \u00bbEntf\u00fchrung aus dem Serail\u00ab bemalte ich erst eine Sperrholzwand in rostiger Metalloptik, die \u00fcber die H\u00e4lfte der Auff\u00fchrung die gesamte B\u00fchne ausf\u00fcllte. Als sich diese Wand dann in den B\u00fchnenhimmel erhob, leuchtete diese Theatermalerei nach gr\u00fcnem Teppich wie das Paradies. Die extra auf Sperrholz gemalten Schmetterlinge bewegten sich w\u00e4hrend der Vorstellung aus der Malerei.<br \/>\nAls Vorlage diente ein abfotografiertes Arrangement aus echten und unechten Blumen, Tieren, usw. Der fertige Blumenprospekt wurde sp\u00e4ter in Hamburg versteigert.<br \/>\n<div class=\"content_block\" id=\"custom_post_widget-1985\"><p><img loading=\"lazy\" decoding=\"async\" src=\"\/wp-content\/uploads\/theater_kammerspiele_1.1gr.jpg\" alt=\"Kwast - Theatermalerei - Kammerspiele Hamburg\" width=\"656\" height=\"440\" class=\"alignnone size-full wp-image-1986\" \/><\/p>\n<p><img loading=\"lazy\" decoding=\"async\" src=\"\/wp-content\/uploads\/theater_kammerspiele_1gr.jpg\" alt=\"Kwast - Theatermalerei - Kammerspiele Hamburg\" width=\"656\" height=\"440\" class=\"alignnone size-full wp-image-1990\" \/><\/p>\n<p><img loading=\"lazy\" decoding=\"async\" src=\"\/wp-content\/uploads\/theater_kammerspiele_1.4gr.jpg\" alt=\"Kwast - Theatermalerei - Kammerspiele Hamburg\" width=\"656\" height=\"440\" class=\"alignnone size-full wp-image-1989\" \/><\/p>\n<p><img loading=\"lazy\" decoding=\"async\" src=\"\/wp-content\/uploads\/theater_kammerspiele_1.3gr.jpg\" alt=\"Kwast - Theatermalerei - Kammerspiele Hamburg\" width=\"656\" height=\"440\" class=\"alignnone size-full wp-image-1988\" \/><\/p>\n<p><img loading=\"lazy\" decoding=\"async\" src=\"\/wp-content\/uploads\/theater_kammerspiele_1.2gr.jpg\" alt=\"Kwast - Theatermalerei - Kammerspiele Hamburg\" width=\"656\" height=\"440\" class=\"alignnone size-full wp-image-1987\" \/><\/p>\n<\/div><\/p>\n","protected":false},"excerpt":{"rendered":"<p>Auftraggeber: Kammerspiele Hamburg | Theatermalfarbe, Nessel, Sperrholz | 10 x 14 m Das ist wohl eine meiner sch\u00f6nsten Prospektmalereien. F\u00fcr die Produktion \u00bbEntf\u00fchrung aus dem Serail\u00ab bemalte ich erst eine Sperrholzwand in rostiger Metalloptik, die \u00fcber die H\u00e4lfte der Auff\u00fchrung die gesamte B\u00fchne ausf\u00fcllte. Als sich diese Wand dann in den B\u00fchnenhimmel erhob, leuchtete diese [&hellip;]<\/p>\n","protected":false},"author":2,"featured_media":0,"parent":134,"menu_order":32,"comment_status":"closed","ping_status":"closed","template":"detailseiten.php","meta":{"footnotes":""},"class_list":["post-1992","page","type-page","status-publish","hentry","brick"],"yoast_head":"<!-- This site is optimized with the Yoast SEO plugin v27.4 - https:\/\/yoast.com\/product\/yoast-seo-wordpress\/ -->\n<title>Kammerspiele Hamburg - \u00bbEntf\u00fchrung aus dem Serail\u00ab - Commissioned Painting Kwast Berlin<\/title>\n<meta name=\"robots\" content=\"index, follow, max-snippet:-1, max-image-preview:large, max-video-preview:-1\" \/>\n<link rel=\"canonical\" href=\"https:\/\/auftragsmalerei-kwast-berlin.de\/en\/theater-und-filmmalerei-arbeitsbeispiele\/kammerspiele-hamburg-entfhrung-aus-dem-serail\/\" \/>\n<meta property=\"og:locale\" content=\"en_US\" \/>\n<meta property=\"og:type\" content=\"article\" \/>\n<meta property=\"og:title\" content=\"Kammerspiele Hamburg - \u00bbEntf\u00fchrung aus dem Serail\u00ab - Commissioned Painting Kwast Berlin\" \/>\n<meta property=\"og:description\" content=\"Auftraggeber: Kammerspiele Hamburg | Theatermalfarbe, Nessel, Sperrholz | 10 x 14 m Das ist wohl eine meiner sch\u00f6nsten Prospektmalereien. F\u00fcr die Produktion \u00bbEntf\u00fchrung aus dem Serail\u00ab bemalte ich erst eine Sperrholzwand in rostiger Metalloptik, die \u00fcber die H\u00e4lfte der Auff\u00fchrung die gesamte B\u00fchne ausf\u00fcllte. Als sich diese Wand dann in den B\u00fchnenhimmel erhob, leuchtete diese [&hellip;]\" \/>\n<meta property=\"og:url\" content=\"https:\/\/auftragsmalerei-kwast-berlin.de\/en\/theater-und-filmmalerei-arbeitsbeispiele\/kammerspiele-hamburg-entfhrung-aus-dem-serail\/\" \/>\n<meta property=\"og:site_name\" content=\"Commissioned Painting Kwast Berlin\" \/>\n<meta name=\"twitter:card\" content=\"summary_large_image\" \/>\n<meta name=\"twitter:label1\" content=\"Est. reading time\" \/>\n\t<meta name=\"twitter:data1\" content=\"1 minute\" \/>\n<script type=\"application\/ld+json\" class=\"yoast-schema-graph\">{\"@context\":\"https:\\\/\\\/schema.org\",\"@graph\":[{\"@type\":\"WebPage\",\"@id\":\"https:\\\/\\\/auftragsmalerei-kwast-berlin.de\\\/en\\\/theater-und-filmmalerei-arbeitsbeispiele\\\/kammerspiele-hamburg-entfhrung-aus-dem-serail\\\/\",\"url\":\"https:\\\/\\\/auftragsmalerei-kwast-berlin.de\\\/en\\\/theater-und-filmmalerei-arbeitsbeispiele\\\/kammerspiele-hamburg-entfhrung-aus-dem-serail\\\/\",\"name\":\"Kammerspiele Hamburg - \u00bbEntf\u00fchrung aus dem Serail\u00ab - Commissioned Painting Kwast Berlin\",\"isPartOf\":{\"@id\":\"https:\\\/\\\/auftragsmalerei-kwast-berlin.de\\\/en\\\/#website\"},\"datePublished\":\"2015-09-30T10:30:01+00:00\",\"breadcrumb\":{\"@id\":\"https:\\\/\\\/auftragsmalerei-kwast-berlin.de\\\/en\\\/theater-und-filmmalerei-arbeitsbeispiele\\\/kammerspiele-hamburg-entfhrung-aus-dem-serail\\\/#breadcrumb\"},\"inLanguage\":\"en-US\",\"potentialAction\":[{\"@type\":\"ReadAction\",\"target\":[\"https:\\\/\\\/auftragsmalerei-kwast-berlin.de\\\/en\\\/theater-und-filmmalerei-arbeitsbeispiele\\\/kammerspiele-hamburg-entfhrung-aus-dem-serail\\\/\"]}]},{\"@type\":\"BreadcrumbList\",\"@id\":\"https:\\\/\\\/auftragsmalerei-kwast-berlin.de\\\/en\\\/theater-und-filmmalerei-arbeitsbeispiele\\\/kammerspiele-hamburg-entfhrung-aus-dem-serail\\\/#breadcrumb\",\"itemListElement\":[{\"@type\":\"ListItem\",\"position\":1,\"name\":\"Home\",\"item\":\"https:\\\/\\\/auftragsmalerei-kwast-berlin.de\\\/en\\\/\"},{\"@type\":\"ListItem\",\"position\":2,\"name\":\"Scenic painting and film painting\",\"item\":\"https:\\\/\\\/auftragsmalerei-kwast-berlin.de\\\/en\\\/theater-und-filmmalerei-arbeitsbeispiele\\\/\"},{\"@type\":\"ListItem\",\"position\":3,\"name\":\"Kammerspiele Hamburg &#8211; \u00bbEntf\u00fchrung aus dem Serail\u00ab\"}]},{\"@type\":\"WebSite\",\"@id\":\"https:\\\/\\\/auftragsmalerei-kwast-berlin.de\\\/en\\\/#website\",\"url\":\"https:\\\/\\\/auftragsmalerei-kwast-berlin.de\\\/en\\\/\",\"name\":\"Commissioned Painting Kwast Berlin\",\"description\":\"Commissioned painting for theatre and film, fairs and museums, wall, facade and portrait\",\"potentialAction\":[{\"@type\":\"SearchAction\",\"target\":{\"@type\":\"EntryPoint\",\"urlTemplate\":\"https:\\\/\\\/auftragsmalerei-kwast-berlin.de\\\/en\\\/?s={search_term_string}\"},\"query-input\":{\"@type\":\"PropertyValueSpecification\",\"valueRequired\":true,\"valueName\":\"search_term_string\"}}],\"inLanguage\":\"en-US\"}]}<\/script>\n<!-- \/ Yoast SEO plugin. -->","yoast_head_json":{"title":"Kammerspiele Hamburg - \u00bbEntf\u00fchrung aus dem Serail\u00ab - Commissioned Painting Kwast Berlin","robots":{"index":"index","follow":"follow","max-snippet":"max-snippet:-1","max-image-preview":"max-image-preview:large","max-video-preview":"max-video-preview:-1"},"canonical":"https:\/\/auftragsmalerei-kwast-berlin.de\/en\/theater-und-filmmalerei-arbeitsbeispiele\/kammerspiele-hamburg-entfhrung-aus-dem-serail\/","og_locale":"en_US","og_type":"article","og_title":"Kammerspiele Hamburg - \u00bbEntf\u00fchrung aus dem Serail\u00ab - Commissioned Painting Kwast Berlin","og_description":"Auftraggeber: Kammerspiele Hamburg | Theatermalfarbe, Nessel, Sperrholz | 10 x 14 m Das ist wohl eine meiner sch\u00f6nsten Prospektmalereien. F\u00fcr die Produktion \u00bbEntf\u00fchrung aus dem Serail\u00ab bemalte ich erst eine Sperrholzwand in rostiger Metalloptik, die \u00fcber die H\u00e4lfte der Auff\u00fchrung die gesamte B\u00fchne ausf\u00fcllte. Als sich diese Wand dann in den B\u00fchnenhimmel erhob, leuchtete diese [&hellip;]","og_url":"https:\/\/auftragsmalerei-kwast-berlin.de\/en\/theater-und-filmmalerei-arbeitsbeispiele\/kammerspiele-hamburg-entfhrung-aus-dem-serail\/","og_site_name":"Commissioned Painting Kwast Berlin","twitter_card":"summary_large_image","twitter_misc":{"Est. reading time":"1 minute"},"schema":{"@context":"https:\/\/schema.org","@graph":[{"@type":"WebPage","@id":"https:\/\/auftragsmalerei-kwast-berlin.de\/en\/theater-und-filmmalerei-arbeitsbeispiele\/kammerspiele-hamburg-entfhrung-aus-dem-serail\/","url":"https:\/\/auftragsmalerei-kwast-berlin.de\/en\/theater-und-filmmalerei-arbeitsbeispiele\/kammerspiele-hamburg-entfhrung-aus-dem-serail\/","name":"Kammerspiele Hamburg - \u00bbEntf\u00fchrung aus dem Serail\u00ab - Commissioned Painting Kwast Berlin","isPartOf":{"@id":"https:\/\/auftragsmalerei-kwast-berlin.de\/en\/#website"},"datePublished":"2015-09-30T10:30:01+00:00","breadcrumb":{"@id":"https:\/\/auftragsmalerei-kwast-berlin.de\/en\/theater-und-filmmalerei-arbeitsbeispiele\/kammerspiele-hamburg-entfhrung-aus-dem-serail\/#breadcrumb"},"inLanguage":"en-US","potentialAction":[{"@type":"ReadAction","target":["https:\/\/auftragsmalerei-kwast-berlin.de\/en\/theater-und-filmmalerei-arbeitsbeispiele\/kammerspiele-hamburg-entfhrung-aus-dem-serail\/"]}]},{"@type":"BreadcrumbList","@id":"https:\/\/auftragsmalerei-kwast-berlin.de\/en\/theater-und-filmmalerei-arbeitsbeispiele\/kammerspiele-hamburg-entfhrung-aus-dem-serail\/#breadcrumb","itemListElement":[{"@type":"ListItem","position":1,"name":"Home","item":"https:\/\/auftragsmalerei-kwast-berlin.de\/en\/"},{"@type":"ListItem","position":2,"name":"Scenic painting and film painting","item":"https:\/\/auftragsmalerei-kwast-berlin.de\/en\/theater-und-filmmalerei-arbeitsbeispiele\/"},{"@type":"ListItem","position":3,"name":"Kammerspiele Hamburg &#8211; \u00bbEntf\u00fchrung aus dem Serail\u00ab"}]},{"@type":"WebSite","@id":"https:\/\/auftragsmalerei-kwast-berlin.de\/en\/#website","url":"https:\/\/auftragsmalerei-kwast-berlin.de\/en\/","name":"Commissioned Painting Kwast Berlin","description":"Commissioned painting for theatre and film, fairs and museums, wall, facade and portrait","potentialAction":[{"@type":"SearchAction","target":{"@type":"EntryPoint","urlTemplate":"https:\/\/auftragsmalerei-kwast-berlin.de\/en\/?s={search_term_string}"},"query-input":{"@type":"PropertyValueSpecification","valueRequired":true,"valueName":"search_term_string"}}],"inLanguage":"en-US"}]}},"_links":{"self":[{"href":"https:\/\/auftragsmalerei-kwast-berlin.de\/en\/wp-json\/wp\/v2\/pages\/1992","targetHints":{"allow":["GET"]}}],"collection":[{"href":"https:\/\/auftragsmalerei-kwast-berlin.de\/en\/wp-json\/wp\/v2\/pages"}],"about":[{"href":"https:\/\/auftragsmalerei-kwast-berlin.de\/en\/wp-json\/wp\/v2\/types\/page"}],"author":[{"embeddable":true,"href":"https:\/\/auftragsmalerei-kwast-berlin.de\/en\/wp-json\/wp\/v2\/users\/2"}],"replies":[{"embeddable":true,"href":"https:\/\/auftragsmalerei-kwast-berlin.de\/en\/wp-json\/wp\/v2\/comments?post=1992"}],"version-history":[{"count":0,"href":"https:\/\/auftragsmalerei-kwast-berlin.de\/en\/wp-json\/wp\/v2\/pages\/1992\/revisions"}],"up":[{"embeddable":true,"href":"https:\/\/auftragsmalerei-kwast-berlin.de\/en\/wp-json\/wp\/v2\/pages\/134"}],"wp:attachment":[{"href":"https:\/\/auftragsmalerei-kwast-berlin.de\/en\/wp-json\/wp\/v2\/media?parent=1992"}],"curies":[{"name":"wp","href":"https:\/\/api.w.org\/{rel}","templated":true}]}}