{"id":2016,"date":"2015-10-03T16:30:00","date_gmt":"2015-10-03T14:30:00","guid":{"rendered":"http:\/\/relaunch.auftragsmalerei-kwast-berlin.de\/?page_id=2016"},"modified":"2015-10-03T16:30:00","modified_gmt":"2015-10-03T14:30:00","slug":"oper-graz-freiheit-fuer-kraehwinkel","status":"publish","type":"page","link":"https:\/\/auftragsmalerei-kwast-berlin.de\/en\/theater-und-filmmalerei-arbeitsbeispiele\/oper-graz-freiheit-fuer-kraehwinkel\/","title":{"rendered":"Oper Graz &#8211; \u00bbFreiheit f\u00fcr Kr\u00e4hwinkel\u00ab"},"content":{"rendered":"<h3>Auftraggeber: Oper Graz | Theatermalfarben auf verschiedenen Materialien | 4,00 x 2,30 m<\/h3>\n<p>Die Theatermalerei f\u00fcr die Produktion \u00bbFreiheit f\u00fcr Kr\u00e4hwinkel\u00ab war eine recht vielseitige. F\u00fcr zwei \u00fcberproportionale Bilderrahmen sollte Mdf so bemalt werden, das die Illusion von Plastizit\u00e4t auf vergoldetem Gips entstand. Verwendet wurden hier vor allem Siebdruckfarben, deren matter Glanz das Material gut betonte. Die Ornamente wurden untermalt und stark \u00fcberh\u00f6ht, um die Illusion zu betonen. Neben den Rahmen, die zwei kleinen Prospekten vorstanden, malte ich f\u00fcr diese Produktion mehrere bis zu 7m gro\u00dfe Wolken auf Spanplatten und diverse Requisiten.<br \/>\n<div class=\"content_block\" id=\"custom_post_widget-2009\"><p><img loading=\"lazy\" decoding=\"async\" src=\"\/wp-content\/uploads\/theater_operGraz_2gr.jpg\" alt=\"Kwast - Theatermalerei - Oper Graz\" width=\"656\" height=\"440\" class=\"alignnone size-full wp-image-2011\" \/><\/p>\n<p><img loading=\"lazy\" decoding=\"async\" src=\"\/wp-content\/uploads\/theater_operGraz_1gr.jpg\" alt=\"Kwast - Theatermalerei - Oper Graz\" width=\"656\" height=\"440\" class=\"alignnone size-full wp-image-2010\" \/><\/p>\n<p><img loading=\"lazy\" decoding=\"async\" src=\"\/wp-content\/uploads\/theater_operGraz_5gr.jpg\" alt=\"Kwast - Theatermalerei - Oper Graz\" width=\"656\" height=\"440\" class=\"alignnone size-full wp-image-2014\" \/><\/p>\n<p><img loading=\"lazy\" decoding=\"async\" src=\"\/wp-content\/uploads\/theater_operGraz_4gr.jpg\" alt=\"Kwast - Theatermalerei - Oper Graz\" width=\"656\" height=\"440\" class=\"alignnone size-full wp-image-2013\" \/><\/p>\n<p><img loading=\"lazy\" decoding=\"async\" src=\"\/wp-content\/uploads\/theater_operGraz_3gr.jpg\" alt=\"Kwast - Theatermalerei - Oper Graz\" width=\"656\" height=\"440\" class=\"alignnone size-full wp-image-2012\" \/><\/p>\n<\/div><\/p>\n","protected":false},"excerpt":{"rendered":"<p>Auftraggeber: Oper Graz | Theatermalfarben auf verschiedenen Materialien | 4,00 x 2,30 m Die Theatermalerei f\u00fcr die Produktion \u00bbFreiheit f\u00fcr Kr\u00e4hwinkel\u00ab war eine recht vielseitige. F\u00fcr zwei \u00fcberproportionale Bilderrahmen sollte Mdf so bemalt werden, das die Illusion von Plastizit\u00e4t auf vergoldetem Gips entstand. Verwendet wurden hier vor allem Siebdruckfarben, deren matter Glanz das Material gut [&hellip;]<\/p>\n","protected":false},"author":2,"featured_media":0,"parent":134,"menu_order":34,"comment_status":"closed","ping_status":"closed","template":"detailseiten.php","meta":{"footnotes":""},"class_list":["post-2016","page","type-page","status-publish","hentry","brick"],"yoast_head":"<!-- This site is optimized with the Yoast SEO plugin v27.4 - https:\/\/yoast.com\/product\/yoast-seo-wordpress\/ -->\n<title>Oper Graz - \u00bbFreiheit f\u00fcr Kr\u00e4hwinkel\u00ab - Commissioned Painting Kwast Berlin<\/title>\n<meta name=\"robots\" content=\"index, follow, max-snippet:-1, max-image-preview:large, max-video-preview:-1\" \/>\n<link rel=\"canonical\" href=\"https:\/\/auftragsmalerei-kwast-berlin.de\/en\/theater-und-filmmalerei-arbeitsbeispiele\/oper-graz-freiheit-fuer-kraehwinkel\/\" \/>\n<meta property=\"og:locale\" content=\"en_US\" \/>\n<meta property=\"og:type\" content=\"article\" \/>\n<meta property=\"og:title\" content=\"Oper Graz - \u00bbFreiheit f\u00fcr Kr\u00e4hwinkel\u00ab - Commissioned Painting Kwast Berlin\" \/>\n<meta property=\"og:description\" content=\"Auftraggeber: Oper Graz | Theatermalfarben auf verschiedenen Materialien | 4,00 x 2,30 m Die Theatermalerei f\u00fcr die Produktion \u00bbFreiheit f\u00fcr Kr\u00e4hwinkel\u00ab war eine recht vielseitige. F\u00fcr zwei \u00fcberproportionale Bilderrahmen sollte Mdf so bemalt werden, das die Illusion von Plastizit\u00e4t auf vergoldetem Gips entstand. Verwendet wurden hier vor allem Siebdruckfarben, deren matter Glanz das Material gut [&hellip;]\" \/>\n<meta property=\"og:url\" content=\"https:\/\/auftragsmalerei-kwast-berlin.de\/en\/theater-und-filmmalerei-arbeitsbeispiele\/oper-graz-freiheit-fuer-kraehwinkel\/\" \/>\n<meta property=\"og:site_name\" content=\"Commissioned Painting Kwast Berlin\" \/>\n<meta name=\"twitter:card\" content=\"summary_large_image\" \/>\n<meta name=\"twitter:label1\" content=\"Est. reading time\" \/>\n\t<meta name=\"twitter:data1\" content=\"1 minute\" \/>\n<script type=\"application\/ld+json\" class=\"yoast-schema-graph\">{\"@context\":\"https:\\\/\\\/schema.org\",\"@graph\":[{\"@type\":\"WebPage\",\"@id\":\"https:\\\/\\\/auftragsmalerei-kwast-berlin.de\\\/en\\\/theater-und-filmmalerei-arbeitsbeispiele\\\/oper-graz-freiheit-fuer-kraehwinkel\\\/\",\"url\":\"https:\\\/\\\/auftragsmalerei-kwast-berlin.de\\\/en\\\/theater-und-filmmalerei-arbeitsbeispiele\\\/oper-graz-freiheit-fuer-kraehwinkel\\\/\",\"name\":\"Oper Graz - \u00bbFreiheit f\u00fcr Kr\u00e4hwinkel\u00ab - Commissioned Painting Kwast Berlin\",\"isPartOf\":{\"@id\":\"https:\\\/\\\/auftragsmalerei-kwast-berlin.de\\\/en\\\/#website\"},\"datePublished\":\"2015-10-03T14:30:00+00:00\",\"breadcrumb\":{\"@id\":\"https:\\\/\\\/auftragsmalerei-kwast-berlin.de\\\/en\\\/theater-und-filmmalerei-arbeitsbeispiele\\\/oper-graz-freiheit-fuer-kraehwinkel\\\/#breadcrumb\"},\"inLanguage\":\"en-US\",\"potentialAction\":[{\"@type\":\"ReadAction\",\"target\":[\"https:\\\/\\\/auftragsmalerei-kwast-berlin.de\\\/en\\\/theater-und-filmmalerei-arbeitsbeispiele\\\/oper-graz-freiheit-fuer-kraehwinkel\\\/\"]}]},{\"@type\":\"BreadcrumbList\",\"@id\":\"https:\\\/\\\/auftragsmalerei-kwast-berlin.de\\\/en\\\/theater-und-filmmalerei-arbeitsbeispiele\\\/oper-graz-freiheit-fuer-kraehwinkel\\\/#breadcrumb\",\"itemListElement\":[{\"@type\":\"ListItem\",\"position\":1,\"name\":\"Home\",\"item\":\"https:\\\/\\\/auftragsmalerei-kwast-berlin.de\\\/en\\\/\"},{\"@type\":\"ListItem\",\"position\":2,\"name\":\"Scenic painting and film painting\",\"item\":\"https:\\\/\\\/auftragsmalerei-kwast-berlin.de\\\/en\\\/theater-und-filmmalerei-arbeitsbeispiele\\\/\"},{\"@type\":\"ListItem\",\"position\":3,\"name\":\"Oper Graz &#8211; \u00bbFreiheit f\u00fcr Kr\u00e4hwinkel\u00ab\"}]},{\"@type\":\"WebSite\",\"@id\":\"https:\\\/\\\/auftragsmalerei-kwast-berlin.de\\\/en\\\/#website\",\"url\":\"https:\\\/\\\/auftragsmalerei-kwast-berlin.de\\\/en\\\/\",\"name\":\"Commissioned Painting Kwast Berlin\",\"description\":\"Commissioned painting for theatre and film, fairs and museums, wall, facade and portrait\",\"potentialAction\":[{\"@type\":\"SearchAction\",\"target\":{\"@type\":\"EntryPoint\",\"urlTemplate\":\"https:\\\/\\\/auftragsmalerei-kwast-berlin.de\\\/en\\\/?s={search_term_string}\"},\"query-input\":{\"@type\":\"PropertyValueSpecification\",\"valueRequired\":true,\"valueName\":\"search_term_string\"}}],\"inLanguage\":\"en-US\"}]}<\/script>\n<!-- \/ Yoast SEO plugin. -->","yoast_head_json":{"title":"Oper Graz - \u00bbFreiheit f\u00fcr Kr\u00e4hwinkel\u00ab - Commissioned Painting Kwast Berlin","robots":{"index":"index","follow":"follow","max-snippet":"max-snippet:-1","max-image-preview":"max-image-preview:large","max-video-preview":"max-video-preview:-1"},"canonical":"https:\/\/auftragsmalerei-kwast-berlin.de\/en\/theater-und-filmmalerei-arbeitsbeispiele\/oper-graz-freiheit-fuer-kraehwinkel\/","og_locale":"en_US","og_type":"article","og_title":"Oper Graz - \u00bbFreiheit f\u00fcr Kr\u00e4hwinkel\u00ab - Commissioned Painting Kwast Berlin","og_description":"Auftraggeber: Oper Graz | Theatermalfarben auf verschiedenen Materialien | 4,00 x 2,30 m Die Theatermalerei f\u00fcr die Produktion \u00bbFreiheit f\u00fcr Kr\u00e4hwinkel\u00ab war eine recht vielseitige. F\u00fcr zwei \u00fcberproportionale Bilderrahmen sollte Mdf so bemalt werden, das die Illusion von Plastizit\u00e4t auf vergoldetem Gips entstand. Verwendet wurden hier vor allem Siebdruckfarben, deren matter Glanz das Material gut [&hellip;]","og_url":"https:\/\/auftragsmalerei-kwast-berlin.de\/en\/theater-und-filmmalerei-arbeitsbeispiele\/oper-graz-freiheit-fuer-kraehwinkel\/","og_site_name":"Commissioned Painting Kwast Berlin","twitter_card":"summary_large_image","twitter_misc":{"Est. reading time":"1 minute"},"schema":{"@context":"https:\/\/schema.org","@graph":[{"@type":"WebPage","@id":"https:\/\/auftragsmalerei-kwast-berlin.de\/en\/theater-und-filmmalerei-arbeitsbeispiele\/oper-graz-freiheit-fuer-kraehwinkel\/","url":"https:\/\/auftragsmalerei-kwast-berlin.de\/en\/theater-und-filmmalerei-arbeitsbeispiele\/oper-graz-freiheit-fuer-kraehwinkel\/","name":"Oper Graz - \u00bbFreiheit f\u00fcr Kr\u00e4hwinkel\u00ab - Commissioned Painting Kwast Berlin","isPartOf":{"@id":"https:\/\/auftragsmalerei-kwast-berlin.de\/en\/#website"},"datePublished":"2015-10-03T14:30:00+00:00","breadcrumb":{"@id":"https:\/\/auftragsmalerei-kwast-berlin.de\/en\/theater-und-filmmalerei-arbeitsbeispiele\/oper-graz-freiheit-fuer-kraehwinkel\/#breadcrumb"},"inLanguage":"en-US","potentialAction":[{"@type":"ReadAction","target":["https:\/\/auftragsmalerei-kwast-berlin.de\/en\/theater-und-filmmalerei-arbeitsbeispiele\/oper-graz-freiheit-fuer-kraehwinkel\/"]}]},{"@type":"BreadcrumbList","@id":"https:\/\/auftragsmalerei-kwast-berlin.de\/en\/theater-und-filmmalerei-arbeitsbeispiele\/oper-graz-freiheit-fuer-kraehwinkel\/#breadcrumb","itemListElement":[{"@type":"ListItem","position":1,"name":"Home","item":"https:\/\/auftragsmalerei-kwast-berlin.de\/en\/"},{"@type":"ListItem","position":2,"name":"Scenic painting and film painting","item":"https:\/\/auftragsmalerei-kwast-berlin.de\/en\/theater-und-filmmalerei-arbeitsbeispiele\/"},{"@type":"ListItem","position":3,"name":"Oper Graz &#8211; \u00bbFreiheit f\u00fcr Kr\u00e4hwinkel\u00ab"}]},{"@type":"WebSite","@id":"https:\/\/auftragsmalerei-kwast-berlin.de\/en\/#website","url":"https:\/\/auftragsmalerei-kwast-berlin.de\/en\/","name":"Commissioned Painting Kwast Berlin","description":"Commissioned painting for theatre and film, fairs and museums, wall, facade and portrait","potentialAction":[{"@type":"SearchAction","target":{"@type":"EntryPoint","urlTemplate":"https:\/\/auftragsmalerei-kwast-berlin.de\/en\/?s={search_term_string}"},"query-input":{"@type":"PropertyValueSpecification","valueRequired":true,"valueName":"search_term_string"}}],"inLanguage":"en-US"}]}},"_links":{"self":[{"href":"https:\/\/auftragsmalerei-kwast-berlin.de\/en\/wp-json\/wp\/v2\/pages\/2016","targetHints":{"allow":["GET"]}}],"collection":[{"href":"https:\/\/auftragsmalerei-kwast-berlin.de\/en\/wp-json\/wp\/v2\/pages"}],"about":[{"href":"https:\/\/auftragsmalerei-kwast-berlin.de\/en\/wp-json\/wp\/v2\/types\/page"}],"author":[{"embeddable":true,"href":"https:\/\/auftragsmalerei-kwast-berlin.de\/en\/wp-json\/wp\/v2\/users\/2"}],"replies":[{"embeddable":true,"href":"https:\/\/auftragsmalerei-kwast-berlin.de\/en\/wp-json\/wp\/v2\/comments?post=2016"}],"version-history":[{"count":0,"href":"https:\/\/auftragsmalerei-kwast-berlin.de\/en\/wp-json\/wp\/v2\/pages\/2016\/revisions"}],"up":[{"embeddable":true,"href":"https:\/\/auftragsmalerei-kwast-berlin.de\/en\/wp-json\/wp\/v2\/pages\/134"}],"wp:attachment":[{"href":"https:\/\/auftragsmalerei-kwast-berlin.de\/en\/wp-json\/wp\/v2\/media?parent=2016"}],"curies":[{"name":"wp","href":"https:\/\/api.w.org\/{rel}","templated":true}]}}