{"id":2036,"date":"2015-10-03T16:51:05","date_gmt":"2015-10-03T14:51:05","guid":{"rendered":"http:\/\/relaunch.auftragsmalerei-kwast-berlin.de\/?page_id=2036"},"modified":"2015-10-03T16:51:05","modified_gmt":"2015-10-03T14:51:05","slug":"oper-innsbruck-landschaftsprospekt","status":"publish","type":"page","link":"https:\/\/auftragsmalerei-kwast-berlin.de\/en\/theater-und-filmmalerei-arbeitsbeispiele\/oper-innsbruck-landschaftsprospekt\/","title":{"rendered":"Oper Innsbruck &#8211; Landschaftsprospekt"},"content":{"rendered":"<h3>Auftraggeber: Oper Innsbruck | Theatermalfarbe auf Nessel, Schelllack | 9 x 14 m<\/h3>\n<p>Auf so einen Theaterprospekt freut sich jeder Theatermaler. Diese Landschaft wurde auf einen schweren ungrundierten Nessel gemalt, was zwar h\u00f6here Materialkosten zur Folge hatte, aber auch eine teppichartige Oberfl\u00e4che. Um die Wirkung eines geheimnisvollen Ortes zu erh\u00f6hen, bekamen die verwendeten Acrylfarben einen Schluss\u00fcberzug von verd\u00fcnntem Schellack. Zu diesem R\u00fcckprospekt kamen noch in gleicher Weise bemalte Abdeckw\u00e4nde.<br \/>\n<div class=\"content_block\" id=\"custom_post_widget-2023\"><p><img loading=\"lazy\" decoding=\"async\" class=\"alignnone size-full wp-image-2032\" src=\"\/wp-content\/uploads\/theater_operInnsbruck_10gr.jpg\" alt=\"Kwast - Theatermalerei - Oper Innsbruck - Landschaftsprospekt\" width=\"656\" height=\"480\" \/><\/p>\n<p><img loading=\"lazy\" decoding=\"async\" class=\"alignnone size-full wp-image-2031\" src=\"\/wp-content\/uploads\/theater_operInnsbruck_9gr.jpg\" alt=\"Kwast - Theatermalerei - Oper Innsbruck - Landschaftsprospekt\" width=\"656\" height=\"440\" \/><\/p>\n<p><img loading=\"lazy\" decoding=\"async\" class=\"alignnone size-full wp-image-2030\" src=\"\/wp-content\/uploads\/theater_operInnsbruck_8gr.jpg\" alt=\"Kwast - Theatermalerei - Oper Innsbruck - Landschaftsprospekt\" width=\"656\" height=\"440\" \/><\/p>\n<p><img loading=\"lazy\" decoding=\"async\" class=\"alignnone size-full wp-image-2029\" src=\"\/wp-content\/uploads\/theater_operInnsbruck_7gr.jpg\" alt=\"Kwast - Theatermalerei - Oper Innsbruck - Landschaftsprospekt\" width=\"656\" height=\"467\" \/><br \/>\n<img loading=\"lazy\" decoding=\"async\" class=\"alignnone size-full wp-image-2028\" src=\"\/wp-content\/uploads\/theater_operInnsbruck_6gr.jpg\" alt=\"Kwast - Theatermalerei - Oper Innsbruck - Landschaftsprospekt\" width=\"656\" height=\"460\" \/><\/p>\n<p><img loading=\"lazy\" decoding=\"async\" class=\"alignnone size-full wp-image-2027\" src=\"\/wp-content\/uploads\/theater_operInnsbruck_5gr.jpg\" alt=\"Kwast - Theatermalerei - Oper Innsbruck - Landschaftsprospekt\" width=\"656\" height=\"460\" \/><\/p>\n<p><img loading=\"lazy\" decoding=\"async\" class=\"alignnone size-full wp-image-2026\" src=\"\/wp-content\/uploads\/theater_operInnsbruck_4gr.jpg\" alt=\"Kwast - Theatermalerei - Oper Innsbruck - Landschaftsprospekt\" width=\"656\" height=\"460\" \/><\/p>\n<p><img loading=\"lazy\" decoding=\"async\" class=\"alignnone size-full wp-image-2025\" src=\"\/wp-content\/uploads\/theater_operInnsbruck_2gr.jpg\" alt=\"Kwast - Theatermalerei - Oper Innsbruck - Landschaftsprospekt\" width=\"656\" height=\"440\" \/><\/p>\n<p><img loading=\"lazy\" decoding=\"async\" class=\"alignnone size-full wp-image-2024\" src=\"\/wp-content\/uploads\/theater_operInnsbruck_1gr.jpg\" alt=\"Kwast - Theatermalerei - Oper Innsbruck - Landschaftsprospekt\" width=\"656\" height=\"440\" \/><\/p>\n<\/div><\/p>\n","protected":false},"excerpt":{"rendered":"<p>Auftraggeber: Oper Innsbruck | Theatermalfarbe auf Nessel, Schelllack | 9 x 14 m Auf so einen Theaterprospekt freut sich jeder Theatermaler. Diese Landschaft wurde auf einen schweren ungrundierten Nessel gemalt, was zwar h\u00f6here Materialkosten zur Folge hatte, aber auch eine teppichartige Oberfl\u00e4che. Um die Wirkung eines geheimnisvollen Ortes zu erh\u00f6hen, bekamen die verwendeten Acrylfarben einen [&hellip;]<\/p>\n","protected":false},"author":2,"featured_media":0,"parent":134,"menu_order":35,"comment_status":"closed","ping_status":"closed","template":"detailseiten.php","meta":{"footnotes":""},"class_list":["post-2036","page","type-page","status-publish","hentry","brick"],"yoast_head":"<!-- This site is optimized with the Yoast SEO plugin v27.4 - https:\/\/yoast.com\/product\/yoast-seo-wordpress\/ -->\n<title>Oper Innsbruck - Landschaftsprospekt - Commissioned Painting Kwast Berlin<\/title>\n<meta name=\"robots\" content=\"index, follow, max-snippet:-1, max-image-preview:large, max-video-preview:-1\" \/>\n<link rel=\"canonical\" href=\"https:\/\/auftragsmalerei-kwast-berlin.de\/en\/theater-und-filmmalerei-arbeitsbeispiele\/oper-innsbruck-landschaftsprospekt\/\" \/>\n<meta property=\"og:locale\" content=\"en_US\" \/>\n<meta property=\"og:type\" content=\"article\" \/>\n<meta property=\"og:title\" content=\"Oper Innsbruck - Landschaftsprospekt - Commissioned Painting Kwast Berlin\" \/>\n<meta property=\"og:description\" content=\"Auftraggeber: Oper Innsbruck | Theatermalfarbe auf Nessel, Schelllack | 9 x 14 m Auf so einen Theaterprospekt freut sich jeder Theatermaler. Diese Landschaft wurde auf einen schweren ungrundierten Nessel gemalt, was zwar h\u00f6here Materialkosten zur Folge hatte, aber auch eine teppichartige Oberfl\u00e4che. Um die Wirkung eines geheimnisvollen Ortes zu erh\u00f6hen, bekamen die verwendeten Acrylfarben einen [&hellip;]\" \/>\n<meta property=\"og:url\" content=\"https:\/\/auftragsmalerei-kwast-berlin.de\/en\/theater-und-filmmalerei-arbeitsbeispiele\/oper-innsbruck-landschaftsprospekt\/\" \/>\n<meta property=\"og:site_name\" content=\"Commissioned Painting Kwast Berlin\" \/>\n<meta name=\"twitter:card\" content=\"summary_large_image\" \/>\n<script type=\"application\/ld+json\" class=\"yoast-schema-graph\">{\"@context\":\"https:\\\/\\\/schema.org\",\"@graph\":[{\"@type\":\"WebPage\",\"@id\":\"https:\\\/\\\/auftragsmalerei-kwast-berlin.de\\\/en\\\/theater-und-filmmalerei-arbeitsbeispiele\\\/oper-innsbruck-landschaftsprospekt\\\/\",\"url\":\"https:\\\/\\\/auftragsmalerei-kwast-berlin.de\\\/en\\\/theater-und-filmmalerei-arbeitsbeispiele\\\/oper-innsbruck-landschaftsprospekt\\\/\",\"name\":\"Oper Innsbruck - Landschaftsprospekt - Commissioned Painting Kwast Berlin\",\"isPartOf\":{\"@id\":\"https:\\\/\\\/auftragsmalerei-kwast-berlin.de\\\/en\\\/#website\"},\"datePublished\":\"2015-10-03T14:51:05+00:00\",\"breadcrumb\":{\"@id\":\"https:\\\/\\\/auftragsmalerei-kwast-berlin.de\\\/en\\\/theater-und-filmmalerei-arbeitsbeispiele\\\/oper-innsbruck-landschaftsprospekt\\\/#breadcrumb\"},\"inLanguage\":\"en-US\",\"potentialAction\":[{\"@type\":\"ReadAction\",\"target\":[\"https:\\\/\\\/auftragsmalerei-kwast-berlin.de\\\/en\\\/theater-und-filmmalerei-arbeitsbeispiele\\\/oper-innsbruck-landschaftsprospekt\\\/\"]}]},{\"@type\":\"BreadcrumbList\",\"@id\":\"https:\\\/\\\/auftragsmalerei-kwast-berlin.de\\\/en\\\/theater-und-filmmalerei-arbeitsbeispiele\\\/oper-innsbruck-landschaftsprospekt\\\/#breadcrumb\",\"itemListElement\":[{\"@type\":\"ListItem\",\"position\":1,\"name\":\"Home\",\"item\":\"https:\\\/\\\/auftragsmalerei-kwast-berlin.de\\\/en\\\/\"},{\"@type\":\"ListItem\",\"position\":2,\"name\":\"Scenic painting and film painting\",\"item\":\"https:\\\/\\\/auftragsmalerei-kwast-berlin.de\\\/en\\\/theater-und-filmmalerei-arbeitsbeispiele\\\/\"},{\"@type\":\"ListItem\",\"position\":3,\"name\":\"Oper Innsbruck &#8211; Landschaftsprospekt\"}]},{\"@type\":\"WebSite\",\"@id\":\"https:\\\/\\\/auftragsmalerei-kwast-berlin.de\\\/en\\\/#website\",\"url\":\"https:\\\/\\\/auftragsmalerei-kwast-berlin.de\\\/en\\\/\",\"name\":\"Commissioned Painting Kwast Berlin\",\"description\":\"Commissioned painting for theatre and film, fairs and museums, wall, facade and portrait\",\"potentialAction\":[{\"@type\":\"SearchAction\",\"target\":{\"@type\":\"EntryPoint\",\"urlTemplate\":\"https:\\\/\\\/auftragsmalerei-kwast-berlin.de\\\/en\\\/?s={search_term_string}\"},\"query-input\":{\"@type\":\"PropertyValueSpecification\",\"valueRequired\":true,\"valueName\":\"search_term_string\"}}],\"inLanguage\":\"en-US\"}]}<\/script>\n<!-- \/ Yoast SEO plugin. -->","yoast_head_json":{"title":"Oper Innsbruck - Landschaftsprospekt - Commissioned Painting Kwast Berlin","robots":{"index":"index","follow":"follow","max-snippet":"max-snippet:-1","max-image-preview":"max-image-preview:large","max-video-preview":"max-video-preview:-1"},"canonical":"https:\/\/auftragsmalerei-kwast-berlin.de\/en\/theater-und-filmmalerei-arbeitsbeispiele\/oper-innsbruck-landschaftsprospekt\/","og_locale":"en_US","og_type":"article","og_title":"Oper Innsbruck - Landschaftsprospekt - Commissioned Painting Kwast Berlin","og_description":"Auftraggeber: Oper Innsbruck | Theatermalfarbe auf Nessel, Schelllack | 9 x 14 m Auf so einen Theaterprospekt freut sich jeder Theatermaler. Diese Landschaft wurde auf einen schweren ungrundierten Nessel gemalt, was zwar h\u00f6here Materialkosten zur Folge hatte, aber auch eine teppichartige Oberfl\u00e4che. Um die Wirkung eines geheimnisvollen Ortes zu erh\u00f6hen, bekamen die verwendeten Acrylfarben einen [&hellip;]","og_url":"https:\/\/auftragsmalerei-kwast-berlin.de\/en\/theater-und-filmmalerei-arbeitsbeispiele\/oper-innsbruck-landschaftsprospekt\/","og_site_name":"Commissioned Painting Kwast Berlin","twitter_card":"summary_large_image","schema":{"@context":"https:\/\/schema.org","@graph":[{"@type":"WebPage","@id":"https:\/\/auftragsmalerei-kwast-berlin.de\/en\/theater-und-filmmalerei-arbeitsbeispiele\/oper-innsbruck-landschaftsprospekt\/","url":"https:\/\/auftragsmalerei-kwast-berlin.de\/en\/theater-und-filmmalerei-arbeitsbeispiele\/oper-innsbruck-landschaftsprospekt\/","name":"Oper Innsbruck - Landschaftsprospekt - Commissioned Painting Kwast Berlin","isPartOf":{"@id":"https:\/\/auftragsmalerei-kwast-berlin.de\/en\/#website"},"datePublished":"2015-10-03T14:51:05+00:00","breadcrumb":{"@id":"https:\/\/auftragsmalerei-kwast-berlin.de\/en\/theater-und-filmmalerei-arbeitsbeispiele\/oper-innsbruck-landschaftsprospekt\/#breadcrumb"},"inLanguage":"en-US","potentialAction":[{"@type":"ReadAction","target":["https:\/\/auftragsmalerei-kwast-berlin.de\/en\/theater-und-filmmalerei-arbeitsbeispiele\/oper-innsbruck-landschaftsprospekt\/"]}]},{"@type":"BreadcrumbList","@id":"https:\/\/auftragsmalerei-kwast-berlin.de\/en\/theater-und-filmmalerei-arbeitsbeispiele\/oper-innsbruck-landschaftsprospekt\/#breadcrumb","itemListElement":[{"@type":"ListItem","position":1,"name":"Home","item":"https:\/\/auftragsmalerei-kwast-berlin.de\/en\/"},{"@type":"ListItem","position":2,"name":"Scenic painting and film painting","item":"https:\/\/auftragsmalerei-kwast-berlin.de\/en\/theater-und-filmmalerei-arbeitsbeispiele\/"},{"@type":"ListItem","position":3,"name":"Oper Innsbruck &#8211; Landschaftsprospekt"}]},{"@type":"WebSite","@id":"https:\/\/auftragsmalerei-kwast-berlin.de\/en\/#website","url":"https:\/\/auftragsmalerei-kwast-berlin.de\/en\/","name":"Commissioned Painting Kwast Berlin","description":"Commissioned painting for theatre and film, fairs and museums, wall, facade and portrait","potentialAction":[{"@type":"SearchAction","target":{"@type":"EntryPoint","urlTemplate":"https:\/\/auftragsmalerei-kwast-berlin.de\/en\/?s={search_term_string}"},"query-input":{"@type":"PropertyValueSpecification","valueRequired":true,"valueName":"search_term_string"}}],"inLanguage":"en-US"}]}},"_links":{"self":[{"href":"https:\/\/auftragsmalerei-kwast-berlin.de\/en\/wp-json\/wp\/v2\/pages\/2036","targetHints":{"allow":["GET"]}}],"collection":[{"href":"https:\/\/auftragsmalerei-kwast-berlin.de\/en\/wp-json\/wp\/v2\/pages"}],"about":[{"href":"https:\/\/auftragsmalerei-kwast-berlin.de\/en\/wp-json\/wp\/v2\/types\/page"}],"author":[{"embeddable":true,"href":"https:\/\/auftragsmalerei-kwast-berlin.de\/en\/wp-json\/wp\/v2\/users\/2"}],"replies":[{"embeddable":true,"href":"https:\/\/auftragsmalerei-kwast-berlin.de\/en\/wp-json\/wp\/v2\/comments?post=2036"}],"version-history":[{"count":0,"href":"https:\/\/auftragsmalerei-kwast-berlin.de\/en\/wp-json\/wp\/v2\/pages\/2036\/revisions"}],"up":[{"embeddable":true,"href":"https:\/\/auftragsmalerei-kwast-berlin.de\/en\/wp-json\/wp\/v2\/pages\/134"}],"wp:attachment":[{"href":"https:\/\/auftragsmalerei-kwast-berlin.de\/en\/wp-json\/wp\/v2\/media?parent=2036"}],"curies":[{"name":"wp","href":"https:\/\/api.w.org\/{rel}","templated":true}]}}