{"id":2049,"date":"2015-10-03T17:01:12","date_gmt":"2015-10-03T15:01:12","guid":{"rendered":"http:\/\/relaunch.auftragsmalerei-kwast-berlin.de\/?page_id=2049"},"modified":"2015-10-03T17:01:12","modified_gmt":"2015-10-03T15:01:12","slug":"oper-rheinsberg-zwei-opernproduktionen","status":"publish","type":"page","link":"https:\/\/auftragsmalerei-kwast-berlin.de\/en\/theater-und-filmmalerei-arbeitsbeispiele\/oper-rheinsberg-zwei-opernproduktionen\/","title":{"rendered":"Oper Rheinsberg &#8211; Zwei Opernproduktionen"},"content":{"rendered":"<p>Auftraggeber: Oper Rheinsberg | ? | verschiedene Gr\u00f6\u00dfen<\/p>\n<p>Die B\u00fchnenbildner f\u00fcr die Produktionen \u00bbEugen Onegin\u00ab und \u00bbDon Giovanni\u00ab im Schlossparktheater entschieden sich f\u00fcr Objektbemalung in verschiedenen Arten Stein. Sandstein, Granit, Marmor. Da die Vorf\u00fchrungen im Freien stattfanden, wurden alle malerischen Oberfl\u00e4chen mit mattem Lack gesch\u00fctzt.<br \/>\n<div class=\"content_block\" id=\"custom_post_widget-2042\"><p><img loading=\"lazy\" decoding=\"async\" src=\"\/wp-content\/uploads\/theater_operRheinsberg_1gr.jpg\" alt=\"Kwast - Theatermalerei - Oper Rheinsberg - Steinimitation\" width=\"656\" height=\"490\" class=\"alignnone size-full wp-image-2043\" \/><\/p>\n<p><img loading=\"lazy\" decoding=\"async\" src=\"\/wp-content\/uploads\/theater_oper-Rheinsberg_5gr.jpg\" alt=\"Kwast - Theatermalerei - Oper Rheinsberg - Steinimitation\" width=\"656\" height=\"460\" class=\"alignnone size-full wp-image-2047\" \/><\/p>\n<p><img loading=\"lazy\" decoding=\"async\" src=\"\/wp-content\/uploads\/theater_operRheinsberg_4gr.jpg\" alt=\"Kwast - Theatermalerei - Oper Rheinsberg - Steinimitation\" width=\"656\" height=\"460\" class=\"alignnone size-full wp-image-2046\" \/><\/p>\n<p><img loading=\"lazy\" decoding=\"async\" src=\"\/wp-content\/uploads\/theater_operRheinsberg_3gr.jpg\" alt=\"Kwast - Theatermalerei - Oper Rheinsberg - Steinimitation\" width=\"656\" height=\"440\" class=\"alignnone size-full wp-image-2045\" \/><\/p>\n<p><img loading=\"lazy\" decoding=\"async\" src=\"\/wp-content\/uploads\/theater_operRheinsberg_2gr.jpg\" alt=\"Kwast - Theatermalerei - Oper Rheinsberg - Steinimitation\" width=\"656\" height=\"440\" class=\"alignnone size-full wp-image-2044\" \/><\/p>\n<\/div><\/p>\n","protected":false},"excerpt":{"rendered":"<p>Auftraggeber: Oper Rheinsberg | ? | verschiedene Gr\u00f6\u00dfen Die B\u00fchnenbildner f\u00fcr die Produktionen \u00bbEugen Onegin\u00ab und \u00bbDon Giovanni\u00ab im Schlossparktheater entschieden sich f\u00fcr Objektbemalung in verschiedenen Arten Stein. Sandstein, Granit, Marmor. Da die Vorf\u00fchrungen im Freien stattfanden, wurden alle malerischen Oberfl\u00e4chen mit mattem Lack gesch\u00fctzt.<\/p>\n","protected":false},"author":2,"featured_media":0,"parent":134,"menu_order":0,"comment_status":"closed","ping_status":"closed","template":"detailseiten.php","meta":{"footnotes":""},"class_list":["post-2049","page","type-page","status-publish","hentry","brick"],"yoast_head":"<!-- This site is optimized with the Yoast SEO plugin v27.4 - https:\/\/yoast.com\/product\/yoast-seo-wordpress\/ -->\n<title>Oper Rheinsberg - Zwei Opernproduktionen - Commissioned Painting Kwast Berlin<\/title>\n<meta name=\"robots\" content=\"index, follow, max-snippet:-1, max-image-preview:large, max-video-preview:-1\" \/>\n<link rel=\"canonical\" href=\"https:\/\/auftragsmalerei-kwast-berlin.de\/en\/theater-und-filmmalerei-arbeitsbeispiele\/oper-rheinsberg-zwei-opernproduktionen\/\" \/>\n<meta property=\"og:locale\" content=\"en_US\" \/>\n<meta property=\"og:type\" content=\"article\" \/>\n<meta property=\"og:title\" content=\"Oper Rheinsberg - Zwei Opernproduktionen - Commissioned Painting Kwast Berlin\" \/>\n<meta property=\"og:description\" content=\"Auftraggeber: Oper Rheinsberg | ? | verschiedene Gr\u00f6\u00dfen Die B\u00fchnenbildner f\u00fcr die Produktionen \u00bbEugen Onegin\u00ab und \u00bbDon Giovanni\u00ab im Schlossparktheater entschieden sich f\u00fcr Objektbemalung in verschiedenen Arten Stein. Sandstein, Granit, Marmor. Da die Vorf\u00fchrungen im Freien stattfanden, wurden alle malerischen Oberfl\u00e4chen mit mattem Lack gesch\u00fctzt.\" \/>\n<meta property=\"og:url\" content=\"https:\/\/auftragsmalerei-kwast-berlin.de\/en\/theater-und-filmmalerei-arbeitsbeispiele\/oper-rheinsberg-zwei-opernproduktionen\/\" \/>\n<meta property=\"og:site_name\" content=\"Commissioned Painting Kwast Berlin\" \/>\n<meta name=\"twitter:card\" content=\"summary_large_image\" \/>\n<script type=\"application\/ld+json\" class=\"yoast-schema-graph\">{\"@context\":\"https:\\\/\\\/schema.org\",\"@graph\":[{\"@type\":\"WebPage\",\"@id\":\"https:\\\/\\\/auftragsmalerei-kwast-berlin.de\\\/en\\\/theater-und-filmmalerei-arbeitsbeispiele\\\/oper-rheinsberg-zwei-opernproduktionen\\\/\",\"url\":\"https:\\\/\\\/auftragsmalerei-kwast-berlin.de\\\/en\\\/theater-und-filmmalerei-arbeitsbeispiele\\\/oper-rheinsberg-zwei-opernproduktionen\\\/\",\"name\":\"Oper Rheinsberg - Zwei Opernproduktionen - Commissioned Painting Kwast Berlin\",\"isPartOf\":{\"@id\":\"https:\\\/\\\/auftragsmalerei-kwast-berlin.de\\\/en\\\/#website\"},\"datePublished\":\"2015-10-03T15:01:12+00:00\",\"breadcrumb\":{\"@id\":\"https:\\\/\\\/auftragsmalerei-kwast-berlin.de\\\/en\\\/theater-und-filmmalerei-arbeitsbeispiele\\\/oper-rheinsberg-zwei-opernproduktionen\\\/#breadcrumb\"},\"inLanguage\":\"en-US\",\"potentialAction\":[{\"@type\":\"ReadAction\",\"target\":[\"https:\\\/\\\/auftragsmalerei-kwast-berlin.de\\\/en\\\/theater-und-filmmalerei-arbeitsbeispiele\\\/oper-rheinsberg-zwei-opernproduktionen\\\/\"]}]},{\"@type\":\"BreadcrumbList\",\"@id\":\"https:\\\/\\\/auftragsmalerei-kwast-berlin.de\\\/en\\\/theater-und-filmmalerei-arbeitsbeispiele\\\/oper-rheinsberg-zwei-opernproduktionen\\\/#breadcrumb\",\"itemListElement\":[{\"@type\":\"ListItem\",\"position\":1,\"name\":\"Home\",\"item\":\"https:\\\/\\\/auftragsmalerei-kwast-berlin.de\\\/en\\\/\"},{\"@type\":\"ListItem\",\"position\":2,\"name\":\"Scenic painting and film painting\",\"item\":\"https:\\\/\\\/auftragsmalerei-kwast-berlin.de\\\/en\\\/theater-und-filmmalerei-arbeitsbeispiele\\\/\"},{\"@type\":\"ListItem\",\"position\":3,\"name\":\"Oper Rheinsberg &#8211; Zwei Opernproduktionen\"}]},{\"@type\":\"WebSite\",\"@id\":\"https:\\\/\\\/auftragsmalerei-kwast-berlin.de\\\/en\\\/#website\",\"url\":\"https:\\\/\\\/auftragsmalerei-kwast-berlin.de\\\/en\\\/\",\"name\":\"Commissioned Painting Kwast Berlin\",\"description\":\"Commissioned painting for theatre and film, fairs and museums, wall, facade and portrait\",\"potentialAction\":[{\"@type\":\"SearchAction\",\"target\":{\"@type\":\"EntryPoint\",\"urlTemplate\":\"https:\\\/\\\/auftragsmalerei-kwast-berlin.de\\\/en\\\/?s={search_term_string}\"},\"query-input\":{\"@type\":\"PropertyValueSpecification\",\"valueRequired\":true,\"valueName\":\"search_term_string\"}}],\"inLanguage\":\"en-US\"}]}<\/script>\n<!-- \/ Yoast SEO plugin. -->","yoast_head_json":{"title":"Oper Rheinsberg - Zwei Opernproduktionen - Commissioned Painting Kwast Berlin","robots":{"index":"index","follow":"follow","max-snippet":"max-snippet:-1","max-image-preview":"max-image-preview:large","max-video-preview":"max-video-preview:-1"},"canonical":"https:\/\/auftragsmalerei-kwast-berlin.de\/en\/theater-und-filmmalerei-arbeitsbeispiele\/oper-rheinsberg-zwei-opernproduktionen\/","og_locale":"en_US","og_type":"article","og_title":"Oper Rheinsberg - Zwei Opernproduktionen - Commissioned Painting Kwast Berlin","og_description":"Auftraggeber: Oper Rheinsberg | ? | verschiedene Gr\u00f6\u00dfen Die B\u00fchnenbildner f\u00fcr die Produktionen \u00bbEugen Onegin\u00ab und \u00bbDon Giovanni\u00ab im Schlossparktheater entschieden sich f\u00fcr Objektbemalung in verschiedenen Arten Stein. Sandstein, Granit, Marmor. Da die Vorf\u00fchrungen im Freien stattfanden, wurden alle malerischen Oberfl\u00e4chen mit mattem Lack gesch\u00fctzt.","og_url":"https:\/\/auftragsmalerei-kwast-berlin.de\/en\/theater-und-filmmalerei-arbeitsbeispiele\/oper-rheinsberg-zwei-opernproduktionen\/","og_site_name":"Commissioned Painting Kwast Berlin","twitter_card":"summary_large_image","schema":{"@context":"https:\/\/schema.org","@graph":[{"@type":"WebPage","@id":"https:\/\/auftragsmalerei-kwast-berlin.de\/en\/theater-und-filmmalerei-arbeitsbeispiele\/oper-rheinsberg-zwei-opernproduktionen\/","url":"https:\/\/auftragsmalerei-kwast-berlin.de\/en\/theater-und-filmmalerei-arbeitsbeispiele\/oper-rheinsberg-zwei-opernproduktionen\/","name":"Oper Rheinsberg - Zwei Opernproduktionen - Commissioned Painting Kwast Berlin","isPartOf":{"@id":"https:\/\/auftragsmalerei-kwast-berlin.de\/en\/#website"},"datePublished":"2015-10-03T15:01:12+00:00","breadcrumb":{"@id":"https:\/\/auftragsmalerei-kwast-berlin.de\/en\/theater-und-filmmalerei-arbeitsbeispiele\/oper-rheinsberg-zwei-opernproduktionen\/#breadcrumb"},"inLanguage":"en-US","potentialAction":[{"@type":"ReadAction","target":["https:\/\/auftragsmalerei-kwast-berlin.de\/en\/theater-und-filmmalerei-arbeitsbeispiele\/oper-rheinsberg-zwei-opernproduktionen\/"]}]},{"@type":"BreadcrumbList","@id":"https:\/\/auftragsmalerei-kwast-berlin.de\/en\/theater-und-filmmalerei-arbeitsbeispiele\/oper-rheinsberg-zwei-opernproduktionen\/#breadcrumb","itemListElement":[{"@type":"ListItem","position":1,"name":"Home","item":"https:\/\/auftragsmalerei-kwast-berlin.de\/en\/"},{"@type":"ListItem","position":2,"name":"Scenic painting and film painting","item":"https:\/\/auftragsmalerei-kwast-berlin.de\/en\/theater-und-filmmalerei-arbeitsbeispiele\/"},{"@type":"ListItem","position":3,"name":"Oper Rheinsberg &#8211; Zwei Opernproduktionen"}]},{"@type":"WebSite","@id":"https:\/\/auftragsmalerei-kwast-berlin.de\/en\/#website","url":"https:\/\/auftragsmalerei-kwast-berlin.de\/en\/","name":"Commissioned Painting Kwast Berlin","description":"Commissioned painting for theatre and film, fairs and museums, wall, facade and portrait","potentialAction":[{"@type":"SearchAction","target":{"@type":"EntryPoint","urlTemplate":"https:\/\/auftragsmalerei-kwast-berlin.de\/en\/?s={search_term_string}"},"query-input":{"@type":"PropertyValueSpecification","valueRequired":true,"valueName":"search_term_string"}}],"inLanguage":"en-US"}]}},"_links":{"self":[{"href":"https:\/\/auftragsmalerei-kwast-berlin.de\/en\/wp-json\/wp\/v2\/pages\/2049","targetHints":{"allow":["GET"]}}],"collection":[{"href":"https:\/\/auftragsmalerei-kwast-berlin.de\/en\/wp-json\/wp\/v2\/pages"}],"about":[{"href":"https:\/\/auftragsmalerei-kwast-berlin.de\/en\/wp-json\/wp\/v2\/types\/page"}],"author":[{"embeddable":true,"href":"https:\/\/auftragsmalerei-kwast-berlin.de\/en\/wp-json\/wp\/v2\/users\/2"}],"replies":[{"embeddable":true,"href":"https:\/\/auftragsmalerei-kwast-berlin.de\/en\/wp-json\/wp\/v2\/comments?post=2049"}],"version-history":[{"count":0,"href":"https:\/\/auftragsmalerei-kwast-berlin.de\/en\/wp-json\/wp\/v2\/pages\/2049\/revisions"}],"up":[{"embeddable":true,"href":"https:\/\/auftragsmalerei-kwast-berlin.de\/en\/wp-json\/wp\/v2\/pages\/134"}],"wp:attachment":[{"href":"https:\/\/auftragsmalerei-kwast-berlin.de\/en\/wp-json\/wp\/v2\/media?parent=2049"}],"curies":[{"name":"wp","href":"https:\/\/api.w.org\/{rel}","templated":true}]}}