{"id":2059,"date":"2015-10-04T13:24:12","date_gmt":"2015-10-04T11:24:12","guid":{"rendered":"http:\/\/relaunch.auftragsmalerei-kwast-berlin.de\/?page_id=2059"},"modified":"2015-10-04T13:24:12","modified_gmt":"2015-10-04T11:24:12","slug":"semperoper-dresden-versailles","status":"publish","type":"page","link":"https:\/\/auftragsmalerei-kwast-berlin.de\/en\/theater-und-filmmalerei-arbeitsbeispiele\/semperoper-dresden-versailles\/","title":{"rendered":"Semperoper Dresden &#8211; \u00bbVersailles\u00ab"},"content":{"rendered":"<h3>Auftraggeber: Semperoper Dresden | Theatermalfarben auf Stoff<\/h3>\n<p>Nach meinem Theatermalerstudium hatte ich die Gelegenheit, in den Werkst\u00e4tten der Semperoper an einem Prospekt mitzumalen, der f\u00fcr ein franz\u00f6sisches Theater im Auftrag war. In ca. 6 Wochen entstand die Landschaft um Versailles, mit viel Architektur und einer Menge Figuren. Es war leider damals nicht m\u00f6glich, diese Theatermalerei auf ein Foto zu bekommen.<br \/>\n<div class=\"content_block\" id=\"custom_post_widget-2054\"><p><img loading=\"lazy\" decoding=\"async\" src=\"\/wp-content\/uploads\/theater_semperoper_2gr.jpg\" alt=\"Kwast - Theatermalerei - Semperoper Dresden\" width=\"656\" height=\"460\" class=\"alignnone size-full wp-image-2056\" \/><\/p>\n<p><img loading=\"lazy\" decoding=\"async\" src=\"\/wp-content\/uploads\/theater_semperoper_1gr.jpg\" alt=\"Kwast - Theatermalerei - Semperoper Dresden\" width=\"656\" height=\"460\" class=\"alignnone size-full wp-image-2055\" \/><\/p>\n<p><img loading=\"lazy\" decoding=\"async\" src=\"\/wp-content\/uploads\/theater_semperoper_3gr.jpg\" alt=\"Kwast - Theatermalerei - Semperoper Dresden\" width=\"673\" height=\"480\" class=\"alignnone size-full wp-image-2057\" \/><\/p>\n<\/div><\/p>\n","protected":false},"excerpt":{"rendered":"<p>Auftraggeber: Semperoper Dresden | Theatermalfarben auf Stoff Nach meinem Theatermalerstudium hatte ich die Gelegenheit, in den Werkst\u00e4tten der Semperoper an einem Prospekt mitzumalen, der f\u00fcr ein franz\u00f6sisches Theater im Auftrag war. In ca. 6 Wochen entstand die Landschaft um Versailles, mit viel Architektur und einer Menge Figuren. Es war leider damals nicht m\u00f6glich, diese Theatermalerei [&hellip;]<\/p>\n","protected":false},"author":2,"featured_media":0,"parent":134,"menu_order":2,"comment_status":"closed","ping_status":"closed","template":"detailseiten.php","meta":{"footnotes":""},"class_list":["post-2059","page","type-page","status-publish","hentry","brick"],"yoast_head":"<!-- This site is optimized with the Yoast SEO plugin v27.5 - https:\/\/yoast.com\/product\/yoast-seo-wordpress\/ -->\n<title>Semperoper Dresden - \u00bbVersailles\u00ab - Commissioned Painting Kwast Berlin<\/title>\n<meta name=\"robots\" content=\"index, follow, max-snippet:-1, max-image-preview:large, max-video-preview:-1\" \/>\n<link rel=\"canonical\" href=\"https:\/\/auftragsmalerei-kwast-berlin.de\/en\/theater-und-filmmalerei-arbeitsbeispiele\/semperoper-dresden-versailles\/\" \/>\n<meta property=\"og:locale\" content=\"en_US\" \/>\n<meta property=\"og:type\" content=\"article\" \/>\n<meta property=\"og:title\" content=\"Semperoper Dresden - \u00bbVersailles\u00ab - Commissioned Painting Kwast Berlin\" \/>\n<meta property=\"og:description\" content=\"Auftraggeber: Semperoper Dresden | Theatermalfarben auf Stoff Nach meinem Theatermalerstudium hatte ich die Gelegenheit, in den Werkst\u00e4tten der Semperoper an einem Prospekt mitzumalen, der f\u00fcr ein franz\u00f6sisches Theater im Auftrag war. In ca. 6 Wochen entstand die Landschaft um Versailles, mit viel Architektur und einer Menge Figuren. Es war leider damals nicht m\u00f6glich, diese Theatermalerei [&hellip;]\" \/>\n<meta property=\"og:url\" content=\"https:\/\/auftragsmalerei-kwast-berlin.de\/en\/theater-und-filmmalerei-arbeitsbeispiele\/semperoper-dresden-versailles\/\" \/>\n<meta property=\"og:site_name\" content=\"Commissioned Painting Kwast Berlin\" \/>\n<meta name=\"twitter:card\" content=\"summary_large_image\" \/>\n<script type=\"application\/ld+json\" class=\"yoast-schema-graph\">{\"@context\":\"https:\\\/\\\/schema.org\",\"@graph\":[{\"@type\":\"WebPage\",\"@id\":\"https:\\\/\\\/auftragsmalerei-kwast-berlin.de\\\/en\\\/theater-und-filmmalerei-arbeitsbeispiele\\\/semperoper-dresden-versailles\\\/\",\"url\":\"https:\\\/\\\/auftragsmalerei-kwast-berlin.de\\\/en\\\/theater-und-filmmalerei-arbeitsbeispiele\\\/semperoper-dresden-versailles\\\/\",\"name\":\"Semperoper Dresden - \u00bbVersailles\u00ab - Commissioned Painting Kwast Berlin\",\"isPartOf\":{\"@id\":\"https:\\\/\\\/auftragsmalerei-kwast-berlin.de\\\/en\\\/#website\"},\"datePublished\":\"2015-10-04T11:24:12+00:00\",\"breadcrumb\":{\"@id\":\"https:\\\/\\\/auftragsmalerei-kwast-berlin.de\\\/en\\\/theater-und-filmmalerei-arbeitsbeispiele\\\/semperoper-dresden-versailles\\\/#breadcrumb\"},\"inLanguage\":\"en-US\",\"potentialAction\":[{\"@type\":\"ReadAction\",\"target\":[\"https:\\\/\\\/auftragsmalerei-kwast-berlin.de\\\/en\\\/theater-und-filmmalerei-arbeitsbeispiele\\\/semperoper-dresden-versailles\\\/\"]}]},{\"@type\":\"BreadcrumbList\",\"@id\":\"https:\\\/\\\/auftragsmalerei-kwast-berlin.de\\\/en\\\/theater-und-filmmalerei-arbeitsbeispiele\\\/semperoper-dresden-versailles\\\/#breadcrumb\",\"itemListElement\":[{\"@type\":\"ListItem\",\"position\":1,\"name\":\"Home\",\"item\":\"https:\\\/\\\/auftragsmalerei-kwast-berlin.de\\\/en\\\/\"},{\"@type\":\"ListItem\",\"position\":2,\"name\":\"Scenic painting and film painting\",\"item\":\"https:\\\/\\\/auftragsmalerei-kwast-berlin.de\\\/en\\\/theater-und-filmmalerei-arbeitsbeispiele\\\/\"},{\"@type\":\"ListItem\",\"position\":3,\"name\":\"Semperoper Dresden &#8211; \u00bbVersailles\u00ab\"}]},{\"@type\":\"WebSite\",\"@id\":\"https:\\\/\\\/auftragsmalerei-kwast-berlin.de\\\/en\\\/#website\",\"url\":\"https:\\\/\\\/auftragsmalerei-kwast-berlin.de\\\/en\\\/\",\"name\":\"Commissioned Painting Kwast Berlin\",\"description\":\"Commissioned painting for theatre and film, fairs and museums, wall, facade and portrait\",\"potentialAction\":[{\"@type\":\"SearchAction\",\"target\":{\"@type\":\"EntryPoint\",\"urlTemplate\":\"https:\\\/\\\/auftragsmalerei-kwast-berlin.de\\\/en\\\/?s={search_term_string}\"},\"query-input\":{\"@type\":\"PropertyValueSpecification\",\"valueRequired\":true,\"valueName\":\"search_term_string\"}}],\"inLanguage\":\"en-US\"}]}<\/script>\n<!-- \/ Yoast SEO plugin. -->","yoast_head_json":{"title":"Semperoper Dresden - \u00bbVersailles\u00ab - Commissioned Painting Kwast Berlin","robots":{"index":"index","follow":"follow","max-snippet":"max-snippet:-1","max-image-preview":"max-image-preview:large","max-video-preview":"max-video-preview:-1"},"canonical":"https:\/\/auftragsmalerei-kwast-berlin.de\/en\/theater-und-filmmalerei-arbeitsbeispiele\/semperoper-dresden-versailles\/","og_locale":"en_US","og_type":"article","og_title":"Semperoper Dresden - \u00bbVersailles\u00ab - Commissioned Painting Kwast Berlin","og_description":"Auftraggeber: Semperoper Dresden | Theatermalfarben auf Stoff Nach meinem Theatermalerstudium hatte ich die Gelegenheit, in den Werkst\u00e4tten der Semperoper an einem Prospekt mitzumalen, der f\u00fcr ein franz\u00f6sisches Theater im Auftrag war. In ca. 6 Wochen entstand die Landschaft um Versailles, mit viel Architektur und einer Menge Figuren. Es war leider damals nicht m\u00f6glich, diese Theatermalerei [&hellip;]","og_url":"https:\/\/auftragsmalerei-kwast-berlin.de\/en\/theater-und-filmmalerei-arbeitsbeispiele\/semperoper-dresden-versailles\/","og_site_name":"Commissioned Painting Kwast Berlin","twitter_card":"summary_large_image","schema":{"@context":"https:\/\/schema.org","@graph":[{"@type":"WebPage","@id":"https:\/\/auftragsmalerei-kwast-berlin.de\/en\/theater-und-filmmalerei-arbeitsbeispiele\/semperoper-dresden-versailles\/","url":"https:\/\/auftragsmalerei-kwast-berlin.de\/en\/theater-und-filmmalerei-arbeitsbeispiele\/semperoper-dresden-versailles\/","name":"Semperoper Dresden - \u00bbVersailles\u00ab - Commissioned Painting Kwast Berlin","isPartOf":{"@id":"https:\/\/auftragsmalerei-kwast-berlin.de\/en\/#website"},"datePublished":"2015-10-04T11:24:12+00:00","breadcrumb":{"@id":"https:\/\/auftragsmalerei-kwast-berlin.de\/en\/theater-und-filmmalerei-arbeitsbeispiele\/semperoper-dresden-versailles\/#breadcrumb"},"inLanguage":"en-US","potentialAction":[{"@type":"ReadAction","target":["https:\/\/auftragsmalerei-kwast-berlin.de\/en\/theater-und-filmmalerei-arbeitsbeispiele\/semperoper-dresden-versailles\/"]}]},{"@type":"BreadcrumbList","@id":"https:\/\/auftragsmalerei-kwast-berlin.de\/en\/theater-und-filmmalerei-arbeitsbeispiele\/semperoper-dresden-versailles\/#breadcrumb","itemListElement":[{"@type":"ListItem","position":1,"name":"Home","item":"https:\/\/auftragsmalerei-kwast-berlin.de\/en\/"},{"@type":"ListItem","position":2,"name":"Scenic painting and film painting","item":"https:\/\/auftragsmalerei-kwast-berlin.de\/en\/theater-und-filmmalerei-arbeitsbeispiele\/"},{"@type":"ListItem","position":3,"name":"Semperoper Dresden &#8211; \u00bbVersailles\u00ab"}]},{"@type":"WebSite","@id":"https:\/\/auftragsmalerei-kwast-berlin.de\/en\/#website","url":"https:\/\/auftragsmalerei-kwast-berlin.de\/en\/","name":"Commissioned Painting Kwast Berlin","description":"Commissioned painting for theatre and film, fairs and museums, wall, facade and portrait","potentialAction":[{"@type":"SearchAction","target":{"@type":"EntryPoint","urlTemplate":"https:\/\/auftragsmalerei-kwast-berlin.de\/en\/?s={search_term_string}"},"query-input":{"@type":"PropertyValueSpecification","valueRequired":true,"valueName":"search_term_string"}}],"inLanguage":"en-US"}]}},"_links":{"self":[{"href":"https:\/\/auftragsmalerei-kwast-berlin.de\/en\/wp-json\/wp\/v2\/pages\/2059","targetHints":{"allow":["GET"]}}],"collection":[{"href":"https:\/\/auftragsmalerei-kwast-berlin.de\/en\/wp-json\/wp\/v2\/pages"}],"about":[{"href":"https:\/\/auftragsmalerei-kwast-berlin.de\/en\/wp-json\/wp\/v2\/types\/page"}],"author":[{"embeddable":true,"href":"https:\/\/auftragsmalerei-kwast-berlin.de\/en\/wp-json\/wp\/v2\/users\/2"}],"replies":[{"embeddable":true,"href":"https:\/\/auftragsmalerei-kwast-berlin.de\/en\/wp-json\/wp\/v2\/comments?post=2059"}],"version-history":[{"count":0,"href":"https:\/\/auftragsmalerei-kwast-berlin.de\/en\/wp-json\/wp\/v2\/pages\/2059\/revisions"}],"up":[{"embeddable":true,"href":"https:\/\/auftragsmalerei-kwast-berlin.de\/en\/wp-json\/wp\/v2\/pages\/134"}],"wp:attachment":[{"href":"https:\/\/auftragsmalerei-kwast-berlin.de\/en\/wp-json\/wp\/v2\/media?parent=2059"}],"curies":[{"name":"wp","href":"https:\/\/api.w.org\/{rel}","templated":true}]}}