{"id":2078,"date":"2015-10-04T13:41:39","date_gmt":"2015-10-04T11:41:39","guid":{"rendered":"http:\/\/relaunch.auftragsmalerei-kwast-berlin.de\/?page_id=2078"},"modified":"2015-10-04T13:41:39","modified_gmt":"2015-10-04T11:41:39","slug":"schwoof-dekorationswaende","status":"publish","type":"page","link":"https:\/\/auftragsmalerei-kwast-berlin.de\/en\/theater-und-filmmalerei-arbeitsbeispiele\/schwoof-dekorationswaende\/","title":{"rendered":"\u00bbSchwoof\u00ab \u2013 Dekorationsw\u00e4nde"},"content":{"rendered":"<h3>Auftraggeber: Theater Brandenburg\/Theaterbau Winter | Sperrholzw\u00e4nde, Holzsp\u00e4ne, Dispersionsfarbe | verschiedene Gr\u00f6\u00dfen<\/h3>\n<p>F\u00fcr die Produktion \u00bbSchwoof\u00ab wurden in der Werkstatt von Theaterbau Winter Sperrholzw\u00e4nde als Komplettdekoration der Brandenburger B\u00fchne als heruntergekommene Architektur bemalt. Gearbeitet wurde ohne Vorlage, der angedeutete Putz war eine Masse aus Holzsp\u00e4nen und Dispersionsfarbe.<\/p>\n<div class=\"content_block\" id=\"custom_post_widget-2073\"><p><img loading=\"lazy\" decoding=\"async\" src=\"\/wp-content\/uploads\/theater_brandenburg_3gr.jpg\" alt=\"Kwast - Theatermalerei - Theater Brandenburg Dekorationsw\u00e4nde\" width=\"673\" height=\"480\" class=\"alignnone size-full wp-image-2076\" \/><\/p>\n<p><img loading=\"lazy\" decoding=\"async\" src=\"\/wp-content\/uploads\/theater_brandenburg_2gr.jpg\" alt=\"Kwast - Theatermalerei - Theater Brandenburg Dekorationsw\u00e4nde\" width=\"656\" height=\"486\" class=\"alignnone size-full wp-image-2075\" \/><\/p>\n<p><img loading=\"lazy\" decoding=\"async\" src=\"\/wp-content\/uploads\/theater_brandenburg_1gr.jpg\" alt=\"Kwast - Theatermalerei - Theater Brandenburg Dekorationsw\u00e4nde\" width=\"656\" height=\"486\" class=\"alignnone size-full wp-image-2074\" \/><\/p>\n<\/div>\n","protected":false},"excerpt":{"rendered":"<p>Auftraggeber: Theater Brandenburg\/Theaterbau Winter | Sperrholzw\u00e4nde, Holzsp\u00e4ne, Dispersionsfarbe | verschiedene Gr\u00f6\u00dfen F\u00fcr die Produktion \u00bbSchwoof\u00ab wurden in der Werkstatt von Theaterbau Winter Sperrholzw\u00e4nde als Komplettdekoration der Brandenburger B\u00fchne als heruntergekommene Architektur bemalt. Gearbeitet wurde ohne Vorlage, der angedeutete Putz war eine Masse aus Holzsp\u00e4nen und Dispersionsfarbe.<\/p>\n","protected":false},"author":2,"featured_media":0,"parent":134,"menu_order":4,"comment_status":"closed","ping_status":"closed","template":"detailseiten.php","meta":{"footnotes":""},"class_list":["post-2078","page","type-page","status-publish","hentry","brick"],"yoast_head":"<!-- This site is optimized with the Yoast SEO plugin v27.5 - https:\/\/yoast.com\/product\/yoast-seo-wordpress\/ -->\n<title>\u00bbSchwoof\u00ab \u2013 Dekorationsw\u00e4nde - Commissioned Painting Kwast Berlin<\/title>\n<meta name=\"robots\" content=\"index, follow, max-snippet:-1, max-image-preview:large, max-video-preview:-1\" \/>\n<link rel=\"canonical\" href=\"https:\/\/auftragsmalerei-kwast-berlin.de\/en\/theater-und-filmmalerei-arbeitsbeispiele\/schwoof-dekorationswaende\/\" \/>\n<meta property=\"og:locale\" content=\"en_US\" \/>\n<meta property=\"og:type\" content=\"article\" \/>\n<meta property=\"og:title\" content=\"\u00bbSchwoof\u00ab \u2013 Dekorationsw\u00e4nde - Commissioned Painting Kwast Berlin\" \/>\n<meta property=\"og:description\" content=\"Auftraggeber: Theater Brandenburg\/Theaterbau Winter | Sperrholzw\u00e4nde, Holzsp\u00e4ne, Dispersionsfarbe | verschiedene Gr\u00f6\u00dfen F\u00fcr die Produktion \u00bbSchwoof\u00ab wurden in der Werkstatt von Theaterbau Winter Sperrholzw\u00e4nde als Komplettdekoration der Brandenburger B\u00fchne als heruntergekommene Architektur bemalt. Gearbeitet wurde ohne Vorlage, der angedeutete Putz war eine Masse aus Holzsp\u00e4nen und Dispersionsfarbe.\" \/>\n<meta property=\"og:url\" content=\"https:\/\/auftragsmalerei-kwast-berlin.de\/en\/theater-und-filmmalerei-arbeitsbeispiele\/schwoof-dekorationswaende\/\" \/>\n<meta property=\"og:site_name\" content=\"Commissioned Painting Kwast Berlin\" \/>\n<meta name=\"twitter:card\" content=\"summary_large_image\" \/>\n<script type=\"application\/ld+json\" class=\"yoast-schema-graph\">{\"@context\":\"https:\\\/\\\/schema.org\",\"@graph\":[{\"@type\":\"WebPage\",\"@id\":\"https:\\\/\\\/auftragsmalerei-kwast-berlin.de\\\/en\\\/theater-und-filmmalerei-arbeitsbeispiele\\\/schwoof-dekorationswaende\\\/\",\"url\":\"https:\\\/\\\/auftragsmalerei-kwast-berlin.de\\\/en\\\/theater-und-filmmalerei-arbeitsbeispiele\\\/schwoof-dekorationswaende\\\/\",\"name\":\"\u00bbSchwoof\u00ab \u2013 Dekorationsw\u00e4nde - Commissioned Painting Kwast Berlin\",\"isPartOf\":{\"@id\":\"https:\\\/\\\/auftragsmalerei-kwast-berlin.de\\\/en\\\/#website\"},\"datePublished\":\"2015-10-04T11:41:39+00:00\",\"breadcrumb\":{\"@id\":\"https:\\\/\\\/auftragsmalerei-kwast-berlin.de\\\/en\\\/theater-und-filmmalerei-arbeitsbeispiele\\\/schwoof-dekorationswaende\\\/#breadcrumb\"},\"inLanguage\":\"en-US\",\"potentialAction\":[{\"@type\":\"ReadAction\",\"target\":[\"https:\\\/\\\/auftragsmalerei-kwast-berlin.de\\\/en\\\/theater-und-filmmalerei-arbeitsbeispiele\\\/schwoof-dekorationswaende\\\/\"]}]},{\"@type\":\"BreadcrumbList\",\"@id\":\"https:\\\/\\\/auftragsmalerei-kwast-berlin.de\\\/en\\\/theater-und-filmmalerei-arbeitsbeispiele\\\/schwoof-dekorationswaende\\\/#breadcrumb\",\"itemListElement\":[{\"@type\":\"ListItem\",\"position\":1,\"name\":\"Home\",\"item\":\"https:\\\/\\\/auftragsmalerei-kwast-berlin.de\\\/en\\\/\"},{\"@type\":\"ListItem\",\"position\":2,\"name\":\"Scenic painting and film painting\",\"item\":\"https:\\\/\\\/auftragsmalerei-kwast-berlin.de\\\/en\\\/theater-und-filmmalerei-arbeitsbeispiele\\\/\"},{\"@type\":\"ListItem\",\"position\":3,\"name\":\"\u00bbSchwoof\u00ab \u2013 Dekorationsw\u00e4nde\"}]},{\"@type\":\"WebSite\",\"@id\":\"https:\\\/\\\/auftragsmalerei-kwast-berlin.de\\\/en\\\/#website\",\"url\":\"https:\\\/\\\/auftragsmalerei-kwast-berlin.de\\\/en\\\/\",\"name\":\"Commissioned Painting Kwast Berlin\",\"description\":\"Commissioned painting for theatre and film, fairs and museums, wall, facade and portrait\",\"potentialAction\":[{\"@type\":\"SearchAction\",\"target\":{\"@type\":\"EntryPoint\",\"urlTemplate\":\"https:\\\/\\\/auftragsmalerei-kwast-berlin.de\\\/en\\\/?s={search_term_string}\"},\"query-input\":{\"@type\":\"PropertyValueSpecification\",\"valueRequired\":true,\"valueName\":\"search_term_string\"}}],\"inLanguage\":\"en-US\"}]}<\/script>\n<!-- \/ Yoast SEO plugin. -->","yoast_head_json":{"title":"\u00bbSchwoof\u00ab \u2013 Dekorationsw\u00e4nde - Commissioned Painting Kwast Berlin","robots":{"index":"index","follow":"follow","max-snippet":"max-snippet:-1","max-image-preview":"max-image-preview:large","max-video-preview":"max-video-preview:-1"},"canonical":"https:\/\/auftragsmalerei-kwast-berlin.de\/en\/theater-und-filmmalerei-arbeitsbeispiele\/schwoof-dekorationswaende\/","og_locale":"en_US","og_type":"article","og_title":"\u00bbSchwoof\u00ab \u2013 Dekorationsw\u00e4nde - Commissioned Painting Kwast Berlin","og_description":"Auftraggeber: Theater Brandenburg\/Theaterbau Winter | Sperrholzw\u00e4nde, Holzsp\u00e4ne, Dispersionsfarbe | verschiedene Gr\u00f6\u00dfen F\u00fcr die Produktion \u00bbSchwoof\u00ab wurden in der Werkstatt von Theaterbau Winter Sperrholzw\u00e4nde als Komplettdekoration der Brandenburger B\u00fchne als heruntergekommene Architektur bemalt. Gearbeitet wurde ohne Vorlage, der angedeutete Putz war eine Masse aus Holzsp\u00e4nen und Dispersionsfarbe.","og_url":"https:\/\/auftragsmalerei-kwast-berlin.de\/en\/theater-und-filmmalerei-arbeitsbeispiele\/schwoof-dekorationswaende\/","og_site_name":"Commissioned Painting Kwast Berlin","twitter_card":"summary_large_image","schema":{"@context":"https:\/\/schema.org","@graph":[{"@type":"WebPage","@id":"https:\/\/auftragsmalerei-kwast-berlin.de\/en\/theater-und-filmmalerei-arbeitsbeispiele\/schwoof-dekorationswaende\/","url":"https:\/\/auftragsmalerei-kwast-berlin.de\/en\/theater-und-filmmalerei-arbeitsbeispiele\/schwoof-dekorationswaende\/","name":"\u00bbSchwoof\u00ab \u2013 Dekorationsw\u00e4nde - Commissioned Painting Kwast Berlin","isPartOf":{"@id":"https:\/\/auftragsmalerei-kwast-berlin.de\/en\/#website"},"datePublished":"2015-10-04T11:41:39+00:00","breadcrumb":{"@id":"https:\/\/auftragsmalerei-kwast-berlin.de\/en\/theater-und-filmmalerei-arbeitsbeispiele\/schwoof-dekorationswaende\/#breadcrumb"},"inLanguage":"en-US","potentialAction":[{"@type":"ReadAction","target":["https:\/\/auftragsmalerei-kwast-berlin.de\/en\/theater-und-filmmalerei-arbeitsbeispiele\/schwoof-dekorationswaende\/"]}]},{"@type":"BreadcrumbList","@id":"https:\/\/auftragsmalerei-kwast-berlin.de\/en\/theater-und-filmmalerei-arbeitsbeispiele\/schwoof-dekorationswaende\/#breadcrumb","itemListElement":[{"@type":"ListItem","position":1,"name":"Home","item":"https:\/\/auftragsmalerei-kwast-berlin.de\/en\/"},{"@type":"ListItem","position":2,"name":"Scenic painting and film painting","item":"https:\/\/auftragsmalerei-kwast-berlin.de\/en\/theater-und-filmmalerei-arbeitsbeispiele\/"},{"@type":"ListItem","position":3,"name":"\u00bbSchwoof\u00ab \u2013 Dekorationsw\u00e4nde"}]},{"@type":"WebSite","@id":"https:\/\/auftragsmalerei-kwast-berlin.de\/en\/#website","url":"https:\/\/auftragsmalerei-kwast-berlin.de\/en\/","name":"Commissioned Painting Kwast Berlin","description":"Commissioned painting for theatre and film, fairs and museums, wall, facade and portrait","potentialAction":[{"@type":"SearchAction","target":{"@type":"EntryPoint","urlTemplate":"https:\/\/auftragsmalerei-kwast-berlin.de\/en\/?s={search_term_string}"},"query-input":{"@type":"PropertyValueSpecification","valueRequired":true,"valueName":"search_term_string"}}],"inLanguage":"en-US"}]}},"_links":{"self":[{"href":"https:\/\/auftragsmalerei-kwast-berlin.de\/en\/wp-json\/wp\/v2\/pages\/2078","targetHints":{"allow":["GET"]}}],"collection":[{"href":"https:\/\/auftragsmalerei-kwast-berlin.de\/en\/wp-json\/wp\/v2\/pages"}],"about":[{"href":"https:\/\/auftragsmalerei-kwast-berlin.de\/en\/wp-json\/wp\/v2\/types\/page"}],"author":[{"embeddable":true,"href":"https:\/\/auftragsmalerei-kwast-berlin.de\/en\/wp-json\/wp\/v2\/users\/2"}],"replies":[{"embeddable":true,"href":"https:\/\/auftragsmalerei-kwast-berlin.de\/en\/wp-json\/wp\/v2\/comments?post=2078"}],"version-history":[{"count":0,"href":"https:\/\/auftragsmalerei-kwast-berlin.de\/en\/wp-json\/wp\/v2\/pages\/2078\/revisions"}],"up":[{"embeddable":true,"href":"https:\/\/auftragsmalerei-kwast-berlin.de\/en\/wp-json\/wp\/v2\/pages\/134"}],"wp:attachment":[{"href":"https:\/\/auftragsmalerei-kwast-berlin.de\/en\/wp-json\/wp\/v2\/media?parent=2078"}],"curies":[{"name":"wp","href":"https:\/\/api.w.org\/{rel}","templated":true}]}}