{"id":2100,"date":"2015-10-04T13:58:45","date_gmt":"2015-10-04T11:58:45","guid":{"rendered":"http:\/\/relaunch.auftragsmalerei-kwast-berlin.de\/?page_id=2100"},"modified":"2015-10-04T13:58:45","modified_gmt":"2015-10-04T11:58:45","slug":"operette-frau-luna","status":"publish","type":"page","link":"https:\/\/auftragsmalerei-kwast-berlin.de\/en\/theater-und-filmmalerei-arbeitsbeispiele\/operette-frau-luna\/","title":{"rendered":"Operette &#8211; \u00bbFrau Luna\u00ab"},"content":{"rendered":"<h3>Auftraggeber: Theater Neustrelitz | Acryl, Theatermalfarben, Nessel, Holz | verschiedene Gr\u00f6\u00dfen<\/h3>\n<p>F\u00fcr die Sommerbespielung des Freilufttheaters in Neustrelitz bemalte ich die Dekoration der Operette \u00bbFrau Luna\u00bb. Zu den grafischen Architekturw\u00e4nden geh\u00f6rte auch eine Prospektmalerei, die als riesige Himmelskarte den Hintergrund bildete. Theatermalerei f\u00fcr andere Produktionen reduzierte sich auf Objekte.<br \/>\n<div class=\"content_block\" id=\"custom_post_widget-2093\"><p><img loading=\"lazy\" decoding=\"async\" src=\"\/wp-content\/uploads\/theater_neustrelitz_5gr.jpg\" alt=\"Kwast - Theatermalerei - Theater Neustrelitz - Frau Luna\" width=\"656\" height=\"460\" class=\"alignnone size-full wp-image-2098\" \/><\/p>\n<p><img loading=\"lazy\" decoding=\"async\" src=\"\/wp-content\/uploads\/theater_neustrelitz_4gr.jpg\" alt=\"Kwast - Theatermalerei - Theater Neustrelitz - Frau Luna\" width=\"656\" height=\"460\" class=\"alignnone size-full wp-image-2097\" \/><\/p>\n<p><img loading=\"lazy\" decoding=\"async\" src=\"\/wp-content\/uploads\/theater_neustrelitz_3gr.jpg\" alt=\"Kwast - Theatermalerei - Theater Neustrelitz - Frau Luna\" width=\"656\" height=\"460\" class=\"alignnone size-full wp-image-2096\" \/><\/p>\n<p><img loading=\"lazy\" decoding=\"async\" src=\"\/wp-content\/uploads\/theater_neustrelitz_2gr.jpg\" alt=\"Kwast - Theatermalerei - Theater Neustrelitz - Frau Luna\" width=\"900\" height=\"436\" class=\"alignnone size-full wp-image-2095\" \/><\/p>\n<p><img loading=\"lazy\" decoding=\"async\" src=\"\/wp-content\/uploads\/theater_neustrelitz_1gr.jpg\" alt=\"Kwast - Theatermalerei - Theater Neustrelitz - Frau Luna\" width=\"656\" height=\"490\" class=\"alignnone size-full wp-image-2094\" \/><\/p>\n<\/div><\/p>\n","protected":false},"excerpt":{"rendered":"<p>Auftraggeber: Theater Neustrelitz | Acryl, Theatermalfarben, Nessel, Holz | verschiedene Gr\u00f6\u00dfen F\u00fcr die Sommerbespielung des Freilufttheaters in Neustrelitz bemalte ich die Dekoration der Operette \u00bbFrau Luna\u00bb. Zu den grafischen Architekturw\u00e4nden geh\u00f6rte auch eine Prospektmalerei, die als riesige Himmelskarte den Hintergrund bildete. Theatermalerei f\u00fcr andere Produktionen reduzierte sich auf Objekte.<\/p>\n","protected":false},"author":2,"featured_media":0,"parent":134,"menu_order":7,"comment_status":"closed","ping_status":"closed","template":"detailseiten.php","meta":{"footnotes":""},"class_list":["post-2100","page","type-page","status-publish","hentry","brick"],"yoast_head":"<!-- This site is optimized with the Yoast SEO plugin v27.4 - https:\/\/yoast.com\/product\/yoast-seo-wordpress\/ -->\n<title>Operette - \u00bbFrau Luna\u00ab - Commissioned Painting Kwast Berlin<\/title>\n<meta name=\"robots\" content=\"index, follow, max-snippet:-1, max-image-preview:large, max-video-preview:-1\" \/>\n<link rel=\"canonical\" href=\"https:\/\/auftragsmalerei-kwast-berlin.de\/en\/theater-und-filmmalerei-arbeitsbeispiele\/operette-frau-luna\/\" \/>\n<meta property=\"og:locale\" content=\"en_US\" \/>\n<meta property=\"og:type\" content=\"article\" \/>\n<meta property=\"og:title\" content=\"Operette - \u00bbFrau Luna\u00ab - Commissioned Painting Kwast Berlin\" \/>\n<meta property=\"og:description\" content=\"Auftraggeber: Theater Neustrelitz | Acryl, Theatermalfarben, Nessel, Holz | verschiedene Gr\u00f6\u00dfen F\u00fcr die Sommerbespielung des Freilufttheaters in Neustrelitz bemalte ich die Dekoration der Operette \u00bbFrau Luna\u00bb. Zu den grafischen Architekturw\u00e4nden geh\u00f6rte auch eine Prospektmalerei, die als riesige Himmelskarte den Hintergrund bildete. Theatermalerei f\u00fcr andere Produktionen reduzierte sich auf Objekte.\" \/>\n<meta property=\"og:url\" content=\"https:\/\/auftragsmalerei-kwast-berlin.de\/en\/theater-und-filmmalerei-arbeitsbeispiele\/operette-frau-luna\/\" \/>\n<meta property=\"og:site_name\" content=\"Commissioned Painting Kwast Berlin\" \/>\n<meta name=\"twitter:card\" content=\"summary_large_image\" \/>\n<script type=\"application\/ld+json\" class=\"yoast-schema-graph\">{\"@context\":\"https:\\\/\\\/schema.org\",\"@graph\":[{\"@type\":\"WebPage\",\"@id\":\"https:\\\/\\\/auftragsmalerei-kwast-berlin.de\\\/en\\\/theater-und-filmmalerei-arbeitsbeispiele\\\/operette-frau-luna\\\/\",\"url\":\"https:\\\/\\\/auftragsmalerei-kwast-berlin.de\\\/en\\\/theater-und-filmmalerei-arbeitsbeispiele\\\/operette-frau-luna\\\/\",\"name\":\"Operette - \u00bbFrau Luna\u00ab - Commissioned Painting Kwast Berlin\",\"isPartOf\":{\"@id\":\"https:\\\/\\\/auftragsmalerei-kwast-berlin.de\\\/en\\\/#website\"},\"datePublished\":\"2015-10-04T11:58:45+00:00\",\"breadcrumb\":{\"@id\":\"https:\\\/\\\/auftragsmalerei-kwast-berlin.de\\\/en\\\/theater-und-filmmalerei-arbeitsbeispiele\\\/operette-frau-luna\\\/#breadcrumb\"},\"inLanguage\":\"en-US\",\"potentialAction\":[{\"@type\":\"ReadAction\",\"target\":[\"https:\\\/\\\/auftragsmalerei-kwast-berlin.de\\\/en\\\/theater-und-filmmalerei-arbeitsbeispiele\\\/operette-frau-luna\\\/\"]}]},{\"@type\":\"BreadcrumbList\",\"@id\":\"https:\\\/\\\/auftragsmalerei-kwast-berlin.de\\\/en\\\/theater-und-filmmalerei-arbeitsbeispiele\\\/operette-frau-luna\\\/#breadcrumb\",\"itemListElement\":[{\"@type\":\"ListItem\",\"position\":1,\"name\":\"Home\",\"item\":\"https:\\\/\\\/auftragsmalerei-kwast-berlin.de\\\/en\\\/\"},{\"@type\":\"ListItem\",\"position\":2,\"name\":\"Scenic painting and film painting\",\"item\":\"https:\\\/\\\/auftragsmalerei-kwast-berlin.de\\\/en\\\/theater-und-filmmalerei-arbeitsbeispiele\\\/\"},{\"@type\":\"ListItem\",\"position\":3,\"name\":\"Operette &#8211; \u00bbFrau Luna\u00ab\"}]},{\"@type\":\"WebSite\",\"@id\":\"https:\\\/\\\/auftragsmalerei-kwast-berlin.de\\\/en\\\/#website\",\"url\":\"https:\\\/\\\/auftragsmalerei-kwast-berlin.de\\\/en\\\/\",\"name\":\"Commissioned Painting Kwast Berlin\",\"description\":\"Commissioned painting for theatre and film, fairs and museums, wall, facade and portrait\",\"potentialAction\":[{\"@type\":\"SearchAction\",\"target\":{\"@type\":\"EntryPoint\",\"urlTemplate\":\"https:\\\/\\\/auftragsmalerei-kwast-berlin.de\\\/en\\\/?s={search_term_string}\"},\"query-input\":{\"@type\":\"PropertyValueSpecification\",\"valueRequired\":true,\"valueName\":\"search_term_string\"}}],\"inLanguage\":\"en-US\"}]}<\/script>\n<!-- \/ Yoast SEO plugin. -->","yoast_head_json":{"title":"Operette - \u00bbFrau Luna\u00ab - Commissioned Painting Kwast Berlin","robots":{"index":"index","follow":"follow","max-snippet":"max-snippet:-1","max-image-preview":"max-image-preview:large","max-video-preview":"max-video-preview:-1"},"canonical":"https:\/\/auftragsmalerei-kwast-berlin.de\/en\/theater-und-filmmalerei-arbeitsbeispiele\/operette-frau-luna\/","og_locale":"en_US","og_type":"article","og_title":"Operette - \u00bbFrau Luna\u00ab - Commissioned Painting Kwast Berlin","og_description":"Auftraggeber: Theater Neustrelitz | Acryl, Theatermalfarben, Nessel, Holz | verschiedene Gr\u00f6\u00dfen F\u00fcr die Sommerbespielung des Freilufttheaters in Neustrelitz bemalte ich die Dekoration der Operette \u00bbFrau Luna\u00bb. Zu den grafischen Architekturw\u00e4nden geh\u00f6rte auch eine Prospektmalerei, die als riesige Himmelskarte den Hintergrund bildete. Theatermalerei f\u00fcr andere Produktionen reduzierte sich auf Objekte.","og_url":"https:\/\/auftragsmalerei-kwast-berlin.de\/en\/theater-und-filmmalerei-arbeitsbeispiele\/operette-frau-luna\/","og_site_name":"Commissioned Painting Kwast Berlin","twitter_card":"summary_large_image","schema":{"@context":"https:\/\/schema.org","@graph":[{"@type":"WebPage","@id":"https:\/\/auftragsmalerei-kwast-berlin.de\/en\/theater-und-filmmalerei-arbeitsbeispiele\/operette-frau-luna\/","url":"https:\/\/auftragsmalerei-kwast-berlin.de\/en\/theater-und-filmmalerei-arbeitsbeispiele\/operette-frau-luna\/","name":"Operette - \u00bbFrau Luna\u00ab - Commissioned Painting Kwast Berlin","isPartOf":{"@id":"https:\/\/auftragsmalerei-kwast-berlin.de\/en\/#website"},"datePublished":"2015-10-04T11:58:45+00:00","breadcrumb":{"@id":"https:\/\/auftragsmalerei-kwast-berlin.de\/en\/theater-und-filmmalerei-arbeitsbeispiele\/operette-frau-luna\/#breadcrumb"},"inLanguage":"en-US","potentialAction":[{"@type":"ReadAction","target":["https:\/\/auftragsmalerei-kwast-berlin.de\/en\/theater-und-filmmalerei-arbeitsbeispiele\/operette-frau-luna\/"]}]},{"@type":"BreadcrumbList","@id":"https:\/\/auftragsmalerei-kwast-berlin.de\/en\/theater-und-filmmalerei-arbeitsbeispiele\/operette-frau-luna\/#breadcrumb","itemListElement":[{"@type":"ListItem","position":1,"name":"Home","item":"https:\/\/auftragsmalerei-kwast-berlin.de\/en\/"},{"@type":"ListItem","position":2,"name":"Scenic painting and film painting","item":"https:\/\/auftragsmalerei-kwast-berlin.de\/en\/theater-und-filmmalerei-arbeitsbeispiele\/"},{"@type":"ListItem","position":3,"name":"Operette &#8211; \u00bbFrau Luna\u00ab"}]},{"@type":"WebSite","@id":"https:\/\/auftragsmalerei-kwast-berlin.de\/en\/#website","url":"https:\/\/auftragsmalerei-kwast-berlin.de\/en\/","name":"Commissioned Painting Kwast Berlin","description":"Commissioned painting for theatre and film, fairs and museums, wall, facade and portrait","potentialAction":[{"@type":"SearchAction","target":{"@type":"EntryPoint","urlTemplate":"https:\/\/auftragsmalerei-kwast-berlin.de\/en\/?s={search_term_string}"},"query-input":{"@type":"PropertyValueSpecification","valueRequired":true,"valueName":"search_term_string"}}],"inLanguage":"en-US"}]}},"_links":{"self":[{"href":"https:\/\/auftragsmalerei-kwast-berlin.de\/en\/wp-json\/wp\/v2\/pages\/2100","targetHints":{"allow":["GET"]}}],"collection":[{"href":"https:\/\/auftragsmalerei-kwast-berlin.de\/en\/wp-json\/wp\/v2\/pages"}],"about":[{"href":"https:\/\/auftragsmalerei-kwast-berlin.de\/en\/wp-json\/wp\/v2\/types\/page"}],"author":[{"embeddable":true,"href":"https:\/\/auftragsmalerei-kwast-berlin.de\/en\/wp-json\/wp\/v2\/users\/2"}],"replies":[{"embeddable":true,"href":"https:\/\/auftragsmalerei-kwast-berlin.de\/en\/wp-json\/wp\/v2\/comments?post=2100"}],"version-history":[{"count":0,"href":"https:\/\/auftragsmalerei-kwast-berlin.de\/en\/wp-json\/wp\/v2\/pages\/2100\/revisions"}],"up":[{"embeddable":true,"href":"https:\/\/auftragsmalerei-kwast-berlin.de\/en\/wp-json\/wp\/v2\/pages\/134"}],"wp:attachment":[{"href":"https:\/\/auftragsmalerei-kwast-berlin.de\/en\/wp-json\/wp\/v2\/media?parent=2100"}],"curies":[{"name":"wp","href":"https:\/\/api.w.org\/{rel}","templated":true}]}}