{"id":2124,"date":"2015-10-04T14:24:12","date_gmt":"2015-10-04T12:24:12","guid":{"rendered":"http:\/\/relaunch.auftragsmalerei-kwast-berlin.de\/?page_id=2124"},"modified":"2015-10-04T14:24:12","modified_gmt":"2015-10-04T12:24:12","slug":"landschaftsprospekt-hermannslied","status":"publish","type":"page","link":"https:\/\/auftragsmalerei-kwast-berlin.de\/en\/theater-und-filmmalerei-arbeitsbeispiele\/landschaftsprospekt-hermannslied\/","title":{"rendered":"Landschaftsprospekt &#8211; \u00bbHermannslied\u00ab"},"content":{"rendered":"<h3>Auftraggeber: Theater an der Parkaue &#8211; Kinder- und Jugendtheater des Landes Berlin | Stoffmalfarben auf Rohnessel | 9 x 26 m<\/h3>\n<p>Bei diesem Prospekt wurde der Himmel lichtdurchl\u00e4ssig gespritzt und die dargestellte Moorlandschaft lichtundurchl\u00fcssig zugemalt. Verwendet wurden Stoffmalfarben auf Rohnessel, genutzt wurde dieser Prospekt f\u00fcr die Produktion \u00bbHerrmannslied\u00ab als Rundhorizont.<br \/>\n<div class=\"content_block\" id=\"custom_post_widget-2115\"><p><img loading=\"lazy\" decoding=\"async\" src=\"\/wp-content\/uploads\/theater_parkaue_3gr.jpg\" alt=\"Kwast - Theatermalerei - Theater an der Parkaue - Hermannslied\" width=\"656\" height=\"480\" class=\"alignnone size-full wp-image-2117\" \/><\/p>\n<p><img loading=\"lazy\" decoding=\"async\" src=\"\/wp-content\/uploads\/theater_parkaue_2gr.jpg\" alt=\"Kwast - Theatermalerei - Theater an der Parkaue - Hermannslied\" width=\"656\" height=\"460\" class=\"alignnone size-full wp-image-2116\" \/><\/p>\n<\/div><\/p>\n","protected":false},"excerpt":{"rendered":"<p>Auftraggeber: Theater an der Parkaue &#8211; Kinder- und Jugendtheater des Landes Berlin | Stoffmalfarben auf Rohnessel | 9 x 26 m Bei diesem Prospekt wurde der Himmel lichtdurchl\u00e4ssig gespritzt und die dargestellte Moorlandschaft lichtundurchl\u00fcssig zugemalt. Verwendet wurden Stoffmalfarben auf Rohnessel, genutzt wurde dieser Prospekt f\u00fcr die Produktion \u00bbHerrmannslied\u00ab als Rundhorizont.<\/p>\n","protected":false},"author":2,"featured_media":0,"parent":134,"menu_order":11,"comment_status":"closed","ping_status":"closed","template":"detailseiten.php","meta":{"footnotes":""},"class_list":["post-2124","page","type-page","status-publish","hentry","brick"],"yoast_head":"<!-- This site is optimized with the Yoast SEO plugin v27.4 - https:\/\/yoast.com\/product\/yoast-seo-wordpress\/ -->\n<title>Landschaftsprospekt - \u00bbHermannslied\u00ab - Commissioned Painting Kwast Berlin<\/title>\n<meta name=\"robots\" content=\"index, follow, max-snippet:-1, max-image-preview:large, max-video-preview:-1\" \/>\n<link rel=\"canonical\" href=\"https:\/\/auftragsmalerei-kwast-berlin.de\/en\/theater-und-filmmalerei-arbeitsbeispiele\/landschaftsprospekt-hermannslied\/\" \/>\n<meta property=\"og:locale\" content=\"en_US\" \/>\n<meta property=\"og:type\" content=\"article\" \/>\n<meta property=\"og:title\" content=\"Landschaftsprospekt - \u00bbHermannslied\u00ab - Commissioned Painting Kwast Berlin\" \/>\n<meta property=\"og:description\" content=\"Auftraggeber: Theater an der Parkaue &#8211; Kinder- und Jugendtheater des Landes Berlin | Stoffmalfarben auf Rohnessel | 9 x 26 m Bei diesem Prospekt wurde der Himmel lichtdurchl\u00e4ssig gespritzt und die dargestellte Moorlandschaft lichtundurchl\u00fcssig zugemalt. Verwendet wurden Stoffmalfarben auf Rohnessel, genutzt wurde dieser Prospekt f\u00fcr die Produktion \u00bbHerrmannslied\u00ab als Rundhorizont.\" \/>\n<meta property=\"og:url\" content=\"https:\/\/auftragsmalerei-kwast-berlin.de\/en\/theater-und-filmmalerei-arbeitsbeispiele\/landschaftsprospekt-hermannslied\/\" \/>\n<meta property=\"og:site_name\" content=\"Commissioned Painting Kwast Berlin\" \/>\n<meta name=\"twitter:card\" content=\"summary_large_image\" \/>\n<script type=\"application\/ld+json\" class=\"yoast-schema-graph\">{\"@context\":\"https:\\\/\\\/schema.org\",\"@graph\":[{\"@type\":\"WebPage\",\"@id\":\"https:\\\/\\\/auftragsmalerei-kwast-berlin.de\\\/en\\\/theater-und-filmmalerei-arbeitsbeispiele\\\/landschaftsprospekt-hermannslied\\\/\",\"url\":\"https:\\\/\\\/auftragsmalerei-kwast-berlin.de\\\/en\\\/theater-und-filmmalerei-arbeitsbeispiele\\\/landschaftsprospekt-hermannslied\\\/\",\"name\":\"Landschaftsprospekt - \u00bbHermannslied\u00ab - Commissioned Painting Kwast Berlin\",\"isPartOf\":{\"@id\":\"https:\\\/\\\/auftragsmalerei-kwast-berlin.de\\\/en\\\/#website\"},\"datePublished\":\"2015-10-04T12:24:12+00:00\",\"breadcrumb\":{\"@id\":\"https:\\\/\\\/auftragsmalerei-kwast-berlin.de\\\/en\\\/theater-und-filmmalerei-arbeitsbeispiele\\\/landschaftsprospekt-hermannslied\\\/#breadcrumb\"},\"inLanguage\":\"en-US\",\"potentialAction\":[{\"@type\":\"ReadAction\",\"target\":[\"https:\\\/\\\/auftragsmalerei-kwast-berlin.de\\\/en\\\/theater-und-filmmalerei-arbeitsbeispiele\\\/landschaftsprospekt-hermannslied\\\/\"]}]},{\"@type\":\"BreadcrumbList\",\"@id\":\"https:\\\/\\\/auftragsmalerei-kwast-berlin.de\\\/en\\\/theater-und-filmmalerei-arbeitsbeispiele\\\/landschaftsprospekt-hermannslied\\\/#breadcrumb\",\"itemListElement\":[{\"@type\":\"ListItem\",\"position\":1,\"name\":\"Home\",\"item\":\"https:\\\/\\\/auftragsmalerei-kwast-berlin.de\\\/en\\\/\"},{\"@type\":\"ListItem\",\"position\":2,\"name\":\"Scenic painting and film painting\",\"item\":\"https:\\\/\\\/auftragsmalerei-kwast-berlin.de\\\/en\\\/theater-und-filmmalerei-arbeitsbeispiele\\\/\"},{\"@type\":\"ListItem\",\"position\":3,\"name\":\"Landschaftsprospekt &#8211; \u00bbHermannslied\u00ab\"}]},{\"@type\":\"WebSite\",\"@id\":\"https:\\\/\\\/auftragsmalerei-kwast-berlin.de\\\/en\\\/#website\",\"url\":\"https:\\\/\\\/auftragsmalerei-kwast-berlin.de\\\/en\\\/\",\"name\":\"Commissioned Painting Kwast Berlin\",\"description\":\"Commissioned painting for theatre and film, fairs and museums, wall, facade and portrait\",\"potentialAction\":[{\"@type\":\"SearchAction\",\"target\":{\"@type\":\"EntryPoint\",\"urlTemplate\":\"https:\\\/\\\/auftragsmalerei-kwast-berlin.de\\\/en\\\/?s={search_term_string}\"},\"query-input\":{\"@type\":\"PropertyValueSpecification\",\"valueRequired\":true,\"valueName\":\"search_term_string\"}}],\"inLanguage\":\"en-US\"}]}<\/script>\n<!-- \/ Yoast SEO plugin. -->","yoast_head_json":{"title":"Landschaftsprospekt - \u00bbHermannslied\u00ab - Commissioned Painting Kwast Berlin","robots":{"index":"index","follow":"follow","max-snippet":"max-snippet:-1","max-image-preview":"max-image-preview:large","max-video-preview":"max-video-preview:-1"},"canonical":"https:\/\/auftragsmalerei-kwast-berlin.de\/en\/theater-und-filmmalerei-arbeitsbeispiele\/landschaftsprospekt-hermannslied\/","og_locale":"en_US","og_type":"article","og_title":"Landschaftsprospekt - \u00bbHermannslied\u00ab - Commissioned Painting Kwast Berlin","og_description":"Auftraggeber: Theater an der Parkaue &#8211; Kinder- und Jugendtheater des Landes Berlin | Stoffmalfarben auf Rohnessel | 9 x 26 m Bei diesem Prospekt wurde der Himmel lichtdurchl\u00e4ssig gespritzt und die dargestellte Moorlandschaft lichtundurchl\u00fcssig zugemalt. Verwendet wurden Stoffmalfarben auf Rohnessel, genutzt wurde dieser Prospekt f\u00fcr die Produktion \u00bbHerrmannslied\u00ab als Rundhorizont.","og_url":"https:\/\/auftragsmalerei-kwast-berlin.de\/en\/theater-und-filmmalerei-arbeitsbeispiele\/landschaftsprospekt-hermannslied\/","og_site_name":"Commissioned Painting Kwast Berlin","twitter_card":"summary_large_image","schema":{"@context":"https:\/\/schema.org","@graph":[{"@type":"WebPage","@id":"https:\/\/auftragsmalerei-kwast-berlin.de\/en\/theater-und-filmmalerei-arbeitsbeispiele\/landschaftsprospekt-hermannslied\/","url":"https:\/\/auftragsmalerei-kwast-berlin.de\/en\/theater-und-filmmalerei-arbeitsbeispiele\/landschaftsprospekt-hermannslied\/","name":"Landschaftsprospekt - \u00bbHermannslied\u00ab - Commissioned Painting Kwast Berlin","isPartOf":{"@id":"https:\/\/auftragsmalerei-kwast-berlin.de\/en\/#website"},"datePublished":"2015-10-04T12:24:12+00:00","breadcrumb":{"@id":"https:\/\/auftragsmalerei-kwast-berlin.de\/en\/theater-und-filmmalerei-arbeitsbeispiele\/landschaftsprospekt-hermannslied\/#breadcrumb"},"inLanguage":"en-US","potentialAction":[{"@type":"ReadAction","target":["https:\/\/auftragsmalerei-kwast-berlin.de\/en\/theater-und-filmmalerei-arbeitsbeispiele\/landschaftsprospekt-hermannslied\/"]}]},{"@type":"BreadcrumbList","@id":"https:\/\/auftragsmalerei-kwast-berlin.de\/en\/theater-und-filmmalerei-arbeitsbeispiele\/landschaftsprospekt-hermannslied\/#breadcrumb","itemListElement":[{"@type":"ListItem","position":1,"name":"Home","item":"https:\/\/auftragsmalerei-kwast-berlin.de\/en\/"},{"@type":"ListItem","position":2,"name":"Scenic painting and film painting","item":"https:\/\/auftragsmalerei-kwast-berlin.de\/en\/theater-und-filmmalerei-arbeitsbeispiele\/"},{"@type":"ListItem","position":3,"name":"Landschaftsprospekt &#8211; \u00bbHermannslied\u00ab"}]},{"@type":"WebSite","@id":"https:\/\/auftragsmalerei-kwast-berlin.de\/en\/#website","url":"https:\/\/auftragsmalerei-kwast-berlin.de\/en\/","name":"Commissioned Painting Kwast Berlin","description":"Commissioned painting for theatre and film, fairs and museums, wall, facade and portrait","potentialAction":[{"@type":"SearchAction","target":{"@type":"EntryPoint","urlTemplate":"https:\/\/auftragsmalerei-kwast-berlin.de\/en\/?s={search_term_string}"},"query-input":{"@type":"PropertyValueSpecification","valueRequired":true,"valueName":"search_term_string"}}],"inLanguage":"en-US"}]}},"_links":{"self":[{"href":"https:\/\/auftragsmalerei-kwast-berlin.de\/en\/wp-json\/wp\/v2\/pages\/2124","targetHints":{"allow":["GET"]}}],"collection":[{"href":"https:\/\/auftragsmalerei-kwast-berlin.de\/en\/wp-json\/wp\/v2\/pages"}],"about":[{"href":"https:\/\/auftragsmalerei-kwast-berlin.de\/en\/wp-json\/wp\/v2\/types\/page"}],"author":[{"embeddable":true,"href":"https:\/\/auftragsmalerei-kwast-berlin.de\/en\/wp-json\/wp\/v2\/users\/2"}],"replies":[{"embeddable":true,"href":"https:\/\/auftragsmalerei-kwast-berlin.de\/en\/wp-json\/wp\/v2\/comments?post=2124"}],"version-history":[{"count":0,"href":"https:\/\/auftragsmalerei-kwast-berlin.de\/en\/wp-json\/wp\/v2\/pages\/2124\/revisions"}],"up":[{"embeddable":true,"href":"https:\/\/auftragsmalerei-kwast-berlin.de\/en\/wp-json\/wp\/v2\/pages\/134"}],"wp:attachment":[{"href":"https:\/\/auftragsmalerei-kwast-berlin.de\/en\/wp-json\/wp\/v2\/media?parent=2124"}],"curies":[{"name":"wp","href":"https:\/\/api.w.org\/{rel}","templated":true}]}}