{"id":2226,"date":"2015-10-06T08:55:53","date_gmt":"2015-10-06T06:55:53","guid":{"rendered":"https:\/\/auftragsmalerei-kwast-berlin.de\/?page_id=2226"},"modified":"2015-10-06T08:55:53","modified_gmt":"2015-10-06T06:55:53","slug":"spielfilm-dekorationen","status":"publish","type":"page","link":"https:\/\/auftragsmalerei-kwast-berlin.de\/en\/theater-und-filmmalerei-arbeitsbeispiele\/spielfilm-dekorationen\/","title":{"rendered":"Spielfilm-Dekorationen"},"content":{"rendered":"<h3>Auftraggeber: verschiedene Filmproduktionsfirmen<\/h3>\n<p>F\u00fcr Filmkulissen werden Stellw\u00e4nde, Prospekte und Requisiten bemalt. F\u00fcr die Filmmalerei sind Dispersionsfarben, Acryfarben und so ziemlich jedes Material, was auch auf dem Bau und in Tischlereien benutzt wird, im Einsatz. Diese Arbeit lebt von der Improvisation.<br \/>\n<div class=\"content_block\" id=\"custom_post_widget-2219\"><p><img loading=\"lazy\" decoding=\"async\" class=\"alignnone size-full wp-image-2223\" src=\"https:\/\/auftragsmalerei-kwast-berlin.de\/en\/wp-content\/uploads\/film_entry_1gr.jpg\" alt=\"Kwast - Theater- und Filmmalerei - Spielfilm-Dekorationen\" width=\"656\" height=\"420\" \/><\/p>\n<p><img loading=\"lazy\" decoding=\"async\" class=\"alignnone size-full wp-image-2222\" src=\"https:\/\/auftragsmalerei-kwast-berlin.de\/en\/wp-content\/uploads\/film_entry_2gr.jpg\" alt=\"Kwast - Theater- und Filmmalerei - Spielfilm-Dekorationen\" width=\"656\" height=\"420\" \/><\/p>\n<p><img loading=\"lazy\" decoding=\"async\" class=\"alignnone size-full wp-image-2221\" src=\"https:\/\/auftragsmalerei-kwast-berlin.de\/en\/wp-content\/uploads\/film_brooklyn_gr.jpg\" alt=\"Kwast - Theater- und Filmmalerei - Spielfilm-Dekorationen\" width=\"656\" height=\"467\" \/><br \/>\n<img loading=\"lazy\" decoding=\"async\" class=\"alignnone size-full wp-image-2224\" src=\"https:\/\/auftragsmalerei-kwast-berlin.de\/en\/wp-content\/uploads\/film_spiel_1gr.jpg\" alt=\"Kwast - Theater- und Filmmalerei - Spielfilm-Dekorationen\" width=\"614\" height=\"613\" \/><\/p>\n<\/div><\/p>\n","protected":false},"excerpt":{"rendered":"<p>Auftraggeber: verschiedene Filmproduktionsfirmen F\u00fcr Filmkulissen werden Stellw\u00e4nde, Prospekte und Requisiten bemalt. F\u00fcr die Filmmalerei sind Dispersionsfarben, Acryfarben und so ziemlich jedes Material, was auch auf dem Bau und in Tischlereien benutzt wird, im Einsatz. Diese Arbeit lebt von der Improvisation.<\/p>\n","protected":false},"author":2,"featured_media":0,"parent":134,"menu_order":27,"comment_status":"closed","ping_status":"closed","template":"detailseiten.php","meta":{"footnotes":""},"class_list":["post-2226","page","type-page","status-publish","hentry","brick"],"yoast_head":"<!-- This site is optimized with the Yoast SEO plugin v27.4 - https:\/\/yoast.com\/product\/yoast-seo-wordpress\/ -->\n<title>Spielfilm-Dekorationen - Commissioned Painting Kwast Berlin<\/title>\n<meta name=\"robots\" content=\"index, follow, max-snippet:-1, max-image-preview:large, max-video-preview:-1\" \/>\n<link rel=\"canonical\" href=\"https:\/\/auftragsmalerei-kwast-berlin.de\/en\/theater-und-filmmalerei-arbeitsbeispiele\/spielfilm-dekorationen\/\" \/>\n<meta property=\"og:locale\" content=\"en_US\" \/>\n<meta property=\"og:type\" content=\"article\" \/>\n<meta property=\"og:title\" content=\"Spielfilm-Dekorationen - Commissioned Painting Kwast Berlin\" \/>\n<meta property=\"og:description\" content=\"Auftraggeber: verschiedene Filmproduktionsfirmen F\u00fcr Filmkulissen werden Stellw\u00e4nde, Prospekte und Requisiten bemalt. F\u00fcr die Filmmalerei sind Dispersionsfarben, Acryfarben und so ziemlich jedes Material, was auch auf dem Bau und in Tischlereien benutzt wird, im Einsatz. Diese Arbeit lebt von der Improvisation.\" \/>\n<meta property=\"og:url\" content=\"https:\/\/auftragsmalerei-kwast-berlin.de\/en\/theater-und-filmmalerei-arbeitsbeispiele\/spielfilm-dekorationen\/\" \/>\n<meta property=\"og:site_name\" content=\"Commissioned Painting Kwast Berlin\" \/>\n<meta name=\"twitter:card\" content=\"summary_large_image\" \/>\n<script type=\"application\/ld+json\" class=\"yoast-schema-graph\">{\"@context\":\"https:\\\/\\\/schema.org\",\"@graph\":[{\"@type\":\"WebPage\",\"@id\":\"https:\\\/\\\/auftragsmalerei-kwast-berlin.de\\\/en\\\/theater-und-filmmalerei-arbeitsbeispiele\\\/spielfilm-dekorationen\\\/\",\"url\":\"https:\\\/\\\/auftragsmalerei-kwast-berlin.de\\\/en\\\/theater-und-filmmalerei-arbeitsbeispiele\\\/spielfilm-dekorationen\\\/\",\"name\":\"Spielfilm-Dekorationen - Commissioned Painting Kwast Berlin\",\"isPartOf\":{\"@id\":\"https:\\\/\\\/auftragsmalerei-kwast-berlin.de\\\/en\\\/#website\"},\"datePublished\":\"2015-10-06T06:55:53+00:00\",\"breadcrumb\":{\"@id\":\"https:\\\/\\\/auftragsmalerei-kwast-berlin.de\\\/en\\\/theater-und-filmmalerei-arbeitsbeispiele\\\/spielfilm-dekorationen\\\/#breadcrumb\"},\"inLanguage\":\"en-US\",\"potentialAction\":[{\"@type\":\"ReadAction\",\"target\":[\"https:\\\/\\\/auftragsmalerei-kwast-berlin.de\\\/en\\\/theater-und-filmmalerei-arbeitsbeispiele\\\/spielfilm-dekorationen\\\/\"]}]},{\"@type\":\"BreadcrumbList\",\"@id\":\"https:\\\/\\\/auftragsmalerei-kwast-berlin.de\\\/en\\\/theater-und-filmmalerei-arbeitsbeispiele\\\/spielfilm-dekorationen\\\/#breadcrumb\",\"itemListElement\":[{\"@type\":\"ListItem\",\"position\":1,\"name\":\"Home\",\"item\":\"https:\\\/\\\/auftragsmalerei-kwast-berlin.de\\\/en\\\/\"},{\"@type\":\"ListItem\",\"position\":2,\"name\":\"Scenic painting and film painting\",\"item\":\"https:\\\/\\\/auftragsmalerei-kwast-berlin.de\\\/en\\\/theater-und-filmmalerei-arbeitsbeispiele\\\/\"},{\"@type\":\"ListItem\",\"position\":3,\"name\":\"Spielfilm-Dekorationen\"}]},{\"@type\":\"WebSite\",\"@id\":\"https:\\\/\\\/auftragsmalerei-kwast-berlin.de\\\/en\\\/#website\",\"url\":\"https:\\\/\\\/auftragsmalerei-kwast-berlin.de\\\/en\\\/\",\"name\":\"Commissioned Painting Kwast Berlin\",\"description\":\"Commissioned painting for theatre and film, fairs and museums, wall, facade and portrait\",\"potentialAction\":[{\"@type\":\"SearchAction\",\"target\":{\"@type\":\"EntryPoint\",\"urlTemplate\":\"https:\\\/\\\/auftragsmalerei-kwast-berlin.de\\\/en\\\/?s={search_term_string}\"},\"query-input\":{\"@type\":\"PropertyValueSpecification\",\"valueRequired\":true,\"valueName\":\"search_term_string\"}}],\"inLanguage\":\"en-US\"}]}<\/script>\n<!-- \/ Yoast SEO plugin. -->","yoast_head_json":{"title":"Spielfilm-Dekorationen - Commissioned Painting Kwast Berlin","robots":{"index":"index","follow":"follow","max-snippet":"max-snippet:-1","max-image-preview":"max-image-preview:large","max-video-preview":"max-video-preview:-1"},"canonical":"https:\/\/auftragsmalerei-kwast-berlin.de\/en\/theater-und-filmmalerei-arbeitsbeispiele\/spielfilm-dekorationen\/","og_locale":"en_US","og_type":"article","og_title":"Spielfilm-Dekorationen - Commissioned Painting Kwast Berlin","og_description":"Auftraggeber: verschiedene Filmproduktionsfirmen F\u00fcr Filmkulissen werden Stellw\u00e4nde, Prospekte und Requisiten bemalt. F\u00fcr die Filmmalerei sind Dispersionsfarben, Acryfarben und so ziemlich jedes Material, was auch auf dem Bau und in Tischlereien benutzt wird, im Einsatz. Diese Arbeit lebt von der Improvisation.","og_url":"https:\/\/auftragsmalerei-kwast-berlin.de\/en\/theater-und-filmmalerei-arbeitsbeispiele\/spielfilm-dekorationen\/","og_site_name":"Commissioned Painting Kwast Berlin","twitter_card":"summary_large_image","schema":{"@context":"https:\/\/schema.org","@graph":[{"@type":"WebPage","@id":"https:\/\/auftragsmalerei-kwast-berlin.de\/en\/theater-und-filmmalerei-arbeitsbeispiele\/spielfilm-dekorationen\/","url":"https:\/\/auftragsmalerei-kwast-berlin.de\/en\/theater-und-filmmalerei-arbeitsbeispiele\/spielfilm-dekorationen\/","name":"Spielfilm-Dekorationen - Commissioned Painting Kwast Berlin","isPartOf":{"@id":"https:\/\/auftragsmalerei-kwast-berlin.de\/en\/#website"},"datePublished":"2015-10-06T06:55:53+00:00","breadcrumb":{"@id":"https:\/\/auftragsmalerei-kwast-berlin.de\/en\/theater-und-filmmalerei-arbeitsbeispiele\/spielfilm-dekorationen\/#breadcrumb"},"inLanguage":"en-US","potentialAction":[{"@type":"ReadAction","target":["https:\/\/auftragsmalerei-kwast-berlin.de\/en\/theater-und-filmmalerei-arbeitsbeispiele\/spielfilm-dekorationen\/"]}]},{"@type":"BreadcrumbList","@id":"https:\/\/auftragsmalerei-kwast-berlin.de\/en\/theater-und-filmmalerei-arbeitsbeispiele\/spielfilm-dekorationen\/#breadcrumb","itemListElement":[{"@type":"ListItem","position":1,"name":"Home","item":"https:\/\/auftragsmalerei-kwast-berlin.de\/en\/"},{"@type":"ListItem","position":2,"name":"Scenic painting and film painting","item":"https:\/\/auftragsmalerei-kwast-berlin.de\/en\/theater-und-filmmalerei-arbeitsbeispiele\/"},{"@type":"ListItem","position":3,"name":"Spielfilm-Dekorationen"}]},{"@type":"WebSite","@id":"https:\/\/auftragsmalerei-kwast-berlin.de\/en\/#website","url":"https:\/\/auftragsmalerei-kwast-berlin.de\/en\/","name":"Commissioned Painting Kwast Berlin","description":"Commissioned painting for theatre and film, fairs and museums, wall, facade and portrait","potentialAction":[{"@type":"SearchAction","target":{"@type":"EntryPoint","urlTemplate":"https:\/\/auftragsmalerei-kwast-berlin.de\/en\/?s={search_term_string}"},"query-input":{"@type":"PropertyValueSpecification","valueRequired":true,"valueName":"search_term_string"}}],"inLanguage":"en-US"}]}},"_links":{"self":[{"href":"https:\/\/auftragsmalerei-kwast-berlin.de\/en\/wp-json\/wp\/v2\/pages\/2226","targetHints":{"allow":["GET"]}}],"collection":[{"href":"https:\/\/auftragsmalerei-kwast-berlin.de\/en\/wp-json\/wp\/v2\/pages"}],"about":[{"href":"https:\/\/auftragsmalerei-kwast-berlin.de\/en\/wp-json\/wp\/v2\/types\/page"}],"author":[{"embeddable":true,"href":"https:\/\/auftragsmalerei-kwast-berlin.de\/en\/wp-json\/wp\/v2\/users\/2"}],"replies":[{"embeddable":true,"href":"https:\/\/auftragsmalerei-kwast-berlin.de\/en\/wp-json\/wp\/v2\/comments?post=2226"}],"version-history":[{"count":0,"href":"https:\/\/auftragsmalerei-kwast-berlin.de\/en\/wp-json\/wp\/v2\/pages\/2226\/revisions"}],"up":[{"embeddable":true,"href":"https:\/\/auftragsmalerei-kwast-berlin.de\/en\/wp-json\/wp\/v2\/pages\/134"}],"wp:attachment":[{"href":"https:\/\/auftragsmalerei-kwast-berlin.de\/en\/wp-json\/wp\/v2\/media?parent=2226"}],"curies":[{"name":"wp","href":"https:\/\/api.w.org\/{rel}","templated":true}]}}