{"id":2246,"date":"2015-10-06T09:40:03","date_gmt":"2015-10-06T07:40:03","guid":{"rendered":"https:\/\/auftragsmalerei-kwast-berlin.de\/?page_id=2246"},"modified":"2015-10-06T09:40:03","modified_gmt":"2015-10-06T07:40:03","slug":"bild-vivantes","status":"publish","type":"page","link":"https:\/\/auftragsmalerei-kwast-berlin.de\/en\/auftragsmalerei-arbeitsbeispiele\/bild-vivantes\/","title":{"rendered":"Bild Vivantes"},"content":{"rendered":"<h3>Auftraggeber: Labor Berlin \/ wasserl\u00f6sliche \u00d6lfarbe auf Leinwand \/ 0,80 x 1,20m<\/h3>\n<p>Auftragsmalerei als Firmengeschenk f\u00fcr eine Vorstandsverabschiedung. Als Vorlage diente ein Foto des Geb\u00e4udes der Vivantes &#8211; Gruppe, dessen Umgebung wurde im Entwurf ge\u00e4ndert.<br \/>\n<div class=\"content_block\" id=\"custom_post_widget-2233\"><p><img loading=\"lazy\" decoding=\"async\" class=\"alignnone wp-image-2238 size-full\" src=\"https:\/\/auftragsmalerei-kwast-berlin.de\/en\/wp-content\/uploads\/gr.1-Vivantes.jpg\" alt=\"Kwast-Auftragsmalerei-Vivantes\" width=\"900\" height=\"669\" \/><br \/>\n<img loading=\"lazy\" decoding=\"async\" class=\"alignnone wp-image-2236 size-full\" src=\"https:\/\/auftragsmalerei-kwast-berlin.de\/en\/wp-content\/uploads\/gr.2-Vivantes.jpg\" alt=\"Kwast-Auftragsmalerei-Vivantes\" width=\"900\" height=\"675\" \/><br \/>\n<img loading=\"lazy\" decoding=\"async\" class=\"alignnone wp-image-2237 size-full\" src=\"https:\/\/auftragsmalerei-kwast-berlin.de\/en\/wp-content\/uploads\/gr.3-Vivantes.jpg\" alt=\"Kwast-Auftragsmalerei-Vivantes\" width=\"900\" height=\"642\" \/><\/p>\n<\/div><\/p>\n","protected":false},"excerpt":{"rendered":"<p>Auftraggeber: Labor Berlin \/ wasserl\u00f6sliche \u00d6lfarbe auf Leinwand \/ 0,80 x 1,20m Auftragsmalerei als Firmengeschenk f\u00fcr eine Vorstandsverabschiedung. Als Vorlage diente ein Foto des Geb\u00e4udes der Vivantes &#8211; Gruppe, dessen Umgebung wurde im Entwurf ge\u00e4ndert.<\/p>\n","protected":false},"author":2,"featured_media":0,"parent":77,"menu_order":29,"comment_status":"closed","ping_status":"closed","template":"detailseiten.php","meta":{"footnotes":""},"class_list":["post-2246","page","type-page","status-publish","hentry","brick"],"yoast_head":"<!-- This site is optimized with the Yoast SEO plugin v27.4 - https:\/\/yoast.com\/product\/yoast-seo-wordpress\/ -->\n<title>Bild Vivantes, Auftragsmalerei Kwast Berlin, Auftragsmalerei<\/title>\n<meta name=\"description\" content=\"Tafelmalerei nach Fotos,Auftragsmalerei f\u00fcr Firma Vivantes,wasserl\u00f6sliche Oelfarben auf Leinwand,Geb\u00e4ude mit dem Logo von Vivantes, Charite`und Labor Berlin\" \/>\n<meta name=\"robots\" content=\"index, follow, max-snippet:-1, max-image-preview:large, max-video-preview:-1\" \/>\n<link rel=\"canonical\" href=\"https:\/\/auftragsmalerei-kwast-berlin.de\/en\/auftragsmalerei-arbeitsbeispiele\/bild-vivantes\/\" \/>\n<meta property=\"og:locale\" content=\"en_US\" \/>\n<meta property=\"og:type\" content=\"article\" \/>\n<meta property=\"og:title\" content=\"Bild Vivantes, Auftragsmalerei Kwast Berlin, Auftragsmalerei\" \/>\n<meta property=\"og:description\" content=\"Tafelmalerei nach Fotos,Auftragsmalerei f\u00fcr Firma Vivantes,wasserl\u00f6sliche Oelfarben auf Leinwand,Geb\u00e4ude mit dem Logo von Vivantes, Charite`und Labor Berlin\" \/>\n<meta property=\"og:url\" content=\"https:\/\/auftragsmalerei-kwast-berlin.de\/en\/auftragsmalerei-arbeitsbeispiele\/bild-vivantes\/\" \/>\n<meta property=\"og:site_name\" content=\"Commissioned Painting Kwast Berlin\" \/>\n<meta name=\"twitter:card\" content=\"summary_large_image\" \/>\n<script type=\"application\/ld+json\" class=\"yoast-schema-graph\">{\"@context\":\"https:\\\/\\\/schema.org\",\"@graph\":[{\"@type\":\"WebPage\",\"@id\":\"https:\\\/\\\/auftragsmalerei-kwast-berlin.de\\\/en\\\/auftragsmalerei-arbeitsbeispiele\\\/bild-vivantes\\\/\",\"url\":\"https:\\\/\\\/auftragsmalerei-kwast-berlin.de\\\/en\\\/auftragsmalerei-arbeitsbeispiele\\\/bild-vivantes\\\/\",\"name\":\"Bild Vivantes, Auftragsmalerei Kwast Berlin, Auftragsmalerei\",\"isPartOf\":{\"@id\":\"https:\\\/\\\/auftragsmalerei-kwast-berlin.de\\\/en\\\/#website\"},\"datePublished\":\"2015-10-06T07:40:03+00:00\",\"description\":\"Tafelmalerei nach Fotos,Auftragsmalerei f\u00fcr Firma Vivantes,wasserl\u00f6sliche Oelfarben auf Leinwand,Geb\u00e4ude mit dem Logo von Vivantes, Charite`und Labor Berlin\",\"breadcrumb\":{\"@id\":\"https:\\\/\\\/auftragsmalerei-kwast-berlin.de\\\/en\\\/auftragsmalerei-arbeitsbeispiele\\\/bild-vivantes\\\/#breadcrumb\"},\"inLanguage\":\"en-US\",\"potentialAction\":[{\"@type\":\"ReadAction\",\"target\":[\"https:\\\/\\\/auftragsmalerei-kwast-berlin.de\\\/en\\\/auftragsmalerei-arbeitsbeispiele\\\/bild-vivantes\\\/\"]}]},{\"@type\":\"BreadcrumbList\",\"@id\":\"https:\\\/\\\/auftragsmalerei-kwast-berlin.de\\\/en\\\/auftragsmalerei-arbeitsbeispiele\\\/bild-vivantes\\\/#breadcrumb\",\"itemListElement\":[{\"@type\":\"ListItem\",\"position\":1,\"name\":\"Home\",\"item\":\"https:\\\/\\\/auftragsmalerei-kwast-berlin.de\\\/en\\\/\"},{\"@type\":\"ListItem\",\"position\":2,\"name\":\"Order painting\",\"item\":\"https:\\\/\\\/auftragsmalerei-kwast-berlin.de\\\/en\\\/auftragsmalerei-arbeitsbeispiele\\\/\"},{\"@type\":\"ListItem\",\"position\":3,\"name\":\"Bild Vivantes\"}]},{\"@type\":\"WebSite\",\"@id\":\"https:\\\/\\\/auftragsmalerei-kwast-berlin.de\\\/en\\\/#website\",\"url\":\"https:\\\/\\\/auftragsmalerei-kwast-berlin.de\\\/en\\\/\",\"name\":\"Commissioned Painting Kwast Berlin\",\"description\":\"Commissioned painting for theatre and film, fairs and museums, wall, facade and portrait\",\"potentialAction\":[{\"@type\":\"SearchAction\",\"target\":{\"@type\":\"EntryPoint\",\"urlTemplate\":\"https:\\\/\\\/auftragsmalerei-kwast-berlin.de\\\/en\\\/?s={search_term_string}\"},\"query-input\":{\"@type\":\"PropertyValueSpecification\",\"valueRequired\":true,\"valueName\":\"search_term_string\"}}],\"inLanguage\":\"en-US\"}]}<\/script>\n<!-- \/ Yoast SEO plugin. -->","yoast_head_json":{"title":"Bild Vivantes, Auftragsmalerei Kwast Berlin, Auftragsmalerei","description":"Tafelmalerei nach Fotos,Auftragsmalerei f\u00fcr Firma Vivantes,wasserl\u00f6sliche Oelfarben auf Leinwand,Geb\u00e4ude mit dem Logo von Vivantes, Charite`und Labor Berlin","robots":{"index":"index","follow":"follow","max-snippet":"max-snippet:-1","max-image-preview":"max-image-preview:large","max-video-preview":"max-video-preview:-1"},"canonical":"https:\/\/auftragsmalerei-kwast-berlin.de\/en\/auftragsmalerei-arbeitsbeispiele\/bild-vivantes\/","og_locale":"en_US","og_type":"article","og_title":"Bild Vivantes, Auftragsmalerei Kwast Berlin, Auftragsmalerei","og_description":"Tafelmalerei nach Fotos,Auftragsmalerei f\u00fcr Firma Vivantes,wasserl\u00f6sliche Oelfarben auf Leinwand,Geb\u00e4ude mit dem Logo von Vivantes, Charite`und Labor Berlin","og_url":"https:\/\/auftragsmalerei-kwast-berlin.de\/en\/auftragsmalerei-arbeitsbeispiele\/bild-vivantes\/","og_site_name":"Commissioned Painting Kwast Berlin","twitter_card":"summary_large_image","schema":{"@context":"https:\/\/schema.org","@graph":[{"@type":"WebPage","@id":"https:\/\/auftragsmalerei-kwast-berlin.de\/en\/auftragsmalerei-arbeitsbeispiele\/bild-vivantes\/","url":"https:\/\/auftragsmalerei-kwast-berlin.de\/en\/auftragsmalerei-arbeitsbeispiele\/bild-vivantes\/","name":"Bild Vivantes, Auftragsmalerei Kwast Berlin, Auftragsmalerei","isPartOf":{"@id":"https:\/\/auftragsmalerei-kwast-berlin.de\/en\/#website"},"datePublished":"2015-10-06T07:40:03+00:00","description":"Tafelmalerei nach Fotos,Auftragsmalerei f\u00fcr Firma Vivantes,wasserl\u00f6sliche Oelfarben auf Leinwand,Geb\u00e4ude mit dem Logo von Vivantes, Charite`und Labor Berlin","breadcrumb":{"@id":"https:\/\/auftragsmalerei-kwast-berlin.de\/en\/auftragsmalerei-arbeitsbeispiele\/bild-vivantes\/#breadcrumb"},"inLanguage":"en-US","potentialAction":[{"@type":"ReadAction","target":["https:\/\/auftragsmalerei-kwast-berlin.de\/en\/auftragsmalerei-arbeitsbeispiele\/bild-vivantes\/"]}]},{"@type":"BreadcrumbList","@id":"https:\/\/auftragsmalerei-kwast-berlin.de\/en\/auftragsmalerei-arbeitsbeispiele\/bild-vivantes\/#breadcrumb","itemListElement":[{"@type":"ListItem","position":1,"name":"Home","item":"https:\/\/auftragsmalerei-kwast-berlin.de\/en\/"},{"@type":"ListItem","position":2,"name":"Order painting","item":"https:\/\/auftragsmalerei-kwast-berlin.de\/en\/auftragsmalerei-arbeitsbeispiele\/"},{"@type":"ListItem","position":3,"name":"Bild Vivantes"}]},{"@type":"WebSite","@id":"https:\/\/auftragsmalerei-kwast-berlin.de\/en\/#website","url":"https:\/\/auftragsmalerei-kwast-berlin.de\/en\/","name":"Commissioned Painting Kwast Berlin","description":"Commissioned painting for theatre and film, fairs and museums, wall, facade and portrait","potentialAction":[{"@type":"SearchAction","target":{"@type":"EntryPoint","urlTemplate":"https:\/\/auftragsmalerei-kwast-berlin.de\/en\/?s={search_term_string}"},"query-input":{"@type":"PropertyValueSpecification","valueRequired":true,"valueName":"search_term_string"}}],"inLanguage":"en-US"}]}},"_links":{"self":[{"href":"https:\/\/auftragsmalerei-kwast-berlin.de\/en\/wp-json\/wp\/v2\/pages\/2246","targetHints":{"allow":["GET"]}}],"collection":[{"href":"https:\/\/auftragsmalerei-kwast-berlin.de\/en\/wp-json\/wp\/v2\/pages"}],"about":[{"href":"https:\/\/auftragsmalerei-kwast-berlin.de\/en\/wp-json\/wp\/v2\/types\/page"}],"author":[{"embeddable":true,"href":"https:\/\/auftragsmalerei-kwast-berlin.de\/en\/wp-json\/wp\/v2\/users\/2"}],"replies":[{"embeddable":true,"href":"https:\/\/auftragsmalerei-kwast-berlin.de\/en\/wp-json\/wp\/v2\/comments?post=2246"}],"version-history":[{"count":0,"href":"https:\/\/auftragsmalerei-kwast-berlin.de\/en\/wp-json\/wp\/v2\/pages\/2246\/revisions"}],"up":[{"embeddable":true,"href":"https:\/\/auftragsmalerei-kwast-berlin.de\/en\/wp-json\/wp\/v2\/pages\/77"}],"wp:attachment":[{"href":"https:\/\/auftragsmalerei-kwast-berlin.de\/en\/wp-json\/wp\/v2\/media?parent=2246"}],"curies":[{"name":"wp","href":"https:\/\/api.w.org\/{rel}","templated":true}]}}