{"id":2311,"date":"2015-10-06T15:10:58","date_gmt":"2015-10-06T13:10:58","guid":{"rendered":"https:\/\/auftragsmalerei-kwast-berlin.de\/?page_id=2311"},"modified":"2015-10-06T15:10:58","modified_gmt":"2015-10-06T13:10:58","slug":"fassadenmalerei-arko-kaffee","status":"publish","type":"page","link":"https:\/\/auftragsmalerei-kwast-berlin.de\/en\/facade-painting\/fassadenmalerei-arko-kaffee\/","title":{"rendered":"Fassadenmalerei &#8211; arko Kaffee"},"content":{"rendered":"<h3>Auftraggeber: Firma arko | Fassadenfarbe | 14 x 6 m<\/h3>\n<p>F\u00fcr diese Fassadenmalerei gab es gleich zwei Auftraggeber, der dargestellte Kaffeeh\u00e4ndler und eine unmittelbar angrenzende Tankstelle in Hamburg. Beide profitierten von der Neugestaltung der Fassade, die vorher als Schmuddelwand sicher nicht so ein Hingucker war.<br \/>\nFassadenmalerei als Kombination von Schrift und Bild kn\u00fcpft an die bew\u00e4hrte Tradition der Au\u00dfenwerbung an, hebt sich heute aber von der Flut gedruckter Bilder stark ab.<br \/>\n<div class=\"content_block\" id=\"custom_post_widget-2306\"><p>&nbsp;<\/p>\n<p><img loading=\"lazy\" decoding=\"async\" class=\"alignnone size-full wp-image-2309\" src=\"https:\/\/auftragsmalerei-kwast-berlin.de\/en\/wp-content\/uploads\/fassadenmalerei_arco_2gr.jpg\" alt=\"Kwast - Fassadenmalerei - Arko-Kaffee\" width=\"427\" height=\"505\" \/><\/p>\n<p><img loading=\"lazy\" decoding=\"async\" class=\"alignnone size-full wp-image-2308\" src=\"https:\/\/auftragsmalerei-kwast-berlin.de\/en\/wp-content\/uploads\/fassadenmalerei_arco_1gr.jpg\" alt=\"Kwast - Fassadenmalerei - Arko-Kaffee\" width=\"480\" height=\"590\" \/><\/p>\n<\/div><\/p>\n","protected":false},"excerpt":{"rendered":"<p>Auftraggeber: Firma arko | Fassadenfarbe | 14 x 6 m F\u00fcr diese Fassadenmalerei gab es gleich zwei Auftraggeber, der dargestellte Kaffeeh\u00e4ndler und eine unmittelbar angrenzende Tankstelle in Hamburg. Beide profitierten von der Neugestaltung der Fassade, die vorher als Schmuddelwand sicher nicht so ein Hingucker war. Fassadenmalerei als Kombination von Schrift und Bild kn\u00fcpft an die [&hellip;]<\/p>\n","protected":false},"author":2,"featured_media":0,"parent":137,"menu_order":0,"comment_status":"closed","ping_status":"closed","template":"detailseiten.php","meta":{"footnotes":""},"class_list":["post-2311","page","type-page","status-publish","hentry","brick"],"yoast_head":"<!-- This site is optimized with the Yoast SEO plugin v27.4 - https:\/\/yoast.com\/product\/yoast-seo-wordpress\/ -->\n<title>Fassadenmalerei - arko Kaffee - Commissioned Painting Kwast Berlin<\/title>\n<meta name=\"robots\" content=\"index, follow, max-snippet:-1, max-image-preview:large, max-video-preview:-1\" \/>\n<link rel=\"canonical\" href=\"https:\/\/auftragsmalerei-kwast-berlin.de\/en\/facade-painting\/fassadenmalerei-arko-kaffee\/\" \/>\n<meta property=\"og:locale\" content=\"en_US\" \/>\n<meta property=\"og:type\" content=\"article\" \/>\n<meta property=\"og:title\" content=\"Fassadenmalerei - arko Kaffee - Commissioned Painting Kwast Berlin\" \/>\n<meta property=\"og:description\" content=\"Auftraggeber: Firma arko | Fassadenfarbe | 14 x 6 m F\u00fcr diese Fassadenmalerei gab es gleich zwei Auftraggeber, der dargestellte Kaffeeh\u00e4ndler und eine unmittelbar angrenzende Tankstelle in Hamburg. Beide profitierten von der Neugestaltung der Fassade, die vorher als Schmuddelwand sicher nicht so ein Hingucker war. Fassadenmalerei als Kombination von Schrift und Bild kn\u00fcpft an die [&hellip;]\" \/>\n<meta property=\"og:url\" content=\"https:\/\/auftragsmalerei-kwast-berlin.de\/en\/facade-painting\/fassadenmalerei-arko-kaffee\/\" \/>\n<meta property=\"og:site_name\" content=\"Commissioned Painting Kwast Berlin\" \/>\n<meta name=\"twitter:card\" content=\"summary_large_image\" \/>\n<script type=\"application\/ld+json\" class=\"yoast-schema-graph\">{\"@context\":\"https:\\\/\\\/schema.org\",\"@graph\":[{\"@type\":\"WebPage\",\"@id\":\"https:\\\/\\\/auftragsmalerei-kwast-berlin.de\\\/en\\\/facade-painting\\\/fassadenmalerei-arko-kaffee\\\/\",\"url\":\"https:\\\/\\\/auftragsmalerei-kwast-berlin.de\\\/en\\\/facade-painting\\\/fassadenmalerei-arko-kaffee\\\/\",\"name\":\"Fassadenmalerei - arko Kaffee - Commissioned Painting Kwast Berlin\",\"isPartOf\":{\"@id\":\"https:\\\/\\\/auftragsmalerei-kwast-berlin.de\\\/en\\\/#website\"},\"datePublished\":\"2015-10-06T13:10:58+00:00\",\"breadcrumb\":{\"@id\":\"https:\\\/\\\/auftragsmalerei-kwast-berlin.de\\\/en\\\/facade-painting\\\/fassadenmalerei-arko-kaffee\\\/#breadcrumb\"},\"inLanguage\":\"en-US\",\"potentialAction\":[{\"@type\":\"ReadAction\",\"target\":[\"https:\\\/\\\/auftragsmalerei-kwast-berlin.de\\\/en\\\/facade-painting\\\/fassadenmalerei-arko-kaffee\\\/\"]}]},{\"@type\":\"BreadcrumbList\",\"@id\":\"https:\\\/\\\/auftragsmalerei-kwast-berlin.de\\\/en\\\/facade-painting\\\/fassadenmalerei-arko-kaffee\\\/#breadcrumb\",\"itemListElement\":[{\"@type\":\"ListItem\",\"position\":1,\"name\":\"Home\",\"item\":\"https:\\\/\\\/auftragsmalerei-kwast-berlin.de\\\/en\\\/\"},{\"@type\":\"ListItem\",\"position\":2,\"name\":\"Facade painting\",\"item\":\"https:\\\/\\\/auftragsmalerei-kwast-berlin.de\\\/en\\\/facade-painting\\\/\"},{\"@type\":\"ListItem\",\"position\":3,\"name\":\"Fassadenmalerei &#8211; arko Kaffee\"}]},{\"@type\":\"WebSite\",\"@id\":\"https:\\\/\\\/auftragsmalerei-kwast-berlin.de\\\/en\\\/#website\",\"url\":\"https:\\\/\\\/auftragsmalerei-kwast-berlin.de\\\/en\\\/\",\"name\":\"Commissioned Painting Kwast Berlin\",\"description\":\"Commissioned painting for theatre and film, fairs and museums, wall, facade and portrait\",\"potentialAction\":[{\"@type\":\"SearchAction\",\"target\":{\"@type\":\"EntryPoint\",\"urlTemplate\":\"https:\\\/\\\/auftragsmalerei-kwast-berlin.de\\\/en\\\/?s={search_term_string}\"},\"query-input\":{\"@type\":\"PropertyValueSpecification\",\"valueRequired\":true,\"valueName\":\"search_term_string\"}}],\"inLanguage\":\"en-US\"}]}<\/script>\n<!-- \/ Yoast SEO plugin. -->","yoast_head_json":{"title":"Fassadenmalerei - arko Kaffee - Commissioned Painting Kwast Berlin","robots":{"index":"index","follow":"follow","max-snippet":"max-snippet:-1","max-image-preview":"max-image-preview:large","max-video-preview":"max-video-preview:-1"},"canonical":"https:\/\/auftragsmalerei-kwast-berlin.de\/en\/facade-painting\/fassadenmalerei-arko-kaffee\/","og_locale":"en_US","og_type":"article","og_title":"Fassadenmalerei - arko Kaffee - Commissioned Painting Kwast Berlin","og_description":"Auftraggeber: Firma arko | Fassadenfarbe | 14 x 6 m F\u00fcr diese Fassadenmalerei gab es gleich zwei Auftraggeber, der dargestellte Kaffeeh\u00e4ndler und eine unmittelbar angrenzende Tankstelle in Hamburg. Beide profitierten von der Neugestaltung der Fassade, die vorher als Schmuddelwand sicher nicht so ein Hingucker war. Fassadenmalerei als Kombination von Schrift und Bild kn\u00fcpft an die [&hellip;]","og_url":"https:\/\/auftragsmalerei-kwast-berlin.de\/en\/facade-painting\/fassadenmalerei-arko-kaffee\/","og_site_name":"Commissioned Painting Kwast Berlin","twitter_card":"summary_large_image","schema":{"@context":"https:\/\/schema.org","@graph":[{"@type":"WebPage","@id":"https:\/\/auftragsmalerei-kwast-berlin.de\/en\/facade-painting\/fassadenmalerei-arko-kaffee\/","url":"https:\/\/auftragsmalerei-kwast-berlin.de\/en\/facade-painting\/fassadenmalerei-arko-kaffee\/","name":"Fassadenmalerei - arko Kaffee - Commissioned Painting Kwast Berlin","isPartOf":{"@id":"https:\/\/auftragsmalerei-kwast-berlin.de\/en\/#website"},"datePublished":"2015-10-06T13:10:58+00:00","breadcrumb":{"@id":"https:\/\/auftragsmalerei-kwast-berlin.de\/en\/facade-painting\/fassadenmalerei-arko-kaffee\/#breadcrumb"},"inLanguage":"en-US","potentialAction":[{"@type":"ReadAction","target":["https:\/\/auftragsmalerei-kwast-berlin.de\/en\/facade-painting\/fassadenmalerei-arko-kaffee\/"]}]},{"@type":"BreadcrumbList","@id":"https:\/\/auftragsmalerei-kwast-berlin.de\/en\/facade-painting\/fassadenmalerei-arko-kaffee\/#breadcrumb","itemListElement":[{"@type":"ListItem","position":1,"name":"Home","item":"https:\/\/auftragsmalerei-kwast-berlin.de\/en\/"},{"@type":"ListItem","position":2,"name":"Facade painting","item":"https:\/\/auftragsmalerei-kwast-berlin.de\/en\/facade-painting\/"},{"@type":"ListItem","position":3,"name":"Fassadenmalerei &#8211; arko Kaffee"}]},{"@type":"WebSite","@id":"https:\/\/auftragsmalerei-kwast-berlin.de\/en\/#website","url":"https:\/\/auftragsmalerei-kwast-berlin.de\/en\/","name":"Commissioned Painting Kwast Berlin","description":"Commissioned painting for theatre and film, fairs and museums, wall, facade and portrait","potentialAction":[{"@type":"SearchAction","target":{"@type":"EntryPoint","urlTemplate":"https:\/\/auftragsmalerei-kwast-berlin.de\/en\/?s={search_term_string}"},"query-input":{"@type":"PropertyValueSpecification","valueRequired":true,"valueName":"search_term_string"}}],"inLanguage":"en-US"}]}},"_links":{"self":[{"href":"https:\/\/auftragsmalerei-kwast-berlin.de\/en\/wp-json\/wp\/v2\/pages\/2311","targetHints":{"allow":["GET"]}}],"collection":[{"href":"https:\/\/auftragsmalerei-kwast-berlin.de\/en\/wp-json\/wp\/v2\/pages"}],"about":[{"href":"https:\/\/auftragsmalerei-kwast-berlin.de\/en\/wp-json\/wp\/v2\/types\/page"}],"author":[{"embeddable":true,"href":"https:\/\/auftragsmalerei-kwast-berlin.de\/en\/wp-json\/wp\/v2\/users\/2"}],"replies":[{"embeddable":true,"href":"https:\/\/auftragsmalerei-kwast-berlin.de\/en\/wp-json\/wp\/v2\/comments?post=2311"}],"version-history":[{"count":0,"href":"https:\/\/auftragsmalerei-kwast-berlin.de\/en\/wp-json\/wp\/v2\/pages\/2311\/revisions"}],"up":[{"embeddable":true,"href":"https:\/\/auftragsmalerei-kwast-berlin.de\/en\/wp-json\/wp\/v2\/pages\/137"}],"wp:attachment":[{"href":"https:\/\/auftragsmalerei-kwast-berlin.de\/en\/wp-json\/wp\/v2\/media?parent=2311"}],"curies":[{"name":"wp","href":"https:\/\/api.w.org\/{rel}","templated":true}]}}