{"id":2331,"date":"2015-10-06T18:54:19","date_gmt":"2015-10-06T16:54:19","guid":{"rendered":"https:\/\/auftragsmalerei-kwast-berlin.de\/?page_id=2331"},"modified":"2015-10-06T18:54:19","modified_gmt":"2015-10-06T16:54:19","slug":"ausstellung-das-netz","status":"publish","type":"page","link":"https:\/\/auftragsmalerei-kwast-berlin.de\/en\/museum-painting\/ausstellung-das-netz\/","title":{"rendered":"Ausstellung &#8211; Das Netz"},"content":{"rendered":"<h3>Auftraggeber: Deutsches Technikmuseum Berlin \/ Lackstifte + Floureszenz auf Spanplatten \/ ca. 80qm<\/h3>\n<p>Was f\u00fcr eine Energieleistung. Nach der Vorlage eines K\u00fcnstlers wurde f\u00fcr den Eingangsbereich der Ausstellung die Internetvernetzung der Kontinente abgebildet. Alle wei\u00dfen Linien waren zudem mit einer fluoreszierenden Fl\u00fcssigkeit versetzt und leuchten bei Schwarzlicht.<\/p>\n<div class=\"content_block\" id=\"custom_post_widget-2325\"><p><img loading=\"lazy\" decoding=\"async\" class=\"alignnone size-full wp-image-2326\" src=\"https:\/\/auftragsmalerei-kwast-berlin.de\/en\/wp-content\/uploads\/gr.1-Das-Netz.jpg\" alt=\"Kwast-Malereif\u00fcr Museen-Das-Netz\" width=\"900\" height=\"675\" \/> <img loading=\"lazy\" decoding=\"async\" class=\"alignnone size-full wp-image-2327\" src=\"https:\/\/auftragsmalerei-kwast-berlin.de\/en\/wp-content\/uploads\/gr.2-Das-Netz.jpg\" alt=\"Kwast-Malerei f\u00fcr Museen-Das-Netz\" width=\"900\" height=\"675\" \/> <img loading=\"lazy\" decoding=\"async\" class=\"alignnone size-full wp-image-2328\" src=\"https:\/\/auftragsmalerei-kwast-berlin.de\/en\/wp-content\/uploads\/gr.3-Das-Netz.jpg\" alt=\"Kwast-Malerei f\u00fcr Museen-Das-Netz\" width=\"900\" height=\"675\" \/> <img loading=\"lazy\" decoding=\"async\" class=\"alignnone size-full wp-image-2329\" src=\"https:\/\/auftragsmalerei-kwast-berlin.de\/en\/wp-content\/uploads\/gr.4-Das-Netz.jpg\" alt=\"Kwast-Malerei f\u00fcr Museen-Das-Netz\" width=\"750\" height=\"1000\" \/><\/p>\n<\/div>\n","protected":false},"excerpt":{"rendered":"<p>Auftraggeber: Deutsches Technikmuseum Berlin \/ Lackstifte + Floureszenz auf Spanplatten \/ ca. 80qm Was f\u00fcr eine Energieleistung. Nach der Vorlage eines K\u00fcnstlers wurde f\u00fcr den Eingangsbereich der Ausstellung die Internetvernetzung der Kontinente abgebildet. Alle wei\u00dfen Linien waren zudem mit einer fluoreszierenden Fl\u00fcssigkeit versetzt und leuchten bei Schwarzlicht.<\/p>\n","protected":false},"author":2,"featured_media":0,"parent":121,"menu_order":2,"comment_status":"closed","ping_status":"closed","template":"detailseiten.php","meta":{"footnotes":""},"class_list":["post-2331","page","type-page","status-publish","hentry","brick"],"yoast_head":"<!-- This site is optimized with the Yoast SEO plugin v27.4 - https:\/\/yoast.com\/product\/yoast-seo-wordpress\/ -->\n<title>Ausstellung - Das Netz - Commissioned Painting Kwast Berlin<\/title>\n<meta name=\"robots\" content=\"index, follow, max-snippet:-1, max-image-preview:large, max-video-preview:-1\" \/>\n<link rel=\"canonical\" href=\"https:\/\/auftragsmalerei-kwast-berlin.de\/en\/museum-painting\/ausstellung-das-netz\/\" \/>\n<meta property=\"og:locale\" content=\"en_US\" \/>\n<meta property=\"og:type\" content=\"article\" \/>\n<meta property=\"og:title\" content=\"Ausstellung - Das Netz - Commissioned Painting Kwast Berlin\" \/>\n<meta property=\"og:description\" content=\"Auftraggeber: Deutsches Technikmuseum Berlin \/ Lackstifte + Floureszenz auf Spanplatten \/ ca. 80qm Was f\u00fcr eine Energieleistung. Nach der Vorlage eines K\u00fcnstlers wurde f\u00fcr den Eingangsbereich der Ausstellung die Internetvernetzung der Kontinente abgebildet. Alle wei\u00dfen Linien waren zudem mit einer fluoreszierenden Fl\u00fcssigkeit versetzt und leuchten bei Schwarzlicht.\" \/>\n<meta property=\"og:url\" content=\"https:\/\/auftragsmalerei-kwast-berlin.de\/en\/museum-painting\/ausstellung-das-netz\/\" \/>\n<meta property=\"og:site_name\" content=\"Commissioned Painting Kwast Berlin\" \/>\n<meta name=\"twitter:card\" content=\"summary_large_image\" \/>\n<script type=\"application\/ld+json\" class=\"yoast-schema-graph\">{\"@context\":\"https:\\\/\\\/schema.org\",\"@graph\":[{\"@type\":\"WebPage\",\"@id\":\"https:\\\/\\\/auftragsmalerei-kwast-berlin.de\\\/en\\\/museum-painting\\\/ausstellung-das-netz\\\/\",\"url\":\"https:\\\/\\\/auftragsmalerei-kwast-berlin.de\\\/en\\\/museum-painting\\\/ausstellung-das-netz\\\/\",\"name\":\"Ausstellung - Das Netz - Commissioned Painting Kwast Berlin\",\"isPartOf\":{\"@id\":\"https:\\\/\\\/auftragsmalerei-kwast-berlin.de\\\/en\\\/#website\"},\"datePublished\":\"2015-10-06T16:54:19+00:00\",\"breadcrumb\":{\"@id\":\"https:\\\/\\\/auftragsmalerei-kwast-berlin.de\\\/en\\\/museum-painting\\\/ausstellung-das-netz\\\/#breadcrumb\"},\"inLanguage\":\"en-US\",\"potentialAction\":[{\"@type\":\"ReadAction\",\"target\":[\"https:\\\/\\\/auftragsmalerei-kwast-berlin.de\\\/en\\\/museum-painting\\\/ausstellung-das-netz\\\/\"]}]},{\"@type\":\"BreadcrumbList\",\"@id\":\"https:\\\/\\\/auftragsmalerei-kwast-berlin.de\\\/en\\\/museum-painting\\\/ausstellung-das-netz\\\/#breadcrumb\",\"itemListElement\":[{\"@type\":\"ListItem\",\"position\":1,\"name\":\"Home\",\"item\":\"https:\\\/\\\/auftragsmalerei-kwast-berlin.de\\\/en\\\/\"},{\"@type\":\"ListItem\",\"position\":2,\"name\":\"Museum painting\",\"item\":\"https:\\\/\\\/auftragsmalerei-kwast-berlin.de\\\/en\\\/museum-painting\\\/\"},{\"@type\":\"ListItem\",\"position\":3,\"name\":\"Ausstellung &#8211; Das Netz\"}]},{\"@type\":\"WebSite\",\"@id\":\"https:\\\/\\\/auftragsmalerei-kwast-berlin.de\\\/en\\\/#website\",\"url\":\"https:\\\/\\\/auftragsmalerei-kwast-berlin.de\\\/en\\\/\",\"name\":\"Commissioned Painting Kwast Berlin\",\"description\":\"Commissioned painting for theatre and film, fairs and museums, wall, facade and portrait\",\"potentialAction\":[{\"@type\":\"SearchAction\",\"target\":{\"@type\":\"EntryPoint\",\"urlTemplate\":\"https:\\\/\\\/auftragsmalerei-kwast-berlin.de\\\/en\\\/?s={search_term_string}\"},\"query-input\":{\"@type\":\"PropertyValueSpecification\",\"valueRequired\":true,\"valueName\":\"search_term_string\"}}],\"inLanguage\":\"en-US\"}]}<\/script>\n<!-- \/ Yoast SEO plugin. -->","yoast_head_json":{"title":"Ausstellung - Das Netz - Commissioned Painting Kwast Berlin","robots":{"index":"index","follow":"follow","max-snippet":"max-snippet:-1","max-image-preview":"max-image-preview:large","max-video-preview":"max-video-preview:-1"},"canonical":"https:\/\/auftragsmalerei-kwast-berlin.de\/en\/museum-painting\/ausstellung-das-netz\/","og_locale":"en_US","og_type":"article","og_title":"Ausstellung - Das Netz - Commissioned Painting Kwast Berlin","og_description":"Auftraggeber: Deutsches Technikmuseum Berlin \/ Lackstifte + Floureszenz auf Spanplatten \/ ca. 80qm Was f\u00fcr eine Energieleistung. Nach der Vorlage eines K\u00fcnstlers wurde f\u00fcr den Eingangsbereich der Ausstellung die Internetvernetzung der Kontinente abgebildet. Alle wei\u00dfen Linien waren zudem mit einer fluoreszierenden Fl\u00fcssigkeit versetzt und leuchten bei Schwarzlicht.","og_url":"https:\/\/auftragsmalerei-kwast-berlin.de\/en\/museum-painting\/ausstellung-das-netz\/","og_site_name":"Commissioned Painting Kwast Berlin","twitter_card":"summary_large_image","schema":{"@context":"https:\/\/schema.org","@graph":[{"@type":"WebPage","@id":"https:\/\/auftragsmalerei-kwast-berlin.de\/en\/museum-painting\/ausstellung-das-netz\/","url":"https:\/\/auftragsmalerei-kwast-berlin.de\/en\/museum-painting\/ausstellung-das-netz\/","name":"Ausstellung - Das Netz - Commissioned Painting Kwast Berlin","isPartOf":{"@id":"https:\/\/auftragsmalerei-kwast-berlin.de\/en\/#website"},"datePublished":"2015-10-06T16:54:19+00:00","breadcrumb":{"@id":"https:\/\/auftragsmalerei-kwast-berlin.de\/en\/museum-painting\/ausstellung-das-netz\/#breadcrumb"},"inLanguage":"en-US","potentialAction":[{"@type":"ReadAction","target":["https:\/\/auftragsmalerei-kwast-berlin.de\/en\/museum-painting\/ausstellung-das-netz\/"]}]},{"@type":"BreadcrumbList","@id":"https:\/\/auftragsmalerei-kwast-berlin.de\/en\/museum-painting\/ausstellung-das-netz\/#breadcrumb","itemListElement":[{"@type":"ListItem","position":1,"name":"Home","item":"https:\/\/auftragsmalerei-kwast-berlin.de\/en\/"},{"@type":"ListItem","position":2,"name":"Museum painting","item":"https:\/\/auftragsmalerei-kwast-berlin.de\/en\/museum-painting\/"},{"@type":"ListItem","position":3,"name":"Ausstellung &#8211; Das Netz"}]},{"@type":"WebSite","@id":"https:\/\/auftragsmalerei-kwast-berlin.de\/en\/#website","url":"https:\/\/auftragsmalerei-kwast-berlin.de\/en\/","name":"Commissioned Painting Kwast Berlin","description":"Commissioned painting for theatre and film, fairs and museums, wall, facade and portrait","potentialAction":[{"@type":"SearchAction","target":{"@type":"EntryPoint","urlTemplate":"https:\/\/auftragsmalerei-kwast-berlin.de\/en\/?s={search_term_string}"},"query-input":{"@type":"PropertyValueSpecification","valueRequired":true,"valueName":"search_term_string"}}],"inLanguage":"en-US"}]}},"_links":{"self":[{"href":"https:\/\/auftragsmalerei-kwast-berlin.de\/en\/wp-json\/wp\/v2\/pages\/2331","targetHints":{"allow":["GET"]}}],"collection":[{"href":"https:\/\/auftragsmalerei-kwast-berlin.de\/en\/wp-json\/wp\/v2\/pages"}],"about":[{"href":"https:\/\/auftragsmalerei-kwast-berlin.de\/en\/wp-json\/wp\/v2\/types\/page"}],"author":[{"embeddable":true,"href":"https:\/\/auftragsmalerei-kwast-berlin.de\/en\/wp-json\/wp\/v2\/users\/2"}],"replies":[{"embeddable":true,"href":"https:\/\/auftragsmalerei-kwast-berlin.de\/en\/wp-json\/wp\/v2\/comments?post=2331"}],"version-history":[{"count":0,"href":"https:\/\/auftragsmalerei-kwast-berlin.de\/en\/wp-json\/wp\/v2\/pages\/2331\/revisions"}],"up":[{"embeddable":true,"href":"https:\/\/auftragsmalerei-kwast-berlin.de\/en\/wp-json\/wp\/v2\/pages\/121"}],"wp:attachment":[{"href":"https:\/\/auftragsmalerei-kwast-berlin.de\/en\/wp-json\/wp\/v2\/media?parent=2331"}],"curies":[{"name":"wp","href":"https:\/\/api.w.org\/{rel}","templated":true}]}}