{"id":2364,"date":"2015-10-07T08:20:26","date_gmt":"2015-10-07T06:20:26","guid":{"rendered":"https:\/\/auftragsmalerei-kwast-berlin.de\/?page_id=2364"},"modified":"2015-10-07T08:20:26","modified_gmt":"2015-10-07T06:20:26","slug":"kunstinstallation-wien","status":"publish","type":"page","link":"https:\/\/auftragsmalerei-kwast-berlin.de\/en\/auftragsmalerei-arbeitsbeispiele\/kunstinstallation-wien\/","title":{"rendered":"Kunstinstallation Wien, Ritter"},"content":{"rendered":"<h3>Auftraggeber: K\u00fcnstler | Standfarbe auf grundiertem Leinenstoff | 2,20 x 3,40 m<\/h3>\n<p>Ein K\u00fcnstler aus Wien lie\u00df bei mir mehrere Bilder mit Rittern, f\u00fcr eine geplante Installation malen. Seine Entw\u00fcrfe mussten sehr genau umgesetzt werden, gemalt wurde mit Standfarben auf grundiertem Leinenstoff. F\u00fcr die Bilder bekam ich Entw\u00fcrfe als Vorlagen. F\u00fcr die Kunstinstallation wurden auch noch andere Motive ben\u00f6tigt.<br \/>\n<div class=\"content_block\" id=\"custom_post_widget-2359\"><p><img loading=\"lazy\" decoding=\"async\" class=\"alignnone size-full wp-image-2362\" src=\"https:\/\/auftragsmalerei-kwast-berlin.de\/en\/wp-content\/uploads\/auftrag_installation_3gr.jpg\" alt=\"Kwast - Auftragsmalerei - Kunstinstallation\" width=\"430\" height=\"599\" \/><\/p>\n<p><img loading=\"lazy\" decoding=\"async\" class=\"alignnone size-full wp-image-2361\" src=\"https:\/\/auftragsmalerei-kwast-berlin.de\/en\/wp-content\/uploads\/auftrag_installation_2gr.jpg\" alt=\"Kwast - Auftragsmalerei - Kunstinstallation\" width=\"430\" height=\"599\" \/><\/p>\n<p><img loading=\"lazy\" decoding=\"async\" class=\"alignnone size-full wp-image-2360\" src=\"https:\/\/auftragsmalerei-kwast-berlin.de\/en\/wp-content\/uploads\/auftrag_installation_1gr.jpg\" alt=\"Kwast - Auftragsmalerei - Kunstinstallation\" width=\"430\" height=\"599\" \/><\/p>\n\n\n<figure class=\"wp-block-image\"><img decoding=\"async\" src=\"https:\/\/auftragsmalerei-kwast-berlin.de\/en\/wp-content\/uploads\/malerei-kwast-auftragsmalerei_ritter_1-495x660.jpg\" alt=\"\" class=\"wp-image-3205\" \/><\/figure>\n\n\n\n<figure class=\"wp-block-image\"><img decoding=\"async\" src=\"https:\/\/auftragsmalerei-kwast-berlin.de\/en\/wp-content\/uploads\/malerei-kwast-auftragsmalerei_ritter_2-495x660.jpg\" alt=\"\" class=\"wp-image-3206\" \/><\/figure>\n\n\n\n<figure class=\"wp-block-image\"><img decoding=\"async\" src=\"https:\/\/auftragsmalerei-kwast-berlin.de\/en\/wp-content\/uploads\/malerei-kwast-auftragsmalerei_ritter_3-495x660.jpg\" alt=\"\" class=\"wp-image-3207\" \/><\/figure>\n\n\n\n<figure class=\"wp-block-image\"><img decoding=\"async\" src=\"https:\/\/auftragsmalerei-kwast-berlin.de\/en\/wp-content\/uploads\/malerei-kwast-auftragsmalerei_ritter_4-495x660.jpg\" alt=\"\" class=\"wp-image-3208\" \/><\/figure>\n\n\n\n<figure class=\"wp-block-image\"><img decoding=\"async\" src=\"https:\/\/auftragsmalerei-kwast-berlin.de\/en\/wp-content\/uploads\/malerei-kwast-auftragsmalerei_ritter-detail-495x660.jpg\" alt=\"\" class=\"wp-image-3209\" \/><\/figure>\n<\/div><\/p>\n","protected":false},"excerpt":{"rendered":"<p>Auftraggeber: K\u00fcnstler | Standfarbe auf grundiertem Leinenstoff | 2,20 x 3,40 m Ein K\u00fcnstler aus Wien lie\u00df bei mir mehrere Bilder mit Rittern, f\u00fcr eine geplante Installation malen. Seine Entw\u00fcrfe mussten sehr genau umgesetzt werden, gemalt wurde mit Standfarben auf grundiertem Leinenstoff. F\u00fcr die Bilder bekam ich Entw\u00fcrfe als Vorlagen. F\u00fcr die Kunstinstallation wurden auch [&hellip;]<\/p>\n","protected":false},"author":2,"featured_media":0,"parent":77,"menu_order":10,"comment_status":"closed","ping_status":"closed","template":"detailseiten.php","meta":{"footnotes":""},"class_list":["post-2364","page","type-page","status-publish","hentry","brick"],"yoast_head":"<!-- This site is optimized with the Yoast SEO plugin v27.4 - https:\/\/yoast.com\/product\/yoast-seo-wordpress\/ -->\n<title>Kunstinstallation Wien, Auftragsmalerei-Kwast-Berlin<\/title>\n<meta name=\"description\" content=\"Malerei f\u00fcr Kunstinstallation, farbige Ritter vor farbigem Verlauf, genaue Ausarbeitung, Malerei in eigenem Atelier\" \/>\n<meta name=\"robots\" content=\"index, follow, max-snippet:-1, max-image-preview:large, max-video-preview:-1\" \/>\n<link rel=\"canonical\" href=\"https:\/\/auftragsmalerei-kwast-berlin.de\/en\/auftragsmalerei-arbeitsbeispiele\/kunstinstallation-wien\/\" \/>\n<meta property=\"og:locale\" content=\"en_US\" \/>\n<meta property=\"og:type\" content=\"article\" \/>\n<meta property=\"og:title\" content=\"Kunstinstallation Wien, Auftragsmalerei-Kwast-Berlin\" \/>\n<meta property=\"og:description\" content=\"Malerei f\u00fcr Kunstinstallation, farbige Ritter vor farbigem Verlauf, genaue Ausarbeitung, Malerei in eigenem Atelier\" \/>\n<meta property=\"og:url\" content=\"https:\/\/auftragsmalerei-kwast-berlin.de\/en\/auftragsmalerei-arbeitsbeispiele\/kunstinstallation-wien\/\" \/>\n<meta property=\"og:site_name\" content=\"Commissioned Painting Kwast Berlin\" \/>\n<meta name=\"twitter:card\" content=\"summary_large_image\" \/>\n<script type=\"application\/ld+json\" class=\"yoast-schema-graph\">{\"@context\":\"https:\\\/\\\/schema.org\",\"@graph\":[{\"@type\":\"WebPage\",\"@id\":\"https:\\\/\\\/auftragsmalerei-kwast-berlin.de\\\/en\\\/auftragsmalerei-arbeitsbeispiele\\\/kunstinstallation-wien\\\/\",\"url\":\"https:\\\/\\\/auftragsmalerei-kwast-berlin.de\\\/en\\\/auftragsmalerei-arbeitsbeispiele\\\/kunstinstallation-wien\\\/\",\"name\":\"Kunstinstallation Wien, Auftragsmalerei-Kwast-Berlin\",\"isPartOf\":{\"@id\":\"https:\\\/\\\/auftragsmalerei-kwast-berlin.de\\\/en\\\/#website\"},\"datePublished\":\"2015-10-07T06:20:26+00:00\",\"description\":\"Malerei f\u00fcr Kunstinstallation, farbige Ritter vor farbigem Verlauf, genaue Ausarbeitung, Malerei in eigenem Atelier\",\"breadcrumb\":{\"@id\":\"https:\\\/\\\/auftragsmalerei-kwast-berlin.de\\\/en\\\/auftragsmalerei-arbeitsbeispiele\\\/kunstinstallation-wien\\\/#breadcrumb\"},\"inLanguage\":\"en-US\",\"potentialAction\":[{\"@type\":\"ReadAction\",\"target\":[\"https:\\\/\\\/auftragsmalerei-kwast-berlin.de\\\/en\\\/auftragsmalerei-arbeitsbeispiele\\\/kunstinstallation-wien\\\/\"]}]},{\"@type\":\"BreadcrumbList\",\"@id\":\"https:\\\/\\\/auftragsmalerei-kwast-berlin.de\\\/en\\\/auftragsmalerei-arbeitsbeispiele\\\/kunstinstallation-wien\\\/#breadcrumb\",\"itemListElement\":[{\"@type\":\"ListItem\",\"position\":1,\"name\":\"Home\",\"item\":\"https:\\\/\\\/auftragsmalerei-kwast-berlin.de\\\/en\\\/\"},{\"@type\":\"ListItem\",\"position\":2,\"name\":\"Order painting\",\"item\":\"https:\\\/\\\/auftragsmalerei-kwast-berlin.de\\\/en\\\/auftragsmalerei-arbeitsbeispiele\\\/\"},{\"@type\":\"ListItem\",\"position\":3,\"name\":\"Kunstinstallation Wien, Ritter\"}]},{\"@type\":\"WebSite\",\"@id\":\"https:\\\/\\\/auftragsmalerei-kwast-berlin.de\\\/en\\\/#website\",\"url\":\"https:\\\/\\\/auftragsmalerei-kwast-berlin.de\\\/en\\\/\",\"name\":\"Commissioned Painting Kwast Berlin\",\"description\":\"Commissioned painting for theatre and film, fairs and museums, wall, facade and portrait\",\"potentialAction\":[{\"@type\":\"SearchAction\",\"target\":{\"@type\":\"EntryPoint\",\"urlTemplate\":\"https:\\\/\\\/auftragsmalerei-kwast-berlin.de\\\/en\\\/?s={search_term_string}\"},\"query-input\":{\"@type\":\"PropertyValueSpecification\",\"valueRequired\":true,\"valueName\":\"search_term_string\"}}],\"inLanguage\":\"en-US\"}]}<\/script>\n<!-- \/ Yoast SEO plugin. -->","yoast_head_json":{"title":"Kunstinstallation Wien, Auftragsmalerei-Kwast-Berlin","description":"Malerei f\u00fcr Kunstinstallation, farbige Ritter vor farbigem Verlauf, genaue Ausarbeitung, Malerei in eigenem Atelier","robots":{"index":"index","follow":"follow","max-snippet":"max-snippet:-1","max-image-preview":"max-image-preview:large","max-video-preview":"max-video-preview:-1"},"canonical":"https:\/\/auftragsmalerei-kwast-berlin.de\/en\/auftragsmalerei-arbeitsbeispiele\/kunstinstallation-wien\/","og_locale":"en_US","og_type":"article","og_title":"Kunstinstallation Wien, Auftragsmalerei-Kwast-Berlin","og_description":"Malerei f\u00fcr Kunstinstallation, farbige Ritter vor farbigem Verlauf, genaue Ausarbeitung, Malerei in eigenem Atelier","og_url":"https:\/\/auftragsmalerei-kwast-berlin.de\/en\/auftragsmalerei-arbeitsbeispiele\/kunstinstallation-wien\/","og_site_name":"Commissioned Painting Kwast Berlin","twitter_card":"summary_large_image","schema":{"@context":"https:\/\/schema.org","@graph":[{"@type":"WebPage","@id":"https:\/\/auftragsmalerei-kwast-berlin.de\/en\/auftragsmalerei-arbeitsbeispiele\/kunstinstallation-wien\/","url":"https:\/\/auftragsmalerei-kwast-berlin.de\/en\/auftragsmalerei-arbeitsbeispiele\/kunstinstallation-wien\/","name":"Kunstinstallation Wien, Auftragsmalerei-Kwast-Berlin","isPartOf":{"@id":"https:\/\/auftragsmalerei-kwast-berlin.de\/en\/#website"},"datePublished":"2015-10-07T06:20:26+00:00","description":"Malerei f\u00fcr Kunstinstallation, farbige Ritter vor farbigem Verlauf, genaue Ausarbeitung, Malerei in eigenem Atelier","breadcrumb":{"@id":"https:\/\/auftragsmalerei-kwast-berlin.de\/en\/auftragsmalerei-arbeitsbeispiele\/kunstinstallation-wien\/#breadcrumb"},"inLanguage":"en-US","potentialAction":[{"@type":"ReadAction","target":["https:\/\/auftragsmalerei-kwast-berlin.de\/en\/auftragsmalerei-arbeitsbeispiele\/kunstinstallation-wien\/"]}]},{"@type":"BreadcrumbList","@id":"https:\/\/auftragsmalerei-kwast-berlin.de\/en\/auftragsmalerei-arbeitsbeispiele\/kunstinstallation-wien\/#breadcrumb","itemListElement":[{"@type":"ListItem","position":1,"name":"Home","item":"https:\/\/auftragsmalerei-kwast-berlin.de\/en\/"},{"@type":"ListItem","position":2,"name":"Order painting","item":"https:\/\/auftragsmalerei-kwast-berlin.de\/en\/auftragsmalerei-arbeitsbeispiele\/"},{"@type":"ListItem","position":3,"name":"Kunstinstallation Wien, Ritter"}]},{"@type":"WebSite","@id":"https:\/\/auftragsmalerei-kwast-berlin.de\/en\/#website","url":"https:\/\/auftragsmalerei-kwast-berlin.de\/en\/","name":"Commissioned Painting Kwast Berlin","description":"Commissioned painting for theatre and film, fairs and museums, wall, facade and portrait","potentialAction":[{"@type":"SearchAction","target":{"@type":"EntryPoint","urlTemplate":"https:\/\/auftragsmalerei-kwast-berlin.de\/en\/?s={search_term_string}"},"query-input":{"@type":"PropertyValueSpecification","valueRequired":true,"valueName":"search_term_string"}}],"inLanguage":"en-US"}]}},"_links":{"self":[{"href":"https:\/\/auftragsmalerei-kwast-berlin.de\/en\/wp-json\/wp\/v2\/pages\/2364","targetHints":{"allow":["GET"]}}],"collection":[{"href":"https:\/\/auftragsmalerei-kwast-berlin.de\/en\/wp-json\/wp\/v2\/pages"}],"about":[{"href":"https:\/\/auftragsmalerei-kwast-berlin.de\/en\/wp-json\/wp\/v2\/types\/page"}],"author":[{"embeddable":true,"href":"https:\/\/auftragsmalerei-kwast-berlin.de\/en\/wp-json\/wp\/v2\/users\/2"}],"replies":[{"embeddable":true,"href":"https:\/\/auftragsmalerei-kwast-berlin.de\/en\/wp-json\/wp\/v2\/comments?post=2364"}],"version-history":[{"count":0,"href":"https:\/\/auftragsmalerei-kwast-berlin.de\/en\/wp-json\/wp\/v2\/pages\/2364\/revisions"}],"up":[{"embeddable":true,"href":"https:\/\/auftragsmalerei-kwast-berlin.de\/en\/wp-json\/wp\/v2\/pages\/77"}],"wp:attachment":[{"href":"https:\/\/auftragsmalerei-kwast-berlin.de\/en\/wp-json\/wp\/v2\/media?parent=2364"}],"curies":[{"name":"wp","href":"https:\/\/api.w.org\/{rel}","templated":true}]}}