{"id":2398,"date":"2015-10-07T09:02:52","date_gmt":"2015-10-07T07:02:52","guid":{"rendered":"https:\/\/auftragsmalerei-kwast-berlin.de\/?page_id=2398"},"modified":"2015-10-07T09:02:52","modified_gmt":"2015-10-07T07:02:52","slug":"architekturprospekt","status":"publish","type":"page","link":"https:\/\/auftragsmalerei-kwast-berlin.de\/en\/theater-und-filmmalerei-arbeitsbeispiele\/architekturprospekt\/","title":{"rendered":"Architekturprospekt"},"content":{"rendered":"<h3>Auftraggeber: Thalia Theater Hamburg | Acrytheaterfarben auf Shirting | 10 x 12 m<\/h3>\n<p>Bei dieser Arbeit wurde nur die Architektur vorgrundiert, so das Fenster und Himmel durchleuchtet werden konnten. Gemalt wurde mit Acryltheaterfarben auf Shirting, der gew\u00fcnschte Fotorealismus konnte mit Hilfe von S\u00e4gesp\u00e4nen erzielt werden.<br \/>\n<div class=\"content_block\" id=\"custom_post_widget-2395\"><p><img loading=\"lazy\" decoding=\"async\" class=\"alignnone size-full wp-image-2396\" src=\"https:\/\/auftragsmalerei-kwast-berlin.de\/en\/wp-content\/uploads\/theater_thalia_7gr.jpg\" alt=\"Kwast - Theater- und Filmmalerei - Architekturprospekt\" width=\"656\" height=\"486\" \/><\/p>\n<\/div><\/p>\n","protected":false},"excerpt":{"rendered":"<p>Auftraggeber: Thalia Theater Hamburg | Acrytheaterfarben auf Shirting | 10 x 12 m Bei dieser Arbeit wurde nur die Architektur vorgrundiert, so das Fenster und Himmel durchleuchtet werden konnten. Gemalt wurde mit Acryltheaterfarben auf Shirting, der gew\u00fcnschte Fotorealismus konnte mit Hilfe von S\u00e4gesp\u00e4nen erzielt werden.<\/p>\n","protected":false},"author":2,"featured_media":0,"parent":134,"menu_order":15,"comment_status":"closed","ping_status":"closed","template":"detailseiten.php","meta":{"footnotes":""},"class_list":["post-2398","page","type-page","status-publish","hentry","brick"],"yoast_head":"<!-- This site is optimized with the Yoast SEO plugin v27.4 - https:\/\/yoast.com\/product\/yoast-seo-wordpress\/ -->\n<title>Architekturprospekt - Commissioned Painting Kwast Berlin<\/title>\n<meta name=\"robots\" content=\"index, follow, max-snippet:-1, max-image-preview:large, max-video-preview:-1\" \/>\n<link rel=\"canonical\" href=\"https:\/\/auftragsmalerei-kwast-berlin.de\/en\/theater-und-filmmalerei-arbeitsbeispiele\/architekturprospekt\/\" \/>\n<meta property=\"og:locale\" content=\"en_US\" \/>\n<meta property=\"og:type\" content=\"article\" \/>\n<meta property=\"og:title\" content=\"Architekturprospekt - Commissioned Painting Kwast Berlin\" \/>\n<meta property=\"og:description\" content=\"Auftraggeber: Thalia Theater Hamburg | Acrytheaterfarben auf Shirting | 10 x 12 m Bei dieser Arbeit wurde nur die Architektur vorgrundiert, so das Fenster und Himmel durchleuchtet werden konnten. Gemalt wurde mit Acryltheaterfarben auf Shirting, der gew\u00fcnschte Fotorealismus konnte mit Hilfe von S\u00e4gesp\u00e4nen erzielt werden.\" \/>\n<meta property=\"og:url\" content=\"https:\/\/auftragsmalerei-kwast-berlin.de\/en\/theater-und-filmmalerei-arbeitsbeispiele\/architekturprospekt\/\" \/>\n<meta property=\"og:site_name\" content=\"Commissioned Painting Kwast Berlin\" \/>\n<meta name=\"twitter:card\" content=\"summary_large_image\" \/>\n<script type=\"application\/ld+json\" class=\"yoast-schema-graph\">{\"@context\":\"https:\\\/\\\/schema.org\",\"@graph\":[{\"@type\":\"WebPage\",\"@id\":\"https:\\\/\\\/auftragsmalerei-kwast-berlin.de\\\/en\\\/theater-und-filmmalerei-arbeitsbeispiele\\\/architekturprospekt\\\/\",\"url\":\"https:\\\/\\\/auftragsmalerei-kwast-berlin.de\\\/en\\\/theater-und-filmmalerei-arbeitsbeispiele\\\/architekturprospekt\\\/\",\"name\":\"Architekturprospekt - Commissioned Painting Kwast Berlin\",\"isPartOf\":{\"@id\":\"https:\\\/\\\/auftragsmalerei-kwast-berlin.de\\\/en\\\/#website\"},\"datePublished\":\"2015-10-07T07:02:52+00:00\",\"breadcrumb\":{\"@id\":\"https:\\\/\\\/auftragsmalerei-kwast-berlin.de\\\/en\\\/theater-und-filmmalerei-arbeitsbeispiele\\\/architekturprospekt\\\/#breadcrumb\"},\"inLanguage\":\"en-US\",\"potentialAction\":[{\"@type\":\"ReadAction\",\"target\":[\"https:\\\/\\\/auftragsmalerei-kwast-berlin.de\\\/en\\\/theater-und-filmmalerei-arbeitsbeispiele\\\/architekturprospekt\\\/\"]}]},{\"@type\":\"BreadcrumbList\",\"@id\":\"https:\\\/\\\/auftragsmalerei-kwast-berlin.de\\\/en\\\/theater-und-filmmalerei-arbeitsbeispiele\\\/architekturprospekt\\\/#breadcrumb\",\"itemListElement\":[{\"@type\":\"ListItem\",\"position\":1,\"name\":\"Home\",\"item\":\"https:\\\/\\\/auftragsmalerei-kwast-berlin.de\\\/en\\\/\"},{\"@type\":\"ListItem\",\"position\":2,\"name\":\"Scenic painting and film painting\",\"item\":\"https:\\\/\\\/auftragsmalerei-kwast-berlin.de\\\/en\\\/theater-und-filmmalerei-arbeitsbeispiele\\\/\"},{\"@type\":\"ListItem\",\"position\":3,\"name\":\"Architekturprospekt\"}]},{\"@type\":\"WebSite\",\"@id\":\"https:\\\/\\\/auftragsmalerei-kwast-berlin.de\\\/en\\\/#website\",\"url\":\"https:\\\/\\\/auftragsmalerei-kwast-berlin.de\\\/en\\\/\",\"name\":\"Commissioned Painting Kwast Berlin\",\"description\":\"Commissioned painting for theatre and film, fairs and museums, wall, facade and portrait\",\"potentialAction\":[{\"@type\":\"SearchAction\",\"target\":{\"@type\":\"EntryPoint\",\"urlTemplate\":\"https:\\\/\\\/auftragsmalerei-kwast-berlin.de\\\/en\\\/?s={search_term_string}\"},\"query-input\":{\"@type\":\"PropertyValueSpecification\",\"valueRequired\":true,\"valueName\":\"search_term_string\"}}],\"inLanguage\":\"en-US\"}]}<\/script>\n<!-- \/ Yoast SEO plugin. -->","yoast_head_json":{"title":"Architekturprospekt - Commissioned Painting Kwast Berlin","robots":{"index":"index","follow":"follow","max-snippet":"max-snippet:-1","max-image-preview":"max-image-preview:large","max-video-preview":"max-video-preview:-1"},"canonical":"https:\/\/auftragsmalerei-kwast-berlin.de\/en\/theater-und-filmmalerei-arbeitsbeispiele\/architekturprospekt\/","og_locale":"en_US","og_type":"article","og_title":"Architekturprospekt - Commissioned Painting Kwast Berlin","og_description":"Auftraggeber: Thalia Theater Hamburg | Acrytheaterfarben auf Shirting | 10 x 12 m Bei dieser Arbeit wurde nur die Architektur vorgrundiert, so das Fenster und Himmel durchleuchtet werden konnten. Gemalt wurde mit Acryltheaterfarben auf Shirting, der gew\u00fcnschte Fotorealismus konnte mit Hilfe von S\u00e4gesp\u00e4nen erzielt werden.","og_url":"https:\/\/auftragsmalerei-kwast-berlin.de\/en\/theater-und-filmmalerei-arbeitsbeispiele\/architekturprospekt\/","og_site_name":"Commissioned Painting Kwast Berlin","twitter_card":"summary_large_image","schema":{"@context":"https:\/\/schema.org","@graph":[{"@type":"WebPage","@id":"https:\/\/auftragsmalerei-kwast-berlin.de\/en\/theater-und-filmmalerei-arbeitsbeispiele\/architekturprospekt\/","url":"https:\/\/auftragsmalerei-kwast-berlin.de\/en\/theater-und-filmmalerei-arbeitsbeispiele\/architekturprospekt\/","name":"Architekturprospekt - Commissioned Painting Kwast Berlin","isPartOf":{"@id":"https:\/\/auftragsmalerei-kwast-berlin.de\/en\/#website"},"datePublished":"2015-10-07T07:02:52+00:00","breadcrumb":{"@id":"https:\/\/auftragsmalerei-kwast-berlin.de\/en\/theater-und-filmmalerei-arbeitsbeispiele\/architekturprospekt\/#breadcrumb"},"inLanguage":"en-US","potentialAction":[{"@type":"ReadAction","target":["https:\/\/auftragsmalerei-kwast-berlin.de\/en\/theater-und-filmmalerei-arbeitsbeispiele\/architekturprospekt\/"]}]},{"@type":"BreadcrumbList","@id":"https:\/\/auftragsmalerei-kwast-berlin.de\/en\/theater-und-filmmalerei-arbeitsbeispiele\/architekturprospekt\/#breadcrumb","itemListElement":[{"@type":"ListItem","position":1,"name":"Home","item":"https:\/\/auftragsmalerei-kwast-berlin.de\/en\/"},{"@type":"ListItem","position":2,"name":"Scenic painting and film painting","item":"https:\/\/auftragsmalerei-kwast-berlin.de\/en\/theater-und-filmmalerei-arbeitsbeispiele\/"},{"@type":"ListItem","position":3,"name":"Architekturprospekt"}]},{"@type":"WebSite","@id":"https:\/\/auftragsmalerei-kwast-berlin.de\/en\/#website","url":"https:\/\/auftragsmalerei-kwast-berlin.de\/en\/","name":"Commissioned Painting Kwast Berlin","description":"Commissioned painting for theatre and film, fairs and museums, wall, facade and portrait","potentialAction":[{"@type":"SearchAction","target":{"@type":"EntryPoint","urlTemplate":"https:\/\/auftragsmalerei-kwast-berlin.de\/en\/?s={search_term_string}"},"query-input":{"@type":"PropertyValueSpecification","valueRequired":true,"valueName":"search_term_string"}}],"inLanguage":"en-US"}]}},"_links":{"self":[{"href":"https:\/\/auftragsmalerei-kwast-berlin.de\/en\/wp-json\/wp\/v2\/pages\/2398","targetHints":{"allow":["GET"]}}],"collection":[{"href":"https:\/\/auftragsmalerei-kwast-berlin.de\/en\/wp-json\/wp\/v2\/pages"}],"about":[{"href":"https:\/\/auftragsmalerei-kwast-berlin.de\/en\/wp-json\/wp\/v2\/types\/page"}],"author":[{"embeddable":true,"href":"https:\/\/auftragsmalerei-kwast-berlin.de\/en\/wp-json\/wp\/v2\/users\/2"}],"replies":[{"embeddable":true,"href":"https:\/\/auftragsmalerei-kwast-berlin.de\/en\/wp-json\/wp\/v2\/comments?post=2398"}],"version-history":[{"count":0,"href":"https:\/\/auftragsmalerei-kwast-berlin.de\/en\/wp-json\/wp\/v2\/pages\/2398\/revisions"}],"up":[{"embeddable":true,"href":"https:\/\/auftragsmalerei-kwast-berlin.de\/en\/wp-json\/wp\/v2\/pages\/134"}],"wp:attachment":[{"href":"https:\/\/auftragsmalerei-kwast-berlin.de\/en\/wp-json\/wp\/v2\/media?parent=2398"}],"curies":[{"name":"wp","href":"https:\/\/api.w.org\/{rel}","templated":true}]}}