{"id":2465,"date":"2015-10-08T12:51:37","date_gmt":"2015-10-08T10:51:37","guid":{"rendered":"https:\/\/auftragsmalerei-kwast-berlin.de\/?page_id=2465"},"modified":"2015-10-08T12:51:37","modified_gmt":"2015-10-08T10:51:37","slug":"malerei-fuer-messen-gruene-woche-2015","status":"publish","type":"page","link":"https:\/\/auftragsmalerei-kwast-berlin.de\/en\/malerei-fuer-messen-arbeitsbeispiele\/malerei-fuer-messen-gruene-woche-2015\/","title":{"rendered":"Malerei f\u00fcr Messen &#8211; Gr\u00fcne Woche 2015"},"content":{"rendered":"<h3>Auftraggeber: Friedhof Treuhand Berlin \/ Acrylfarben auf Spanplatten, 3,20 x 38,00m<\/h3>\n<p>Hier ging es um eine schnelle Wandbemalung rund um das Thema Friedhof f\u00fcr die Gr\u00fcne Woche 2015. Die Kombination von Bemalung und realem Inventar bietet eine Pr\u00e4sentation, die gern fotografiert wird.<\/p>\n<div class=\"content_block\" id=\"custom_post_widget-2460\"><p><img loading=\"lazy\" decoding=\"async\" class=\"alignnone size-full wp-image-2461\" src=\"https:\/\/auftragsmalerei-kwast-berlin.de\/en\/wp-content\/uploads\/gr.1-Gruene-Woche.jpg\" alt=\"Malerei f\u00fcr Messen - Gruene-Woche 15\" width=\"900\" height=\"644\" \/> <img loading=\"lazy\" decoding=\"async\" class=\"alignnone size-full wp-image-2462\" src=\"https:\/\/auftragsmalerei-kwast-berlin.de\/en\/wp-content\/uploads\/gr.2-Gruene-Woche.jpg\" alt=\"Malerei f\u00fcr Messen - Gruene-Woche 15\" width=\"750\" height=\"1000\" \/> <img loading=\"lazy\" decoding=\"async\" class=\"alignnone size-full wp-image-2463\" src=\"https:\/\/auftragsmalerei-kwast-berlin.de\/en\/wp-content\/uploads\/gr.3-Gruene-Woche.jpg\" alt=\"Malerei f\u00fcr Messen - Gruene-Woche 15\" width=\"900\" height=\"600\" \/><\/p>\n<\/div>\n<p>&nbsp;<\/p>\n","protected":false},"excerpt":{"rendered":"<p>Auftraggeber: Friedhof Treuhand Berlin \/ Acrylfarben auf Spanplatten, 3,20 x 38,00m Hier ging es um eine schnelle Wandbemalung rund um das Thema Friedhof f\u00fcr die Gr\u00fcne Woche 2015. Die Kombination von Bemalung und realem Inventar bietet eine Pr\u00e4sentation, die gern fotografiert wird. &nbsp;<\/p>\n","protected":false},"author":2,"featured_media":0,"parent":966,"menu_order":3,"comment_status":"closed","ping_status":"closed","template":"detailseiten.php","meta":{"footnotes":""},"class_list":["post-2465","page","type-page","status-publish","hentry","brick"],"yoast_head":"<!-- This site is optimized with the Yoast SEO plugin v27.4 - https:\/\/yoast.com\/product\/yoast-seo-wordpress\/ -->\n<title>Malerei f\u00fcr Messen - Gr\u00fcne Woche 2015 - Commissioned Painting Kwast Berlin<\/title>\n<meta name=\"robots\" content=\"index, follow, max-snippet:-1, max-image-preview:large, max-video-preview:-1\" \/>\n<link rel=\"canonical\" href=\"https:\/\/auftragsmalerei-kwast-berlin.de\/en\/malerei-fuer-messen-arbeitsbeispiele\/malerei-fuer-messen-gruene-woche-2015\/\" \/>\n<meta property=\"og:locale\" content=\"en_US\" \/>\n<meta property=\"og:type\" content=\"article\" \/>\n<meta property=\"og:title\" content=\"Malerei f\u00fcr Messen - Gr\u00fcne Woche 2015 - Commissioned Painting Kwast Berlin\" \/>\n<meta property=\"og:description\" content=\"Auftraggeber: Friedhof Treuhand Berlin \/ Acrylfarben auf Spanplatten, 3,20 x 38,00m Hier ging es um eine schnelle Wandbemalung rund um das Thema Friedhof f\u00fcr die Gr\u00fcne Woche 2015. Die Kombination von Bemalung und realem Inventar bietet eine Pr\u00e4sentation, die gern fotografiert wird. &nbsp;\" \/>\n<meta property=\"og:url\" content=\"https:\/\/auftragsmalerei-kwast-berlin.de\/en\/malerei-fuer-messen-arbeitsbeispiele\/malerei-fuer-messen-gruene-woche-2015\/\" \/>\n<meta property=\"og:site_name\" content=\"Commissioned Painting Kwast Berlin\" \/>\n<meta name=\"twitter:card\" content=\"summary_large_image\" \/>\n<script type=\"application\/ld+json\" class=\"yoast-schema-graph\">{\"@context\":\"https:\\\/\\\/schema.org\",\"@graph\":[{\"@type\":\"WebPage\",\"@id\":\"https:\\\/\\\/auftragsmalerei-kwast-berlin.de\\\/en\\\/malerei-fuer-messen-arbeitsbeispiele\\\/malerei-fuer-messen-gruene-woche-2015\\\/\",\"url\":\"https:\\\/\\\/auftragsmalerei-kwast-berlin.de\\\/en\\\/malerei-fuer-messen-arbeitsbeispiele\\\/malerei-fuer-messen-gruene-woche-2015\\\/\",\"name\":\"Malerei f\u00fcr Messen - Gr\u00fcne Woche 2015 - Commissioned Painting Kwast Berlin\",\"isPartOf\":{\"@id\":\"https:\\\/\\\/auftragsmalerei-kwast-berlin.de\\\/en\\\/#website\"},\"datePublished\":\"2015-10-08T10:51:37+00:00\",\"breadcrumb\":{\"@id\":\"https:\\\/\\\/auftragsmalerei-kwast-berlin.de\\\/en\\\/malerei-fuer-messen-arbeitsbeispiele\\\/malerei-fuer-messen-gruene-woche-2015\\\/#breadcrumb\"},\"inLanguage\":\"en-US\",\"potentialAction\":[{\"@type\":\"ReadAction\",\"target\":[\"https:\\\/\\\/auftragsmalerei-kwast-berlin.de\\\/en\\\/malerei-fuer-messen-arbeitsbeispiele\\\/malerei-fuer-messen-gruene-woche-2015\\\/\"]}]},{\"@type\":\"BreadcrumbList\",\"@id\":\"https:\\\/\\\/auftragsmalerei-kwast-berlin.de\\\/en\\\/malerei-fuer-messen-arbeitsbeispiele\\\/malerei-fuer-messen-gruene-woche-2015\\\/#breadcrumb\",\"itemListElement\":[{\"@type\":\"ListItem\",\"position\":1,\"name\":\"Home\",\"item\":\"https:\\\/\\\/auftragsmalerei-kwast-berlin.de\\\/en\\\/\"},{\"@type\":\"ListItem\",\"position\":2,\"name\":\"Exhibition painting\",\"item\":\"https:\\\/\\\/auftragsmalerei-kwast-berlin.de\\\/en\\\/malerei-fuer-messen-arbeitsbeispiele\\\/\"},{\"@type\":\"ListItem\",\"position\":3,\"name\":\"Malerei f\u00fcr Messen &#8211; Gr\u00fcne Woche 2015\"}]},{\"@type\":\"WebSite\",\"@id\":\"https:\\\/\\\/auftragsmalerei-kwast-berlin.de\\\/en\\\/#website\",\"url\":\"https:\\\/\\\/auftragsmalerei-kwast-berlin.de\\\/en\\\/\",\"name\":\"Commissioned Painting Kwast Berlin\",\"description\":\"Commissioned painting for theatre and film, fairs and museums, wall, facade and portrait\",\"potentialAction\":[{\"@type\":\"SearchAction\",\"target\":{\"@type\":\"EntryPoint\",\"urlTemplate\":\"https:\\\/\\\/auftragsmalerei-kwast-berlin.de\\\/en\\\/?s={search_term_string}\"},\"query-input\":{\"@type\":\"PropertyValueSpecification\",\"valueRequired\":true,\"valueName\":\"search_term_string\"}}],\"inLanguage\":\"en-US\"}]}<\/script>\n<!-- \/ Yoast SEO plugin. -->","yoast_head_json":{"title":"Malerei f\u00fcr Messen - Gr\u00fcne Woche 2015 - Commissioned Painting Kwast Berlin","robots":{"index":"index","follow":"follow","max-snippet":"max-snippet:-1","max-image-preview":"max-image-preview:large","max-video-preview":"max-video-preview:-1"},"canonical":"https:\/\/auftragsmalerei-kwast-berlin.de\/en\/malerei-fuer-messen-arbeitsbeispiele\/malerei-fuer-messen-gruene-woche-2015\/","og_locale":"en_US","og_type":"article","og_title":"Malerei f\u00fcr Messen - Gr\u00fcne Woche 2015 - Commissioned Painting Kwast Berlin","og_description":"Auftraggeber: Friedhof Treuhand Berlin \/ Acrylfarben auf Spanplatten, 3,20 x 38,00m Hier ging es um eine schnelle Wandbemalung rund um das Thema Friedhof f\u00fcr die Gr\u00fcne Woche 2015. Die Kombination von Bemalung und realem Inventar bietet eine Pr\u00e4sentation, die gern fotografiert wird. &nbsp;","og_url":"https:\/\/auftragsmalerei-kwast-berlin.de\/en\/malerei-fuer-messen-arbeitsbeispiele\/malerei-fuer-messen-gruene-woche-2015\/","og_site_name":"Commissioned Painting Kwast Berlin","twitter_card":"summary_large_image","schema":{"@context":"https:\/\/schema.org","@graph":[{"@type":"WebPage","@id":"https:\/\/auftragsmalerei-kwast-berlin.de\/en\/malerei-fuer-messen-arbeitsbeispiele\/malerei-fuer-messen-gruene-woche-2015\/","url":"https:\/\/auftragsmalerei-kwast-berlin.de\/en\/malerei-fuer-messen-arbeitsbeispiele\/malerei-fuer-messen-gruene-woche-2015\/","name":"Malerei f\u00fcr Messen - Gr\u00fcne Woche 2015 - Commissioned Painting Kwast Berlin","isPartOf":{"@id":"https:\/\/auftragsmalerei-kwast-berlin.de\/en\/#website"},"datePublished":"2015-10-08T10:51:37+00:00","breadcrumb":{"@id":"https:\/\/auftragsmalerei-kwast-berlin.de\/en\/malerei-fuer-messen-arbeitsbeispiele\/malerei-fuer-messen-gruene-woche-2015\/#breadcrumb"},"inLanguage":"en-US","potentialAction":[{"@type":"ReadAction","target":["https:\/\/auftragsmalerei-kwast-berlin.de\/en\/malerei-fuer-messen-arbeitsbeispiele\/malerei-fuer-messen-gruene-woche-2015\/"]}]},{"@type":"BreadcrumbList","@id":"https:\/\/auftragsmalerei-kwast-berlin.de\/en\/malerei-fuer-messen-arbeitsbeispiele\/malerei-fuer-messen-gruene-woche-2015\/#breadcrumb","itemListElement":[{"@type":"ListItem","position":1,"name":"Home","item":"https:\/\/auftragsmalerei-kwast-berlin.de\/en\/"},{"@type":"ListItem","position":2,"name":"Exhibition painting","item":"https:\/\/auftragsmalerei-kwast-berlin.de\/en\/malerei-fuer-messen-arbeitsbeispiele\/"},{"@type":"ListItem","position":3,"name":"Malerei f\u00fcr Messen &#8211; Gr\u00fcne Woche 2015"}]},{"@type":"WebSite","@id":"https:\/\/auftragsmalerei-kwast-berlin.de\/en\/#website","url":"https:\/\/auftragsmalerei-kwast-berlin.de\/en\/","name":"Commissioned Painting Kwast Berlin","description":"Commissioned painting for theatre and film, fairs and museums, wall, facade and portrait","potentialAction":[{"@type":"SearchAction","target":{"@type":"EntryPoint","urlTemplate":"https:\/\/auftragsmalerei-kwast-berlin.de\/en\/?s={search_term_string}"},"query-input":{"@type":"PropertyValueSpecification","valueRequired":true,"valueName":"search_term_string"}}],"inLanguage":"en-US"}]}},"_links":{"self":[{"href":"https:\/\/auftragsmalerei-kwast-berlin.de\/en\/wp-json\/wp\/v2\/pages\/2465","targetHints":{"allow":["GET"]}}],"collection":[{"href":"https:\/\/auftragsmalerei-kwast-berlin.de\/en\/wp-json\/wp\/v2\/pages"}],"about":[{"href":"https:\/\/auftragsmalerei-kwast-berlin.de\/en\/wp-json\/wp\/v2\/types\/page"}],"author":[{"embeddable":true,"href":"https:\/\/auftragsmalerei-kwast-berlin.de\/en\/wp-json\/wp\/v2\/users\/2"}],"replies":[{"embeddable":true,"href":"https:\/\/auftragsmalerei-kwast-berlin.de\/en\/wp-json\/wp\/v2\/comments?post=2465"}],"version-history":[{"count":0,"href":"https:\/\/auftragsmalerei-kwast-berlin.de\/en\/wp-json\/wp\/v2\/pages\/2465\/revisions"}],"up":[{"embeddable":true,"href":"https:\/\/auftragsmalerei-kwast-berlin.de\/en\/wp-json\/wp\/v2\/pages\/966"}],"wp:attachment":[{"href":"https:\/\/auftragsmalerei-kwast-berlin.de\/en\/wp-json\/wp\/v2\/media?parent=2465"}],"curies":[{"name":"wp","href":"https:\/\/api.w.org\/{rel}","templated":true}]}}