{"id":2609,"date":"2016-03-03T21:46:11","date_gmt":"2016-03-03T20:46:11","guid":{"rendered":"https:\/\/auftragsmalerei-kwast-berlin.de\/?page_id=2609"},"modified":"2016-03-03T21:46:11","modified_gmt":"2016-03-03T20:46:11","slug":"fassadenmalerei-grundschule-buntzelberg","status":"publish","type":"page","link":"https:\/\/auftragsmalerei-kwast-berlin.de\/en\/facade-painting\/fassadenmalerei-grundschule-buntzelberg\/","title":{"rendered":"Fassadenmalerei &#8211; Grundschule Buntzelberg"},"content":{"rendered":"<h3>Auftraggeber: RKN Bauunternehmen GmbH \/ Fassadenfarbe \/ 12m x 6m<\/h3>\n<p>Diese Fassadenmalerei wurde nach einem Entwurf der Kinder dieser Schule realisiert. Das Motiv dieser Malerei sollte an Ballons erinnern, die kr\u00e4ftigen Farben wurden ausdr\u00fccklich erw\u00fcnscht.<\/p>\n<div class=\"content_block\" id=\"custom_post_widget-2604\"><p><img loading=\"lazy\" decoding=\"async\" class=\"alignnone size-full wp-image-2605\" src=\"https:\/\/auftragsmalerei-kwast-berlin.de\/en\/wp-content\/uploads\/fassade-buntzelberg-gr.1.jpg\" alt=\"Kwast-fassade-buntzelberg-gr.1\" width=\"900\" height=\"1200\" \/> <img loading=\"lazy\" decoding=\"async\" class=\"alignnone size-full wp-image-2606\" src=\"https:\/\/auftragsmalerei-kwast-berlin.de\/en\/wp-content\/uploads\/fassade-buntzelberg-gr.2.jpg\" alt=\"Kwast-fassade-buntzelberg-gr.2\" width=\"750\" height=\"1000\" \/><\/p>\n<\/div>\n","protected":false},"excerpt":{"rendered":"<p>Auftraggeber: RKN Bauunternehmen GmbH \/ Fassadenfarbe \/ 12m x 6m Diese Fassadenmalerei wurde nach einem Entwurf der Kinder dieser Schule realisiert. Das Motiv dieser Malerei sollte an Ballons erinnern, die kr\u00e4ftigen Farben wurden ausdr\u00fccklich erw\u00fcnscht.<\/p>\n","protected":false},"author":2,"featured_media":0,"parent":137,"menu_order":3,"comment_status":"closed","ping_status":"closed","template":"detailseiten.php","meta":{"footnotes":""},"class_list":["post-2609","page","type-page","status-publish","hentry","brick"],"yoast_head":"<!-- This site is optimized with the Yoast SEO plugin v27.4 - https:\/\/yoast.com\/product\/yoast-seo-wordpress\/ -->\n<title>Fassadenmalerei - Grundschule Buntzelberg - Commissioned Painting Kwast Berlin<\/title>\n<meta name=\"robots\" content=\"index, follow, max-snippet:-1, max-image-preview:large, max-video-preview:-1\" \/>\n<link rel=\"canonical\" href=\"https:\/\/auftragsmalerei-kwast-berlin.de\/en\/facade-painting\/fassadenmalerei-grundschule-buntzelberg\/\" \/>\n<meta property=\"og:locale\" content=\"en_US\" \/>\n<meta property=\"og:type\" content=\"article\" \/>\n<meta property=\"og:title\" content=\"Fassadenmalerei - Grundschule Buntzelberg - Commissioned Painting Kwast Berlin\" \/>\n<meta property=\"og:description\" content=\"Auftraggeber: RKN Bauunternehmen GmbH \/ Fassadenfarbe \/ 12m x 6m Diese Fassadenmalerei wurde nach einem Entwurf der Kinder dieser Schule realisiert. Das Motiv dieser Malerei sollte an Ballons erinnern, die kr\u00e4ftigen Farben wurden ausdr\u00fccklich erw\u00fcnscht.\" \/>\n<meta property=\"og:url\" content=\"https:\/\/auftragsmalerei-kwast-berlin.de\/en\/facade-painting\/fassadenmalerei-grundschule-buntzelberg\/\" \/>\n<meta property=\"og:site_name\" content=\"Commissioned Painting Kwast Berlin\" \/>\n<meta name=\"twitter:card\" content=\"summary_large_image\" \/>\n<script type=\"application\/ld+json\" class=\"yoast-schema-graph\">{\"@context\":\"https:\\\/\\\/schema.org\",\"@graph\":[{\"@type\":\"WebPage\",\"@id\":\"https:\\\/\\\/auftragsmalerei-kwast-berlin.de\\\/en\\\/facade-painting\\\/fassadenmalerei-grundschule-buntzelberg\\\/\",\"url\":\"https:\\\/\\\/auftragsmalerei-kwast-berlin.de\\\/en\\\/facade-painting\\\/fassadenmalerei-grundschule-buntzelberg\\\/\",\"name\":\"Fassadenmalerei - Grundschule Buntzelberg - Commissioned Painting Kwast Berlin\",\"isPartOf\":{\"@id\":\"https:\\\/\\\/auftragsmalerei-kwast-berlin.de\\\/en\\\/#website\"},\"datePublished\":\"2016-03-03T20:46:11+00:00\",\"breadcrumb\":{\"@id\":\"https:\\\/\\\/auftragsmalerei-kwast-berlin.de\\\/en\\\/facade-painting\\\/fassadenmalerei-grundschule-buntzelberg\\\/#breadcrumb\"},\"inLanguage\":\"en-US\",\"potentialAction\":[{\"@type\":\"ReadAction\",\"target\":[\"https:\\\/\\\/auftragsmalerei-kwast-berlin.de\\\/en\\\/facade-painting\\\/fassadenmalerei-grundschule-buntzelberg\\\/\"]}]},{\"@type\":\"BreadcrumbList\",\"@id\":\"https:\\\/\\\/auftragsmalerei-kwast-berlin.de\\\/en\\\/facade-painting\\\/fassadenmalerei-grundschule-buntzelberg\\\/#breadcrumb\",\"itemListElement\":[{\"@type\":\"ListItem\",\"position\":1,\"name\":\"Home\",\"item\":\"https:\\\/\\\/auftragsmalerei-kwast-berlin.de\\\/en\\\/\"},{\"@type\":\"ListItem\",\"position\":2,\"name\":\"Facade painting\",\"item\":\"https:\\\/\\\/auftragsmalerei-kwast-berlin.de\\\/en\\\/facade-painting\\\/\"},{\"@type\":\"ListItem\",\"position\":3,\"name\":\"Fassadenmalerei &#8211; Grundschule Buntzelberg\"}]},{\"@type\":\"WebSite\",\"@id\":\"https:\\\/\\\/auftragsmalerei-kwast-berlin.de\\\/en\\\/#website\",\"url\":\"https:\\\/\\\/auftragsmalerei-kwast-berlin.de\\\/en\\\/\",\"name\":\"Commissioned Painting Kwast Berlin\",\"description\":\"Commissioned painting for theatre and film, fairs and museums, wall, facade and portrait\",\"potentialAction\":[{\"@type\":\"SearchAction\",\"target\":{\"@type\":\"EntryPoint\",\"urlTemplate\":\"https:\\\/\\\/auftragsmalerei-kwast-berlin.de\\\/en\\\/?s={search_term_string}\"},\"query-input\":{\"@type\":\"PropertyValueSpecification\",\"valueRequired\":true,\"valueName\":\"search_term_string\"}}],\"inLanguage\":\"en-US\"}]}<\/script>\n<!-- \/ Yoast SEO plugin. -->","yoast_head_json":{"title":"Fassadenmalerei - Grundschule Buntzelberg - Commissioned Painting Kwast Berlin","robots":{"index":"index","follow":"follow","max-snippet":"max-snippet:-1","max-image-preview":"max-image-preview:large","max-video-preview":"max-video-preview:-1"},"canonical":"https:\/\/auftragsmalerei-kwast-berlin.de\/en\/facade-painting\/fassadenmalerei-grundschule-buntzelberg\/","og_locale":"en_US","og_type":"article","og_title":"Fassadenmalerei - Grundschule Buntzelberg - Commissioned Painting Kwast Berlin","og_description":"Auftraggeber: RKN Bauunternehmen GmbH \/ Fassadenfarbe \/ 12m x 6m Diese Fassadenmalerei wurde nach einem Entwurf der Kinder dieser Schule realisiert. Das Motiv dieser Malerei sollte an Ballons erinnern, die kr\u00e4ftigen Farben wurden ausdr\u00fccklich erw\u00fcnscht.","og_url":"https:\/\/auftragsmalerei-kwast-berlin.de\/en\/facade-painting\/fassadenmalerei-grundschule-buntzelberg\/","og_site_name":"Commissioned Painting Kwast Berlin","twitter_card":"summary_large_image","schema":{"@context":"https:\/\/schema.org","@graph":[{"@type":"WebPage","@id":"https:\/\/auftragsmalerei-kwast-berlin.de\/en\/facade-painting\/fassadenmalerei-grundschule-buntzelberg\/","url":"https:\/\/auftragsmalerei-kwast-berlin.de\/en\/facade-painting\/fassadenmalerei-grundschule-buntzelberg\/","name":"Fassadenmalerei - Grundschule Buntzelberg - Commissioned Painting Kwast Berlin","isPartOf":{"@id":"https:\/\/auftragsmalerei-kwast-berlin.de\/en\/#website"},"datePublished":"2016-03-03T20:46:11+00:00","breadcrumb":{"@id":"https:\/\/auftragsmalerei-kwast-berlin.de\/en\/facade-painting\/fassadenmalerei-grundschule-buntzelberg\/#breadcrumb"},"inLanguage":"en-US","potentialAction":[{"@type":"ReadAction","target":["https:\/\/auftragsmalerei-kwast-berlin.de\/en\/facade-painting\/fassadenmalerei-grundschule-buntzelberg\/"]}]},{"@type":"BreadcrumbList","@id":"https:\/\/auftragsmalerei-kwast-berlin.de\/en\/facade-painting\/fassadenmalerei-grundschule-buntzelberg\/#breadcrumb","itemListElement":[{"@type":"ListItem","position":1,"name":"Home","item":"https:\/\/auftragsmalerei-kwast-berlin.de\/en\/"},{"@type":"ListItem","position":2,"name":"Facade painting","item":"https:\/\/auftragsmalerei-kwast-berlin.de\/en\/facade-painting\/"},{"@type":"ListItem","position":3,"name":"Fassadenmalerei &#8211; Grundschule Buntzelberg"}]},{"@type":"WebSite","@id":"https:\/\/auftragsmalerei-kwast-berlin.de\/en\/#website","url":"https:\/\/auftragsmalerei-kwast-berlin.de\/en\/","name":"Commissioned Painting Kwast Berlin","description":"Commissioned painting for theatre and film, fairs and museums, wall, facade and portrait","potentialAction":[{"@type":"SearchAction","target":{"@type":"EntryPoint","urlTemplate":"https:\/\/auftragsmalerei-kwast-berlin.de\/en\/?s={search_term_string}"},"query-input":{"@type":"PropertyValueSpecification","valueRequired":true,"valueName":"search_term_string"}}],"inLanguage":"en-US"}]}},"_links":{"self":[{"href":"https:\/\/auftragsmalerei-kwast-berlin.de\/en\/wp-json\/wp\/v2\/pages\/2609","targetHints":{"allow":["GET"]}}],"collection":[{"href":"https:\/\/auftragsmalerei-kwast-berlin.de\/en\/wp-json\/wp\/v2\/pages"}],"about":[{"href":"https:\/\/auftragsmalerei-kwast-berlin.de\/en\/wp-json\/wp\/v2\/types\/page"}],"author":[{"embeddable":true,"href":"https:\/\/auftragsmalerei-kwast-berlin.de\/en\/wp-json\/wp\/v2\/users\/2"}],"replies":[{"embeddable":true,"href":"https:\/\/auftragsmalerei-kwast-berlin.de\/en\/wp-json\/wp\/v2\/comments?post=2609"}],"version-history":[{"count":0,"href":"https:\/\/auftragsmalerei-kwast-berlin.de\/en\/wp-json\/wp\/v2\/pages\/2609\/revisions"}],"up":[{"embeddable":true,"href":"https:\/\/auftragsmalerei-kwast-berlin.de\/en\/wp-json\/wp\/v2\/pages\/137"}],"wp:attachment":[{"href":"https:\/\/auftragsmalerei-kwast-berlin.de\/en\/wp-json\/wp\/v2\/media?parent=2609"}],"curies":[{"name":"wp","href":"https:\/\/api.w.org\/{rel}","templated":true}]}}