{"id":2657,"date":"2016-03-16T14:21:51","date_gmt":"2016-03-16T13:21:51","guid":{"rendered":"https:\/\/auftragsmalerei-kwast-berlin.de\/?page_id=2657"},"modified":"2016-03-16T14:21:51","modified_gmt":"2016-03-16T13:21:51","slug":"malerei-fuer-museen-eiszeitsafari","status":"publish","type":"page","link":"https:\/\/auftragsmalerei-kwast-berlin.de\/en\/museum-painting\/malerei-fuer-museen-eiszeitsafari\/","title":{"rendered":"Malerei fuer Museen &#8211; Eiszeitsafari"},"content":{"rendered":"<h3>Auftraggeber: Kulturelles Erbe Rheinland &#8211; Pfalz \/ Dispon-,\u00a0 Fassadenfarben \/ ca. 700qm<\/h3>\n<p>Wand- und Bodenmalerei f\u00fcr das Museum auf der Festung Ehrenbreitstein in Koblenz. Die Malerei ist der Background f\u00fcr die Ausstellung &#8220;Eiszeitsafari&#8221;. Diese Auftragsmalerei f\u00fcr W\u00e4nde und B\u00f6den konnte nach eigenen Entw\u00fcrfen realisiert werden und war\u00a0 Folgeauftrag einer Ausschreibung, bei der vorgemalt werden musste. Gestaltet wurden die 6 Vegetationszonen der Eiszeit: Savanne, Tundra, Steppe, Steppentundra, Wald und Gebirge.<\/p>\n<div class=\"content_block\" id=\"custom_post_widget-2642\"><p><img loading=\"lazy\" decoding=\"async\" class=\"alignnone size-full wp-image-2649\" src=\"https:\/\/auftragsmalerei-kwast-berlin.de\/en\/wp-content\/uploads\/gr.07-Eiszeit.jpg\" alt=\"Kwast-Museen-Eiszeit\" width=\"656\" height=\"480\" \/> <img loading=\"lazy\" decoding=\"async\" class=\"alignnone size-full wp-image-2650\" src=\"https:\/\/auftragsmalerei-kwast-berlin.de\/en\/wp-content\/uploads\/gr.08-Eiszeit.jpg\" alt=\"Kwast-Museen-Eiszeit\" width=\"656\" height=\"480\" \/> <img loading=\"lazy\" decoding=\"async\" class=\"alignnone size-full wp-image-2651\" src=\"https:\/\/auftragsmalerei-kwast-berlin.de\/en\/wp-content\/uploads\/gr.09-Eiszeit.jpg\" alt=\"Kwast-Museen-Eiszeit\" width=\"656\" height=\"480\" \/> <img loading=\"lazy\" decoding=\"async\" class=\"alignnone size-full wp-image-2652\" src=\"https:\/\/auftragsmalerei-kwast-berlin.de\/en\/wp-content\/uploads\/gr.10-Eiszeit.jpg\" alt=\"Kwast-Museen-Eiszeit\" width=\"656\" height=\"480\" \/> <img loading=\"lazy\" decoding=\"async\" class=\"alignnone size-full wp-image-2648\" src=\"https:\/\/auftragsmalerei-kwast-berlin.de\/en\/wp-content\/uploads\/gr.06-Eiszeit.jpg\" alt=\"Kwast-Museen-Eiszeit\" width=\"656\" height=\"480\" \/> <img loading=\"lazy\" decoding=\"async\" class=\"alignnone size-full wp-image-2647\" src=\"https:\/\/auftragsmalerei-kwast-berlin.de\/en\/wp-content\/uploads\/gr.05-Eiszeit.jpg\" alt=\"Kwast-Museen-Eiszeit\" width=\"656\" height=\"480\" \/> <img loading=\"lazy\" decoding=\"async\" class=\"alignnone size-full wp-image-2646\" src=\"https:\/\/auftragsmalerei-kwast-berlin.de\/en\/wp-content\/uploads\/gr.04-Eiszeit.jpg\" alt=\"Kwast-Museen-Eiszeit\" width=\"656\" height=\"480\" \/> <img loading=\"lazy\" decoding=\"async\" class=\"alignnone size-full wp-image-2645\" src=\"https:\/\/auftragsmalerei-kwast-berlin.de\/en\/wp-content\/uploads\/gr.03-Eiszeit.jpg\" alt=\"Kwast-Museen-Eiszeit\" width=\"656\" height=\"480\" \/> <img loading=\"lazy\" decoding=\"async\" class=\"alignnone size-full wp-image-2644\" src=\"https:\/\/auftragsmalerei-kwast-berlin.de\/en\/wp-content\/uploads\/gr.02-Eiszeit.jpg\" alt=\"Kwast-Museen-Eiszeit\" width=\"656\" height=\"480\" \/> <img loading=\"lazy\" decoding=\"async\" class=\"alignnone size-full wp-image-2643\" src=\"https:\/\/auftragsmalerei-kwast-berlin.de\/en\/wp-content\/uploads\/gr.01-Eiszeit.jpg\" alt=\"Kwast-Museen-Eiszeit\" width=\"656\" height=\"480\" \/><\/p>\n<\/div>\n","protected":false},"excerpt":{"rendered":"<p>Auftraggeber: Kulturelles Erbe Rheinland &#8211; Pfalz \/ Dispon-,\u00a0 Fassadenfarben \/ ca. 700qm Wand- und Bodenmalerei f\u00fcr das Museum auf der Festung Ehrenbreitstein in Koblenz. Die Malerei ist der Background f\u00fcr die Ausstellung &#8220;Eiszeitsafari&#8221;. Diese Auftragsmalerei f\u00fcr W\u00e4nde und B\u00f6den konnte nach eigenen Entw\u00fcrfen realisiert werden und war\u00a0 Folgeauftrag einer Ausschreibung, bei der vorgemalt werden musste. [&hellip;]<\/p>\n","protected":false},"author":2,"featured_media":0,"parent":121,"menu_order":6,"comment_status":"closed","ping_status":"closed","template":"detailseiten.php","meta":{"footnotes":""},"class_list":["post-2657","page","type-page","status-publish","hentry","brick"],"yoast_head":"<!-- This site is optimized with the Yoast SEO plugin v27.4 - https:\/\/yoast.com\/product\/yoast-seo-wordpress\/ -->\n<title>Malerei fuer Museen - Eiszeitsafari - Commissioned Painting Kwast Berlin<\/title>\n<meta name=\"robots\" content=\"index, follow, max-snippet:-1, max-image-preview:large, max-video-preview:-1\" \/>\n<link rel=\"canonical\" href=\"https:\/\/auftragsmalerei-kwast-berlin.de\/en\/museum-painting\/malerei-fuer-museen-eiszeitsafari\/\" \/>\n<meta property=\"og:locale\" content=\"en_US\" \/>\n<meta property=\"og:type\" content=\"article\" \/>\n<meta property=\"og:title\" content=\"Malerei fuer Museen - Eiszeitsafari - Commissioned Painting Kwast Berlin\" \/>\n<meta property=\"og:description\" content=\"Auftraggeber: Kulturelles Erbe Rheinland &#8211; Pfalz \/ Dispon-,\u00a0 Fassadenfarben \/ ca. 700qm Wand- und Bodenmalerei f\u00fcr das Museum auf der Festung Ehrenbreitstein in Koblenz. Die Malerei ist der Background f\u00fcr die Ausstellung &#8220;Eiszeitsafari&#8221;. Diese Auftragsmalerei f\u00fcr W\u00e4nde und B\u00f6den konnte nach eigenen Entw\u00fcrfen realisiert werden und war\u00a0 Folgeauftrag einer Ausschreibung, bei der vorgemalt werden musste. [&hellip;]\" \/>\n<meta property=\"og:url\" content=\"https:\/\/auftragsmalerei-kwast-berlin.de\/en\/museum-painting\/malerei-fuer-museen-eiszeitsafari\/\" \/>\n<meta property=\"og:site_name\" content=\"Commissioned Painting Kwast Berlin\" \/>\n<meta name=\"twitter:card\" content=\"summary_large_image\" \/>\n<script type=\"application\/ld+json\" class=\"yoast-schema-graph\">{\"@context\":\"https:\\\/\\\/schema.org\",\"@graph\":[{\"@type\":\"WebPage\",\"@id\":\"https:\\\/\\\/auftragsmalerei-kwast-berlin.de\\\/en\\\/museum-painting\\\/malerei-fuer-museen-eiszeitsafari\\\/\",\"url\":\"https:\\\/\\\/auftragsmalerei-kwast-berlin.de\\\/en\\\/museum-painting\\\/malerei-fuer-museen-eiszeitsafari\\\/\",\"name\":\"Malerei fuer Museen - Eiszeitsafari - Commissioned Painting Kwast Berlin\",\"isPartOf\":{\"@id\":\"https:\\\/\\\/auftragsmalerei-kwast-berlin.de\\\/en\\\/#website\"},\"datePublished\":\"2016-03-16T13:21:51+00:00\",\"breadcrumb\":{\"@id\":\"https:\\\/\\\/auftragsmalerei-kwast-berlin.de\\\/en\\\/museum-painting\\\/malerei-fuer-museen-eiszeitsafari\\\/#breadcrumb\"},\"inLanguage\":\"en-US\",\"potentialAction\":[{\"@type\":\"ReadAction\",\"target\":[\"https:\\\/\\\/auftragsmalerei-kwast-berlin.de\\\/en\\\/museum-painting\\\/malerei-fuer-museen-eiszeitsafari\\\/\"]}]},{\"@type\":\"BreadcrumbList\",\"@id\":\"https:\\\/\\\/auftragsmalerei-kwast-berlin.de\\\/en\\\/museum-painting\\\/malerei-fuer-museen-eiszeitsafari\\\/#breadcrumb\",\"itemListElement\":[{\"@type\":\"ListItem\",\"position\":1,\"name\":\"Home\",\"item\":\"https:\\\/\\\/auftragsmalerei-kwast-berlin.de\\\/en\\\/\"},{\"@type\":\"ListItem\",\"position\":2,\"name\":\"Museum painting\",\"item\":\"https:\\\/\\\/auftragsmalerei-kwast-berlin.de\\\/en\\\/museum-painting\\\/\"},{\"@type\":\"ListItem\",\"position\":3,\"name\":\"Malerei fuer Museen &#8211; Eiszeitsafari\"}]},{\"@type\":\"WebSite\",\"@id\":\"https:\\\/\\\/auftragsmalerei-kwast-berlin.de\\\/en\\\/#website\",\"url\":\"https:\\\/\\\/auftragsmalerei-kwast-berlin.de\\\/en\\\/\",\"name\":\"Commissioned Painting Kwast Berlin\",\"description\":\"Commissioned painting for theatre and film, fairs and museums, wall, facade and portrait\",\"potentialAction\":[{\"@type\":\"SearchAction\",\"target\":{\"@type\":\"EntryPoint\",\"urlTemplate\":\"https:\\\/\\\/auftragsmalerei-kwast-berlin.de\\\/en\\\/?s={search_term_string}\"},\"query-input\":{\"@type\":\"PropertyValueSpecification\",\"valueRequired\":true,\"valueName\":\"search_term_string\"}}],\"inLanguage\":\"en-US\"}]}<\/script>\n<!-- \/ Yoast SEO plugin. -->","yoast_head_json":{"title":"Malerei fuer Museen - Eiszeitsafari - Commissioned Painting Kwast Berlin","robots":{"index":"index","follow":"follow","max-snippet":"max-snippet:-1","max-image-preview":"max-image-preview:large","max-video-preview":"max-video-preview:-1"},"canonical":"https:\/\/auftragsmalerei-kwast-berlin.de\/en\/museum-painting\/malerei-fuer-museen-eiszeitsafari\/","og_locale":"en_US","og_type":"article","og_title":"Malerei fuer Museen - Eiszeitsafari - Commissioned Painting Kwast Berlin","og_description":"Auftraggeber: Kulturelles Erbe Rheinland &#8211; Pfalz \/ Dispon-,\u00a0 Fassadenfarben \/ ca. 700qm Wand- und Bodenmalerei f\u00fcr das Museum auf der Festung Ehrenbreitstein in Koblenz. Die Malerei ist der Background f\u00fcr die Ausstellung &#8220;Eiszeitsafari&#8221;. Diese Auftragsmalerei f\u00fcr W\u00e4nde und B\u00f6den konnte nach eigenen Entw\u00fcrfen realisiert werden und war\u00a0 Folgeauftrag einer Ausschreibung, bei der vorgemalt werden musste. [&hellip;]","og_url":"https:\/\/auftragsmalerei-kwast-berlin.de\/en\/museum-painting\/malerei-fuer-museen-eiszeitsafari\/","og_site_name":"Commissioned Painting Kwast Berlin","twitter_card":"summary_large_image","schema":{"@context":"https:\/\/schema.org","@graph":[{"@type":"WebPage","@id":"https:\/\/auftragsmalerei-kwast-berlin.de\/en\/museum-painting\/malerei-fuer-museen-eiszeitsafari\/","url":"https:\/\/auftragsmalerei-kwast-berlin.de\/en\/museum-painting\/malerei-fuer-museen-eiszeitsafari\/","name":"Malerei fuer Museen - Eiszeitsafari - Commissioned Painting Kwast Berlin","isPartOf":{"@id":"https:\/\/auftragsmalerei-kwast-berlin.de\/en\/#website"},"datePublished":"2016-03-16T13:21:51+00:00","breadcrumb":{"@id":"https:\/\/auftragsmalerei-kwast-berlin.de\/en\/museum-painting\/malerei-fuer-museen-eiszeitsafari\/#breadcrumb"},"inLanguage":"en-US","potentialAction":[{"@type":"ReadAction","target":["https:\/\/auftragsmalerei-kwast-berlin.de\/en\/museum-painting\/malerei-fuer-museen-eiszeitsafari\/"]}]},{"@type":"BreadcrumbList","@id":"https:\/\/auftragsmalerei-kwast-berlin.de\/en\/museum-painting\/malerei-fuer-museen-eiszeitsafari\/#breadcrumb","itemListElement":[{"@type":"ListItem","position":1,"name":"Home","item":"https:\/\/auftragsmalerei-kwast-berlin.de\/en\/"},{"@type":"ListItem","position":2,"name":"Museum painting","item":"https:\/\/auftragsmalerei-kwast-berlin.de\/en\/museum-painting\/"},{"@type":"ListItem","position":3,"name":"Malerei fuer Museen &#8211; Eiszeitsafari"}]},{"@type":"WebSite","@id":"https:\/\/auftragsmalerei-kwast-berlin.de\/en\/#website","url":"https:\/\/auftragsmalerei-kwast-berlin.de\/en\/","name":"Commissioned Painting Kwast Berlin","description":"Commissioned painting for theatre and film, fairs and museums, wall, facade and portrait","potentialAction":[{"@type":"SearchAction","target":{"@type":"EntryPoint","urlTemplate":"https:\/\/auftragsmalerei-kwast-berlin.de\/en\/?s={search_term_string}"},"query-input":{"@type":"PropertyValueSpecification","valueRequired":true,"valueName":"search_term_string"}}],"inLanguage":"en-US"}]}},"_links":{"self":[{"href":"https:\/\/auftragsmalerei-kwast-berlin.de\/en\/wp-json\/wp\/v2\/pages\/2657","targetHints":{"allow":["GET"]}}],"collection":[{"href":"https:\/\/auftragsmalerei-kwast-berlin.de\/en\/wp-json\/wp\/v2\/pages"}],"about":[{"href":"https:\/\/auftragsmalerei-kwast-berlin.de\/en\/wp-json\/wp\/v2\/types\/page"}],"author":[{"embeddable":true,"href":"https:\/\/auftragsmalerei-kwast-berlin.de\/en\/wp-json\/wp\/v2\/users\/2"}],"replies":[{"embeddable":true,"href":"https:\/\/auftragsmalerei-kwast-berlin.de\/en\/wp-json\/wp\/v2\/comments?post=2657"}],"version-history":[{"count":0,"href":"https:\/\/auftragsmalerei-kwast-berlin.de\/en\/wp-json\/wp\/v2\/pages\/2657\/revisions"}],"up":[{"embeddable":true,"href":"https:\/\/auftragsmalerei-kwast-berlin.de\/en\/wp-json\/wp\/v2\/pages\/121"}],"wp:attachment":[{"href":"https:\/\/auftragsmalerei-kwast-berlin.de\/en\/wp-json\/wp\/v2\/media?parent=2657"}],"curies":[{"name":"wp","href":"https:\/\/api.w.org\/{rel}","templated":true}]}}