{"id":274,"date":"2015-08-15T14:40:37","date_gmt":"2015-08-15T12:40:37","guid":{"rendered":"http:\/\/relaunch.auftragsmalerei-kwast-berlin.de\/?page_id=274"},"modified":"2015-08-15T14:40:37","modified_gmt":"2015-08-15T12:40:37","slug":"architekturmalerei-im-museum-fuer-kinder-berlin","status":"publish","type":"page","link":"https:\/\/auftragsmalerei-kwast-berlin.de\/en\/museum-painting\/architekturmalerei-im-museum-fuer-kinder-berlin\/","title":{"rendered":"Architekturmalerei im Museum f\u00fcr Kinder Berlin"},"content":{"rendered":"<div class=\"textblock\">\n<h3>Auftraggeber: Museum f\u00fcr Kinder Berlin | Acryl auf Nessel | ca. 170 qm<\/h3>\n<p>F\u00fcr die Ausstellung &#8220;Rom&#8221; im Museum f\u00fcr Kinder Berlin wurden mehrere Architekturprospekte gemalt, die in der Summe als Kulisse f\u00fcr viele Aktivit\u00e4ten genutzt wurden.\n<\/p><\/div>\n<div class=\"content_block\" id=\"custom_post_widget-276\"><p><img loading=\"lazy\" decoding=\"async\" class=\"alignnone wp-image-277 size-full\" src=\"\/wp-content\/uploads\/auftrag_kindermuseum_1gr1.jpg\" alt=\"Kwast - Malerei f\u00fcr Museen, Museum f\u00fcr Kinder, Berlin\" width=\"773\" height=\"537\" \/><br \/>\n<img loading=\"lazy\" decoding=\"async\" class=\"alignnone wp-image-278 size-full\" src=\"\/wp-content\/uploads\/auftrag_kindermuseum_2gr.jpg\" alt=\"Kwast - Malerei f\u00fcr Museen, Museum f\u00fcr Kinder, Berlin\" width=\"773\" height=\"537\" \/><br \/>\n<img loading=\"lazy\" decoding=\"async\" class=\"alignnone wp-image-279 size-full\" src=\"\/wp-content\/uploads\/auftrag_kindermuseum_3gr.jpg\" alt=\"Kwast - Malerei f\u00fcr Museen, Museum f\u00fcr Kinder, Berlin\" width=\"773\" height=\"537\" \/><br \/>\n<img loading=\"lazy\" decoding=\"async\" class=\"alignnone wp-image-280 size-full\" src=\"\/wp-content\/uploads\/auftrag_kindermuseum_4gr.jpg\" alt=\"Kwast - Malerei f\u00fcr Museen, Museum f\u00fcr Kinder, Berlin\" width=\"773\" height=\"537\" \/><br \/>\n<img loading=\"lazy\" decoding=\"async\" class=\"alignnone wp-image-281 size-full\" src=\"\/wp-content\/uploads\/auftrag_kindermuseum_5gr.jpg\" alt=\"Kwast - Malerei f\u00fcr Museen, Museum f\u00fcr Kinder, Berlin\" width=\"773\" height=\"537\" \/><\/p>\n<\/div>\n","protected":false},"excerpt":{"rendered":"<p>Auftraggeber: Museum f\u00fcr Kinder Berlin | Acryl auf Nessel | ca. 170 qm F\u00fcr die Ausstellung &#8220;Rom&#8221; im Museum f\u00fcr Kinder Berlin wurden mehrere Architekturprospekte gemalt, die in der Summe als Kulisse f\u00fcr viele Aktivit\u00e4ten genutzt wurden.<\/p>\n","protected":false},"author":2,"featured_media":0,"parent":121,"menu_order":1,"comment_status":"closed","ping_status":"open","template":"detailseiten.php","meta":{"footnotes":""},"class_list":["post-274","page","type-page","status-publish","hentry","brick"],"yoast_head":"<!-- This site is optimized with the Yoast SEO plugin v27.5 - https:\/\/yoast.com\/product\/yoast-seo-wordpress\/ -->\n<title>Architekturmalerei im Museum f\u00fcr Kinder Berlin - Commissioned Painting Kwast Berlin<\/title>\n<meta name=\"robots\" content=\"index, follow, max-snippet:-1, max-image-preview:large, max-video-preview:-1\" \/>\n<link rel=\"canonical\" href=\"https:\/\/auftragsmalerei-kwast-berlin.de\/en\/museum-painting\/architekturmalerei-im-museum-fuer-kinder-berlin\/\" \/>\n<meta property=\"og:locale\" content=\"en_US\" \/>\n<meta property=\"og:type\" content=\"article\" \/>\n<meta property=\"og:title\" content=\"Architekturmalerei im Museum f\u00fcr Kinder Berlin - Commissioned Painting Kwast Berlin\" \/>\n<meta property=\"og:description\" content=\"Auftraggeber: Museum f\u00fcr Kinder Berlin | Acryl auf Nessel | ca. 170 qm F\u00fcr die Ausstellung &#8220;Rom&#8221; im Museum f\u00fcr Kinder Berlin wurden mehrere Architekturprospekte gemalt, die in der Summe als Kulisse f\u00fcr viele Aktivit\u00e4ten genutzt wurden.\" \/>\n<meta property=\"og:url\" content=\"https:\/\/auftragsmalerei-kwast-berlin.de\/en\/museum-painting\/architekturmalerei-im-museum-fuer-kinder-berlin\/\" \/>\n<meta property=\"og:site_name\" content=\"Commissioned Painting Kwast Berlin\" \/>\n<meta name=\"twitter:card\" content=\"summary_large_image\" \/>\n<script type=\"application\/ld+json\" class=\"yoast-schema-graph\">{\"@context\":\"https:\\\/\\\/schema.org\",\"@graph\":[{\"@type\":\"WebPage\",\"@id\":\"https:\\\/\\\/auftragsmalerei-kwast-berlin.de\\\/en\\\/museum-painting\\\/architekturmalerei-im-museum-fuer-kinder-berlin\\\/\",\"url\":\"https:\\\/\\\/auftragsmalerei-kwast-berlin.de\\\/en\\\/museum-painting\\\/architekturmalerei-im-museum-fuer-kinder-berlin\\\/\",\"name\":\"Architekturmalerei im Museum f\u00fcr Kinder Berlin - Commissioned Painting Kwast Berlin\",\"isPartOf\":{\"@id\":\"https:\\\/\\\/auftragsmalerei-kwast-berlin.de\\\/en\\\/#website\"},\"datePublished\":\"2015-08-15T12:40:37+00:00\",\"breadcrumb\":{\"@id\":\"https:\\\/\\\/auftragsmalerei-kwast-berlin.de\\\/en\\\/museum-painting\\\/architekturmalerei-im-museum-fuer-kinder-berlin\\\/#breadcrumb\"},\"inLanguage\":\"en-US\",\"potentialAction\":[{\"@type\":\"ReadAction\",\"target\":[\"https:\\\/\\\/auftragsmalerei-kwast-berlin.de\\\/en\\\/museum-painting\\\/architekturmalerei-im-museum-fuer-kinder-berlin\\\/\"]}]},{\"@type\":\"BreadcrumbList\",\"@id\":\"https:\\\/\\\/auftragsmalerei-kwast-berlin.de\\\/en\\\/museum-painting\\\/architekturmalerei-im-museum-fuer-kinder-berlin\\\/#breadcrumb\",\"itemListElement\":[{\"@type\":\"ListItem\",\"position\":1,\"name\":\"Home\",\"item\":\"https:\\\/\\\/auftragsmalerei-kwast-berlin.de\\\/en\\\/\"},{\"@type\":\"ListItem\",\"position\":2,\"name\":\"Museum painting\",\"item\":\"https:\\\/\\\/auftragsmalerei-kwast-berlin.de\\\/en\\\/museum-painting\\\/\"},{\"@type\":\"ListItem\",\"position\":3,\"name\":\"Architekturmalerei im Museum f\u00fcr Kinder Berlin\"}]},{\"@type\":\"WebSite\",\"@id\":\"https:\\\/\\\/auftragsmalerei-kwast-berlin.de\\\/en\\\/#website\",\"url\":\"https:\\\/\\\/auftragsmalerei-kwast-berlin.de\\\/en\\\/\",\"name\":\"Commissioned Painting Kwast Berlin\",\"description\":\"Commissioned painting for theatre and film, fairs and museums, wall, facade and portrait\",\"potentialAction\":[{\"@type\":\"SearchAction\",\"target\":{\"@type\":\"EntryPoint\",\"urlTemplate\":\"https:\\\/\\\/auftragsmalerei-kwast-berlin.de\\\/en\\\/?s={search_term_string}\"},\"query-input\":{\"@type\":\"PropertyValueSpecification\",\"valueRequired\":true,\"valueName\":\"search_term_string\"}}],\"inLanguage\":\"en-US\"}]}<\/script>\n<!-- \/ Yoast SEO plugin. -->","yoast_head_json":{"title":"Architekturmalerei im Museum f\u00fcr Kinder Berlin - Commissioned Painting Kwast Berlin","robots":{"index":"index","follow":"follow","max-snippet":"max-snippet:-1","max-image-preview":"max-image-preview:large","max-video-preview":"max-video-preview:-1"},"canonical":"https:\/\/auftragsmalerei-kwast-berlin.de\/en\/museum-painting\/architekturmalerei-im-museum-fuer-kinder-berlin\/","og_locale":"en_US","og_type":"article","og_title":"Architekturmalerei im Museum f\u00fcr Kinder Berlin - Commissioned Painting Kwast Berlin","og_description":"Auftraggeber: Museum f\u00fcr Kinder Berlin | Acryl auf Nessel | ca. 170 qm F\u00fcr die Ausstellung &#8220;Rom&#8221; im Museum f\u00fcr Kinder Berlin wurden mehrere Architekturprospekte gemalt, die in der Summe als Kulisse f\u00fcr viele Aktivit\u00e4ten genutzt wurden.","og_url":"https:\/\/auftragsmalerei-kwast-berlin.de\/en\/museum-painting\/architekturmalerei-im-museum-fuer-kinder-berlin\/","og_site_name":"Commissioned Painting Kwast Berlin","twitter_card":"summary_large_image","schema":{"@context":"https:\/\/schema.org","@graph":[{"@type":"WebPage","@id":"https:\/\/auftragsmalerei-kwast-berlin.de\/en\/museum-painting\/architekturmalerei-im-museum-fuer-kinder-berlin\/","url":"https:\/\/auftragsmalerei-kwast-berlin.de\/en\/museum-painting\/architekturmalerei-im-museum-fuer-kinder-berlin\/","name":"Architekturmalerei im Museum f\u00fcr Kinder Berlin - Commissioned Painting Kwast Berlin","isPartOf":{"@id":"https:\/\/auftragsmalerei-kwast-berlin.de\/en\/#website"},"datePublished":"2015-08-15T12:40:37+00:00","breadcrumb":{"@id":"https:\/\/auftragsmalerei-kwast-berlin.de\/en\/museum-painting\/architekturmalerei-im-museum-fuer-kinder-berlin\/#breadcrumb"},"inLanguage":"en-US","potentialAction":[{"@type":"ReadAction","target":["https:\/\/auftragsmalerei-kwast-berlin.de\/en\/museum-painting\/architekturmalerei-im-museum-fuer-kinder-berlin\/"]}]},{"@type":"BreadcrumbList","@id":"https:\/\/auftragsmalerei-kwast-berlin.de\/en\/museum-painting\/architekturmalerei-im-museum-fuer-kinder-berlin\/#breadcrumb","itemListElement":[{"@type":"ListItem","position":1,"name":"Home","item":"https:\/\/auftragsmalerei-kwast-berlin.de\/en\/"},{"@type":"ListItem","position":2,"name":"Museum painting","item":"https:\/\/auftragsmalerei-kwast-berlin.de\/en\/museum-painting\/"},{"@type":"ListItem","position":3,"name":"Architekturmalerei im Museum f\u00fcr Kinder Berlin"}]},{"@type":"WebSite","@id":"https:\/\/auftragsmalerei-kwast-berlin.de\/en\/#website","url":"https:\/\/auftragsmalerei-kwast-berlin.de\/en\/","name":"Commissioned Painting Kwast Berlin","description":"Commissioned painting for theatre and film, fairs and museums, wall, facade and portrait","potentialAction":[{"@type":"SearchAction","target":{"@type":"EntryPoint","urlTemplate":"https:\/\/auftragsmalerei-kwast-berlin.de\/en\/?s={search_term_string}"},"query-input":{"@type":"PropertyValueSpecification","valueRequired":true,"valueName":"search_term_string"}}],"inLanguage":"en-US"}]}},"_links":{"self":[{"href":"https:\/\/auftragsmalerei-kwast-berlin.de\/en\/wp-json\/wp\/v2\/pages\/274","targetHints":{"allow":["GET"]}}],"collection":[{"href":"https:\/\/auftragsmalerei-kwast-berlin.de\/en\/wp-json\/wp\/v2\/pages"}],"about":[{"href":"https:\/\/auftragsmalerei-kwast-berlin.de\/en\/wp-json\/wp\/v2\/types\/page"}],"author":[{"embeddable":true,"href":"https:\/\/auftragsmalerei-kwast-berlin.de\/en\/wp-json\/wp\/v2\/users\/2"}],"replies":[{"embeddable":true,"href":"https:\/\/auftragsmalerei-kwast-berlin.de\/en\/wp-json\/wp\/v2\/comments?post=274"}],"version-history":[{"count":0,"href":"https:\/\/auftragsmalerei-kwast-berlin.de\/en\/wp-json\/wp\/v2\/pages\/274\/revisions"}],"up":[{"embeddable":true,"href":"https:\/\/auftragsmalerei-kwast-berlin.de\/en\/wp-json\/wp\/v2\/pages\/121"}],"wp:attachment":[{"href":"https:\/\/auftragsmalerei-kwast-berlin.de\/en\/wp-json\/wp\/v2\/media?parent=274"}],"curies":[{"name":"wp","href":"https:\/\/api.w.org\/{rel}","templated":true}]}}