{"id":2940,"date":"2017-07-02T13:42:30","date_gmt":"2017-07-02T11:42:30","guid":{"rendered":"https:\/\/auftragsmalerei-kwast-berlin.de\/?page_id=2940"},"modified":"2019-12-04T17:31:51","modified_gmt":"2019-12-04T16:31:51","slug":"materialbemalung-trattoria-muntagnola","status":"publish","type":"page","link":"https:\/\/auftragsmalerei-kwast-berlin.de\/en\/imitationsmalerei-arbeitsbeispiele\/materialbemalung-trattoria-muntagnola\/","title":{"rendered":"Holzimitation in der Trattoria \u00e0 Muntagnola"},"content":{"rendered":"<h3>Auftraggeber: Trattoria \u00e0 Muntagnola \/ Lack auf Metall \/ ca. 80qm<\/h3>\n<p>Dem Wirt dieses italienischen Restaurants lie\u00df seine Au\u00dfen- und Innenbemalung auffrischen. Aus Metallrahmen wurden so Einfassungen f\u00fcr Fenster und T\u00fcren aus Holz f\u00fcr eine w\u00e4rmere Atmosph\u00e4re.<\/p>\n<p><img loading=\"lazy\" decoding=\"async\" class=\"alignnone size-full wp-image-2944\" src=\"https:\/\/auftragsmalerei-kwast-berlin.de\/en\/wp-content\/uploads\/kwast-berlin-imitation-trattoria_4.jpg\" alt=\"Imitationsmalerei - Berlin - Kwast - Trattoria Muntagnola Holzimitation\" width=\"900\" height=\"675\"><br \/>\n<img loading=\"lazy\" decoding=\"async\" class=\"alignnone size-full wp-image-2942\" src=\"https:\/\/auftragsmalerei-kwast-berlin.de\/en\/wp-content\/uploads\/kwast-berlin-imitation-trattoria_2.jpg\" alt=\"Imitationsmalerei - Berlin - Kwast - Trattoria Muntagnola Innenansicht\" width=\"900\" height=\"675\"><br \/>\n<img loading=\"lazy\" decoding=\"async\" class=\"alignnone size-full wp-image-2943\" src=\"https:\/\/auftragsmalerei-kwast-berlin.de\/en\/wp-content\/uploads\/kwast-berlin-imitation-trattoria_3.jpg\" alt=\"Imitationsmalerei - Berlin - Kwast - Trattoria Muntagnola Holzimitation Innenansicht\" width=\"900\" height=\"675\"><br \/>\n<img loading=\"lazy\" decoding=\"async\" class=\"alignnone size-full wp-image-2945\" src=\"https:\/\/auftragsmalerei-kwast-berlin.de\/en\/wp-content\/uploads\/kwast-berlin-imitation-trattoria_5.jpg\" alt=\"Imitationsmalerei - Berlin - Kwast - Trattoria Muntagnola Au\u00dfenansicht\" width=\"900\" height=\"675\"><br \/>\n<img loading=\"lazy\" decoding=\"async\" class=\"alignnone size-full wp-image-2941\" src=\"https:\/\/auftragsmalerei-kwast-berlin.de\/en\/wp-content\/uploads\/kwast-berlin-imitation-trattoria_1.jpg\" alt=\"Imitationsmalerei - Berlin - Kwast - Trattoria Muntagnola Au\u00dfenansicht\" width=\"900\" height=\"675\"><\/p>\n","protected":false},"excerpt":{"rendered":"<p>Auftraggeber: Trattoria \u00e0 Muntagnola \/ Lack auf Metall \/ ca. 80qm Dem Wirt dieses italienischen Restaurants lie\u00df seine Au\u00dfen- und Innenbemalung auffrischen. Aus Metallrahmen wurden so Einfassungen f\u00fcr Fenster und T\u00fcren aus Holz f\u00fcr eine w\u00e4rmere Atmosph\u00e4re.<\/p>\n","protected":false},"author":2,"featured_media":0,"parent":146,"menu_order":4,"comment_status":"closed","ping_status":"closed","template":"detailseiten.php","meta":{"footnotes":""},"class_list":["post-2940","page","type-page","status-publish","hentry","brick"],"yoast_head":"<!-- This site is optimized with the Yoast SEO plugin v27.4 - https:\/\/yoast.com\/product\/yoast-seo-wordpress\/ -->\n<title>Holzimitation in der Trattoria \u00e0 Muntagnola - Commissioned Painting Kwast Berlin<\/title>\n<meta name=\"robots\" content=\"index, follow, max-snippet:-1, max-image-preview:large, max-video-preview:-1\" \/>\n<link rel=\"canonical\" href=\"https:\/\/auftragsmalerei-kwast-berlin.de\/en\/imitationsmalerei-arbeitsbeispiele\/materialbemalung-trattoria-muntagnola\/\" \/>\n<meta property=\"og:locale\" content=\"en_US\" \/>\n<meta property=\"og:type\" content=\"article\" \/>\n<meta property=\"og:title\" content=\"Holzimitation in der Trattoria \u00e0 Muntagnola - Commissioned Painting Kwast Berlin\" \/>\n<meta property=\"og:description\" content=\"Auftraggeber: Trattoria \u00e0 Muntagnola \/ Lack auf Metall \/ ca. 80qm Dem Wirt dieses italienischen Restaurants lie\u00df seine Au\u00dfen- und Innenbemalung auffrischen. Aus Metallrahmen wurden so Einfassungen f\u00fcr Fenster und T\u00fcren aus Holz f\u00fcr eine w\u00e4rmere Atmosph\u00e4re.\" \/>\n<meta property=\"og:url\" content=\"https:\/\/auftragsmalerei-kwast-berlin.de\/en\/imitationsmalerei-arbeitsbeispiele\/materialbemalung-trattoria-muntagnola\/\" \/>\n<meta property=\"og:site_name\" content=\"Commissioned Painting Kwast Berlin\" \/>\n<meta property=\"article:modified_time\" content=\"2019-12-04T16:31:51+00:00\" \/>\n<meta property=\"og:image\" content=\"https:\/\/auftragsmalerei-kwast-berlin.de\/en\/wp-content\/uploads\/kwast-berlin-imitation-trattoria_4.jpg\" \/>\n<meta name=\"twitter:card\" content=\"summary_large_image\" \/>\n<script type=\"application\/ld+json\" class=\"yoast-schema-graph\">{\"@context\":\"https:\\\/\\\/schema.org\",\"@graph\":[{\"@type\":\"WebPage\",\"@id\":\"https:\\\/\\\/auftragsmalerei-kwast-berlin.de\\\/en\\\/imitationsmalerei-arbeitsbeispiele\\\/materialbemalung-trattoria-muntagnola\\\/\",\"url\":\"https:\\\/\\\/auftragsmalerei-kwast-berlin.de\\\/en\\\/imitationsmalerei-arbeitsbeispiele\\\/materialbemalung-trattoria-muntagnola\\\/\",\"name\":\"Holzimitation in der Trattoria \u00e0 Muntagnola - Commissioned Painting Kwast Berlin\",\"isPartOf\":{\"@id\":\"https:\\\/\\\/auftragsmalerei-kwast-berlin.de\\\/en\\\/#website\"},\"primaryImageOfPage\":{\"@id\":\"https:\\\/\\\/auftragsmalerei-kwast-berlin.de\\\/en\\\/imitationsmalerei-arbeitsbeispiele\\\/materialbemalung-trattoria-muntagnola\\\/#primaryimage\"},\"image\":{\"@id\":\"https:\\\/\\\/auftragsmalerei-kwast-berlin.de\\\/en\\\/imitationsmalerei-arbeitsbeispiele\\\/materialbemalung-trattoria-muntagnola\\\/#primaryimage\"},\"thumbnailUrl\":\"https:\\\/\\\/auftragsmalerei-kwast-berlin.de\\\/en\\\/wp-content\\\/uploads\\\/kwast-berlin-imitation-trattoria_4.jpg\",\"datePublished\":\"2017-07-02T11:42:30+00:00\",\"dateModified\":\"2019-12-04T16:31:51+00:00\",\"breadcrumb\":{\"@id\":\"https:\\\/\\\/auftragsmalerei-kwast-berlin.de\\\/en\\\/imitationsmalerei-arbeitsbeispiele\\\/materialbemalung-trattoria-muntagnola\\\/#breadcrumb\"},\"inLanguage\":\"en-US\",\"potentialAction\":[{\"@type\":\"ReadAction\",\"target\":[\"https:\\\/\\\/auftragsmalerei-kwast-berlin.de\\\/en\\\/imitationsmalerei-arbeitsbeispiele\\\/materialbemalung-trattoria-muntagnola\\\/\"]}]},{\"@type\":\"ImageObject\",\"inLanguage\":\"en-US\",\"@id\":\"https:\\\/\\\/auftragsmalerei-kwast-berlin.de\\\/en\\\/imitationsmalerei-arbeitsbeispiele\\\/materialbemalung-trattoria-muntagnola\\\/#primaryimage\",\"url\":\"https:\\\/\\\/auftragsmalerei-kwast-berlin.de\\\/en\\\/wp-content\\\/uploads\\\/kwast-berlin-imitation-trattoria_4.jpg\",\"contentUrl\":\"https:\\\/\\\/auftragsmalerei-kwast-berlin.de\\\/en\\\/wp-content\\\/uploads\\\/kwast-berlin-imitation-trattoria_4.jpg\"},{\"@type\":\"BreadcrumbList\",\"@id\":\"https:\\\/\\\/auftragsmalerei-kwast-berlin.de\\\/en\\\/imitationsmalerei-arbeitsbeispiele\\\/materialbemalung-trattoria-muntagnola\\\/#breadcrumb\",\"itemListElement\":[{\"@type\":\"ListItem\",\"position\":1,\"name\":\"Home\",\"item\":\"https:\\\/\\\/auftragsmalerei-kwast-berlin.de\\\/en\\\/\"},{\"@type\":\"ListItem\",\"position\":2,\"name\":\"Imitation painting\",\"item\":\"https:\\\/\\\/auftragsmalerei-kwast-berlin.de\\\/en\\\/imitationsmalerei-arbeitsbeispiele\\\/\"},{\"@type\":\"ListItem\",\"position\":3,\"name\":\"Holzimitation in der Trattoria \u00e0 Muntagnola\"}]},{\"@type\":\"WebSite\",\"@id\":\"https:\\\/\\\/auftragsmalerei-kwast-berlin.de\\\/en\\\/#website\",\"url\":\"https:\\\/\\\/auftragsmalerei-kwast-berlin.de\\\/en\\\/\",\"name\":\"Commissioned Painting Kwast Berlin\",\"description\":\"Commissioned painting for theatre and film, fairs and museums, wall, facade and portrait\",\"potentialAction\":[{\"@type\":\"SearchAction\",\"target\":{\"@type\":\"EntryPoint\",\"urlTemplate\":\"https:\\\/\\\/auftragsmalerei-kwast-berlin.de\\\/en\\\/?s={search_term_string}\"},\"query-input\":{\"@type\":\"PropertyValueSpecification\",\"valueRequired\":true,\"valueName\":\"search_term_string\"}}],\"inLanguage\":\"en-US\"}]}<\/script>\n<!-- \/ Yoast SEO plugin. -->","yoast_head_json":{"title":"Holzimitation in der Trattoria \u00e0 Muntagnola - Commissioned Painting Kwast Berlin","robots":{"index":"index","follow":"follow","max-snippet":"max-snippet:-1","max-image-preview":"max-image-preview:large","max-video-preview":"max-video-preview:-1"},"canonical":"https:\/\/auftragsmalerei-kwast-berlin.de\/en\/imitationsmalerei-arbeitsbeispiele\/materialbemalung-trattoria-muntagnola\/","og_locale":"en_US","og_type":"article","og_title":"Holzimitation in der Trattoria \u00e0 Muntagnola - Commissioned Painting Kwast Berlin","og_description":"Auftraggeber: Trattoria \u00e0 Muntagnola \/ Lack auf Metall \/ ca. 80qm Dem Wirt dieses italienischen Restaurants lie\u00df seine Au\u00dfen- und Innenbemalung auffrischen. Aus Metallrahmen wurden so Einfassungen f\u00fcr Fenster und T\u00fcren aus Holz f\u00fcr eine w\u00e4rmere Atmosph\u00e4re.","og_url":"https:\/\/auftragsmalerei-kwast-berlin.de\/en\/imitationsmalerei-arbeitsbeispiele\/materialbemalung-trattoria-muntagnola\/","og_site_name":"Commissioned Painting Kwast Berlin","article_modified_time":"2019-12-04T16:31:51+00:00","og_image":[{"url":"https:\/\/auftragsmalerei-kwast-berlin.de\/en\/wp-content\/uploads\/kwast-berlin-imitation-trattoria_4.jpg","type":"","width":"","height":""}],"twitter_card":"summary_large_image","schema":{"@context":"https:\/\/schema.org","@graph":[{"@type":"WebPage","@id":"https:\/\/auftragsmalerei-kwast-berlin.de\/en\/imitationsmalerei-arbeitsbeispiele\/materialbemalung-trattoria-muntagnola\/","url":"https:\/\/auftragsmalerei-kwast-berlin.de\/en\/imitationsmalerei-arbeitsbeispiele\/materialbemalung-trattoria-muntagnola\/","name":"Holzimitation in der Trattoria \u00e0 Muntagnola - Commissioned Painting Kwast Berlin","isPartOf":{"@id":"https:\/\/auftragsmalerei-kwast-berlin.de\/en\/#website"},"primaryImageOfPage":{"@id":"https:\/\/auftragsmalerei-kwast-berlin.de\/en\/imitationsmalerei-arbeitsbeispiele\/materialbemalung-trattoria-muntagnola\/#primaryimage"},"image":{"@id":"https:\/\/auftragsmalerei-kwast-berlin.de\/en\/imitationsmalerei-arbeitsbeispiele\/materialbemalung-trattoria-muntagnola\/#primaryimage"},"thumbnailUrl":"https:\/\/auftragsmalerei-kwast-berlin.de\/en\/wp-content\/uploads\/kwast-berlin-imitation-trattoria_4.jpg","datePublished":"2017-07-02T11:42:30+00:00","dateModified":"2019-12-04T16:31:51+00:00","breadcrumb":{"@id":"https:\/\/auftragsmalerei-kwast-berlin.de\/en\/imitationsmalerei-arbeitsbeispiele\/materialbemalung-trattoria-muntagnola\/#breadcrumb"},"inLanguage":"en-US","potentialAction":[{"@type":"ReadAction","target":["https:\/\/auftragsmalerei-kwast-berlin.de\/en\/imitationsmalerei-arbeitsbeispiele\/materialbemalung-trattoria-muntagnola\/"]}]},{"@type":"ImageObject","inLanguage":"en-US","@id":"https:\/\/auftragsmalerei-kwast-berlin.de\/en\/imitationsmalerei-arbeitsbeispiele\/materialbemalung-trattoria-muntagnola\/#primaryimage","url":"https:\/\/auftragsmalerei-kwast-berlin.de\/en\/wp-content\/uploads\/kwast-berlin-imitation-trattoria_4.jpg","contentUrl":"https:\/\/auftragsmalerei-kwast-berlin.de\/en\/wp-content\/uploads\/kwast-berlin-imitation-trattoria_4.jpg"},{"@type":"BreadcrumbList","@id":"https:\/\/auftragsmalerei-kwast-berlin.de\/en\/imitationsmalerei-arbeitsbeispiele\/materialbemalung-trattoria-muntagnola\/#breadcrumb","itemListElement":[{"@type":"ListItem","position":1,"name":"Home","item":"https:\/\/auftragsmalerei-kwast-berlin.de\/en\/"},{"@type":"ListItem","position":2,"name":"Imitation painting","item":"https:\/\/auftragsmalerei-kwast-berlin.de\/en\/imitationsmalerei-arbeitsbeispiele\/"},{"@type":"ListItem","position":3,"name":"Holzimitation in der Trattoria \u00e0 Muntagnola"}]},{"@type":"WebSite","@id":"https:\/\/auftragsmalerei-kwast-berlin.de\/en\/#website","url":"https:\/\/auftragsmalerei-kwast-berlin.de\/en\/","name":"Commissioned Painting Kwast Berlin","description":"Commissioned painting for theatre and film, fairs and museums, wall, facade and portrait","potentialAction":[{"@type":"SearchAction","target":{"@type":"EntryPoint","urlTemplate":"https:\/\/auftragsmalerei-kwast-berlin.de\/en\/?s={search_term_string}"},"query-input":{"@type":"PropertyValueSpecification","valueRequired":true,"valueName":"search_term_string"}}],"inLanguage":"en-US"}]}},"_links":{"self":[{"href":"https:\/\/auftragsmalerei-kwast-berlin.de\/en\/wp-json\/wp\/v2\/pages\/2940","targetHints":{"allow":["GET"]}}],"collection":[{"href":"https:\/\/auftragsmalerei-kwast-berlin.de\/en\/wp-json\/wp\/v2\/pages"}],"about":[{"href":"https:\/\/auftragsmalerei-kwast-berlin.de\/en\/wp-json\/wp\/v2\/types\/page"}],"author":[{"embeddable":true,"href":"https:\/\/auftragsmalerei-kwast-berlin.de\/en\/wp-json\/wp\/v2\/users\/2"}],"replies":[{"embeddable":true,"href":"https:\/\/auftragsmalerei-kwast-berlin.de\/en\/wp-json\/wp\/v2\/comments?post=2940"}],"version-history":[{"count":1,"href":"https:\/\/auftragsmalerei-kwast-berlin.de\/en\/wp-json\/wp\/v2\/pages\/2940\/revisions"}],"predecessor-version":[{"id":3409,"href":"https:\/\/auftragsmalerei-kwast-berlin.de\/en\/wp-json\/wp\/v2\/pages\/2940\/revisions\/3409"}],"up":[{"embeddable":true,"href":"https:\/\/auftragsmalerei-kwast-berlin.de\/en\/wp-json\/wp\/v2\/pages\/146"}],"wp:attachment":[{"href":"https:\/\/auftragsmalerei-kwast-berlin.de\/en\/wp-json\/wp\/v2\/media?parent=2940"}],"curies":[{"name":"wp","href":"https:\/\/api.w.org\/{rel}","templated":true}]}}