{"id":3028,"date":"2018-06-11T09:00:06","date_gmt":"2018-06-11T07:00:06","guid":{"rendered":"https:\/\/auftragsmalerei-kwast-berlin.de\/?page_id=3028"},"modified":"2018-06-11T09:00:06","modified_gmt":"2018-06-11T07:00:06","slug":"malerei-fuer-museen-hygiene-museum-dresden","status":"publish","type":"page","link":"https:\/\/auftragsmalerei-kwast-berlin.de\/en\/museum-painting\/malerei-fuer-museen-hygiene-museum-dresden\/","title":{"rendered":"Malerei f\u00fcr Museen \u2013 Hygiene-Museum Dresden"},"content":{"rendered":"<h3>Auftraggeber: Deutsches Hygiene-Museum Dresden \/ Acryl- und Dispersionsfarben auf Spanplatte \/ ca. 150 qm<\/h3>\n<p>F\u00fcr die Ausstellung: Rassismus &#8211; Die Erfindung von Menschenrassen wurden Themen in den R\u00e4umen auch Materialien zugeordnet. So wurden aus 150 qm Spanplatten Beton, der aus naher Distanz \u00fcberzeugt.<\/p>\n<div class=\"content_block\" id=\"custom_post_widget-3022\"><p><img loading=\"lazy\" decoding=\"async\" class=\"alignnone size-full wp-image-3024\" src=\"https:\/\/auftragsmalerei-kwast-berlin.de\/en\/wp-content\/uploads\/malerei-fur-museen_hygienemuseum_2.jpg\" alt=\"Auftragsmalerei Kwast Berlin, Malerei f\u00fcr Museen, Deutsches Hygiene-Museum Dresden\" width=\"900\" height=\"675\" \/><br \/>\n<img loading=\"lazy\" decoding=\"async\" class=\"alignnone size-full wp-image-3023\" src=\"https:\/\/auftragsmalerei-kwast-berlin.de\/en\/wp-content\/uploads\/malerei-fur-museen_hygienemuseum_1.jpg\" alt=\"Auftragsmalerei Kwast Berlin, Malerei f\u00fcr Museen, Deutsches Hygiene-Museum Dresden\" width=\"900\" height=\"675\" \/><br \/>\n<img loading=\"lazy\" decoding=\"async\" class=\"alignnone size-full wp-image-3025\" src=\"https:\/\/auftragsmalerei-kwast-berlin.de\/en\/wp-content\/uploads\/malerei-fur-museen_hygienemuseum_3.jpg\" alt=\"Auftragsmalerei Kwast Berlin, Malerei f\u00fcr Museen, Deutsches Hygiene-Museum Dresden\" width=\"750\" height=\"1000\" \/><\/p>\n<\/div>\n","protected":false},"excerpt":{"rendered":"<p>Auftraggeber: Deutsches Hygiene-Museum Dresden \/ Acryl- und Dispersionsfarben auf Spanplatte \/ ca. 150 qm F\u00fcr die Ausstellung: Rassismus &#8211; Die Erfindung von Menschenrassen wurden Themen in den R\u00e4umen auch Materialien zugeordnet. So wurden aus 150 qm Spanplatten Beton, der aus naher Distanz \u00fcberzeugt.<\/p>\n","protected":false},"author":2,"featured_media":0,"parent":121,"menu_order":9,"comment_status":"closed","ping_status":"closed","template":"detailseiten.php","meta":{"footnotes":""},"class_list":["post-3028","page","type-page","status-publish","hentry","brick"],"yoast_head":"<!-- This site is optimized with the Yoast SEO plugin v27.4 - https:\/\/yoast.com\/product\/yoast-seo-wordpress\/ -->\n<title>Malerei f\u00fcr Museen \u2013 Hygiene-Museum Dresden - Commissioned Painting Kwast Berlin<\/title>\n<meta name=\"robots\" content=\"index, follow, max-snippet:-1, max-image-preview:large, max-video-preview:-1\" \/>\n<link rel=\"canonical\" href=\"https:\/\/auftragsmalerei-kwast-berlin.de\/en\/museum-painting\/malerei-fuer-museen-hygiene-museum-dresden\/\" \/>\n<meta property=\"og:locale\" content=\"en_US\" \/>\n<meta property=\"og:type\" content=\"article\" \/>\n<meta property=\"og:title\" content=\"Malerei f\u00fcr Museen \u2013 Hygiene-Museum Dresden - Commissioned Painting Kwast Berlin\" \/>\n<meta property=\"og:description\" content=\"Auftraggeber: Deutsches Hygiene-Museum Dresden \/ Acryl- und Dispersionsfarben auf Spanplatte \/ ca. 150 qm F\u00fcr die Ausstellung: Rassismus &#8211; Die Erfindung von Menschenrassen wurden Themen in den R\u00e4umen auch Materialien zugeordnet. So wurden aus 150 qm Spanplatten Beton, der aus naher Distanz \u00fcberzeugt.\" \/>\n<meta property=\"og:url\" content=\"https:\/\/auftragsmalerei-kwast-berlin.de\/en\/museum-painting\/malerei-fuer-museen-hygiene-museum-dresden\/\" \/>\n<meta property=\"og:site_name\" content=\"Commissioned Painting Kwast Berlin\" \/>\n<meta name=\"twitter:card\" content=\"summary_large_image\" \/>\n<script type=\"application\/ld+json\" class=\"yoast-schema-graph\">{\"@context\":\"https:\\\/\\\/schema.org\",\"@graph\":[{\"@type\":\"WebPage\",\"@id\":\"https:\\\/\\\/auftragsmalerei-kwast-berlin.de\\\/en\\\/museum-painting\\\/malerei-fuer-museen-hygiene-museum-dresden\\\/\",\"url\":\"https:\\\/\\\/auftragsmalerei-kwast-berlin.de\\\/en\\\/museum-painting\\\/malerei-fuer-museen-hygiene-museum-dresden\\\/\",\"name\":\"Malerei f\u00fcr Museen \u2013 Hygiene-Museum Dresden - Commissioned Painting Kwast Berlin\",\"isPartOf\":{\"@id\":\"https:\\\/\\\/auftragsmalerei-kwast-berlin.de\\\/en\\\/#website\"},\"datePublished\":\"2018-06-11T07:00:06+00:00\",\"breadcrumb\":{\"@id\":\"https:\\\/\\\/auftragsmalerei-kwast-berlin.de\\\/en\\\/museum-painting\\\/malerei-fuer-museen-hygiene-museum-dresden\\\/#breadcrumb\"},\"inLanguage\":\"en-US\",\"potentialAction\":[{\"@type\":\"ReadAction\",\"target\":[\"https:\\\/\\\/auftragsmalerei-kwast-berlin.de\\\/en\\\/museum-painting\\\/malerei-fuer-museen-hygiene-museum-dresden\\\/\"]}]},{\"@type\":\"BreadcrumbList\",\"@id\":\"https:\\\/\\\/auftragsmalerei-kwast-berlin.de\\\/en\\\/museum-painting\\\/malerei-fuer-museen-hygiene-museum-dresden\\\/#breadcrumb\",\"itemListElement\":[{\"@type\":\"ListItem\",\"position\":1,\"name\":\"Home\",\"item\":\"https:\\\/\\\/auftragsmalerei-kwast-berlin.de\\\/en\\\/\"},{\"@type\":\"ListItem\",\"position\":2,\"name\":\"Museum painting\",\"item\":\"https:\\\/\\\/auftragsmalerei-kwast-berlin.de\\\/en\\\/museum-painting\\\/\"},{\"@type\":\"ListItem\",\"position\":3,\"name\":\"Malerei f\u00fcr Museen \u2013 Hygiene-Museum Dresden\"}]},{\"@type\":\"WebSite\",\"@id\":\"https:\\\/\\\/auftragsmalerei-kwast-berlin.de\\\/en\\\/#website\",\"url\":\"https:\\\/\\\/auftragsmalerei-kwast-berlin.de\\\/en\\\/\",\"name\":\"Commissioned Painting Kwast Berlin\",\"description\":\"Commissioned painting for theatre and film, fairs and museums, wall, facade and portrait\",\"potentialAction\":[{\"@type\":\"SearchAction\",\"target\":{\"@type\":\"EntryPoint\",\"urlTemplate\":\"https:\\\/\\\/auftragsmalerei-kwast-berlin.de\\\/en\\\/?s={search_term_string}\"},\"query-input\":{\"@type\":\"PropertyValueSpecification\",\"valueRequired\":true,\"valueName\":\"search_term_string\"}}],\"inLanguage\":\"en-US\"}]}<\/script>\n<!-- \/ Yoast SEO plugin. -->","yoast_head_json":{"title":"Malerei f\u00fcr Museen \u2013 Hygiene-Museum Dresden - Commissioned Painting Kwast Berlin","robots":{"index":"index","follow":"follow","max-snippet":"max-snippet:-1","max-image-preview":"max-image-preview:large","max-video-preview":"max-video-preview:-1"},"canonical":"https:\/\/auftragsmalerei-kwast-berlin.de\/en\/museum-painting\/malerei-fuer-museen-hygiene-museum-dresden\/","og_locale":"en_US","og_type":"article","og_title":"Malerei f\u00fcr Museen \u2013 Hygiene-Museum Dresden - Commissioned Painting Kwast Berlin","og_description":"Auftraggeber: Deutsches Hygiene-Museum Dresden \/ Acryl- und Dispersionsfarben auf Spanplatte \/ ca. 150 qm F\u00fcr die Ausstellung: Rassismus &#8211; Die Erfindung von Menschenrassen wurden Themen in den R\u00e4umen auch Materialien zugeordnet. So wurden aus 150 qm Spanplatten Beton, der aus naher Distanz \u00fcberzeugt.","og_url":"https:\/\/auftragsmalerei-kwast-berlin.de\/en\/museum-painting\/malerei-fuer-museen-hygiene-museum-dresden\/","og_site_name":"Commissioned Painting Kwast Berlin","twitter_card":"summary_large_image","schema":{"@context":"https:\/\/schema.org","@graph":[{"@type":"WebPage","@id":"https:\/\/auftragsmalerei-kwast-berlin.de\/en\/museum-painting\/malerei-fuer-museen-hygiene-museum-dresden\/","url":"https:\/\/auftragsmalerei-kwast-berlin.de\/en\/museum-painting\/malerei-fuer-museen-hygiene-museum-dresden\/","name":"Malerei f\u00fcr Museen \u2013 Hygiene-Museum Dresden - Commissioned Painting Kwast Berlin","isPartOf":{"@id":"https:\/\/auftragsmalerei-kwast-berlin.de\/en\/#website"},"datePublished":"2018-06-11T07:00:06+00:00","breadcrumb":{"@id":"https:\/\/auftragsmalerei-kwast-berlin.de\/en\/museum-painting\/malerei-fuer-museen-hygiene-museum-dresden\/#breadcrumb"},"inLanguage":"en-US","potentialAction":[{"@type":"ReadAction","target":["https:\/\/auftragsmalerei-kwast-berlin.de\/en\/museum-painting\/malerei-fuer-museen-hygiene-museum-dresden\/"]}]},{"@type":"BreadcrumbList","@id":"https:\/\/auftragsmalerei-kwast-berlin.de\/en\/museum-painting\/malerei-fuer-museen-hygiene-museum-dresden\/#breadcrumb","itemListElement":[{"@type":"ListItem","position":1,"name":"Home","item":"https:\/\/auftragsmalerei-kwast-berlin.de\/en\/"},{"@type":"ListItem","position":2,"name":"Museum painting","item":"https:\/\/auftragsmalerei-kwast-berlin.de\/en\/museum-painting\/"},{"@type":"ListItem","position":3,"name":"Malerei f\u00fcr Museen \u2013 Hygiene-Museum Dresden"}]},{"@type":"WebSite","@id":"https:\/\/auftragsmalerei-kwast-berlin.de\/en\/#website","url":"https:\/\/auftragsmalerei-kwast-berlin.de\/en\/","name":"Commissioned Painting Kwast Berlin","description":"Commissioned painting for theatre and film, fairs and museums, wall, facade and portrait","potentialAction":[{"@type":"SearchAction","target":{"@type":"EntryPoint","urlTemplate":"https:\/\/auftragsmalerei-kwast-berlin.de\/en\/?s={search_term_string}"},"query-input":{"@type":"PropertyValueSpecification","valueRequired":true,"valueName":"search_term_string"}}],"inLanguage":"en-US"}]}},"_links":{"self":[{"href":"https:\/\/auftragsmalerei-kwast-berlin.de\/en\/wp-json\/wp\/v2\/pages\/3028","targetHints":{"allow":["GET"]}}],"collection":[{"href":"https:\/\/auftragsmalerei-kwast-berlin.de\/en\/wp-json\/wp\/v2\/pages"}],"about":[{"href":"https:\/\/auftragsmalerei-kwast-berlin.de\/en\/wp-json\/wp\/v2\/types\/page"}],"author":[{"embeddable":true,"href":"https:\/\/auftragsmalerei-kwast-berlin.de\/en\/wp-json\/wp\/v2\/users\/2"}],"replies":[{"embeddable":true,"href":"https:\/\/auftragsmalerei-kwast-berlin.de\/en\/wp-json\/wp\/v2\/comments?post=3028"}],"version-history":[{"count":0,"href":"https:\/\/auftragsmalerei-kwast-berlin.de\/en\/wp-json\/wp\/v2\/pages\/3028\/revisions"}],"up":[{"embeddable":true,"href":"https:\/\/auftragsmalerei-kwast-berlin.de\/en\/wp-json\/wp\/v2\/pages\/121"}],"wp:attachment":[{"href":"https:\/\/auftragsmalerei-kwast-berlin.de\/en\/wp-json\/wp\/v2\/media?parent=3028"}],"curies":[{"name":"wp","href":"https:\/\/api.w.org\/{rel}","templated":true}]}}