{"id":3054,"date":"2018-06-11T09:31:06","date_gmt":"2018-06-11T07:31:06","guid":{"rendered":"https:\/\/auftragsmalerei-kwast-berlin.de\/?page_id=3054"},"modified":"2018-06-11T09:31:06","modified_gmt":"2018-06-11T07:31:06","slug":"malerei-fuer-messen-amazon","status":"publish","type":"page","link":"https:\/\/auftragsmalerei-kwast-berlin.de\/en\/malerei-fuer-messen-arbeitsbeispiele\/malerei-fuer-messen-amazon\/","title":{"rendered":"Malerei f\u00fcr Messen \u2013 Amazon"},"content":{"rendered":"<h3>Auftraggeber: Amazon \/ Acryl auf Holz \/ 12 Tische<\/h3>\n<p>Messebemalung Verkaufstische:<br \/>\nF\u00fcr eine Verkaufsmesse von Amazon mu\u00dften 12 Tische so patiniert werden, dass die Kunden das Gef\u00fchl von alten Tischen hatten, ohne dass diese schmutzig wirkten.<\/p>\n<div class=\"content_block\" id=\"custom_post_widget-3047\"><p><img loading=\"lazy\" decoding=\"async\" class=\"alignnone size-full wp-image-3050\" src=\"https:\/\/auftragsmalerei-kwast-berlin.de\/en\/wp-content\/uploads\/malerei-fuer-messen_amazon_2.jpg\" alt=\"Auftragsmalerei Kwast Berlin, Amazon, Bemalung Tische\" width=\"900\" height=\"675\" \/> <img loading=\"lazy\" decoding=\"async\" class=\"alignnone size-full wp-image-3049\" src=\"https:\/\/auftragsmalerei-kwast-berlin.de\/en\/wp-content\/uploads\/malerei-fuer-messen_amazon_1.jpg\" alt=\"Auftragsmalerei Kwast Berlin, Amazon, Bemalung Tische\" width=\"900\" height=\"675\" \/><\/p>\n<\/div>\n","protected":false},"excerpt":{"rendered":"<p>Auftraggeber: Amazon \/ Acryl auf Holz \/ 12 Tische Messebemalung Verkaufstische: F\u00fcr eine Verkaufsmesse von Amazon mu\u00dften 12 Tische so patiniert werden, dass die Kunden das Gef\u00fchl von alten Tischen hatten, ohne dass diese schmutzig wirkten.<\/p>\n","protected":false},"author":2,"featured_media":0,"parent":966,"menu_order":6,"comment_status":"closed","ping_status":"closed","template":"detailseiten.php","meta":{"footnotes":""},"class_list":["post-3054","page","type-page","status-publish","hentry","brick"],"yoast_head":"<!-- This site is optimized with the Yoast SEO plugin v27.4 - https:\/\/yoast.com\/product\/yoast-seo-wordpress\/ -->\n<title>Malerei f\u00fcr Messen \u2013 Amazon - Commissioned Painting Kwast Berlin<\/title>\n<meta name=\"robots\" content=\"index, follow, max-snippet:-1, max-image-preview:large, max-video-preview:-1\" \/>\n<link rel=\"canonical\" href=\"https:\/\/auftragsmalerei-kwast-berlin.de\/en\/malerei-fuer-messen-arbeitsbeispiele\/malerei-fuer-messen-amazon\/\" \/>\n<meta property=\"og:locale\" content=\"en_US\" \/>\n<meta property=\"og:type\" content=\"article\" \/>\n<meta property=\"og:title\" content=\"Malerei f\u00fcr Messen \u2013 Amazon - Commissioned Painting Kwast Berlin\" \/>\n<meta property=\"og:description\" content=\"Auftraggeber: Amazon \/ Acryl auf Holz \/ 12 Tische Messebemalung Verkaufstische: F\u00fcr eine Verkaufsmesse von Amazon mu\u00dften 12 Tische so patiniert werden, dass die Kunden das Gef\u00fchl von alten Tischen hatten, ohne dass diese schmutzig wirkten.\" \/>\n<meta property=\"og:url\" content=\"https:\/\/auftragsmalerei-kwast-berlin.de\/en\/malerei-fuer-messen-arbeitsbeispiele\/malerei-fuer-messen-amazon\/\" \/>\n<meta property=\"og:site_name\" content=\"Commissioned Painting Kwast Berlin\" \/>\n<meta name=\"twitter:card\" content=\"summary_large_image\" \/>\n<script type=\"application\/ld+json\" class=\"yoast-schema-graph\">{\"@context\":\"https:\\\/\\\/schema.org\",\"@graph\":[{\"@type\":\"WebPage\",\"@id\":\"https:\\\/\\\/auftragsmalerei-kwast-berlin.de\\\/en\\\/malerei-fuer-messen-arbeitsbeispiele\\\/malerei-fuer-messen-amazon\\\/\",\"url\":\"https:\\\/\\\/auftragsmalerei-kwast-berlin.de\\\/en\\\/malerei-fuer-messen-arbeitsbeispiele\\\/malerei-fuer-messen-amazon\\\/\",\"name\":\"Malerei f\u00fcr Messen \u2013 Amazon - Commissioned Painting Kwast Berlin\",\"isPartOf\":{\"@id\":\"https:\\\/\\\/auftragsmalerei-kwast-berlin.de\\\/en\\\/#website\"},\"datePublished\":\"2018-06-11T07:31:06+00:00\",\"breadcrumb\":{\"@id\":\"https:\\\/\\\/auftragsmalerei-kwast-berlin.de\\\/en\\\/malerei-fuer-messen-arbeitsbeispiele\\\/malerei-fuer-messen-amazon\\\/#breadcrumb\"},\"inLanguage\":\"en-US\",\"potentialAction\":[{\"@type\":\"ReadAction\",\"target\":[\"https:\\\/\\\/auftragsmalerei-kwast-berlin.de\\\/en\\\/malerei-fuer-messen-arbeitsbeispiele\\\/malerei-fuer-messen-amazon\\\/\"]}]},{\"@type\":\"BreadcrumbList\",\"@id\":\"https:\\\/\\\/auftragsmalerei-kwast-berlin.de\\\/en\\\/malerei-fuer-messen-arbeitsbeispiele\\\/malerei-fuer-messen-amazon\\\/#breadcrumb\",\"itemListElement\":[{\"@type\":\"ListItem\",\"position\":1,\"name\":\"Home\",\"item\":\"https:\\\/\\\/auftragsmalerei-kwast-berlin.de\\\/en\\\/\"},{\"@type\":\"ListItem\",\"position\":2,\"name\":\"Exhibition painting\",\"item\":\"https:\\\/\\\/auftragsmalerei-kwast-berlin.de\\\/en\\\/malerei-fuer-messen-arbeitsbeispiele\\\/\"},{\"@type\":\"ListItem\",\"position\":3,\"name\":\"Malerei f\u00fcr Messen \u2013 Amazon\"}]},{\"@type\":\"WebSite\",\"@id\":\"https:\\\/\\\/auftragsmalerei-kwast-berlin.de\\\/en\\\/#website\",\"url\":\"https:\\\/\\\/auftragsmalerei-kwast-berlin.de\\\/en\\\/\",\"name\":\"Commissioned Painting Kwast Berlin\",\"description\":\"Commissioned painting for theatre and film, fairs and museums, wall, facade and portrait\",\"potentialAction\":[{\"@type\":\"SearchAction\",\"target\":{\"@type\":\"EntryPoint\",\"urlTemplate\":\"https:\\\/\\\/auftragsmalerei-kwast-berlin.de\\\/en\\\/?s={search_term_string}\"},\"query-input\":{\"@type\":\"PropertyValueSpecification\",\"valueRequired\":true,\"valueName\":\"search_term_string\"}}],\"inLanguage\":\"en-US\"}]}<\/script>\n<!-- \/ Yoast SEO plugin. -->","yoast_head_json":{"title":"Malerei f\u00fcr Messen \u2013 Amazon - Commissioned Painting Kwast Berlin","robots":{"index":"index","follow":"follow","max-snippet":"max-snippet:-1","max-image-preview":"max-image-preview:large","max-video-preview":"max-video-preview:-1"},"canonical":"https:\/\/auftragsmalerei-kwast-berlin.de\/en\/malerei-fuer-messen-arbeitsbeispiele\/malerei-fuer-messen-amazon\/","og_locale":"en_US","og_type":"article","og_title":"Malerei f\u00fcr Messen \u2013 Amazon - Commissioned Painting Kwast Berlin","og_description":"Auftraggeber: Amazon \/ Acryl auf Holz \/ 12 Tische Messebemalung Verkaufstische: F\u00fcr eine Verkaufsmesse von Amazon mu\u00dften 12 Tische so patiniert werden, dass die Kunden das Gef\u00fchl von alten Tischen hatten, ohne dass diese schmutzig wirkten.","og_url":"https:\/\/auftragsmalerei-kwast-berlin.de\/en\/malerei-fuer-messen-arbeitsbeispiele\/malerei-fuer-messen-amazon\/","og_site_name":"Commissioned Painting Kwast Berlin","twitter_card":"summary_large_image","schema":{"@context":"https:\/\/schema.org","@graph":[{"@type":"WebPage","@id":"https:\/\/auftragsmalerei-kwast-berlin.de\/en\/malerei-fuer-messen-arbeitsbeispiele\/malerei-fuer-messen-amazon\/","url":"https:\/\/auftragsmalerei-kwast-berlin.de\/en\/malerei-fuer-messen-arbeitsbeispiele\/malerei-fuer-messen-amazon\/","name":"Malerei f\u00fcr Messen \u2013 Amazon - Commissioned Painting Kwast Berlin","isPartOf":{"@id":"https:\/\/auftragsmalerei-kwast-berlin.de\/en\/#website"},"datePublished":"2018-06-11T07:31:06+00:00","breadcrumb":{"@id":"https:\/\/auftragsmalerei-kwast-berlin.de\/en\/malerei-fuer-messen-arbeitsbeispiele\/malerei-fuer-messen-amazon\/#breadcrumb"},"inLanguage":"en-US","potentialAction":[{"@type":"ReadAction","target":["https:\/\/auftragsmalerei-kwast-berlin.de\/en\/malerei-fuer-messen-arbeitsbeispiele\/malerei-fuer-messen-amazon\/"]}]},{"@type":"BreadcrumbList","@id":"https:\/\/auftragsmalerei-kwast-berlin.de\/en\/malerei-fuer-messen-arbeitsbeispiele\/malerei-fuer-messen-amazon\/#breadcrumb","itemListElement":[{"@type":"ListItem","position":1,"name":"Home","item":"https:\/\/auftragsmalerei-kwast-berlin.de\/en\/"},{"@type":"ListItem","position":2,"name":"Exhibition painting","item":"https:\/\/auftragsmalerei-kwast-berlin.de\/en\/malerei-fuer-messen-arbeitsbeispiele\/"},{"@type":"ListItem","position":3,"name":"Malerei f\u00fcr Messen \u2013 Amazon"}]},{"@type":"WebSite","@id":"https:\/\/auftragsmalerei-kwast-berlin.de\/en\/#website","url":"https:\/\/auftragsmalerei-kwast-berlin.de\/en\/","name":"Commissioned Painting Kwast Berlin","description":"Commissioned painting for theatre and film, fairs and museums, wall, facade and portrait","potentialAction":[{"@type":"SearchAction","target":{"@type":"EntryPoint","urlTemplate":"https:\/\/auftragsmalerei-kwast-berlin.de\/en\/?s={search_term_string}"},"query-input":{"@type":"PropertyValueSpecification","valueRequired":true,"valueName":"search_term_string"}}],"inLanguage":"en-US"}]}},"_links":{"self":[{"href":"https:\/\/auftragsmalerei-kwast-berlin.de\/en\/wp-json\/wp\/v2\/pages\/3054","targetHints":{"allow":["GET"]}}],"collection":[{"href":"https:\/\/auftragsmalerei-kwast-berlin.de\/en\/wp-json\/wp\/v2\/pages"}],"about":[{"href":"https:\/\/auftragsmalerei-kwast-berlin.de\/en\/wp-json\/wp\/v2\/types\/page"}],"author":[{"embeddable":true,"href":"https:\/\/auftragsmalerei-kwast-berlin.de\/en\/wp-json\/wp\/v2\/users\/2"}],"replies":[{"embeddable":true,"href":"https:\/\/auftragsmalerei-kwast-berlin.de\/en\/wp-json\/wp\/v2\/comments?post=3054"}],"version-history":[{"count":0,"href":"https:\/\/auftragsmalerei-kwast-berlin.de\/en\/wp-json\/wp\/v2\/pages\/3054\/revisions"}],"up":[{"embeddable":true,"href":"https:\/\/auftragsmalerei-kwast-berlin.de\/en\/wp-json\/wp\/v2\/pages\/966"}],"wp:attachment":[{"href":"https:\/\/auftragsmalerei-kwast-berlin.de\/en\/wp-json\/wp\/v2\/media?parent=3054"}],"curies":[{"name":"wp","href":"https:\/\/api.w.org\/{rel}","templated":true}]}}