{"id":3072,"date":"2018-06-11T09:47:13","date_gmt":"2018-06-11T07:47:13","guid":{"rendered":"https:\/\/auftragsmalerei-kwast-berlin.de\/?page_id=3072"},"modified":"2018-06-11T09:47:13","modified_gmt":"2018-06-11T07:47:13","slug":"malerei-fuer-museen-stadtmuseum-simeonstift-trier","status":"publish","type":"page","link":"https:\/\/auftragsmalerei-kwast-berlin.de\/en\/museum-painting\/malerei-fuer-museen-stadtmuseum-simeonstift-trier\/","title":{"rendered":"Malerei f\u00fcr Museen \u2013 Stadtmuseum Simeonstift Trier"},"content":{"rendered":"<h3>Auftraggeber: Simeonstift Trier \/ Mineralische Wandfarben \/ ca. 700 qm<\/h3>\n<p>Wandbemalung Stadtmuseum Simeonstift Trier:<br \/>\nF\u00fcr die Karl-Marx-Ausstellung im Gedenkjahr 2018 wurden im Stadtmuseum Simeonstift Trier in 2 Etagen die R\u00e4ume den jeweiligen Stationen\/St\u00e4dten von Karl Marx zugeordnet und gestaltet. Wir haben als Team aufwendig die W\u00e4nde mit Mustern bemalt, die vorher in 6-w\u00f6chiger Schablonenarbeit vorbereitet wurden. Die Vergabe erfolgte \u00fcber eine Ausschreibung.<\/p>\n<div class=\"content_block\" id=\"custom_post_widget-3061\"><p><img loading=\"lazy\" decoding=\"async\" class=\"alignnone size-full wp-image-3068\" src=\"https:\/\/auftragsmalerei-kwast-berlin.de\/en\/wp-content\/uploads\/malerei-fur-museen_trier_7.jpg\" alt=\"Auftragsmalerei Kwast Berlin, Malerei f\u00fcr Museen, Stadtmuseum Trier\" width=\"900\" height=\"675\" \/> <img loading=\"lazy\" decoding=\"async\" class=\"alignnone size-full wp-image-3067\" src=\"https:\/\/auftragsmalerei-kwast-berlin.de\/en\/wp-content\/uploads\/malerei-fur-museen_trier_6.jpg\" alt=\"Auftragsmalerei Kwast Berlin, Malerei f\u00fcr Museen, Stadtmuseum Trier\" width=\"900\" height=\"675\" \/> <img loading=\"lazy\" decoding=\"async\" class=\"alignnone size-full wp-image-3066\" src=\"https:\/\/auftragsmalerei-kwast-berlin.de\/en\/wp-content\/uploads\/malerei-fur-museen_trier_5.jpg\" alt=\"Auftragsmalerei Kwast Berlin, Malerei f\u00fcr Museen, Stadtmuseum Trier\" width=\"900\" height=\"675\" \/> <img loading=\"lazy\" decoding=\"async\" class=\"alignnone size-full wp-image-3065\" src=\"https:\/\/auftragsmalerei-kwast-berlin.de\/en\/wp-content\/uploads\/malerei-fur-museen_trier_4.jpg\" alt=\"Auftragsmalerei Kwast Berlin, Malerei f\u00fcr Museen, Stadtmuseum Trier\" width=\"900\" height=\"675\" \/> <img loading=\"lazy\" decoding=\"async\" class=\"alignnone size-full wp-image-3064\" src=\"https:\/\/auftragsmalerei-kwast-berlin.de\/en\/wp-content\/uploads\/malerei-fur-museen_trier_3.jpg\" alt=\"Auftragsmalerei Kwast Berlin, Malerei f\u00fcr Museen, Stadtmuseum TrierAuftragsmalerei Kwast Berlin, Malerei f\u00fcr Museen, Stadtmuseum Trier\" width=\"900\" height=\"675\" \/> <img loading=\"lazy\" decoding=\"async\" class=\"alignnone size-full wp-image-3063\" src=\"https:\/\/auftragsmalerei-kwast-berlin.de\/en\/wp-content\/uploads\/malerei-fur-museen_trier_2.jpg\" alt=\"Auftragsmalerei Kwast Berlin, Malerei f\u00fcr Museen, Stadtmuseum Trier\" width=\"900\" height=\"675\" \/> <img loading=\"lazy\" decoding=\"async\" class=\"alignnone size-full wp-image-3062\" src=\"https:\/\/auftragsmalerei-kwast-berlin.de\/en\/wp-content\/uploads\/malerei-fur-museen_trier_1.jpg\" alt=\"Auftragsmalerei Kwast Berlin, Malerei f\u00fcr Museen, Stadtmuseum Trier\" width=\"900\" height=\"675\" \/><\/p>\n<\/div>\n","protected":false},"excerpt":{"rendered":"<p>Auftraggeber: Simeonstift Trier \/ Mineralische Wandfarben \/ ca. 700 qm Wandbemalung Stadtmuseum Simeonstift Trier: F\u00fcr die Karl-Marx-Ausstellung im Gedenkjahr 2018 wurden im Stadtmuseum Simeonstift Trier in 2 Etagen die R\u00e4ume den jeweiligen Stationen\/St\u00e4dten von Karl Marx zugeordnet und gestaltet. Wir haben als Team aufwendig die W\u00e4nde mit Mustern bemalt, die vorher in 6-w\u00f6chiger Schablonenarbeit vorbereitet [&hellip;]<\/p>\n","protected":false},"author":2,"featured_media":0,"parent":121,"menu_order":0,"comment_status":"closed","ping_status":"closed","template":"detailseiten.php","meta":{"footnotes":""},"class_list":["post-3072","page","type-page","status-publish","hentry","brick"],"yoast_head":"<!-- This site is optimized with the Yoast SEO plugin v27.4 - https:\/\/yoast.com\/product\/yoast-seo-wordpress\/ -->\n<title>Malerei f\u00fcr Museen \u2013 Stadtmuseum Simeonstift Trier - Commissioned Painting Kwast Berlin<\/title>\n<meta name=\"robots\" content=\"index, follow, max-snippet:-1, max-image-preview:large, max-video-preview:-1\" \/>\n<link rel=\"canonical\" href=\"https:\/\/auftragsmalerei-kwast-berlin.de\/en\/museum-painting\/malerei-fuer-museen-stadtmuseum-simeonstift-trier\/\" \/>\n<meta property=\"og:locale\" content=\"en_US\" \/>\n<meta property=\"og:type\" content=\"article\" \/>\n<meta property=\"og:title\" content=\"Malerei f\u00fcr Museen \u2013 Stadtmuseum Simeonstift Trier - Commissioned Painting Kwast Berlin\" \/>\n<meta property=\"og:description\" content=\"Auftraggeber: Simeonstift Trier \/ Mineralische Wandfarben \/ ca. 700 qm Wandbemalung Stadtmuseum Simeonstift Trier: F\u00fcr die Karl-Marx-Ausstellung im Gedenkjahr 2018 wurden im Stadtmuseum Simeonstift Trier in 2 Etagen die R\u00e4ume den jeweiligen Stationen\/St\u00e4dten von Karl Marx zugeordnet und gestaltet. Wir haben als Team aufwendig die W\u00e4nde mit Mustern bemalt, die vorher in 6-w\u00f6chiger Schablonenarbeit vorbereitet [&hellip;]\" \/>\n<meta property=\"og:url\" content=\"https:\/\/auftragsmalerei-kwast-berlin.de\/en\/museum-painting\/malerei-fuer-museen-stadtmuseum-simeonstift-trier\/\" \/>\n<meta property=\"og:site_name\" content=\"Commissioned Painting Kwast Berlin\" \/>\n<meta name=\"twitter:card\" content=\"summary_large_image\" \/>\n<script type=\"application\/ld+json\" class=\"yoast-schema-graph\">{\"@context\":\"https:\\\/\\\/schema.org\",\"@graph\":[{\"@type\":\"WebPage\",\"@id\":\"https:\\\/\\\/auftragsmalerei-kwast-berlin.de\\\/en\\\/museum-painting\\\/malerei-fuer-museen-stadtmuseum-simeonstift-trier\\\/\",\"url\":\"https:\\\/\\\/auftragsmalerei-kwast-berlin.de\\\/en\\\/museum-painting\\\/malerei-fuer-museen-stadtmuseum-simeonstift-trier\\\/\",\"name\":\"Malerei f\u00fcr Museen \u2013 Stadtmuseum Simeonstift Trier - Commissioned Painting Kwast Berlin\",\"isPartOf\":{\"@id\":\"https:\\\/\\\/auftragsmalerei-kwast-berlin.de\\\/en\\\/#website\"},\"datePublished\":\"2018-06-11T07:47:13+00:00\",\"breadcrumb\":{\"@id\":\"https:\\\/\\\/auftragsmalerei-kwast-berlin.de\\\/en\\\/museum-painting\\\/malerei-fuer-museen-stadtmuseum-simeonstift-trier\\\/#breadcrumb\"},\"inLanguage\":\"en-US\",\"potentialAction\":[{\"@type\":\"ReadAction\",\"target\":[\"https:\\\/\\\/auftragsmalerei-kwast-berlin.de\\\/en\\\/museum-painting\\\/malerei-fuer-museen-stadtmuseum-simeonstift-trier\\\/\"]}]},{\"@type\":\"BreadcrumbList\",\"@id\":\"https:\\\/\\\/auftragsmalerei-kwast-berlin.de\\\/en\\\/museum-painting\\\/malerei-fuer-museen-stadtmuseum-simeonstift-trier\\\/#breadcrumb\",\"itemListElement\":[{\"@type\":\"ListItem\",\"position\":1,\"name\":\"Home\",\"item\":\"https:\\\/\\\/auftragsmalerei-kwast-berlin.de\\\/en\\\/\"},{\"@type\":\"ListItem\",\"position\":2,\"name\":\"Museum painting\",\"item\":\"https:\\\/\\\/auftragsmalerei-kwast-berlin.de\\\/en\\\/museum-painting\\\/\"},{\"@type\":\"ListItem\",\"position\":3,\"name\":\"Malerei f\u00fcr Museen \u2013 Stadtmuseum Simeonstift Trier\"}]},{\"@type\":\"WebSite\",\"@id\":\"https:\\\/\\\/auftragsmalerei-kwast-berlin.de\\\/en\\\/#website\",\"url\":\"https:\\\/\\\/auftragsmalerei-kwast-berlin.de\\\/en\\\/\",\"name\":\"Commissioned Painting Kwast Berlin\",\"description\":\"Commissioned painting for theatre and film, fairs and museums, wall, facade and portrait\",\"potentialAction\":[{\"@type\":\"SearchAction\",\"target\":{\"@type\":\"EntryPoint\",\"urlTemplate\":\"https:\\\/\\\/auftragsmalerei-kwast-berlin.de\\\/en\\\/?s={search_term_string}\"},\"query-input\":{\"@type\":\"PropertyValueSpecification\",\"valueRequired\":true,\"valueName\":\"search_term_string\"}}],\"inLanguage\":\"en-US\"}]}<\/script>\n<!-- \/ Yoast SEO plugin. -->","yoast_head_json":{"title":"Malerei f\u00fcr Museen \u2013 Stadtmuseum Simeonstift Trier - Commissioned Painting Kwast Berlin","robots":{"index":"index","follow":"follow","max-snippet":"max-snippet:-1","max-image-preview":"max-image-preview:large","max-video-preview":"max-video-preview:-1"},"canonical":"https:\/\/auftragsmalerei-kwast-berlin.de\/en\/museum-painting\/malerei-fuer-museen-stadtmuseum-simeonstift-trier\/","og_locale":"en_US","og_type":"article","og_title":"Malerei f\u00fcr Museen \u2013 Stadtmuseum Simeonstift Trier - Commissioned Painting Kwast Berlin","og_description":"Auftraggeber: Simeonstift Trier \/ Mineralische Wandfarben \/ ca. 700 qm Wandbemalung Stadtmuseum Simeonstift Trier: F\u00fcr die Karl-Marx-Ausstellung im Gedenkjahr 2018 wurden im Stadtmuseum Simeonstift Trier in 2 Etagen die R\u00e4ume den jeweiligen Stationen\/St\u00e4dten von Karl Marx zugeordnet und gestaltet. Wir haben als Team aufwendig die W\u00e4nde mit Mustern bemalt, die vorher in 6-w\u00f6chiger Schablonenarbeit vorbereitet [&hellip;]","og_url":"https:\/\/auftragsmalerei-kwast-berlin.de\/en\/museum-painting\/malerei-fuer-museen-stadtmuseum-simeonstift-trier\/","og_site_name":"Commissioned Painting Kwast Berlin","twitter_card":"summary_large_image","schema":{"@context":"https:\/\/schema.org","@graph":[{"@type":"WebPage","@id":"https:\/\/auftragsmalerei-kwast-berlin.de\/en\/museum-painting\/malerei-fuer-museen-stadtmuseum-simeonstift-trier\/","url":"https:\/\/auftragsmalerei-kwast-berlin.de\/en\/museum-painting\/malerei-fuer-museen-stadtmuseum-simeonstift-trier\/","name":"Malerei f\u00fcr Museen \u2013 Stadtmuseum Simeonstift Trier - Commissioned Painting Kwast Berlin","isPartOf":{"@id":"https:\/\/auftragsmalerei-kwast-berlin.de\/en\/#website"},"datePublished":"2018-06-11T07:47:13+00:00","breadcrumb":{"@id":"https:\/\/auftragsmalerei-kwast-berlin.de\/en\/museum-painting\/malerei-fuer-museen-stadtmuseum-simeonstift-trier\/#breadcrumb"},"inLanguage":"en-US","potentialAction":[{"@type":"ReadAction","target":["https:\/\/auftragsmalerei-kwast-berlin.de\/en\/museum-painting\/malerei-fuer-museen-stadtmuseum-simeonstift-trier\/"]}]},{"@type":"BreadcrumbList","@id":"https:\/\/auftragsmalerei-kwast-berlin.de\/en\/museum-painting\/malerei-fuer-museen-stadtmuseum-simeonstift-trier\/#breadcrumb","itemListElement":[{"@type":"ListItem","position":1,"name":"Home","item":"https:\/\/auftragsmalerei-kwast-berlin.de\/en\/"},{"@type":"ListItem","position":2,"name":"Museum painting","item":"https:\/\/auftragsmalerei-kwast-berlin.de\/en\/museum-painting\/"},{"@type":"ListItem","position":3,"name":"Malerei f\u00fcr Museen \u2013 Stadtmuseum Simeonstift Trier"}]},{"@type":"WebSite","@id":"https:\/\/auftragsmalerei-kwast-berlin.de\/en\/#website","url":"https:\/\/auftragsmalerei-kwast-berlin.de\/en\/","name":"Commissioned Painting Kwast Berlin","description":"Commissioned painting for theatre and film, fairs and museums, wall, facade and portrait","potentialAction":[{"@type":"SearchAction","target":{"@type":"EntryPoint","urlTemplate":"https:\/\/auftragsmalerei-kwast-berlin.de\/en\/?s={search_term_string}"},"query-input":{"@type":"PropertyValueSpecification","valueRequired":true,"valueName":"search_term_string"}}],"inLanguage":"en-US"}]}},"_links":{"self":[{"href":"https:\/\/auftragsmalerei-kwast-berlin.de\/en\/wp-json\/wp\/v2\/pages\/3072","targetHints":{"allow":["GET"]}}],"collection":[{"href":"https:\/\/auftragsmalerei-kwast-berlin.de\/en\/wp-json\/wp\/v2\/pages"}],"about":[{"href":"https:\/\/auftragsmalerei-kwast-berlin.de\/en\/wp-json\/wp\/v2\/types\/page"}],"author":[{"embeddable":true,"href":"https:\/\/auftragsmalerei-kwast-berlin.de\/en\/wp-json\/wp\/v2\/users\/2"}],"replies":[{"embeddable":true,"href":"https:\/\/auftragsmalerei-kwast-berlin.de\/en\/wp-json\/wp\/v2\/comments?post=3072"}],"version-history":[{"count":0,"href":"https:\/\/auftragsmalerei-kwast-berlin.de\/en\/wp-json\/wp\/v2\/pages\/3072\/revisions"}],"up":[{"embeddable":true,"href":"https:\/\/auftragsmalerei-kwast-berlin.de\/en\/wp-json\/wp\/v2\/pages\/121"}],"wp:attachment":[{"href":"https:\/\/auftragsmalerei-kwast-berlin.de\/en\/wp-json\/wp\/v2\/media?parent=3072"}],"curies":[{"name":"wp","href":"https:\/\/api.w.org\/{rel}","templated":true}]}}