{"id":3147,"date":"2019-04-01T22:38:19","date_gmt":"2019-04-01T20:38:19","guid":{"rendered":"https:\/\/auftragsmalerei-kwast-berlin.de\/?page_id=3147"},"modified":"2019-04-01T22:38:19","modified_gmt":"2019-04-01T20:38:19","slug":"wandmalerei-blues-musiker","status":"publish","type":"page","link":"https:\/\/auftragsmalerei-kwast-berlin.de\/en\/wandmalerei-arbeitsbeispiele\/wandmalerei-blues-musiker\/","title":{"rendered":"Wandmalerei &#8211; Blues-Musiker"},"content":{"rendered":"<h3>Auftraggeber: privat \/ Fassadenfarbe auf Putz \/ 2,20 x 2,40m und 3,50 x 2,60m<\/h3>\n<p>Wandmalerei f\u00fcr ein kleines Fest. Eine sch\u00f6ne tempor\u00e4re Aussenwerbung, Idole des Blues.<\/p>\n<p><img loading=\"lazy\" decoding=\"async\" class=\"alignnone wp-image-3148 size-full\" src=\"https:\/\/auftragsmalerei-kwast-berlin.de\/en\/wp-content\/uploads\/malerei-kwast_wandmalerei_blues_1.jpg\" alt=\"Auftragsmalerei Kwast Berlin,Wandmalerei, Blues-Musiker\" width=\"900\" height=\"675\" \/><\/p>\n<p><img loading=\"lazy\" decoding=\"async\" class=\"alignnone wp-image-3159 size-full\" src=\"https:\/\/auftragsmalerei-kwast-berlin.de\/en\/wp-content\/uploads\/malerei-kwast_wandmalerei_blues_2.1.jpg\" alt=\"malerei-kwast_wandAuftragsmalerei Kwast Berlin,Wandmalerei, Blues-Musikermalerei_blues_4\" width=\"900\" height=\"675\" \/><\/p>\n<figure id=\"attachment_3156\" aria-describedby=\"caption-attachment-3156\" style=\"width: 900px\" class=\"wp-caption alignnone\"><img loading=\"lazy\" decoding=\"async\" class=\"wp-image-3156 size-full\" src=\"https:\/\/auftragsmalerei-kwast-berlin.de\/en\/wp-content\/uploads\/malerei-kwast_wandmalerei_blues_4.jpg\" alt=\"malerei-kwast_wandAuftragsmalerei Kwast Berlin,Wandmalerei, Blues-Musikermalerei_blues_4\" width=\"900\" height=\"675\" \/><figcaption id=\"caption-attachment-3156\" class=\"wp-caption-text\">Im Innenraum wurde ein Videostill aus einem Blues-Film an die Wand gemalt.<\/figcaption><\/figure>\n<p><img loading=\"lazy\" decoding=\"async\" class=\"alignnone size-full wp-image-3157\" src=\"https:\/\/auftragsmalerei-kwast-berlin.de\/en\/wp-content\/uploads\/malerei-kwast_wandmalerei_blues_5.jpg\" alt=\"malerei-kwast_wandAuftragsmalerei Kwast Berlin,Wandmalerei, Blues-Musikermalerei_blues_4\" width=\"900\" height=\"675\" \/><\/p>\n","protected":false},"excerpt":{"rendered":"<p>Auftraggeber: privat \/ Fassadenfarbe auf Putz \/ 2,20 x 2,40m und 3,50 x 2,60m Wandmalerei f\u00fcr ein kleines Fest. Eine sch\u00f6ne tempor\u00e4re Aussenwerbung, Idole des Blues.<\/p>\n","protected":false},"author":2,"featured_media":0,"parent":140,"menu_order":8,"comment_status":"closed","ping_status":"closed","template":"detailseiten.php","meta":{"footnotes":""},"class_list":["post-3147","page","type-page","status-publish","hentry","brick"],"yoast_head":"<!-- This site is optimized with the Yoast SEO plugin v27.4 - https:\/\/yoast.com\/product\/yoast-seo-wordpress\/ -->\n<title>Wandmalerei - Blues-Musiker - Commissioned Painting Kwast Berlin<\/title>\n<meta name=\"robots\" content=\"index, follow, max-snippet:-1, max-image-preview:large, max-video-preview:-1\" \/>\n<link rel=\"canonical\" href=\"https:\/\/auftragsmalerei-kwast-berlin.de\/en\/wandmalerei-arbeitsbeispiele\/wandmalerei-blues-musiker\/\" \/>\n<meta property=\"og:locale\" content=\"en_US\" \/>\n<meta property=\"og:type\" content=\"article\" \/>\n<meta property=\"og:title\" content=\"Wandmalerei - Blues-Musiker - Commissioned Painting Kwast Berlin\" \/>\n<meta property=\"og:description\" content=\"Auftraggeber: privat \/ Fassadenfarbe auf Putz \/ 2,20 x 2,40m und 3,50 x 2,60m Wandmalerei f\u00fcr ein kleines Fest. Eine sch\u00f6ne tempor\u00e4re Aussenwerbung, Idole des Blues.\" \/>\n<meta property=\"og:url\" content=\"https:\/\/auftragsmalerei-kwast-berlin.de\/en\/wandmalerei-arbeitsbeispiele\/wandmalerei-blues-musiker\/\" \/>\n<meta property=\"og:site_name\" content=\"Commissioned Painting Kwast Berlin\" \/>\n<meta property=\"og:image\" content=\"https:\/\/auftragsmalerei-kwast-berlin.de\/en\/wp-content\/uploads\/malerei-kwast_wandmalerei_blues_1.jpg\" \/>\n<meta name=\"twitter:card\" content=\"summary_large_image\" \/>\n<script type=\"application\/ld+json\" class=\"yoast-schema-graph\">{\"@context\":\"https:\\\/\\\/schema.org\",\"@graph\":[{\"@type\":\"WebPage\",\"@id\":\"https:\\\/\\\/auftragsmalerei-kwast-berlin.de\\\/en\\\/wandmalerei-arbeitsbeispiele\\\/wandmalerei-blues-musiker\\\/\",\"url\":\"https:\\\/\\\/auftragsmalerei-kwast-berlin.de\\\/en\\\/wandmalerei-arbeitsbeispiele\\\/wandmalerei-blues-musiker\\\/\",\"name\":\"Wandmalerei - Blues-Musiker - Commissioned Painting Kwast Berlin\",\"isPartOf\":{\"@id\":\"https:\\\/\\\/auftragsmalerei-kwast-berlin.de\\\/en\\\/#website\"},\"primaryImageOfPage\":{\"@id\":\"https:\\\/\\\/auftragsmalerei-kwast-berlin.de\\\/en\\\/wandmalerei-arbeitsbeispiele\\\/wandmalerei-blues-musiker\\\/#primaryimage\"},\"image\":{\"@id\":\"https:\\\/\\\/auftragsmalerei-kwast-berlin.de\\\/en\\\/wandmalerei-arbeitsbeispiele\\\/wandmalerei-blues-musiker\\\/#primaryimage\"},\"thumbnailUrl\":\"https:\\\/\\\/auftragsmalerei-kwast-berlin.de\\\/en\\\/wp-content\\\/uploads\\\/malerei-kwast_wandmalerei_blues_1.jpg\",\"datePublished\":\"2019-04-01T20:38:19+00:00\",\"breadcrumb\":{\"@id\":\"https:\\\/\\\/auftragsmalerei-kwast-berlin.de\\\/en\\\/wandmalerei-arbeitsbeispiele\\\/wandmalerei-blues-musiker\\\/#breadcrumb\"},\"inLanguage\":\"en-US\",\"potentialAction\":[{\"@type\":\"ReadAction\",\"target\":[\"https:\\\/\\\/auftragsmalerei-kwast-berlin.de\\\/en\\\/wandmalerei-arbeitsbeispiele\\\/wandmalerei-blues-musiker\\\/\"]}]},{\"@type\":\"ImageObject\",\"inLanguage\":\"en-US\",\"@id\":\"https:\\\/\\\/auftragsmalerei-kwast-berlin.de\\\/en\\\/wandmalerei-arbeitsbeispiele\\\/wandmalerei-blues-musiker\\\/#primaryimage\",\"url\":\"https:\\\/\\\/auftragsmalerei-kwast-berlin.de\\\/en\\\/wp-content\\\/uploads\\\/malerei-kwast_wandmalerei_blues_1.jpg\",\"contentUrl\":\"https:\\\/\\\/auftragsmalerei-kwast-berlin.de\\\/en\\\/wp-content\\\/uploads\\\/malerei-kwast_wandmalerei_blues_1.jpg\"},{\"@type\":\"BreadcrumbList\",\"@id\":\"https:\\\/\\\/auftragsmalerei-kwast-berlin.de\\\/en\\\/wandmalerei-arbeitsbeispiele\\\/wandmalerei-blues-musiker\\\/#breadcrumb\",\"itemListElement\":[{\"@type\":\"ListItem\",\"position\":1,\"name\":\"Home\",\"item\":\"https:\\\/\\\/auftragsmalerei-kwast-berlin.de\\\/en\\\/\"},{\"@type\":\"ListItem\",\"position\":2,\"name\":\"Wall and Mural painting\",\"item\":\"https:\\\/\\\/auftragsmalerei-kwast-berlin.de\\\/en\\\/wandmalerei-arbeitsbeispiele\\\/\"},{\"@type\":\"ListItem\",\"position\":3,\"name\":\"Wandmalerei &#8211; Blues-Musiker\"}]},{\"@type\":\"WebSite\",\"@id\":\"https:\\\/\\\/auftragsmalerei-kwast-berlin.de\\\/en\\\/#website\",\"url\":\"https:\\\/\\\/auftragsmalerei-kwast-berlin.de\\\/en\\\/\",\"name\":\"Commissioned Painting Kwast Berlin\",\"description\":\"Commissioned painting for theatre and film, fairs and museums, wall, facade and portrait\",\"potentialAction\":[{\"@type\":\"SearchAction\",\"target\":{\"@type\":\"EntryPoint\",\"urlTemplate\":\"https:\\\/\\\/auftragsmalerei-kwast-berlin.de\\\/en\\\/?s={search_term_string}\"},\"query-input\":{\"@type\":\"PropertyValueSpecification\",\"valueRequired\":true,\"valueName\":\"search_term_string\"}}],\"inLanguage\":\"en-US\"}]}<\/script>\n<!-- \/ Yoast SEO plugin. -->","yoast_head_json":{"title":"Wandmalerei - Blues-Musiker - Commissioned Painting Kwast Berlin","robots":{"index":"index","follow":"follow","max-snippet":"max-snippet:-1","max-image-preview":"max-image-preview:large","max-video-preview":"max-video-preview:-1"},"canonical":"https:\/\/auftragsmalerei-kwast-berlin.de\/en\/wandmalerei-arbeitsbeispiele\/wandmalerei-blues-musiker\/","og_locale":"en_US","og_type":"article","og_title":"Wandmalerei - Blues-Musiker - Commissioned Painting Kwast Berlin","og_description":"Auftraggeber: privat \/ Fassadenfarbe auf Putz \/ 2,20 x 2,40m und 3,50 x 2,60m Wandmalerei f\u00fcr ein kleines Fest. Eine sch\u00f6ne tempor\u00e4re Aussenwerbung, Idole des Blues.","og_url":"https:\/\/auftragsmalerei-kwast-berlin.de\/en\/wandmalerei-arbeitsbeispiele\/wandmalerei-blues-musiker\/","og_site_name":"Commissioned Painting Kwast Berlin","og_image":[{"url":"https:\/\/auftragsmalerei-kwast-berlin.de\/en\/wp-content\/uploads\/malerei-kwast_wandmalerei_blues_1.jpg","type":"","width":"","height":""}],"twitter_card":"summary_large_image","schema":{"@context":"https:\/\/schema.org","@graph":[{"@type":"WebPage","@id":"https:\/\/auftragsmalerei-kwast-berlin.de\/en\/wandmalerei-arbeitsbeispiele\/wandmalerei-blues-musiker\/","url":"https:\/\/auftragsmalerei-kwast-berlin.de\/en\/wandmalerei-arbeitsbeispiele\/wandmalerei-blues-musiker\/","name":"Wandmalerei - Blues-Musiker - Commissioned Painting Kwast Berlin","isPartOf":{"@id":"https:\/\/auftragsmalerei-kwast-berlin.de\/en\/#website"},"primaryImageOfPage":{"@id":"https:\/\/auftragsmalerei-kwast-berlin.de\/en\/wandmalerei-arbeitsbeispiele\/wandmalerei-blues-musiker\/#primaryimage"},"image":{"@id":"https:\/\/auftragsmalerei-kwast-berlin.de\/en\/wandmalerei-arbeitsbeispiele\/wandmalerei-blues-musiker\/#primaryimage"},"thumbnailUrl":"https:\/\/auftragsmalerei-kwast-berlin.de\/en\/wp-content\/uploads\/malerei-kwast_wandmalerei_blues_1.jpg","datePublished":"2019-04-01T20:38:19+00:00","breadcrumb":{"@id":"https:\/\/auftragsmalerei-kwast-berlin.de\/en\/wandmalerei-arbeitsbeispiele\/wandmalerei-blues-musiker\/#breadcrumb"},"inLanguage":"en-US","potentialAction":[{"@type":"ReadAction","target":["https:\/\/auftragsmalerei-kwast-berlin.de\/en\/wandmalerei-arbeitsbeispiele\/wandmalerei-blues-musiker\/"]}]},{"@type":"ImageObject","inLanguage":"en-US","@id":"https:\/\/auftragsmalerei-kwast-berlin.de\/en\/wandmalerei-arbeitsbeispiele\/wandmalerei-blues-musiker\/#primaryimage","url":"https:\/\/auftragsmalerei-kwast-berlin.de\/en\/wp-content\/uploads\/malerei-kwast_wandmalerei_blues_1.jpg","contentUrl":"https:\/\/auftragsmalerei-kwast-berlin.de\/en\/wp-content\/uploads\/malerei-kwast_wandmalerei_blues_1.jpg"},{"@type":"BreadcrumbList","@id":"https:\/\/auftragsmalerei-kwast-berlin.de\/en\/wandmalerei-arbeitsbeispiele\/wandmalerei-blues-musiker\/#breadcrumb","itemListElement":[{"@type":"ListItem","position":1,"name":"Home","item":"https:\/\/auftragsmalerei-kwast-berlin.de\/en\/"},{"@type":"ListItem","position":2,"name":"Wall and Mural painting","item":"https:\/\/auftragsmalerei-kwast-berlin.de\/en\/wandmalerei-arbeitsbeispiele\/"},{"@type":"ListItem","position":3,"name":"Wandmalerei &#8211; Blues-Musiker"}]},{"@type":"WebSite","@id":"https:\/\/auftragsmalerei-kwast-berlin.de\/en\/#website","url":"https:\/\/auftragsmalerei-kwast-berlin.de\/en\/","name":"Commissioned Painting Kwast Berlin","description":"Commissioned painting for theatre and film, fairs and museums, wall, facade and portrait","potentialAction":[{"@type":"SearchAction","target":{"@type":"EntryPoint","urlTemplate":"https:\/\/auftragsmalerei-kwast-berlin.de\/en\/?s={search_term_string}"},"query-input":{"@type":"PropertyValueSpecification","valueRequired":true,"valueName":"search_term_string"}}],"inLanguage":"en-US"}]}},"_links":{"self":[{"href":"https:\/\/auftragsmalerei-kwast-berlin.de\/en\/wp-json\/wp\/v2\/pages\/3147","targetHints":{"allow":["GET"]}}],"collection":[{"href":"https:\/\/auftragsmalerei-kwast-berlin.de\/en\/wp-json\/wp\/v2\/pages"}],"about":[{"href":"https:\/\/auftragsmalerei-kwast-berlin.de\/en\/wp-json\/wp\/v2\/types\/page"}],"author":[{"embeddable":true,"href":"https:\/\/auftragsmalerei-kwast-berlin.de\/en\/wp-json\/wp\/v2\/users\/2"}],"replies":[{"embeddable":true,"href":"https:\/\/auftragsmalerei-kwast-berlin.de\/en\/wp-json\/wp\/v2\/comments?post=3147"}],"version-history":[{"count":0,"href":"https:\/\/auftragsmalerei-kwast-berlin.de\/en\/wp-json\/wp\/v2\/pages\/3147\/revisions"}],"up":[{"embeddable":true,"href":"https:\/\/auftragsmalerei-kwast-berlin.de\/en\/wp-json\/wp\/v2\/pages\/140"}],"wp:attachment":[{"href":"https:\/\/auftragsmalerei-kwast-berlin.de\/en\/wp-json\/wp\/v2\/media?parent=3147"}],"curies":[{"name":"wp","href":"https:\/\/api.w.org\/{rel}","templated":true}]}}