{"id":3212,"date":"2019-05-03T14:03:39","date_gmt":"2019-05-03T12:03:39","guid":{"rendered":"https:\/\/auftragsmalerei-kwast-berlin.de\/?page_id=3212"},"modified":"2019-05-03T14:03:39","modified_gmt":"2019-05-03T12:03:39","slug":"bildnis-kommerzienrat-wilhelm-girardet","status":"publish","type":"page","link":"https:\/\/auftragsmalerei-kwast-berlin.de\/en\/portraetmalerei-arbeitsbeispiele\/bildnis-kommerzienrat-wilhelm-girardet\/","title":{"rendered":"Bildnis Kommerzienrat Wilhelm Girardet"},"content":{"rendered":"\n<h3>Auftraggeber: privat | \u00d6l auf Leinwand | 60 x 80cm<\/h3>\nAuftragsarbeit Potr\u00e4t der alten Schule. Ein Nachfahre l\u00e4sst ein verschollenes Portr\u00e4t nachmalen, welches Ende des 19.Jh. gemalt wurde. Vorlage war ein alter Druck in einem Buch um 1940. Auftragsmalerei mit Anspruch.\n<div class=\"content_block\" id=\"custom_post_widget-3214\">\n<p><img loading=\"lazy\" decoding=\"async\" class=\"alignnone size-full wp-image-3090\" src=\"https:\/\/auftragsmalerei-kwast-berlin.de\/en\/wp-content\/uploads\/malerei-kwast_portaitmalerei_kommerzienrat_2-495x660.jpg\" alt=\"Auftragsmalerei Kwast Berlin, Portraitmalerei - Wilhelm Girardet\" width=\"750\" height=\"1000\"><img loading=\"lazy\" decoding=\"async\" class=\"alignnone size-full wp-image-3090\" src=\"https:\/\/auftragsmalerei-kwast-berlin.de\/en\/wp-content\/uploads\/malerei-kwast_portaitmalerei_kommerzienrat_1-495x660.jpg\" alt=\"Auftragsmalerei Kwast Berlin, Portraitmalerei - Wilhelm Girardet\" width=\"750\" height=\"1000\"><img loading=\"lazy\" decoding=\"async\" class=\"alignnone size-full wp-image-3090\" src=\"https:\/\/auftragsmalerei-kwast-berlin.de\/en\/wp-content\/uploads\/malerei-kwast_portaitmalerei_kommerzienrat_3-495x660.jpg\" alt=\"Auftragsmalerei Kwast Berlin, Portraitmalerei - Wilhelm Girardet\" width=\"750\" height=\"1000\"><\/p>\n\n<\/div>\n\n\n\n<p><br><\/p>\n","protected":false},"excerpt":{"rendered":"<p>Auftraggeber: privat | \u00d6l auf Leinwand | 60 x 80cm Auftragsarbeit Potr\u00e4t der alten Schule. Ein Nachfahre l\u00e4sst ein verschollenes Portr\u00e4t nachmalen, welches Ende des 19.Jh. gemalt wurde. Vorlage war ein alter Druck in einem Buch um 1940. Auftragsmalerei mit Anspruch.<\/p>\n","protected":false},"author":2,"featured_media":0,"parent":149,"menu_order":22,"comment_status":"closed","ping_status":"closed","template":"detailseiten.php","meta":{"footnotes":""},"class_list":["post-3212","page","type-page","status-publish","hentry","brick"],"yoast_head":"<!-- This site is optimized with the Yoast SEO plugin v27.5 - https:\/\/yoast.com\/product\/yoast-seo-wordpress\/ -->\n<title>Bildnis Kommerzienrat Wilhelm Girardet - Commissioned Painting Kwast Berlin<\/title>\n<meta name=\"robots\" content=\"index, follow, max-snippet:-1, max-image-preview:large, max-video-preview:-1\" \/>\n<link rel=\"canonical\" href=\"https:\/\/auftragsmalerei-kwast-berlin.de\/en\/portraetmalerei-arbeitsbeispiele\/bildnis-kommerzienrat-wilhelm-girardet\/\" \/>\n<meta property=\"og:locale\" content=\"en_US\" \/>\n<meta property=\"og:type\" content=\"article\" \/>\n<meta property=\"og:title\" content=\"Bildnis Kommerzienrat Wilhelm Girardet - Commissioned Painting Kwast Berlin\" \/>\n<meta property=\"og:description\" content=\"Auftraggeber: privat | \u00d6l auf Leinwand | 60 x 80cm Auftragsarbeit Potr\u00e4t der alten Schule. Ein Nachfahre l\u00e4sst ein verschollenes Portr\u00e4t nachmalen, welches Ende des 19.Jh. gemalt wurde. Vorlage war ein alter Druck in einem Buch um 1940. Auftragsmalerei mit Anspruch.\" \/>\n<meta property=\"og:url\" content=\"https:\/\/auftragsmalerei-kwast-berlin.de\/en\/portraetmalerei-arbeitsbeispiele\/bildnis-kommerzienrat-wilhelm-girardet\/\" \/>\n<meta property=\"og:site_name\" content=\"Commissioned Painting Kwast Berlin\" \/>\n<meta name=\"twitter:card\" content=\"summary_large_image\" \/>\n<script type=\"application\/ld+json\" class=\"yoast-schema-graph\">{\"@context\":\"https:\\\/\\\/schema.org\",\"@graph\":[{\"@type\":\"WebPage\",\"@id\":\"https:\\\/\\\/auftragsmalerei-kwast-berlin.de\\\/en\\\/portraetmalerei-arbeitsbeispiele\\\/bildnis-kommerzienrat-wilhelm-girardet\\\/\",\"url\":\"https:\\\/\\\/auftragsmalerei-kwast-berlin.de\\\/en\\\/portraetmalerei-arbeitsbeispiele\\\/bildnis-kommerzienrat-wilhelm-girardet\\\/\",\"name\":\"Bildnis Kommerzienrat Wilhelm Girardet - Commissioned Painting Kwast Berlin\",\"isPartOf\":{\"@id\":\"https:\\\/\\\/auftragsmalerei-kwast-berlin.de\\\/en\\\/#website\"},\"datePublished\":\"2019-05-03T12:03:39+00:00\",\"breadcrumb\":{\"@id\":\"https:\\\/\\\/auftragsmalerei-kwast-berlin.de\\\/en\\\/portraetmalerei-arbeitsbeispiele\\\/bildnis-kommerzienrat-wilhelm-girardet\\\/#breadcrumb\"},\"inLanguage\":\"en-US\",\"potentialAction\":[{\"@type\":\"ReadAction\",\"target\":[\"https:\\\/\\\/auftragsmalerei-kwast-berlin.de\\\/en\\\/portraetmalerei-arbeitsbeispiele\\\/bildnis-kommerzienrat-wilhelm-girardet\\\/\"]}]},{\"@type\":\"BreadcrumbList\",\"@id\":\"https:\\\/\\\/auftragsmalerei-kwast-berlin.de\\\/en\\\/portraetmalerei-arbeitsbeispiele\\\/bildnis-kommerzienrat-wilhelm-girardet\\\/#breadcrumb\",\"itemListElement\":[{\"@type\":\"ListItem\",\"position\":1,\"name\":\"Home\",\"item\":\"https:\\\/\\\/auftragsmalerei-kwast-berlin.de\\\/en\\\/\"},{\"@type\":\"ListItem\",\"position\":2,\"name\":\"Portrait painting\",\"item\":\"https:\\\/\\\/auftragsmalerei-kwast-berlin.de\\\/en\\\/portraetmalerei-arbeitsbeispiele\\\/\"},{\"@type\":\"ListItem\",\"position\":3,\"name\":\"Bildnis Kommerzienrat Wilhelm Girardet\"}]},{\"@type\":\"WebSite\",\"@id\":\"https:\\\/\\\/auftragsmalerei-kwast-berlin.de\\\/en\\\/#website\",\"url\":\"https:\\\/\\\/auftragsmalerei-kwast-berlin.de\\\/en\\\/\",\"name\":\"Commissioned Painting Kwast Berlin\",\"description\":\"Commissioned painting for theatre and film, fairs and museums, wall, facade and portrait\",\"potentialAction\":[{\"@type\":\"SearchAction\",\"target\":{\"@type\":\"EntryPoint\",\"urlTemplate\":\"https:\\\/\\\/auftragsmalerei-kwast-berlin.de\\\/en\\\/?s={search_term_string}\"},\"query-input\":{\"@type\":\"PropertyValueSpecification\",\"valueRequired\":true,\"valueName\":\"search_term_string\"}}],\"inLanguage\":\"en-US\"}]}<\/script>\n<!-- \/ Yoast SEO plugin. -->","yoast_head_json":{"title":"Bildnis Kommerzienrat Wilhelm Girardet - Commissioned Painting Kwast Berlin","robots":{"index":"index","follow":"follow","max-snippet":"max-snippet:-1","max-image-preview":"max-image-preview:large","max-video-preview":"max-video-preview:-1"},"canonical":"https:\/\/auftragsmalerei-kwast-berlin.de\/en\/portraetmalerei-arbeitsbeispiele\/bildnis-kommerzienrat-wilhelm-girardet\/","og_locale":"en_US","og_type":"article","og_title":"Bildnis Kommerzienrat Wilhelm Girardet - Commissioned Painting Kwast Berlin","og_description":"Auftraggeber: privat | \u00d6l auf Leinwand | 60 x 80cm Auftragsarbeit Potr\u00e4t der alten Schule. Ein Nachfahre l\u00e4sst ein verschollenes Portr\u00e4t nachmalen, welches Ende des 19.Jh. gemalt wurde. Vorlage war ein alter Druck in einem Buch um 1940. Auftragsmalerei mit Anspruch.","og_url":"https:\/\/auftragsmalerei-kwast-berlin.de\/en\/portraetmalerei-arbeitsbeispiele\/bildnis-kommerzienrat-wilhelm-girardet\/","og_site_name":"Commissioned Painting Kwast Berlin","twitter_card":"summary_large_image","schema":{"@context":"https:\/\/schema.org","@graph":[{"@type":"WebPage","@id":"https:\/\/auftragsmalerei-kwast-berlin.de\/en\/portraetmalerei-arbeitsbeispiele\/bildnis-kommerzienrat-wilhelm-girardet\/","url":"https:\/\/auftragsmalerei-kwast-berlin.de\/en\/portraetmalerei-arbeitsbeispiele\/bildnis-kommerzienrat-wilhelm-girardet\/","name":"Bildnis Kommerzienrat Wilhelm Girardet - Commissioned Painting Kwast Berlin","isPartOf":{"@id":"https:\/\/auftragsmalerei-kwast-berlin.de\/en\/#website"},"datePublished":"2019-05-03T12:03:39+00:00","breadcrumb":{"@id":"https:\/\/auftragsmalerei-kwast-berlin.de\/en\/portraetmalerei-arbeitsbeispiele\/bildnis-kommerzienrat-wilhelm-girardet\/#breadcrumb"},"inLanguage":"en-US","potentialAction":[{"@type":"ReadAction","target":["https:\/\/auftragsmalerei-kwast-berlin.de\/en\/portraetmalerei-arbeitsbeispiele\/bildnis-kommerzienrat-wilhelm-girardet\/"]}]},{"@type":"BreadcrumbList","@id":"https:\/\/auftragsmalerei-kwast-berlin.de\/en\/portraetmalerei-arbeitsbeispiele\/bildnis-kommerzienrat-wilhelm-girardet\/#breadcrumb","itemListElement":[{"@type":"ListItem","position":1,"name":"Home","item":"https:\/\/auftragsmalerei-kwast-berlin.de\/en\/"},{"@type":"ListItem","position":2,"name":"Portrait painting","item":"https:\/\/auftragsmalerei-kwast-berlin.de\/en\/portraetmalerei-arbeitsbeispiele\/"},{"@type":"ListItem","position":3,"name":"Bildnis Kommerzienrat Wilhelm Girardet"}]},{"@type":"WebSite","@id":"https:\/\/auftragsmalerei-kwast-berlin.de\/en\/#website","url":"https:\/\/auftragsmalerei-kwast-berlin.de\/en\/","name":"Commissioned Painting Kwast Berlin","description":"Commissioned painting for theatre and film, fairs and museums, wall, facade and portrait","potentialAction":[{"@type":"SearchAction","target":{"@type":"EntryPoint","urlTemplate":"https:\/\/auftragsmalerei-kwast-berlin.de\/en\/?s={search_term_string}"},"query-input":{"@type":"PropertyValueSpecification","valueRequired":true,"valueName":"search_term_string"}}],"inLanguage":"en-US"}]}},"_links":{"self":[{"href":"https:\/\/auftragsmalerei-kwast-berlin.de\/en\/wp-json\/wp\/v2\/pages\/3212","targetHints":{"allow":["GET"]}}],"collection":[{"href":"https:\/\/auftragsmalerei-kwast-berlin.de\/en\/wp-json\/wp\/v2\/pages"}],"about":[{"href":"https:\/\/auftragsmalerei-kwast-berlin.de\/en\/wp-json\/wp\/v2\/types\/page"}],"author":[{"embeddable":true,"href":"https:\/\/auftragsmalerei-kwast-berlin.de\/en\/wp-json\/wp\/v2\/users\/2"}],"replies":[{"embeddable":true,"href":"https:\/\/auftragsmalerei-kwast-berlin.de\/en\/wp-json\/wp\/v2\/comments?post=3212"}],"version-history":[{"count":0,"href":"https:\/\/auftragsmalerei-kwast-berlin.de\/en\/wp-json\/wp\/v2\/pages\/3212\/revisions"}],"up":[{"embeddable":true,"href":"https:\/\/auftragsmalerei-kwast-berlin.de\/en\/wp-json\/wp\/v2\/pages\/149"}],"wp:attachment":[{"href":"https:\/\/auftragsmalerei-kwast-berlin.de\/en\/wp-json\/wp\/v2\/media?parent=3212"}],"curies":[{"name":"wp","href":"https:\/\/api.w.org\/{rel}","templated":true}]}}