{"id":3318,"date":"2019-05-21T13:53:21","date_gmt":"2019-05-21T11:53:21","guid":{"rendered":"https:\/\/auftragsmalerei-kwast-berlin.de\/?page_id=3318"},"modified":"2019-05-21T13:53:21","modified_gmt":"2019-05-21T11:53:21","slug":"malerei-fuer-museen-technikmuseum-berlin","status":"publish","type":"page","link":"https:\/\/auftragsmalerei-kwast-berlin.de\/en\/museum-painting\/malerei-fuer-museen-technikmuseum-berlin\/","title":{"rendered":"Malerei f\u00fcr Museen \u2013 Technikmuseum Berlin"},"content":{"rendered":"\n<h3>Auftraggeber: Deutsches Technikmuseum Berlin \/ Acrylfarben auf Stellw\u00e4nden \/ ca. 120 qm<\/h3>\n<p>F\u00fcr die Ausstellung \u00bbArchitectura Navalis\u00ab liess uns das Technikmuseum Berlin alte Drucke auf die W\u00e4nde kopieren, die in Verbindung mit Originalgrafiken, Modellen, Zeichnungen und Texten \u00fcber den Schiffbau im Barock dem Betrachter zus\u00e4tzliche Eindr\u00fccke \u00fcber dieses gro\u00dfartige Zeitalter liefern. Eine wirklich anspruchsvolle Auftragsarbeit, vom Team in sehr kurzer Zeit ausgef\u00fchrt.<\/p>\n<div class=\"content_block\" id=\"custom_post_widget-3304\">\n<figure class=\"wp-block-image\"><img decoding=\"async\" src=\"https:\/\/auftragsmalerei-kwast-berlin.de\/en\/wp-content\/uploads\/malerei-kwast_museumsmalerei_architectura_1-495x660.jpg\" alt=\"\" class=\"wp-image-3305\" \/><\/figure>\n\n\n\n<figure class=\"wp-block-image\"><img decoding=\"async\" src=\"https:\/\/auftragsmalerei-kwast-berlin.de\/en\/wp-content\/uploads\/malerei-kwast_museumsmalerei_architectura_1.2-880x660.jpg\" alt=\"\" class=\"wp-image-3306\" \/><\/figure>\n\n\n\n<figure class=\"wp-block-image\"><img decoding=\"async\" src=\"https:\/\/auftragsmalerei-kwast-berlin.de\/en\/wp-content\/uploads\/malerei-kwast_museumsmalerei_architectura_2-880x660.jpg\" alt=\"\" class=\"wp-image-3307\" \/><\/figure>\n\n\n\n<figure class=\"wp-block-image\"><img decoding=\"async\" src=\"https:\/\/auftragsmalerei-kwast-berlin.de\/en\/wp-content\/uploads\/malerei-kwast_museumsmalerei_architectura_3-880x660.jpg\" alt=\"\" class=\"wp-image-3308\" \/><\/figure>\n\n\n\n<figure class=\"wp-block-image\"><img decoding=\"async\" src=\"https:\/\/auftragsmalerei-kwast-berlin.de\/en\/wp-content\/uploads\/malerei-kwast_museumsmalerei_architectura_4.1-880x660.jpg\" alt=\"\" class=\"wp-image-3309\" \/><\/figure>\n\n\n\n<figure class=\"wp-block-image\"><img decoding=\"async\" src=\"https:\/\/auftragsmalerei-kwast-berlin.de\/en\/wp-content\/uploads\/malerei-kwast_museumsmalerei_architectura_4.25-880x660.jpg\" alt=\"\" class=\"wp-image-3310\" \/><\/figure>\n\n\n\n<figure class=\"wp-block-image\"><img decoding=\"async\" src=\"https:\/\/auftragsmalerei-kwast-berlin.de\/en\/wp-content\/uploads\/malerei-kwast_museumsmalerei_architectura_5-880x660.jpg\" alt=\"\" class=\"wp-image-3312\" \/><\/figure>\n\n\n\n<figure class=\"wp-block-image\"><img decoding=\"async\" src=\"https:\/\/auftragsmalerei-kwast-berlin.de\/en\/wp-content\/uploads\/malerei-kwast_museumsmalerei_architectura_6-880x660.jpg\" alt=\"\" class=\"wp-image-3313\" \/><\/figure>\n\n\n\n<figure class=\"wp-block-image\"><img decoding=\"async\" src=\"https:\/\/auftragsmalerei-kwast-berlin.de\/en\/wp-content\/uploads\/malerei-kwast_museumsmalerei_architectura_8-880x660.jpg\" alt=\"\" class=\"wp-image-3314\" \/><\/figure>\n<\/div>\n","protected":false},"excerpt":{"rendered":"<p>Auftraggeber: Deutsches Technikmuseum Berlin \/ Acrylfarben auf Stellw\u00e4nden \/ ca. 120 qm F\u00fcr die Ausstellung \u00bbArchitectura Navalis\u00ab liess uns das Technikmuseum Berlin alte Drucke auf die W\u00e4nde kopieren, die in Verbindung mit Originalgrafiken, Modellen, Zeichnungen und Texten \u00fcber den Schiffbau im Barock dem Betrachter zus\u00e4tzliche Eindr\u00fccke \u00fcber dieses gro\u00dfartige Zeitalter liefern. Eine wirklich anspruchsvolle Auftragsarbeit, [&hellip;]<\/p>\n","protected":false},"author":2,"featured_media":0,"parent":121,"menu_order":13,"comment_status":"closed","ping_status":"closed","template":"detailseiten.php","meta":{"footnotes":""},"class_list":["post-3318","page","type-page","status-publish","hentry","brick"],"yoast_head":"<!-- This site is optimized with the Yoast SEO plugin v27.5 - https:\/\/yoast.com\/product\/yoast-seo-wordpress\/ -->\n<title>Malerei f\u00fcr Museen \u2013 Technikmuseum Berlin - Commissioned Painting Kwast Berlin<\/title>\n<meta name=\"robots\" content=\"index, follow, max-snippet:-1, max-image-preview:large, max-video-preview:-1\" \/>\n<link rel=\"canonical\" href=\"https:\/\/auftragsmalerei-kwast-berlin.de\/en\/museum-painting\/malerei-fuer-museen-technikmuseum-berlin\/\" \/>\n<meta property=\"og:locale\" content=\"en_US\" \/>\n<meta property=\"og:type\" content=\"article\" \/>\n<meta property=\"og:title\" content=\"Malerei f\u00fcr Museen \u2013 Technikmuseum Berlin - Commissioned Painting Kwast Berlin\" \/>\n<meta property=\"og:description\" content=\"Auftraggeber: Deutsches Technikmuseum Berlin \/ Acrylfarben auf Stellw\u00e4nden \/ ca. 120 qm F\u00fcr die Ausstellung \u00bbArchitectura Navalis\u00ab liess uns das Technikmuseum Berlin alte Drucke auf die W\u00e4nde kopieren, die in Verbindung mit Originalgrafiken, Modellen, Zeichnungen und Texten \u00fcber den Schiffbau im Barock dem Betrachter zus\u00e4tzliche Eindr\u00fccke \u00fcber dieses gro\u00dfartige Zeitalter liefern. Eine wirklich anspruchsvolle Auftragsarbeit, [&hellip;]\" \/>\n<meta property=\"og:url\" content=\"https:\/\/auftragsmalerei-kwast-berlin.de\/en\/museum-painting\/malerei-fuer-museen-technikmuseum-berlin\/\" \/>\n<meta property=\"og:site_name\" content=\"Commissioned Painting Kwast Berlin\" \/>\n<meta name=\"twitter:card\" content=\"summary_large_image\" \/>\n<script type=\"application\/ld+json\" class=\"yoast-schema-graph\">{\"@context\":\"https:\\\/\\\/schema.org\",\"@graph\":[{\"@type\":\"WebPage\",\"@id\":\"https:\\\/\\\/auftragsmalerei-kwast-berlin.de\\\/en\\\/museum-painting\\\/malerei-fuer-museen-technikmuseum-berlin\\\/\",\"url\":\"https:\\\/\\\/auftragsmalerei-kwast-berlin.de\\\/en\\\/museum-painting\\\/malerei-fuer-museen-technikmuseum-berlin\\\/\",\"name\":\"Malerei f\u00fcr Museen \u2013 Technikmuseum Berlin - Commissioned Painting Kwast Berlin\",\"isPartOf\":{\"@id\":\"https:\\\/\\\/auftragsmalerei-kwast-berlin.de\\\/en\\\/#website\"},\"datePublished\":\"2019-05-21T11:53:21+00:00\",\"breadcrumb\":{\"@id\":\"https:\\\/\\\/auftragsmalerei-kwast-berlin.de\\\/en\\\/museum-painting\\\/malerei-fuer-museen-technikmuseum-berlin\\\/#breadcrumb\"},\"inLanguage\":\"en-US\",\"potentialAction\":[{\"@type\":\"ReadAction\",\"target\":[\"https:\\\/\\\/auftragsmalerei-kwast-berlin.de\\\/en\\\/museum-painting\\\/malerei-fuer-museen-technikmuseum-berlin\\\/\"]}]},{\"@type\":\"BreadcrumbList\",\"@id\":\"https:\\\/\\\/auftragsmalerei-kwast-berlin.de\\\/en\\\/museum-painting\\\/malerei-fuer-museen-technikmuseum-berlin\\\/#breadcrumb\",\"itemListElement\":[{\"@type\":\"ListItem\",\"position\":1,\"name\":\"Home\",\"item\":\"https:\\\/\\\/auftragsmalerei-kwast-berlin.de\\\/en\\\/\"},{\"@type\":\"ListItem\",\"position\":2,\"name\":\"Museum painting\",\"item\":\"https:\\\/\\\/auftragsmalerei-kwast-berlin.de\\\/en\\\/museum-painting\\\/\"},{\"@type\":\"ListItem\",\"position\":3,\"name\":\"Malerei f\u00fcr Museen \u2013 Technikmuseum Berlin\"}]},{\"@type\":\"WebSite\",\"@id\":\"https:\\\/\\\/auftragsmalerei-kwast-berlin.de\\\/en\\\/#website\",\"url\":\"https:\\\/\\\/auftragsmalerei-kwast-berlin.de\\\/en\\\/\",\"name\":\"Commissioned Painting Kwast Berlin\",\"description\":\"Commissioned painting for theatre and film, fairs and museums, wall, facade and portrait\",\"potentialAction\":[{\"@type\":\"SearchAction\",\"target\":{\"@type\":\"EntryPoint\",\"urlTemplate\":\"https:\\\/\\\/auftragsmalerei-kwast-berlin.de\\\/en\\\/?s={search_term_string}\"},\"query-input\":{\"@type\":\"PropertyValueSpecification\",\"valueRequired\":true,\"valueName\":\"search_term_string\"}}],\"inLanguage\":\"en-US\"}]}<\/script>\n<!-- \/ Yoast SEO plugin. -->","yoast_head_json":{"title":"Malerei f\u00fcr Museen \u2013 Technikmuseum Berlin - Commissioned Painting Kwast Berlin","robots":{"index":"index","follow":"follow","max-snippet":"max-snippet:-1","max-image-preview":"max-image-preview:large","max-video-preview":"max-video-preview:-1"},"canonical":"https:\/\/auftragsmalerei-kwast-berlin.de\/en\/museum-painting\/malerei-fuer-museen-technikmuseum-berlin\/","og_locale":"en_US","og_type":"article","og_title":"Malerei f\u00fcr Museen \u2013 Technikmuseum Berlin - Commissioned Painting Kwast Berlin","og_description":"Auftraggeber: Deutsches Technikmuseum Berlin \/ Acrylfarben auf Stellw\u00e4nden \/ ca. 120 qm F\u00fcr die Ausstellung \u00bbArchitectura Navalis\u00ab liess uns das Technikmuseum Berlin alte Drucke auf die W\u00e4nde kopieren, die in Verbindung mit Originalgrafiken, Modellen, Zeichnungen und Texten \u00fcber den Schiffbau im Barock dem Betrachter zus\u00e4tzliche Eindr\u00fccke \u00fcber dieses gro\u00dfartige Zeitalter liefern. Eine wirklich anspruchsvolle Auftragsarbeit, [&hellip;]","og_url":"https:\/\/auftragsmalerei-kwast-berlin.de\/en\/museum-painting\/malerei-fuer-museen-technikmuseum-berlin\/","og_site_name":"Commissioned Painting Kwast Berlin","twitter_card":"summary_large_image","schema":{"@context":"https:\/\/schema.org","@graph":[{"@type":"WebPage","@id":"https:\/\/auftragsmalerei-kwast-berlin.de\/en\/museum-painting\/malerei-fuer-museen-technikmuseum-berlin\/","url":"https:\/\/auftragsmalerei-kwast-berlin.de\/en\/museum-painting\/malerei-fuer-museen-technikmuseum-berlin\/","name":"Malerei f\u00fcr Museen \u2013 Technikmuseum Berlin - Commissioned Painting Kwast Berlin","isPartOf":{"@id":"https:\/\/auftragsmalerei-kwast-berlin.de\/en\/#website"},"datePublished":"2019-05-21T11:53:21+00:00","breadcrumb":{"@id":"https:\/\/auftragsmalerei-kwast-berlin.de\/en\/museum-painting\/malerei-fuer-museen-technikmuseum-berlin\/#breadcrumb"},"inLanguage":"en-US","potentialAction":[{"@type":"ReadAction","target":["https:\/\/auftragsmalerei-kwast-berlin.de\/en\/museum-painting\/malerei-fuer-museen-technikmuseum-berlin\/"]}]},{"@type":"BreadcrumbList","@id":"https:\/\/auftragsmalerei-kwast-berlin.de\/en\/museum-painting\/malerei-fuer-museen-technikmuseum-berlin\/#breadcrumb","itemListElement":[{"@type":"ListItem","position":1,"name":"Home","item":"https:\/\/auftragsmalerei-kwast-berlin.de\/en\/"},{"@type":"ListItem","position":2,"name":"Museum painting","item":"https:\/\/auftragsmalerei-kwast-berlin.de\/en\/museum-painting\/"},{"@type":"ListItem","position":3,"name":"Malerei f\u00fcr Museen \u2013 Technikmuseum Berlin"}]},{"@type":"WebSite","@id":"https:\/\/auftragsmalerei-kwast-berlin.de\/en\/#website","url":"https:\/\/auftragsmalerei-kwast-berlin.de\/en\/","name":"Commissioned Painting Kwast Berlin","description":"Commissioned painting for theatre and film, fairs and museums, wall, facade and portrait","potentialAction":[{"@type":"SearchAction","target":{"@type":"EntryPoint","urlTemplate":"https:\/\/auftragsmalerei-kwast-berlin.de\/en\/?s={search_term_string}"},"query-input":{"@type":"PropertyValueSpecification","valueRequired":true,"valueName":"search_term_string"}}],"inLanguage":"en-US"}]}},"_links":{"self":[{"href":"https:\/\/auftragsmalerei-kwast-berlin.de\/en\/wp-json\/wp\/v2\/pages\/3318","targetHints":{"allow":["GET"]}}],"collection":[{"href":"https:\/\/auftragsmalerei-kwast-berlin.de\/en\/wp-json\/wp\/v2\/pages"}],"about":[{"href":"https:\/\/auftragsmalerei-kwast-berlin.de\/en\/wp-json\/wp\/v2\/types\/page"}],"author":[{"embeddable":true,"href":"https:\/\/auftragsmalerei-kwast-berlin.de\/en\/wp-json\/wp\/v2\/users\/2"}],"replies":[{"embeddable":true,"href":"https:\/\/auftragsmalerei-kwast-berlin.de\/en\/wp-json\/wp\/v2\/comments?post=3318"}],"version-history":[{"count":0,"href":"https:\/\/auftragsmalerei-kwast-berlin.de\/en\/wp-json\/wp\/v2\/pages\/3318\/revisions"}],"up":[{"embeddable":true,"href":"https:\/\/auftragsmalerei-kwast-berlin.de\/en\/wp-json\/wp\/v2\/pages\/121"}],"wp:attachment":[{"href":"https:\/\/auftragsmalerei-kwast-berlin.de\/en\/wp-json\/wp\/v2\/media?parent=3318"}],"curies":[{"name":"wp","href":"https:\/\/api.w.org\/{rel}","templated":true}]}}