{"id":379,"date":"2015-08-22T04:26:26","date_gmt":"2015-08-22T02:26:26","guid":{"rendered":"http:\/\/relaunch.auftragsmalerei-kwast-berlin.de\/?page_id=379"},"modified":"2015-08-22T04:26:26","modified_gmt":"2015-08-22T02:26:26","slug":"theatermalerei-die-zauberfloete","status":"publish","type":"page","link":"https:\/\/auftragsmalerei-kwast-berlin.de\/en\/theater-und-filmmalerei-arbeitsbeispiele\/theatermalerei-die-zauberfloete\/","title":{"rendered":"Theatermalerei \u00bbDie Zauberfl\u00f6te\u00ab"},"content":{"rendered":"<div class=\"textblock\">\n<h3>Auftraggeber: Oper Rheinsberg | Dispersion und Acryl auf Sperrholz und Nessel | verschiedene Gr\u00f6\u00dfen<\/h3>\n<p>F\u00fcr die Freiluftauff\u00fchrung von Mozarts \u00bbZauberfl\u00f6te\u00ab im Jahr 2014 wurden in der Werkstatt von Theaterbau Winter verschiedene Gimmeks und kleine Prospekte gemalt. Vor Ort kam dann noch die B\u00fchne dazu. Theatermalerei wird immer mehr zur Kostenfrage.<\/p>\n<\/div>\n<div class=\"content_block\" id=\"custom_post_widget-371\"><p><img loading=\"lazy\" decoding=\"async\" src=\"\/wp-content\/uploads\/theater_rheinsberg-15_1gr.jpg\" alt=\"Kwast - Theatermalerei Zauberfl\u00f6te\" width=\"751\" height=\"537\" class=\"alignnone size-full wp-image-372\" \/><\/p>\n<p><img loading=\"lazy\" decoding=\"async\" src=\"\/wp-content\/uploads\/theater_rheinsberg-15_2gr.jpg\" alt=\"Kwast - Theatermalerei Zauberfl\u00f6te\" width=\"751\" height=\"537\" class=\"alignnone size-full wp-image-373\" \/><\/p>\n<p><img loading=\"lazy\" decoding=\"async\" src=\"\/wp-content\/uploads\/theater_rheinsberg-15_3gr.jpg\" alt=\"Kwast - Theatermalerei Zauberfl\u00f6te\" width=\"751\" height=\"537\" class=\"alignnone size-full wp-image-374\" \/><\/p>\n<p><img loading=\"lazy\" decoding=\"async\" src=\"\/wp-content\/uploads\/theater_rheinsberg-15_4gr.jpg\" alt=\"Kwast - Theatermalerei Zauberfl\u00f6te\" width=\"751\" height=\"537\" class=\"alignnone size-full wp-image-375\" \/><\/p>\n<p><img loading=\"lazy\" decoding=\"async\" src=\"\/wp-content\/uploads\/theater_rheinsberg-15_5gr.jpg\" alt=\"Kwast - Theatermalerei Zauberfl\u00f6te\" width=\"751\" height=\"537\" class=\"alignnone size-full wp-image-376\" \/><\/p>\n<p><img loading=\"lazy\" decoding=\"async\" src=\"\/wp-content\/uploads\/theater_rheinsberg-15_6gr.jpg\" alt=\"Kwast - Theatermalerei Zauberfl\u00f6te\" width=\"751\" height=\"537\" class=\"alignnone size-full wp-image-377\" \/><\/p>\n<\/div>\n","protected":false},"excerpt":{"rendered":"<p>Auftraggeber: Oper Rheinsberg | Dispersion und Acryl auf Sperrholz und Nessel | verschiedene Gr\u00f6\u00dfen F\u00fcr die Freiluftauff\u00fchrung von Mozarts \u00bbZauberfl\u00f6te\u00ab im Jahr 2014 wurden in der Werkstatt von Theaterbau Winter verschiedene Gimmeks und kleine Prospekte gemalt. Vor Ort kam dann noch die B\u00fchne dazu. Theatermalerei wird immer mehr zur Kostenfrage.<\/p>\n","protected":false},"author":2,"featured_media":0,"parent":134,"menu_order":19,"comment_status":"closed","ping_status":"closed","template":"detailseiten.php","meta":{"footnotes":""},"class_list":["post-379","page","type-page","status-publish","hentry","brick"],"yoast_head":"<!-- This site is optimized with the Yoast SEO plugin v27.4 - https:\/\/yoast.com\/product\/yoast-seo-wordpress\/ -->\n<title>Theatermalerei \u00bbDie Zauberfl\u00f6te\u00ab - Commissioned Painting Kwast Berlin<\/title>\n<meta name=\"robots\" content=\"index, follow, max-snippet:-1, max-image-preview:large, max-video-preview:-1\" \/>\n<link rel=\"canonical\" href=\"https:\/\/auftragsmalerei-kwast-berlin.de\/en\/theater-und-filmmalerei-arbeitsbeispiele\/theatermalerei-die-zauberfloete\/\" \/>\n<meta property=\"og:locale\" content=\"en_US\" \/>\n<meta property=\"og:type\" content=\"article\" \/>\n<meta property=\"og:title\" content=\"Theatermalerei \u00bbDie Zauberfl\u00f6te\u00ab - Commissioned Painting Kwast Berlin\" \/>\n<meta property=\"og:description\" content=\"Auftraggeber: Oper Rheinsberg | Dispersion und Acryl auf Sperrholz und Nessel | verschiedene Gr\u00f6\u00dfen F\u00fcr die Freiluftauff\u00fchrung von Mozarts \u00bbZauberfl\u00f6te\u00ab im Jahr 2014 wurden in der Werkstatt von Theaterbau Winter verschiedene Gimmeks und kleine Prospekte gemalt. Vor Ort kam dann noch die B\u00fchne dazu. Theatermalerei wird immer mehr zur Kostenfrage.\" \/>\n<meta property=\"og:url\" content=\"https:\/\/auftragsmalerei-kwast-berlin.de\/en\/theater-und-filmmalerei-arbeitsbeispiele\/theatermalerei-die-zauberfloete\/\" \/>\n<meta property=\"og:site_name\" content=\"Commissioned Painting Kwast Berlin\" \/>\n<meta name=\"twitter:card\" content=\"summary_large_image\" \/>\n<script type=\"application\/ld+json\" class=\"yoast-schema-graph\">{\"@context\":\"https:\\\/\\\/schema.org\",\"@graph\":[{\"@type\":\"WebPage\",\"@id\":\"https:\\\/\\\/auftragsmalerei-kwast-berlin.de\\\/en\\\/theater-und-filmmalerei-arbeitsbeispiele\\\/theatermalerei-die-zauberfloete\\\/\",\"url\":\"https:\\\/\\\/auftragsmalerei-kwast-berlin.de\\\/en\\\/theater-und-filmmalerei-arbeitsbeispiele\\\/theatermalerei-die-zauberfloete\\\/\",\"name\":\"Theatermalerei \u00bbDie Zauberfl\u00f6te\u00ab - Commissioned Painting Kwast Berlin\",\"isPartOf\":{\"@id\":\"https:\\\/\\\/auftragsmalerei-kwast-berlin.de\\\/en\\\/#website\"},\"datePublished\":\"2015-08-22T02:26:26+00:00\",\"breadcrumb\":{\"@id\":\"https:\\\/\\\/auftragsmalerei-kwast-berlin.de\\\/en\\\/theater-und-filmmalerei-arbeitsbeispiele\\\/theatermalerei-die-zauberfloete\\\/#breadcrumb\"},\"inLanguage\":\"en-US\",\"potentialAction\":[{\"@type\":\"ReadAction\",\"target\":[\"https:\\\/\\\/auftragsmalerei-kwast-berlin.de\\\/en\\\/theater-und-filmmalerei-arbeitsbeispiele\\\/theatermalerei-die-zauberfloete\\\/\"]}]},{\"@type\":\"BreadcrumbList\",\"@id\":\"https:\\\/\\\/auftragsmalerei-kwast-berlin.de\\\/en\\\/theater-und-filmmalerei-arbeitsbeispiele\\\/theatermalerei-die-zauberfloete\\\/#breadcrumb\",\"itemListElement\":[{\"@type\":\"ListItem\",\"position\":1,\"name\":\"Home\",\"item\":\"https:\\\/\\\/auftragsmalerei-kwast-berlin.de\\\/en\\\/\"},{\"@type\":\"ListItem\",\"position\":2,\"name\":\"Scenic painting and film painting\",\"item\":\"https:\\\/\\\/auftragsmalerei-kwast-berlin.de\\\/en\\\/theater-und-filmmalerei-arbeitsbeispiele\\\/\"},{\"@type\":\"ListItem\",\"position\":3,\"name\":\"Theatermalerei \u00bbDie Zauberfl\u00f6te\u00ab\"}]},{\"@type\":\"WebSite\",\"@id\":\"https:\\\/\\\/auftragsmalerei-kwast-berlin.de\\\/en\\\/#website\",\"url\":\"https:\\\/\\\/auftragsmalerei-kwast-berlin.de\\\/en\\\/\",\"name\":\"Commissioned Painting Kwast Berlin\",\"description\":\"Commissioned painting for theatre and film, fairs and museums, wall, facade and portrait\",\"potentialAction\":[{\"@type\":\"SearchAction\",\"target\":{\"@type\":\"EntryPoint\",\"urlTemplate\":\"https:\\\/\\\/auftragsmalerei-kwast-berlin.de\\\/en\\\/?s={search_term_string}\"},\"query-input\":{\"@type\":\"PropertyValueSpecification\",\"valueRequired\":true,\"valueName\":\"search_term_string\"}}],\"inLanguage\":\"en-US\"}]}<\/script>\n<!-- \/ Yoast SEO plugin. -->","yoast_head_json":{"title":"Theatermalerei \u00bbDie Zauberfl\u00f6te\u00ab - Commissioned Painting Kwast Berlin","robots":{"index":"index","follow":"follow","max-snippet":"max-snippet:-1","max-image-preview":"max-image-preview:large","max-video-preview":"max-video-preview:-1"},"canonical":"https:\/\/auftragsmalerei-kwast-berlin.de\/en\/theater-und-filmmalerei-arbeitsbeispiele\/theatermalerei-die-zauberfloete\/","og_locale":"en_US","og_type":"article","og_title":"Theatermalerei \u00bbDie Zauberfl\u00f6te\u00ab - Commissioned Painting Kwast Berlin","og_description":"Auftraggeber: Oper Rheinsberg | Dispersion und Acryl auf Sperrholz und Nessel | verschiedene Gr\u00f6\u00dfen F\u00fcr die Freiluftauff\u00fchrung von Mozarts \u00bbZauberfl\u00f6te\u00ab im Jahr 2014 wurden in der Werkstatt von Theaterbau Winter verschiedene Gimmeks und kleine Prospekte gemalt. Vor Ort kam dann noch die B\u00fchne dazu. Theatermalerei wird immer mehr zur Kostenfrage.","og_url":"https:\/\/auftragsmalerei-kwast-berlin.de\/en\/theater-und-filmmalerei-arbeitsbeispiele\/theatermalerei-die-zauberfloete\/","og_site_name":"Commissioned Painting Kwast Berlin","twitter_card":"summary_large_image","schema":{"@context":"https:\/\/schema.org","@graph":[{"@type":"WebPage","@id":"https:\/\/auftragsmalerei-kwast-berlin.de\/en\/theater-und-filmmalerei-arbeitsbeispiele\/theatermalerei-die-zauberfloete\/","url":"https:\/\/auftragsmalerei-kwast-berlin.de\/en\/theater-und-filmmalerei-arbeitsbeispiele\/theatermalerei-die-zauberfloete\/","name":"Theatermalerei \u00bbDie Zauberfl\u00f6te\u00ab - Commissioned Painting Kwast Berlin","isPartOf":{"@id":"https:\/\/auftragsmalerei-kwast-berlin.de\/en\/#website"},"datePublished":"2015-08-22T02:26:26+00:00","breadcrumb":{"@id":"https:\/\/auftragsmalerei-kwast-berlin.de\/en\/theater-und-filmmalerei-arbeitsbeispiele\/theatermalerei-die-zauberfloete\/#breadcrumb"},"inLanguage":"en-US","potentialAction":[{"@type":"ReadAction","target":["https:\/\/auftragsmalerei-kwast-berlin.de\/en\/theater-und-filmmalerei-arbeitsbeispiele\/theatermalerei-die-zauberfloete\/"]}]},{"@type":"BreadcrumbList","@id":"https:\/\/auftragsmalerei-kwast-berlin.de\/en\/theater-und-filmmalerei-arbeitsbeispiele\/theatermalerei-die-zauberfloete\/#breadcrumb","itemListElement":[{"@type":"ListItem","position":1,"name":"Home","item":"https:\/\/auftragsmalerei-kwast-berlin.de\/en\/"},{"@type":"ListItem","position":2,"name":"Scenic painting and film painting","item":"https:\/\/auftragsmalerei-kwast-berlin.de\/en\/theater-und-filmmalerei-arbeitsbeispiele\/"},{"@type":"ListItem","position":3,"name":"Theatermalerei \u00bbDie Zauberfl\u00f6te\u00ab"}]},{"@type":"WebSite","@id":"https:\/\/auftragsmalerei-kwast-berlin.de\/en\/#website","url":"https:\/\/auftragsmalerei-kwast-berlin.de\/en\/","name":"Commissioned Painting Kwast Berlin","description":"Commissioned painting for theatre and film, fairs and museums, wall, facade and portrait","potentialAction":[{"@type":"SearchAction","target":{"@type":"EntryPoint","urlTemplate":"https:\/\/auftragsmalerei-kwast-berlin.de\/en\/?s={search_term_string}"},"query-input":{"@type":"PropertyValueSpecification","valueRequired":true,"valueName":"search_term_string"}}],"inLanguage":"en-US"}]}},"_links":{"self":[{"href":"https:\/\/auftragsmalerei-kwast-berlin.de\/en\/wp-json\/wp\/v2\/pages\/379","targetHints":{"allow":["GET"]}}],"collection":[{"href":"https:\/\/auftragsmalerei-kwast-berlin.de\/en\/wp-json\/wp\/v2\/pages"}],"about":[{"href":"https:\/\/auftragsmalerei-kwast-berlin.de\/en\/wp-json\/wp\/v2\/types\/page"}],"author":[{"embeddable":true,"href":"https:\/\/auftragsmalerei-kwast-berlin.de\/en\/wp-json\/wp\/v2\/users\/2"}],"replies":[{"embeddable":true,"href":"https:\/\/auftragsmalerei-kwast-berlin.de\/en\/wp-json\/wp\/v2\/comments?post=379"}],"version-history":[{"count":0,"href":"https:\/\/auftragsmalerei-kwast-berlin.de\/en\/wp-json\/wp\/v2\/pages\/379\/revisions"}],"up":[{"embeddable":true,"href":"https:\/\/auftragsmalerei-kwast-berlin.de\/en\/wp-json\/wp\/v2\/pages\/134"}],"wp:attachment":[{"href":"https:\/\/auftragsmalerei-kwast-berlin.de\/en\/wp-json\/wp\/v2\/media?parent=379"}],"curies":[{"name":"wp","href":"https:\/\/api.w.org\/{rel}","templated":true}]}}